{"id":1185,"date":"2021-12-13T15:43:07","date_gmt":"2021-12-13T07:43:07","guid":{"rendered":"https:\/\/pecpets.com\/?post_type=product&#038;p=1185"},"modified":"2024-10-29T15:57:23","modified_gmt":"2024-10-29T07:57:23","slug":"round-beds-5","status":"publish","type":"product","link":"https:\/\/pecpets.com\/br\/product\/round-beds-5\/","title":{"rendered":"Camas redondas"},"content":{"rendered":"<h2>Camas redondas<\/h2>\n<p>O PROTETOR DE M\u00d3VEIS MAIS CONFORT\u00c1VEL DO MUNDO, 100% SEM BAGUN\u00c7A. GARANTIDO.\ud83d\udc36 \ud83d\udc31<br \/>\nProtege seus m\u00f3veis enquanto permanece confort\u00e1vel<br \/>\nMaterial confort\u00e1vel para animais de estima\u00e7\u00e3o<br \/>\nSof\u00e1 sem ar instant\u00e2neo<br \/>\nCapa remov\u00edvel lav\u00e1vel na m\u00e1quina<\/p>\n<p>Dimens\u00f5es: 50 x 45 x 22 cm<\/p>\n<p>POR QUE TODO DONO DE CACHORRO PRECISA DE UM PROTETOR DE M\u00d3VEIS CALMANTE?<\/p>\n<p>\u2714\ufe0f CONFORTO E SUPORTE INIGUAL\u00c1VEIS PARA AS ARTICULA\u00c7\u00d5ES<br \/>\nA almofada generosamente preenchida oferece excelente suporte e oportunidades para se aninhar e se sentir seguro. Ao contr\u00e1rio de outras camas para c\u00e3es baratas, nossas almofadas premium s\u00e3o firmes e n\u00e3o caem...<br \/>\nO sofe Fur cria uma sensa\u00e7\u00e3o de seguran\u00e7a e ativa o sistema nervoso de forma positiva, o que permite que seus filhos de peles se acalmem mais rapidamente, relaxem mais facilmente e durmam mais profundamente.<\/p>\n<p>\u2714\ufe0f MATERIAL CONFORT\u00c1VEL E ULTRAMACIO<br \/>\nAconchegante, flex\u00edvel e com acabamento em pele felpuda falsa, nossa cama de luxo para c\u00e3es que se aquece sozinha lembra o casaco de pele de uma m\u00e3e!<br \/>\nEle ajuda a acalmar e relaxar seus c\u00e3es e, diferentemente de todos os outros materiais, parece que voc\u00ea est\u00e1 dormindo em uma nuvem.<\/p>\n<p>\u2714\ufe0f CAPA LAV\u00c1VEL E F\u00c1CIL DE LIMPAR<br \/>\nVoc\u00ea pode jog\u00e1-lo diretamente na m\u00e1quina de lavar!<br \/>\nUm c\u00e3o pega muita sujeira durante o dia e grande parte dela vai com ele para a cama, portanto, \u00e9 muito importante que a cama do seu c\u00e3o seja totalmente lav\u00e1vel na m\u00e1quina.<\/p>\n<table style=\"border-collapse: collapse; background-color: #ffffff; width: 333px; height: 276px;\" border=\"1\">\n<tbody>\n<tr>\n<td style=\"font-family: Verdana, Arial, Helvetica, sans-serif; font-size: 12px; color: #000000; margin: 8px; width: 187px; text-align: center;\"><span style=\"line-height: 21px; font-size: 14px;\">Nome dos produtos<\/span><\/td>\n<td style=\"font-family: Verdana, Arial, Helvetica, sans-serif; font-size: 12px; color: #000000; margin: 8px; width: 526px; text-align: center;\">Cama para animais de estima\u00e7\u00e3o<\/td>\n<\/tr>\n<tr>\n<td style=\"font-family: Verdana, Arial, Helvetica, sans-serif; font-size: 12px; color: #000000; margin: 8px; width: 187px; text-align: center;\"><span style=\"line-height: 21px; font-size: 14px;\">Item No.<\/span><\/td>\n<td style=\"font-family: Verdana, Arial, Helvetica, sans-serif; font-size: 12px; color: #000000; margin: 8px; width: 526px; text-align: center;\"><span style=\"line-height: 21px; font-size: 14px;\">P-B2012<\/span><\/td>\n<\/tr>\n<tr>\n<td style=\"font-family: Verdana, Arial, Helvetica, sans-serif; font-size: 12px; color: #000000; margin: 8px; width: 187px; text-align: center;\"><span style=\"line-height: 21px; color: #333333; font-family: Arial, Helvetica; font-size: 14px; font-style: normal; font-weight: 400; background-color: #ffffff; float: none; display: inline !important;\">Material<\/span><\/td>\n<td style=\"font-family: Verdana, Arial, Helvetica, sans-serif; font-size: 12px; color: #000000; margin: 8px; width: 526px; text-align: center;\"><span style=\"color: #333333; font-family: Helvetica, Tahoma, Arial; font-size: 14px; font-style: normal; font-weight: 400; background-color: #fcfcfc; float: none; display: inline !important;\">Personalizado<\/span><\/td>\n<\/tr>\n<tr>\n<td style=\"font-family: Verdana, Arial, Helvetica, sans-serif; font-size: 12px; color: #000000; margin: 8px; width: 187px; text-align: center;\"><span style=\"line-height: 21px; font-size: 14px;\">\u00a0Tamanho<\/span><\/td>\n<td style=\"font-family: Verdana, Arial, Helvetica, sans-serif; font-size: 12px; color: #000000; margin: 8px; width: 526px; text-align: center;\"><span class=\"notranslate immersive-translate-target-wrapper\" lang=\"zh-CN\" translate=\"no\" data-immersive-translate-loading-id=\"3\">Personalizado\u00a0<\/span><\/td>\n<\/tr>\n<tr>\n<td style=\"font-family: Verdana, Arial, Helvetica, sans-serif; font-size: 12px; color: #000000; margin: 8px; width: 187px; text-align: center;\"><span style=\"line-height: 21px; font-size: 14px;\">\u00a0Cor<\/span><\/td>\n<td style=\"font-family: Verdana, Arial, Helvetica, sans-serif; font-size: 12px; color: #000000; margin: 8px; width: 526px; text-align: center;\"><span style=\"font-size: 14px;\">Azul, rosa<\/span><\/td>\n<\/tr>\n<tr>\n<td style=\"font-family: Verdana, Arial, Helvetica, sans-serif; font-size: 12px; color: #000000; margin: 8px; width: 187px; text-align: center;\"><span style=\"line-height: 21px; font-size: 14px;\">\u00a0<span style=\"line-height: 21px; color: #333333; font-family: Arial, Helvetica; font-size: 14px; font-style: normal; font-weight: 400; background-color: #ffffff; float: none; display: inline !important;\">Tipo de animal de estima\u00e7\u00e3o<\/span><\/span><\/td>\n<td style=\"font-family: Verdana, Arial, Helvetica, sans-serif; font-size: 12px; color: #000000; margin: 8px; width: 526px; text-align: center;\"><span style=\"line-height: 21px; font-size: 14px;\">\u00a0Todos os c\u00e3es<\/span><\/td>\n<\/tr>\n<tr>\n<td style=\"font-family: Verdana, Arial, Helvetica, sans-serif; font-size: 12px; color: #000000; margin: 8px; width: 187px; text-align: center;\"><span style=\"line-height: 21px; font-size: 14px;\">\u00a0<span style=\"line-height: 21px; color: #333333; font-family: Arial, Helvetica; font-size: 14px; font-style: normal; font-weight: 400; background-color: #ffffff; float: none; display: inline !important;\">Prazo de entrega<\/span><\/span><\/td>\n<td style=\"font-family: Verdana, Arial, Helvetica, sans-serif; font-size: 12px; color: #000000; margin: 8px; width: 526px; text-align: center;\"><span style=\"line-height: 21px; font-size: 14px;\"><span style=\"line-height: 21px; color: #000000; font-family: Verdana, Arial, Helvetica, sans-serif; font-size: 14px; font-style: normal; font-weight: 400; background-color: #ffffff; float: none; display: inline !important;\">De 1 a 5 dias para pequenas quantidades por via a\u00e9rea e de 30 a 35 dias para grandes quantidades por via mar\u00edtima<\/span>\u00a0<\/span><\/td>\n<\/tr>\n<tr>\n<td style=\"font-family: Verdana, Arial, Helvetica, sans-serif; font-size: 12px; color: #000000; margin: 8px; width: 187px; text-align: center;\"><span style=\"line-height: 21px; font-size: 14px;\">\u00a0<span style=\"line-height: 21px; color: #333333; font-family: Arial, Helvetica; font-size: 14px; font-style: normal; font-weight: 400; background-color: #ffffff; float: none; display: inline !important;\">Porto de embarque<\/span><\/span><\/td>\n<td style=\"font-family: Verdana, Arial, Helvetica, sans-serif; font-size: 12px; color: #000000; margin: 8px; width: 526px; text-align: center;\"><span style=\"line-height: 21px; font-size: 14px;\">Xiamen\u00a0<\/span><\/td>\n<\/tr>\n<tr>\n<td style=\"font-family: Verdana, Arial, Helvetica, sans-serif; font-size: 12px; color: #000000; margin: 8px; width: 187px; text-align: center;\"><span style=\"line-height: 21px; font-size: 14px;\">\u00a0<span style=\"line-height: 21px; color: #333333; font-family: Arial, Helvetica; font-size: 14px; font-style: normal; font-weight: 400; background-color: #ffffff; float: none; display: inline !important;\">OEM\/ODM<\/span><\/span><\/td>\n<td style=\"font-family: Verdana, Arial, Helvetica, sans-serif; font-size: 12px; color: #000000; margin: 8px; width: 526px; text-align: center;\"><span style=\"line-height: 21px; font-size: 14px;\">\u00a0<span style=\"line-height: 21px; color: #333333; font-family: Arial, Helvetica; font-size: 14px; font-style: normal; font-weight: 400; background-color: #ffffff; float: none; display: inline !important;\">Dispon\u00edvel<\/span><\/span><\/td>\n<\/tr>\n<tr>\n<td style=\"font-family: Verdana, Arial, Helvetica, sans-serif; font-size: 12px; color: #000000; margin: 8px; width: 187px; text-align: center;\"><span style=\"line-height: 21px; font-size: 14px;\">\u00a0<span style=\"line-height: 21px; color: #333333; font-family: Arial, Helvetica; font-size: 14px; font-style: normal; font-weight: 400; background-color: #ffffff; float: none; display: inline !important;\">Pacote<\/span><\/span><\/td>\n<td style=\"font-family: Verdana, Arial, Helvetica, sans-serif; font-size: 12px; color: #000000; margin: 8px; width: 526px; text-align: center;\"><span style=\"line-height: 21px; font-size: 14px;\"><span style=\"line-height: 21px; color: #333333; font-family: Arial, Helvetica; font-size: 14px; font-style: normal; font-weight: 400; background-color: #ffffff; float: none; display: inline !important;\">Cada um \u00e9 embalado em um PPB e depois em uma caixa de papel\u00e3o ou conforme necess\u00e1rio<\/span><\/span><\/td>\n<\/tr>\n<\/tbody>\n<\/table>\n<p>\ud83d\udcd0Guia de tamanho<br \/>\n- Selecione o tamanho de acordo com o estilo de dormir do seu c\u00e3o, por exemplo, enrolado ou estendido<br \/>\n- Favor permitir um erro de 3 a 4 cm em cada tamanho, pois os produtos s\u00e3o feitos \u00e0 m\u00e3o.<br \/>\nEmbora fa\u00e7amos o poss\u00edvel para dimension\u00e1-los com precis\u00e3o, os tamanhos podem ser ligeiramente diferentes.<\/p>","protected":false},"excerpt":{"rendered":"<h2><strong><b>Camas redondas no atacado<\/b><\/strong><\/h2>\n<p>Descobrir <span style=\"color: #ff0000;\"><a style=\"color: #ff0000;\" href=\"https:\/\/pecpets.com\/br\/\/pet-bed\/\" target=\"_blank\" rel=\"noopener\">Camas redondas<\/a><\/span>.<\/p>\n<p>Mantenha o estilo de seus animais de estima\u00e7\u00e3o com nossos designs de alta qualidade.<\/p>","protected":false},"featured_media":1193,"template":"","meta":{"_seopress_robots_primary_cat":"none","_seopress_titles_title":"Pet Round Bed - Professional Pet Product Manufacturers","_seopress_titles_desc":"Find comfortable pet round bed perfect for wholesalers, factories, and manufacturers. Premium quality pet beds designed for long-lasting use. Order now!","_seopress_robots_index":"","_uag_custom_page_level_css":""},"product_brand":[],"product_cat":[347,22],"product_tag":[71,69,70],"class_list":{"0":"post-1185","1":"product","2":"type-product","3":"status-publish","4":"has-post-thumbnail","6":"product_cat-eco-friendly-dog-beds-pet-bed","7":"product_cat-pet-bed","8":"product_tag-cat-bed","9":"product_tag-dog-bed","10":"product_tag-pet-bed","12":"first","13":"instock","14":"shipping-taxable","15":"product-type-simple"},"uagb_featured_image_src":{"full":["https:\/\/pecpets.com\/wp-content\/uploads\/2021\/12\/\u672a\u6807\u9898-30000.jpg",750,750,false],"thumbnail":["https:\/\/pecpets.com\/wp-content\/uploads\/2021\/12\/\u672a\u6807\u9898-30000-150x150.jpg",150,150,true],"medium":["https:\/\/pecpets.com\/wp-content\/uploads\/2021\/12\/\u672a\u6807\u9898-30000-300x300.jpg",300,300,true],"medium_large":["https:\/\/pecpets.com\/wp-content\/uploads\/2021\/12\/\u672a\u6807\u9898-30000.jpg",750,750,false],"large":["https:\/\/pecpets.com\/wp-content\/uploads\/2021\/12\/\u672a\u6807\u9898-30000.jpg",750,750,false],"1536x1536":["https:\/\/pecpets.com\/wp-content\/uploads\/2021\/12\/\u672a\u6807\u9898-30000.jpg",750,750,false],"2048x2048":["https:\/\/pecpets.com\/wp-content\/uploads\/2021\/12\/\u672a\u6807\u9898-30000.jpg",750,750,false],"trp-custom-language-flag":["https:\/\/pecpets.com\/wp-content\/uploads\/2021\/12\/\u672a\u6807\u9898-30000.jpg",12,12,false],"woocommerce_thumbnail":["https:\/\/pecpets.com\/wp-content\/uploads\/2021\/12\/\u672a\u6807\u9898-30000-300x300.jpg",300,300,true],"woocommerce_single":["https:\/\/pecpets.com\/wp-content\/uploads\/2021\/12\/\u672a\u6807\u9898-30000-600x600.jpg",600,600,true],"woocommerce_gallery_thumbnail":["https:\/\/pecpets.com\/wp-content\/uploads\/2021\/12\/\u672a\u6807\u9898-30000-100x100.jpg",100,100,true]},"uagb_author_info":{"display_name":"Lawrence\u00a0\u52b3\u4f26\u65af","author_link":"https:\/\/pecpets.com\/br\/author\/"},"uagb_comment_info":0,"uagb_excerpt":"Wholesale Round Beds Discover Round Beds. Keep your pets stylish with our high-quality designs.","_links":{"self":[{"href":"https:\/\/pecpets.com\/br\/wp-json\/wp\/v2\/product\/1185","targetHints":{"allow":["GET"]}}],"collection":[{"href":"https:\/\/pecpets.com\/br\/wp-json\/wp\/v2\/product"}],"about":[{"href":"https:\/\/pecpets.com\/br\/wp-json\/wp\/v2\/types\/product"}],"wp:featuredmedia":[{"embeddable":true,"href":"https:\/\/pecpets.com\/br\/wp-json\/wp\/v2\/media\/1193"}],"wp:attachment":[{"href":"https:\/\/pecpets.com\/br\/wp-json\/wp\/v2\/media?parent=1185"}],"wp:term":[{"taxonomy":"product_brand","embeddable":true,"href":"https:\/\/pecpets.com\/br\/wp-json\/wp\/v2\/product_brand?post=1185"},{"taxonomy":"product_cat","embeddable":true,"href":"https:\/\/pecpets.com\/br\/wp-json\/wp\/v2\/product_cat?post=1185"},{"taxonomy":"product_tag","embeddable":true,"href":"https:\/\/pecpets.com\/br\/wp-json\/wp\/v2\/product_tag?post=1185"}],"curies":[{"name":"wp","href":"https:\/\/api.w.org\/{rel}","templated":true}]}}