{"id":11962,"date":"2024-09-19T17:43:35","date_gmt":"2024-09-19T09:43:35","guid":{"rendered":"https:\/\/pecpets.com\/?post_type=product&#038;p=11962"},"modified":"2024-10-23T17:40:45","modified_gmt":"2024-10-23T09:40:45","slug":"waterproof-stormsuit-warm-pet-dog-clothing","status":"publish","type":"product","link":"https:\/\/pecpets.com\/br\/product\/waterproof-stormsuit-warm-pet-dog-clothing\/","title":{"rendered":"Roupa imperme\u00e1vel para tempestades e roupas quentes para c\u00e3es"},"content":{"rendered":"<h2>Atacado de roupas imperme\u00e1veis e quentes para c\u00e3es de estima\u00e7\u00e3o - Transportadores e acess\u00f3rios de viagem para c\u00e3es direto da f\u00e1brica<\/h2>\n<table style=\"border-collapse: collapse; background-color: #ffffff; width: 332px; height: 312px;\" border=\"1\">\n<tbody>\n<tr>\n<td style=\"font-family: Verdana, Arial, Helvetica, sans-serif; font-size: 12px; color: #000000; margin: 8px; width: 187px; text-align: center;\"><span style=\"line-height: 21px; font-size: 14px;\">Nome dos produtos<\/span><\/td>\n<td style=\"font-family: Verdana, Arial, Helvetica, sans-serif; font-size: 12px; color: #000000; margin: 8px; width: 526px; text-align: center;\">Casaco para animais de estima\u00e7\u00e3o<\/td>\n<\/tr>\n<tr>\n<td style=\"font-family: Verdana, Arial, Helvetica, sans-serif; font-size: 12px; color: #000000; margin: 8px; width: 187px; text-align: center;\"><span style=\"line-height: 21px; font-size: 14px;\">Item No.<\/span><\/td>\n<td style=\"font-family: Verdana, Arial, Helvetica, sans-serif; font-size: 12px; color: #000000; margin: 8px; width: 526px; text-align: center;\"><span style=\"line-height: 21px; font-size: 14px;\">P-C2014<\/span><\/td>\n<\/tr>\n<tr>\n<td style=\"font-family: Verdana, Arial, Helvetica, sans-serif; font-size: 12px; color: #000000; margin: 8px; width: 187px; text-align: center;\"><span style=\"line-height: 21px; color: #333333; font-family: Arial, Helvetica; font-size: 14px; font-style: normal; font-weight: 400; background-color: #ffffff; float: none; display: inline !important;\">Material<\/span><\/td>\n<td style=\"font-family: Verdana, Arial, Helvetica, sans-serif; font-size: 12px; color: #000000; margin: 8px; width: 526px; text-align: center;\">Algod\u00e3o, poli\u00e9ster, rami<\/td>\n<\/tr>\n<tr>\n<td style=\"font-family: Verdana, Arial, Helvetica, sans-serif; font-size: 12px; color: #000000; margin: 8px; width: 187px; text-align: center;\"><span style=\"line-height: 21px; font-size: 14px;\">\u00a0Tamanho<\/span><\/td>\n<td style=\"font-family: Verdana, Arial, Helvetica, sans-serif; font-size: 12px; color: #000000; margin: 8px; width: 526px; text-align: center;\"><span style=\"font-size: 14px;\">Custom Size<\/span><\/td>\n<\/tr>\n<tr>\n<td style=\"font-family: Verdana, Arial, Helvetica, sans-serif; font-size: 12px; color: #000000; margin: 8px; width: 187px; text-align: center;\"><span style=\"line-height: 21px; font-size: 14px;\">\u00a0Cor<\/span><\/td>\n<td style=\"font-family: Verdana, Arial, Helvetica, sans-serif; font-size: 12px; color: #000000; margin: 8px; width: 526px; text-align: center;\"><span style=\"line-height: 21px; font-size: 14px;\">Custom Color\u00a0<\/span><\/td>\n<\/tr>\n<tr>\n<td style=\"font-family: Verdana, Arial, Helvetica, sans-serif; font-size: 12px; color: #000000; margin: 8px; width: 187px; text-align: center;\"><span style=\"line-height: 21px; font-size: 14px;\">\u00a0<span style=\"line-height: 21px; color: #333333; font-family: Arial, Helvetica; font-size: 14px; font-style: normal; font-weight: 400; background-color: #ffffff; float: none; display: inline !important;\">Tipo de animal de estima\u00e7\u00e3o<\/span><\/span><\/td>\n<td style=\"font-family: Verdana, Arial, Helvetica, sans-serif; font-size: 12px; color: #000000; margin: 8px; width: 526px; text-align: center;\"><span style=\"line-height: 21px; font-size: 14px;\">\u00a0Todos os c\u00e3es<\/span><\/td>\n<\/tr>\n<tr>\n<td style=\"font-family: Verdana, Arial, Helvetica, sans-serif; font-size: 12px; color: #000000; margin: 8px; width: 187px; text-align: center;\"><span style=\"line-height: 21px; font-size: 14px;\">\u00a0<span style=\"line-height: 21px; color: #333333; font-family: Arial, Helvetica; font-size: 14px; font-style: normal; font-weight: 400; background-color: #ffffff; float: none; display: inline !important;\">Prazo de entrega<\/span><\/span><\/td>\n<td style=\"font-family: Verdana, Arial, Helvetica, sans-serif; font-size: 12px; color: #000000; margin: 8px; width: 526px; text-align: center;\"><span style=\"line-height: 21px; font-size: 14px;\"><span style=\"line-height: 21px; color: #000000; font-family: Verdana, Arial, Helvetica, sans-serif; font-size: 14px; font-style: normal; font-weight: 400; background-color: #ffffff; float: none; display: inline !important;\">De 1 a 5 dias para pequenas quantidades por via a\u00e9rea e de 30 a 35 dias para grandes quantidades por via mar\u00edtima<\/span>\u00a0<\/span><\/td>\n<\/tr>\n<tr>\n<td style=\"font-family: Verdana, Arial, Helvetica, sans-serif; font-size: 12px; color: #000000; margin: 8px; width: 187px; text-align: center;\"><span style=\"line-height: 21px; font-size: 14px;\">\u00a0<span style=\"line-height: 21px; color: #333333; font-family: Arial, Helvetica; font-size: 14px; font-style: normal; font-weight: 400; background-color: #ffffff; float: none; display: inline !important;\">Porto de embarque<\/span><\/span><\/td>\n<td style=\"font-family: Verdana, Arial, Helvetica, sans-serif; font-size: 12px; color: #000000; margin: 8px; width: 526px; text-align: center;\"><span style=\"line-height: 21px; font-size: 14px;\">Xiamen\u00a0<\/span><\/td>\n<\/tr>\n<tr>\n<td style=\"font-family: Verdana, Arial, Helvetica, sans-serif; font-size: 12px; color: #000000; margin: 8px; width: 187px; text-align: center;\"><span style=\"line-height: 21px; font-size: 14px;\">\u00a0<span style=\"line-height: 21px; color: #333333; font-family: Arial, Helvetica; font-size: 14px; font-style: normal; font-weight: 400; background-color: #ffffff; float: none; display: inline !important;\">OEM\/ODM<\/span><\/span><\/td>\n<td style=\"font-family: Verdana, Arial, Helvetica, sans-serif; font-size: 12px; color: #000000; margin: 8px; width: 526px; text-align: center;\"><span style=\"line-height: 21px; font-size: 14px;\">\u00a0<span style=\"line-height: 21px; color: #333333; font-family: Arial, Helvetica; font-size: 14px; font-style: normal; font-weight: 400; background-color: #ffffff; float: none; display: inline !important;\">Dispon\u00edvel<\/span><\/span><\/td>\n<\/tr>\n<tr>\n<td style=\"font-family: Verdana, Arial, Helvetica, sans-serif; font-size: 12px; color: #000000; margin: 8px; width: 187px; text-align: center;\"><span style=\"line-height: 21px; font-size: 14px;\">\u00a0<span style=\"line-height: 21px; color: #333333; font-family: Arial, Helvetica; font-size: 14px; font-style: normal; font-weight: 400; background-color: #ffffff; float: none; display: inline !important;\">Pacote<\/span><\/span><\/td>\n<td style=\"font-family: Verdana, Arial, Helvetica, sans-serif; font-size: 12px; color: #000000; margin: 8px; width: 526px; text-align: center;\"><span style=\"line-height: 21px; font-size: 14px;\"><span style=\"line-height: 21px; color: #333333; font-family: Arial, Helvetica; font-size: 14px; font-style: normal; font-weight: 400; background-color: #ffffff; float: none; display: inline !important;\">Cada um \u00e9 embalado em um PPB e depois em uma caixa de papel\u00e3o ou conforme necess\u00e1rio<\/span><\/span><\/td>\n<\/tr>\n<\/tbody>\n<\/table>\n<p>Prepare seu animal de estima\u00e7\u00e3o para as aventuras de inverno com nossos casacos OEM\/ODM Winter Pet Outdoor Apparel Coats, projetados para proporcionar calor, conforto e estilo durante os meses mais frios. Esses casacos s\u00e3o perfeitos para animais de estima\u00e7\u00e3o que adoram o ar livre e precisam de prote\u00e7\u00e3o extra contra as intemp\u00e9ries. Como uma f\u00e1brica l\u00edder no atacado, oferecemos op\u00e7\u00f5es de personaliza\u00e7\u00e3o para esses casacos de alta qualidade para animais de estima\u00e7\u00e3o, garantindo que eles atendam \u00e0s necessidades espec\u00edficas de sua empresa e de seus clientes.<\/p>\n<p><strong>Principais recursos:<\/strong><\/p>\n<ul>\n<li><strong>Servi\u00e7o OEM\/ODM personaliz\u00e1vel:<\/strong>\u00a0Trabalhe com a nossa equipe para criar um design exclusivo ou adicionar o logotipo da sua marca a esses casacos de inverno para animais de estima\u00e7\u00e3o.<\/li>\n<li><strong>Design preparado para o inverno:<\/strong>\u00a0Projetado especificamente para resistir a temperaturas frias e proteger os animais de estima\u00e7\u00e3o do clima rigoroso do inverno.<\/li>\n<li><strong>Dur\u00e1vel e \u00e0 prova d'\u00e1gua:<\/strong>\u00a0Fabricado com materiais dur\u00e1veis que tamb\u00e9m s\u00e3o \u00e0 prova d'\u00e1gua, garantindo que os animais de estima\u00e7\u00e3o permane\u00e7am secos e confort\u00e1veis.<\/li>\n<li><strong>Respir\u00e1vel e quente:<\/strong>\u00a0Apresenta um design respir\u00e1vel e isolado para manter os animais aquecidos sem superaquecimento.<\/li>\n<li><strong>Atacado e direto da f\u00e1brica:<\/strong>\u00a0Dispon\u00edvel para compra no atacado diretamente de nossa f\u00e1brica, garantindo qualidade e economia.<\/li>\n<\/ul>\n<p><strong>Benef\u00edcios para os varejistas:<\/strong><\/p>\n<ul>\n<li><strong>Pre\u00e7o de atacado:<\/strong>\u00a0Beneficie-se do pre\u00e7o direto da f\u00e1brica, permitindo que voc\u00ea ofere\u00e7a roupas de alta qualidade para animais de estima\u00e7\u00e3o a pre\u00e7os competitivos.<\/li>\n<li><strong>Op\u00e7\u00f5es de personaliza\u00e7\u00e3o:<\/strong>\u00a0Ofere\u00e7a a seus clientes um produto personalizado com op\u00e7\u00f5es de personaliza\u00e7\u00e3o que reflitam seu estilo.<\/li>\n<li><strong>Garantia de qualidade:<\/strong>\u00a0Cada casaco \u00e9 fabricado para atender a rigorosos padr\u00f5es de qualidade, garantindo durabilidade e funcionalidade.<\/li>\n<li><strong>Envio eficiente:<\/strong>\u00a0Confie em nossa eficiente cadeia de suprimentos para a entrega pontual de seus pedidos no atacado, mantendo seu estoque bem abastecido.<\/li>\n<\/ul>\n<p><strong>Aprimore suas ofertas de vestu\u00e1rio para animais de estima\u00e7\u00e3o com nossos casacos de inverno para animais de estima\u00e7\u00e3o para uso externo OEM\/ODM - perfeitos para varejistas que desejam oferecer roupas funcionais e modernas para animais de estima\u00e7\u00e3o.<\/strong> Entre em contato conosco hoje mesmo para explorar nossas oportunidades de atacado e dar um toque de luxo ao guarda-roupa de inverno do seu animal de estima\u00e7\u00e3o.<\/p>","protected":false},"excerpt":{"rendered":"<h2>Transportadores e acess\u00f3rios de viagem para c\u00e3es Factory Direct<\/h2>\n<p>Explore OEMODM Winter Pet Outdoor Apparel Coat (Casaco para roupas de inverno para animais de estima\u00e7\u00e3o ao ar livre).<\/p>\n<p>Loja <span style=\"color: #ff0000;\"><a style=\"color: #ff0000;\" href=\"https:\/\/pecpets.com\/br\/\/pet-clothing\/\" target=\"_blank\" rel=\"noopener\">roupas para animais de estima\u00e7\u00e3o no atacado<\/a><\/span> da f\u00e1brica para obter pre\u00e7os e qualidade imbat\u00edveis.<\/p>","protected":false},"featured_media":11990,"template":"","meta":{"_seopress_robots_primary_cat":"none","_seopress_titles_title":"Waterproof Stormsuit Warm Pet Dog Clothing","_seopress_titles_desc":"Explore Waterproof Stormsuit Warm Pet Dog Clothing. Shop wholesale pet clothes from the factory for unbeatable prices and quality.","_seopress_robots_index":"","_uag_custom_page_level_css":""},"product_brand":[],"product_cat":[364,342,23],"product_tag":[],"class_list":{"0":"post-11962","1":"product","2":"type-product","3":"status-publish","4":"has-post-thumbnail","6":"product_cat-basic-dog-clothing","7":"product_cat-pet-coat","8":"product_cat-pet-clothing","10":"first","11":"instock","12":"shipping-taxable","13":"product-type-simple"},"uagb_featured_image_src":{"full":["https:\/\/pecpets.com\/wp-content\/uploads\/2024\/09\/75eb1b8d-fd3e-4737-bf37-f1d23f28944a.jpeg",800,800,false],"thumbnail":["https:\/\/pecpets.com\/wp-content\/uploads\/2024\/09\/75eb1b8d-fd3e-4737-bf37-f1d23f28944a-150x150.jpeg",150,150,true],"medium":["https:\/\/pecpets.com\/wp-content\/uploads\/2024\/09\/75eb1b8d-fd3e-4737-bf37-f1d23f28944a-300x300.jpeg",300,300,true],"medium_large":["https:\/\/pecpets.com\/wp-content\/uploads\/2024\/09\/75eb1b8d-fd3e-4737-bf37-f1d23f28944a-768x768.jpeg",768,768,true],"large":["https:\/\/pecpets.com\/wp-content\/uploads\/2024\/09\/75eb1b8d-fd3e-4737-bf37-f1d23f28944a.jpeg",800,800,false],"1536x1536":["https:\/\/pecpets.com\/wp-content\/uploads\/2024\/09\/75eb1b8d-fd3e-4737-bf37-f1d23f28944a.jpeg",800,800,false],"2048x2048":["https:\/\/pecpets.com\/wp-content\/uploads\/2024\/09\/75eb1b8d-fd3e-4737-bf37-f1d23f28944a.jpeg",800,800,false],"trp-custom-language-flag":["https:\/\/pecpets.com\/wp-content\/uploads\/2024\/09\/75eb1b8d-fd3e-4737-bf37-f1d23f28944a-12x12.jpeg",12,12,true],"woocommerce_thumbnail":["https:\/\/pecpets.com\/wp-content\/uploads\/2024\/09\/75eb1b8d-fd3e-4737-bf37-f1d23f28944a-300x300.jpeg",300,300,true],"woocommerce_single":["https:\/\/pecpets.com\/wp-content\/uploads\/2024\/09\/75eb1b8d-fd3e-4737-bf37-f1d23f28944a-600x600.jpeg",600,600,true],"woocommerce_gallery_thumbnail":["https:\/\/pecpets.com\/wp-content\/uploads\/2024\/09\/75eb1b8d-fd3e-4737-bf37-f1d23f28944a-100x100.jpeg",100,100,true]},"uagb_author_info":{"display_name":"Lawrence\u00a0\u52b3\u4f26\u65af","author_link":"https:\/\/pecpets.com\/br\/author\/"},"uagb_comment_info":0,"uagb_excerpt":"Factory Direct Travel Dog Carriers and Accessories Explore OEMODM Winter Pet Outdoor Apparel Coat. Shop wholesale pet clothes from the factory for unbeatable prices and quality.","_links":{"self":[{"href":"https:\/\/pecpets.com\/br\/wp-json\/wp\/v2\/product\/11962","targetHints":{"allow":["GET"]}}],"collection":[{"href":"https:\/\/pecpets.com\/br\/wp-json\/wp\/v2\/product"}],"about":[{"href":"https:\/\/pecpets.com\/br\/wp-json\/wp\/v2\/types\/product"}],"wp:featuredmedia":[{"embeddable":true,"href":"https:\/\/pecpets.com\/br\/wp-json\/wp\/v2\/media\/11990"}],"wp:attachment":[{"href":"https:\/\/pecpets.com\/br\/wp-json\/wp\/v2\/media?parent=11962"}],"wp:term":[{"taxonomy":"product_brand","embeddable":true,"href":"https:\/\/pecpets.com\/br\/wp-json\/wp\/v2\/product_brand?post=11962"},{"taxonomy":"product_cat","embeddable":true,"href":"https:\/\/pecpets.com\/br\/wp-json\/wp\/v2\/product_cat?post=11962"},{"taxonomy":"product_tag","embeddable":true,"href":"https:\/\/pecpets.com\/br\/wp-json\/wp\/v2\/product_tag?post=11962"}],"curies":[{"name":"wp","href":"https:\/\/api.w.org\/{rel}","templated":true}]}}