{"id":20151,"date":"2025-03-11T16:47:52","date_gmt":"2025-03-11T08:47:52","guid":{"rendered":"https:\/\/pecpets.com\/?post_type=product&#038;p=20151"},"modified":"2025-08-18T14:31:49","modified_gmt":"2025-08-18T06:31:49","slug":"dog-hoodies-factory","status":"publish","type":"product","link":"https:\/\/pecpets.com\/br\/product\/dog-hoodies-factory\/","title":{"rendered":"F\u00e1brica de moletons para c\u00e3es"},"content":{"rendered":"<h2>Custom Dog Hoodies Factory | Pet Snowsuit &amp; Pet Clothes Manufacturer | Wholesale Supplier<\/h2>\n<div class=\"flex flex-grow flex-col max-w-full\">\n<div class=\"min-h-[20px] text-message flex flex-col items-start whitespace-pre-wrap break-words [.text-message+&amp;]:mt-5 juice:w-full juice:items-end overflow-x-auto gap-2\" dir=\"auto\" data-message-author-role=\"assistant\" data-message-id=\"0128ad4d-678a-477a-b363-469a57c3e696\">\n<div class=\"flex w-full flex-col gap-1 juice:empty:hidden juice:first:pt-[3px]\">\n<div class=\"markdown prose w-full break-words dark:prose-invert light\">\n<div class=\"paragraph\">\n<div class=\"paragraph\">\n<div class=\"paragraph\">\n<table width=\"288\">\n<tbody>\n<tr>\n<td width=\"137\">Products Name<\/td>\n<td width=\"151\">Pet Coat<\/td>\n<\/tr>\n<tr>\n<td>Item No.<\/td>\n<td>P-C2046<\/td>\n<\/tr>\n<tr>\n<td>Material<\/td>\n<td>Cotton, Polyester, Fleece<\/td>\n<\/tr>\n<tr>\n<td>\u00a0Size and Color<\/td>\n<td>Customized<\/td>\n<\/tr>\n<tr>\n<td>\u00a0Delivery time<\/td>\n<td>1-5days\u00a0for small quantity by air and 30-35days for large quantity by sea<\/td>\n<\/tr>\n<\/tbody>\n<\/table>\n<p>As a top-tier\u00a0dog hoodie factory\u00a0in China, we specialize in\u00a0dog hoodies ODM\/OEM\u00a0manufacturing and\u00a0dog hoodies wholesale\u00a0solutions for global brands. Our\u00a0dog hoodies company offers customizable designs, including private label dog hoodies\u00a0services,\u00a0dog hoodies bulk\u00a0orders, and seasonal collections like cozy\u00a0pet snowsuits\u00a0and stylish\u00a0pet clothes. Whether you\u2019re a\u00a0dog hoodies wholesaler,\u00a0vendor, or retailer, we deliver premium-quality apparel with fast turnaround and seamless\u00a0dog hoodies export\u00a0logistics.<\/p>\n<p>Partner with a trusted\u00a0dog hoodies manufacturer\u00a0and\u00a0dog hoodies supplier\u00a0to access innovative designs, durable fabrics (fleece, waterproof, breathable), and certifications (ISO, BSCI). Ideal for businesses seeking\u00a0dog hoodies China\u00a0sourcing advantages, our factory supports small to large-scale production, ensuring flexibility for\u00a0dog hoodies OEM\/ODM projects. From prototyping to global shipping, we streamline the process for private label dog hoodie collaborations.<\/p>\n<p>Elevate your brand with trendy, functional dog hoodies tailored to market demands. Contact us today for competitive\u00a0dog hoodies wholesale\u00a0pricing and reliable partnership opportunities!<\/p>\n<\/div>\n<\/div>\n<\/div>\n<\/div>\n<\/div>\n<\/div>\n<\/div>\n","protected":false},"excerpt":{"rendered":"<h2 data-immersive-translate-walked=\"344be1c1-5052-41eb-8fcd-0dbe236a0d6b\" data-immersive-translate-paragraph=\"1\">F\u00e1brica de moletons para c\u00e3es<\/h2>\n<p>Fornecemos roupas premium para animais de estima\u00e7\u00e3o com personaliza\u00e7\u00e3o completa de tamanho e cor, tecidos dur\u00e1veis e qualidade certificada.<\/p>\n<p>Aproveite os MOQs flex\u00edveis, o envio global r\u00e1pido e as solu\u00e7\u00f5es de marca pr\u00f3pria.<\/p>\n<p>Entre em contato conosco hoje mesmo!<\/p>","protected":false},"featured_media":20154,"template":"","meta":{"_seopress_robots_primary_cat":"none","_seopress_titles_title":"Dog Hoodies Factory - Professional Pet Clothes Manufacturers","_seopress_titles_desc":"Discover Dog Hoodies Factory. Leading pet snowsuit manufacturer offering ODM\/OEM services, and fast global shipping. Contact us now for exclusive quotes!","_seopress_robots_index":"","_uag_custom_page_level_css":""},"product_brand":[],"product_cat":[364,342,23],"product_tag":[],"class_list":{"0":"post-20151","1":"product","2":"type-product","3":"status-publish","4":"has-post-thumbnail","6":"product_cat-basic-dog-clothing","7":"product_cat-pet-coat","8":"product_cat-pet-clothing","10":"first","11":"instock","12":"shipping-taxable","13":"product-type-simple"},"uagb_featured_image_src":{"full":["https:\/\/pecpets.com\/wp-content\/uploads\/2025\/03\/Dog-Hoodies-Factory-5.jpg",600,600,false],"thumbnail":["https:\/\/pecpets.com\/wp-content\/uploads\/2025\/03\/Dog-Hoodies-Factory-5-150x150.jpg",150,150,true],"medium":["https:\/\/pecpets.com\/wp-content\/uploads\/2025\/03\/Dog-Hoodies-Factory-5-300x300.jpg",300,300,true],"medium_large":["https:\/\/pecpets.com\/wp-content\/uploads\/2025\/03\/Dog-Hoodies-Factory-5.jpg",600,600,false],"large":["https:\/\/pecpets.com\/wp-content\/uploads\/2025\/03\/Dog-Hoodies-Factory-5.jpg",600,600,false],"1536x1536":["https:\/\/pecpets.com\/wp-content\/uploads\/2025\/03\/Dog-Hoodies-Factory-5.jpg",600,600,false],"2048x2048":["https:\/\/pecpets.com\/wp-content\/uploads\/2025\/03\/Dog-Hoodies-Factory-5.jpg",600,600,false],"trp-custom-language-flag":["https:\/\/pecpets.com\/wp-content\/uploads\/2025\/03\/Dog-Hoodies-Factory-5.jpg",12,12,false],"woocommerce_thumbnail":["https:\/\/pecpets.com\/wp-content\/uploads\/2025\/03\/Dog-Hoodies-Factory-5-300x300.jpg",300,300,true],"woocommerce_single":["https:\/\/pecpets.com\/wp-content\/uploads\/2025\/03\/Dog-Hoodies-Factory-5.jpg",600,600,false],"woocommerce_gallery_thumbnail":["https:\/\/pecpets.com\/wp-content\/uploads\/2025\/03\/Dog-Hoodies-Factory-5-100x100.jpg",100,100,true]},"uagb_author_info":{"display_name":"Lawrence\u00a0\u52b3\u4f26\u65af","author_link":"https:\/\/pecpets.com\/br\/author\/"},"uagb_comment_info":0,"uagb_excerpt":"Dog Hoodies Factory We provide premium pet clothes with full-size and color customization, durable fabrics, and certified quality. Enjoy flexible MOQs, fast global shipping, and private label solutions. Contact us today!","_links":{"self":[{"href":"https:\/\/pecpets.com\/br\/wp-json\/wp\/v2\/product\/20151","targetHints":{"allow":["GET"]}}],"collection":[{"href":"https:\/\/pecpets.com\/br\/wp-json\/wp\/v2\/product"}],"about":[{"href":"https:\/\/pecpets.com\/br\/wp-json\/wp\/v2\/types\/product"}],"wp:featuredmedia":[{"embeddable":true,"href":"https:\/\/pecpets.com\/br\/wp-json\/wp\/v2\/media\/20154"}],"wp:attachment":[{"href":"https:\/\/pecpets.com\/br\/wp-json\/wp\/v2\/media?parent=20151"}],"wp:term":[{"taxonomy":"product_brand","embeddable":true,"href":"https:\/\/pecpets.com\/br\/wp-json\/wp\/v2\/product_brand?post=20151"},{"taxonomy":"product_cat","embeddable":true,"href":"https:\/\/pecpets.com\/br\/wp-json\/wp\/v2\/product_cat?post=20151"},{"taxonomy":"product_tag","embeddable":true,"href":"https:\/\/pecpets.com\/br\/wp-json\/wp\/v2\/product_tag?post=20151"}],"curies":[{"name":"wp","href":"https:\/\/api.w.org\/{rel}","templated":true}]}}