{"id":21198,"date":"2025-06-09T09:31:11","date_gmt":"2025-06-09T01:31:11","guid":{"rendered":"https:\/\/pecpets.com\/?post_type=product&#038;p=21198"},"modified":"2025-08-19T14:31:13","modified_gmt":"2025-08-19T06:31:13","slug":"reflective-fleece-lined-dog-coat-supplier","status":"publish","type":"product","link":"https:\/\/pecpets.com\/br\/product\/reflective-fleece-lined-dog-coat-supplier\/","title":{"rendered":"Fornecedor de casacos refletivos para c\u00e3es com forro de l\u00e3"},"content":{"rendered":"<h5>Reflective Fleece Lined Dog Coat Supplier | Dog Clothes Manufacturer &amp; Pet Apparel Factory<\/h5>\n<p>Need cozy\u00a0Sherpa Lining Dog Coats\u00a0that pets adore? As a top\u00a0pet apparel factory\u00a0and\u00a0dog clothes manufacturer\u00a0in China, we craft\u00a0Sherpa Lining Dog Coats\u00a0for global brands, pet stores, and\u00a0Dog Coat wholesalers!<\/p>\n<div class=\"flex flex-grow flex-col max-w-full\">\n<div class=\"min-h-[20px] text-message flex flex-col items-start whitespace-pre-wrap break-words [.text-message+&amp;]:mt-5 juice:w-full juice:items-end overflow-x-auto gap-2\" dir=\"auto\" data-message-author-role=\"assistant\" data-message-id=\"0128ad4d-678a-477a-b363-469a57c3e696\">\n<div class=\"flex w-full flex-col gap-1 juice:empty:hidden juice:first:pt-[3px]\">\n<div class=\"markdown prose w-full break-words dark:prose-invert light\">\n<div class=\"paragraph\">\n<div class=\"paragraph\">\n<div class=\"paragraph\">\n<table width=\"288\">\n<tbody>\n<tr>\n<td width=\"137\"><span style=\"color: #333333;\">Product Name<\/span><\/td>\n<td width=\"151\"><span style=\"color: #333333;\">Pet Clothes<\/span><\/td>\n<\/tr>\n<tr>\n<td><span style=\"color: #333333;\">Item No.<\/span><\/td>\n<td><span style=\"color: #333333;\">P-C2085<\/span><\/td>\n<\/tr>\n<tr>\n<td><span style=\"color: #333333;\">Material<\/span><\/td>\n<td>Cotton, Polyester, Fleece<\/td>\n<\/tr>\n<tr>\n<td><span style=\"color: #333333;\">\u00a0Size and Color<\/span><\/td>\n<td><span style=\"color: #333333;\">Customized<\/span><\/td>\n<\/tr>\n<tr>\n<td><span style=\"color: #333333;\">\u00a0Delivery time<\/span><\/td>\n<td><span style=\"color: #333333;\">1- 5 days for small quantities by air and 30- 35 days for large quantities by sea<\/span><\/td>\n<\/tr>\n<\/tbody>\n<\/table>\n<p>As a leading Dog Coat supplier and Dog Clothes Manufacturer in China, we specialize in bulk production of high-visibility Reflective Fleece Lined Dog Coats. Our Pet Apparel Factory offers end-to-end solutions:<\/p>\n<ul>\n<li>\u2705 Dog Coat OEM\/ODM services with custom designs<\/li>\n<li>\u2705 Private label Dog Coat production (min. order 500pcs)<\/li>\n<li>\u2705 Wholesale Dog Coat bulk orders shipped globally<\/li>\n<li>\u2705 Reliable Dog Coat export from our China-based facility<\/li>\n<\/ul>\n<p>Partner with a trusted Dog Coat company for durable, weather-resistant pet outerwear. Request quotes for wholesale\/private label programs today!<\/p>\n<\/div>\n<\/div>\n<\/div>\n<\/div>\n<\/div>\n<\/div>\n<\/div>\n","protected":false},"excerpt":{"rendered":"<h2 data-immersive-translate-walked=\"344be1c1-5052-41eb-8fcd-0dbe236a0d6b\" data-immersive-translate-paragraph=\"1\">Fornecedor de casacos refletivos para c\u00e3es com forro de l\u00e3<\/h2>\n<ul>\n<li>O interior com forro de l\u00e3 polar e a gola com extens\u00e3o no peito fazem desse casaco acolchoado uma excelente maneira de preparar seu animal de estima\u00e7\u00e3o para o ar livre em temperaturas mais frias.<\/li>\n<li>A tubula\u00e7\u00e3o refletiva no ombro proporciona maior visibilidade para caminhadas noturnas ou manh\u00e3s com neblina.<\/li>\n<li>O fecho ajust\u00e1vel de gancho e la\u00e7o na barriga facilita a coloca\u00e7\u00e3o e a retirada, e a gola forrada de l\u00e3 com um orif\u00edcio para a coleira no pesco\u00e7o proporciona calor e f\u00e1cil acesso para prender a coleira.<\/li>\n<li>Dispon\u00edvel em v\u00e1rios tamanhos para que voc\u00ea possa escolher o ajuste perfeito para seu animal de estima\u00e7\u00e3o.<\/li>\n<li><\/li>\n<\/ul>","protected":false},"featured_media":21202,"template":"","meta":{"_seopress_robots_primary_cat":"none","_seopress_titles_title":"Reflective Fleece Lined Dog Coat Supplier | OEM Solutions","_seopress_titles_desc":"As Reflective Fleece Lined Dog Coat Supplier, we design premium knitwear for pets worldwide. Bulk orders, OEM services. Request free cozy samples today!","_seopress_robots_index":"","_uag_custom_page_level_css":""},"product_brand":[],"product_cat":[364,342,23],"product_tag":[],"class_list":{"0":"post-21198","1":"product","2":"type-product","3":"status-publish","4":"has-post-thumbnail","6":"product_cat-basic-dog-clothing","7":"product_cat-pet-coat","8":"product_cat-pet-clothing","10":"first","11":"instock","12":"shipping-taxable","13":"product-type-simple"},"uagb_featured_image_src":{"full":["https:\/\/pecpets.com\/wp-content\/uploads\/2025\/06\/Reflective-Fleece-Lined-Dog-Coat-Supplier-8.jpg",1800,1800,false],"thumbnail":["https:\/\/pecpets.com\/wp-content\/uploads\/2025\/06\/Reflective-Fleece-Lined-Dog-Coat-Supplier-8-150x150.jpg",150,150,true],"medium":["https:\/\/pecpets.com\/wp-content\/uploads\/2025\/06\/Reflective-Fleece-Lined-Dog-Coat-Supplier-8-300x300.jpg",300,300,true],"medium_large":["https:\/\/pecpets.com\/wp-content\/uploads\/2025\/06\/Reflective-Fleece-Lined-Dog-Coat-Supplier-8-768x768.jpg",768,768,true],"large":["https:\/\/pecpets.com\/wp-content\/uploads\/2025\/06\/Reflective-Fleece-Lined-Dog-Coat-Supplier-8-1024x1024.jpg",800,800,true],"1536x1536":["https:\/\/pecpets.com\/wp-content\/uploads\/2025\/06\/Reflective-Fleece-Lined-Dog-Coat-Supplier-8-1536x1536.jpg",1536,1536,true],"2048x2048":["https:\/\/pecpets.com\/wp-content\/uploads\/2025\/06\/Reflective-Fleece-Lined-Dog-Coat-Supplier-8.jpg",1800,1800,false],"trp-custom-language-flag":["https:\/\/pecpets.com\/wp-content\/uploads\/2025\/06\/Reflective-Fleece-Lined-Dog-Coat-Supplier-8-12x12.jpg",12,12,true],"woocommerce_thumbnail":["https:\/\/pecpets.com\/wp-content\/uploads\/2025\/06\/Reflective-Fleece-Lined-Dog-Coat-Supplier-8-300x300.jpg",300,300,true],"woocommerce_single":["https:\/\/pecpets.com\/wp-content\/uploads\/2025\/06\/Reflective-Fleece-Lined-Dog-Coat-Supplier-8-600x600.jpg",600,600,true],"woocommerce_gallery_thumbnail":["https:\/\/pecpets.com\/wp-content\/uploads\/2025\/06\/Reflective-Fleece-Lined-Dog-Coat-Supplier-8-100x100.jpg",100,100,true]},"uagb_author_info":{"display_name":"Lawrence\u00a0\u52b3\u4f26\u65af","author_link":"https:\/\/pecpets.com\/br\/author\/"},"uagb_comment_info":0,"uagb_excerpt":"Reflective Fleece Lined Dog Coat Supplier Polar fleece-lined interior and a collar with a chest extension make this quilted coat an excellent way to suit your pet up for the outdoors in cooler temperatures. Reflective piping at the shoulder provides added visibility for night walks or foggy mornings. Adjustable hook-and-loop closure at the belly makes&hellip;","_links":{"self":[{"href":"https:\/\/pecpets.com\/br\/wp-json\/wp\/v2\/product\/21198","targetHints":{"allow":["GET"]}}],"collection":[{"href":"https:\/\/pecpets.com\/br\/wp-json\/wp\/v2\/product"}],"about":[{"href":"https:\/\/pecpets.com\/br\/wp-json\/wp\/v2\/types\/product"}],"wp:featuredmedia":[{"embeddable":true,"href":"https:\/\/pecpets.com\/br\/wp-json\/wp\/v2\/media\/21202"}],"wp:attachment":[{"href":"https:\/\/pecpets.com\/br\/wp-json\/wp\/v2\/media?parent=21198"}],"wp:term":[{"taxonomy":"product_brand","embeddable":true,"href":"https:\/\/pecpets.com\/br\/wp-json\/wp\/v2\/product_brand?post=21198"},{"taxonomy":"product_cat","embeddable":true,"href":"https:\/\/pecpets.com\/br\/wp-json\/wp\/v2\/product_cat?post=21198"},{"taxonomy":"product_tag","embeddable":true,"href":"https:\/\/pecpets.com\/br\/wp-json\/wp\/v2\/product_tag?post=21198"}],"curies":[{"name":"wp","href":"https:\/\/api.w.org\/{rel}","templated":true}]}}