{"id":21923,"date":"2025-07-31T09:23:57","date_gmt":"2025-07-31T01:23:57","guid":{"rendered":"https:\/\/pecpets.com\/?post_type=product&#038;p=21923"},"modified":"2025-08-18T16:55:30","modified_gmt":"2025-08-18T08:55:30","slug":"anti-slip-pet-socks-china","status":"publish","type":"product","link":"https:\/\/pecpets.com\/br\/product\/anti-slip-pet-socks-china\/","title":{"rendered":"Meias antiderrapantes para animais de estima\u00e7\u00e3o China"},"content":{"rendered":"<h5><strong>Anti-Slip Pet Socks China &#8211; Leading [Pet Sock Manufacturer] &amp; Reliable [Waterproof Pet Sock Factory]<\/strong><\/h5>\n<p class=\"ds-markdown-paragraph\">Looking for the best Anti-Slip Pet Socks China source?\u00a0You&#8217;ve found it! We are a leading\u00a0Anti-slip pet socks manufacturer and a specialized\u00a0Anti-slip pet socks factory\u00a0based right here in China.<\/p>\n<div class=\"flex flex-grow flex-col max-w-full\">\n<div class=\"min-h-[20px] text-message flex flex-col items-start whitespace-pre-wrap break-words [.text-message+&amp;]:mt-5 juice:w-full juice:items-end overflow-x-auto gap-2\" dir=\"auto\" data-message-author-role=\"assistant\" data-message-id=\"0128ad4d-678a-477a-b363-469a57c3e696\">\n<div class=\"flex w-full flex-col gap-1 juice:empty:hidden juice:first:pt-[3px]\">\n<div class=\"markdown prose w-full break-words dark:prose-invert light\">\n<div class=\"paragraph\">\n<div class=\"paragraph\">\n<div class=\"paragraph\">\n<table width=\"288\">\n<tbody>\n<tr>\n<td width=\"137\"><span style=\"color: #333333;\">Product Name<\/span><\/td>\n<td width=\"151\"><span style=\"color: #333333;\">Pet Sock<\/span><\/td>\n<\/tr>\n<tr>\n<td><span style=\"color: #333333;\">Item No.<\/span><\/td>\n<td><span style=\"color: #333333;\">PA-S2007<\/span><\/td>\n<\/tr>\n<tr>\n<td><span style=\"color: #333333;\">Material<\/span><\/td>\n<td><span style=\"color: #333333;\">Cotton, Polyester, Fleece<\/span><\/td>\n<\/tr>\n<tr>\n<td><span style=\"color: #333333;\">\u00a0Size and Color<\/span><\/td>\n<td><span style=\"color: #333333;\">Customized<\/span><\/td>\n<\/tr>\n<tr>\n<td><span style=\"color: #333333;\">\u00a0Delivery time<\/span><\/td>\n<td><span style=\"color: #333333;\">1- 5 days for small quantities by air and 30- 35 days for large quantities by sea<\/span><\/td>\n<\/tr>\n<\/tbody>\n<\/table>\n<p class=\"ds-markdown-paragraph\">As your direct\u00a0Anti-slip pet socks supplier\u00a0and experienced\u00a0Anti-slip pet socks wholesaler, we excel in producing high-quality, durable anti-slip pet socks, including waterproof options, for\u00a0Anti-slip pet socks bulk\u00a0orders destined for global\u00a0Anti-slip pet socks export.<\/p>\n<p class=\"ds-markdown-paragraph\">Partner with our professional\u00a0Anti-slip pet socks company\u00a0for comprehensive solutions:<\/p>\n<ul>\n<li>\n<p class=\"ds-markdown-paragraph\">Anti-slip pet socks OEM: Customize with your brand.<\/p>\n<\/li>\n<li>\n<p class=\"ds-markdown-paragraph\">Anti-slip pet socks ODM: Develop unique designs together.<\/p>\n<\/li>\n<li>\n<p class=\"ds-markdown-paragraph\">Anti-slip pet socks Private Label: Build your own branded line.<\/p>\n<\/li>\n<\/ul>\n<p class=\"ds-markdown-paragraph\">Get competitive\u00a0Anti-slip pet socks wholesale\u00a0pricing straight from the factory floor. As a reliable\u00a0Anti-slip pet socks vendor\u00a0in China, we ensure quality, safety, and on-time delivery. Contact your premier\u00a0Anti-Slip Pet Socks China\u00a0partner now for quotes and samples!<\/p>\n<\/div>\n<\/div>\n<\/div>\n<\/div>\n<\/div>\n<\/div>\n<\/div>\n","protected":false},"excerpt":{"rendered":"<h2 class=\"styles_productName__klctO\" data-testid=\"product-title-heading\">Meias antiderrapantes para animais de estima\u00e7\u00e3o China<\/h2>\n<ul>\n<li>Mantenha as patas protegidas dentro de casa com um pouco mais de ader\u00eancia em pisos duros.<\/li>\n<li>O design de ajuste confort\u00e1vel com fechos de gancho e la\u00e7o remov\u00edveis mant\u00e9m as patas do seu animal de estima\u00e7\u00e3o cobertas.<\/li>\n<li>Estampas de patas antiderrapantes de dupla face na parte superior e inferior das meias.<\/li>\n<li>Vem em um pacote com quatro unidades - ou seja, uma meia para cada uma das patas preciosas do seu animal de estima\u00e7\u00e3o.<\/li>\n<\/ul>","protected":false},"featured_media":21922,"template":"","meta":{"_seopress_robots_primary_cat":"none","_seopress_titles_title":"Anti-Slip Pet Socks China Manufacturer | China Factory","_seopress_titles_desc":"As Anti-Slip Pet Socks China Manufacturer, we design premium knitwear for pets worldwide. Bulk orders, OEM services. Request free cozy samples today!","_seopress_robots_index":"","_uag_custom_page_level_css":""},"product_brand":[],"product_cat":[330,324],"product_tag":[],"class_list":{"0":"post-21923","1":"product","2":"type-product","3":"status-publish","4":"has-post-thumbnail","6":"product_cat-dog-shoes","7":"product_cat-pet-accessory","9":"first","10":"instock","11":"shipping-taxable","12":"product-type-simple"},"uagb_featured_image_src":{"full":["https:\/\/pecpets.com\/wp-content\/uploads\/2025\/07\/Anti-slip-Pet-Socks-China-2.jpg",579,600,false],"thumbnail":["https:\/\/pecpets.com\/wp-content\/uploads\/2025\/07\/Anti-slip-Pet-Socks-China-2-150x150.jpg",150,150,true],"medium":["https:\/\/pecpets.com\/wp-content\/uploads\/2025\/07\/Anti-slip-Pet-Socks-China-2-290x300.jpg",290,300,true],"medium_large":["https:\/\/pecpets.com\/wp-content\/uploads\/2025\/07\/Anti-slip-Pet-Socks-China-2.jpg",579,600,false],"large":["https:\/\/pecpets.com\/wp-content\/uploads\/2025\/07\/Anti-slip-Pet-Socks-China-2.jpg",579,600,false],"1536x1536":["https:\/\/pecpets.com\/wp-content\/uploads\/2025\/07\/Anti-slip-Pet-Socks-China-2.jpg",579,600,false],"2048x2048":["https:\/\/pecpets.com\/wp-content\/uploads\/2025\/07\/Anti-slip-Pet-Socks-China-2.jpg",579,600,false],"trp-custom-language-flag":["https:\/\/pecpets.com\/wp-content\/uploads\/2025\/07\/Anti-slip-Pet-Socks-China-2-12x12.jpg",12,12,true],"woocommerce_thumbnail":["https:\/\/pecpets.com\/wp-content\/uploads\/2025\/07\/Anti-slip-Pet-Socks-China-2-300x300.jpg",300,300,true],"woocommerce_single":["https:\/\/pecpets.com\/wp-content\/uploads\/2025\/07\/Anti-slip-Pet-Socks-China-2.jpg",579,600,false],"woocommerce_gallery_thumbnail":["https:\/\/pecpets.com\/wp-content\/uploads\/2025\/07\/Anti-slip-Pet-Socks-China-2-100x100.jpg",100,100,true]},"uagb_author_info":{"display_name":"Lawrence\u00a0\u52b3\u4f26\u65af","author_link":"https:\/\/pecpets.com\/br\/author\/"},"uagb_comment_info":0,"uagb_excerpt":"Anti-Slip Pet Socks China Keep their paws protected indoors with some extra grip on hard floors. Snug-fitting design with detachable hook-and-loop fasteners keeps your pet\u2019s paws covered. Double-sided non-slip paw prints on the top and bottom of the socks. Comes in a four pack\u2014that\u2019s one sock for each of your pet\u2019s precious paws.","_links":{"self":[{"href":"https:\/\/pecpets.com\/br\/wp-json\/wp\/v2\/product\/21923","targetHints":{"allow":["GET"]}}],"collection":[{"href":"https:\/\/pecpets.com\/br\/wp-json\/wp\/v2\/product"}],"about":[{"href":"https:\/\/pecpets.com\/br\/wp-json\/wp\/v2\/types\/product"}],"wp:featuredmedia":[{"embeddable":true,"href":"https:\/\/pecpets.com\/br\/wp-json\/wp\/v2\/media\/21922"}],"wp:attachment":[{"href":"https:\/\/pecpets.com\/br\/wp-json\/wp\/v2\/media?parent=21923"}],"wp:term":[{"taxonomy":"product_brand","embeddable":true,"href":"https:\/\/pecpets.com\/br\/wp-json\/wp\/v2\/product_brand?post=21923"},{"taxonomy":"product_cat","embeddable":true,"href":"https:\/\/pecpets.com\/br\/wp-json\/wp\/v2\/product_cat?post=21923"},{"taxonomy":"product_tag","embeddable":true,"href":"https:\/\/pecpets.com\/br\/wp-json\/wp\/v2\/product_tag?post=21923"}],"curies":[{"name":"wp","href":"https:\/\/api.w.org\/{rel}","templated":true}]}}