{"id":22194,"date":"2025-09-06T10:04:44","date_gmt":"2025-09-06T02:04:44","guid":{"rendered":"https:\/\/pecpets.com\/?post_type=product&#038;p=22194"},"modified":"2025-09-06T10:45:13","modified_gmt":"2025-09-06T02:45:13","slug":"marshmallow-dog-bed","status":"publish","type":"product","link":"https:\/\/pecpets.com\/br\/product\/marshmallow-dog-bed\/","title":{"rendered":"Cama de cachorro Marshmallow"},"content":{"rendered":"<h3>Fabricante de camas para animais de estima\u00e7\u00e3o | F\u00e1brica de camas \u00e0 prova d'\u00e1gua | Fornecedor de camas premium para c\u00e3es Marshmallow<\/h3>\n<p data-start=\"273\" data-end=\"748\">Procurando camas para c\u00e3es Marshmallow aconchegantes e elegantes para adicionar \u00e0 sua linha de produtos para animais de estima\u00e7\u00e3o? Como fabricante confi\u00e1vel de camas para animais de estima\u00e7\u00e3o e f\u00e1brica de camas \u00e0 prova d'\u00e1gua na China, somos especializados na produ\u00e7\u00e3o de camas macias, dur\u00e1veis e de alta qualidade, projetadas para proporcionar o m\u00e1ximo de conforto. De pedidos a granel de camas para c\u00e3es a programas personalizados de OEM, ODM e marca pr\u00f3pria de camas para c\u00e3es, fornecemos solu\u00e7\u00f5es flex\u00edveis para varejistas, distribuidores e marcas globais.<\/p>\n<p data-start=\"750\" data-end=\"1256\">Como uma empresa profissional de camas para c\u00e3es, supervisionamos todo o processo - desde o fornecimento de materiais e o design at\u00e9 a produ\u00e7\u00e3o e a exporta\u00e7\u00e3o de camas para c\u00e3es. Nossa avan\u00e7ada f\u00e1brica de camas para c\u00e3es garante que cada cama para c\u00e3es Marshmallow atenda a rigorosos padr\u00f5es de qualidade com tecidos de pel\u00facia, fundos antiderrapantes e capas lav\u00e1veis \u00e0 m\u00e1quina. N\u00e3o importa se voc\u00ea est\u00e1 comprando diretamente de um fabricante de camas para c\u00e3es, construindo uma cole\u00e7\u00e3o com um fornecedor de camas para c\u00e3es ou expandindo por meio de um fornecedor confi\u00e1vel de camas para c\u00e3es, n\u00f3s temos o que voc\u00ea precisa.<\/p>\n<p data-start=\"1258\" data-end=\"1302\">\u2705 <strong>Por que escolher nossas camas para c\u00e3es Marshmallow<\/strong>:<\/p>\n<ul data-start=\"1303\" data-end=\"1658\">\n<li data-start=\"1303\" data-end=\"1357\">\n<p data-start=\"1305\" data-end=\"1357\">Produ\u00e7\u00e3o em massa de camas para c\u00e3es em escala com baixos MOQs<\/p>\n<\/li>\n<li data-start=\"1358\" data-end=\"1428\">\n<p data-start=\"1360\" data-end=\"1428\">Personaliza\u00e7\u00e3o da marca por meio de servi\u00e7os de OEM\/ODM e de marca pr\u00f3pria para camas para c\u00e3es<\/p>\n<\/li>\n<li data-start=\"1429\" data-end=\"1506\">\n<p data-start=\"1431\" data-end=\"1506\">Exporta\u00e7\u00e3o r\u00e1pida e confi\u00e1vel de camas para c\u00e3es com suporte log\u00edstico internacional<\/p>\n<\/li>\n<li data-start=\"1507\" data-end=\"1579\">\n<p data-start=\"1509\" data-end=\"1579\">Fabricante certificado de camas para c\u00e3es na China com anos de experi\u00eancia<\/p>\n<\/li>\n<li data-start=\"1580\" data-end=\"1658\">\n<p data-start=\"1582\" data-end=\"1658\">Parceiro confi\u00e1vel para atacadistas, varejistas e vendedores on-line de camas para c\u00e3es<\/p>\n<\/li>\n<\/ul>\n<p data-start=\"1660\" data-end=\"1941\">Nossas camas para c\u00e3es Marshmallow apresentam enchimento de pel\u00facia ultramacio, amortecimento de apoio e um design redondo calmante - ideal para animais de estima\u00e7\u00e3o que adoram se enrolar e se sentir seguros. Perfeitas para lojas de boutique, plataformas de com\u00e9rcio eletr\u00f4nico ou grandes redes de varejo, elas combinam funcionalidade e estilo.<\/p>\n<p data-start=\"1943\" data-end=\"2145\">Fa\u00e7a parceria com um fabricante comprovado de camas para c\u00e3es na China e trabalhe com uma f\u00e1brica, um fornecedor, um vendedor e um atacadista confi\u00e1veis de camas para c\u00e3es para expandir seus neg\u00f3cios de produtos para animais de estima\u00e7\u00e3o com qualidade e confian\u00e7a.<\/p>","protected":false},"excerpt":{"rendered":"<h2>Cama de cachorro Marshmallow<\/h2>\n<table style=\"border-collapse: collapse; background-color: #ffffff; width: 332px; height: 254px;\" border=\"1\">\n<tbody>\n<tr>\n<td style=\"font-family: Verdana, Arial, Helvetica, sans-serif; font-size: 12px; color: #000000; margin: 8px; width: 187px; text-align: center;\"><span style=\"line-height: 21px; font-size: 14px;\">Nome dos produtos<span class=\"notranslate immersive-translate-target-wrapper\" lang=\"zh-CN\" translate=\"no\" data-immersive-translate-loading-id=\"1\">\u00a0<\/span><\/span><\/td>\n<td style=\"font-family: Verdana, Arial, Helvetica, sans-serif; font-size: 12px; color: #000000; margin: 8px; width: 526px; text-align: center;\"><span style=\"color: #000000; font-family: Verdana, Arial, Helvetica, sans-serif; font-size: 14px; font-style: normal; font-weight: 400; text-align: center; background-color: #ffffff; float: none; display: inline !important;\">Cama para animais de estima\u00e7\u00e3o<\/span><\/td>\n<\/tr>\n<tr>\n<td style=\"font-family: Verdana, Arial, Helvetica, sans-serif; font-size: 12px; color: #000000; margin: 8px; width: 187px; text-align: center;\"><span style=\"line-height: 21px; font-size: 14px;\">Item No.<\/span><\/td>\n<td style=\"font-family: Verdana, Arial, Helvetica, sans-serif; font-size: 12px; color: #000000; margin: 8px; width: 526px; text-align: center;\"><span style=\"line-height: 21px; font-size: 14px;\">P-B2021<\/span><\/td>\n<\/tr>\n<tr>\n<td style=\"font-family: Verdana, Arial, Helvetica, sans-serif; font-size: 12px; color: #000000; margin: 8px; width: 187px; text-align: center;\"><span style=\"line-height: 21px; color: #333333; font-family: Arial, Helvetica; font-size: 14px; font-style: normal; font-weight: 400; background-color: #ffffff; float: none; display: inline !important;\">Material<\/span><\/td>\n<td style=\"font-family: Verdana, Arial, Helvetica, sans-serif; font-size: 12px; color: #000000; margin: 8px; width: 526px; text-align: center;\">\n<p style=\"margin: 0px auto; padding: 0px; border: 0px; line-height: 30px; color: #222222; font-family: Helvetica,Verdana,Tahoma,Arial,sans-serif; font-size: 13px; font-style: normal; font-weight: 400; background-color: #fcfcfc;\">Velo, madeira<\/p>\n<\/td>\n<\/tr>\n<tr>\n<td style=\"font-family: Verdana, Arial, Helvetica, sans-serif; font-size: 12px; color: #000000; margin: 8px; width: 187px; text-align: center;\"><span style=\"line-height: 21px; font-size: 14px;\">\u00a0Tamanho<\/span><\/td>\n<td style=\"font-family: Verdana, Arial, Helvetica, sans-serif; font-size: 12px; color: #000000; margin: 8px; width: 526px; text-align: center;\">\n<p style=\"margin: 0px; padding: 0px; font-family: Verdana, Arial, Helvetica, sans-serif; font-size: 12px; font-style: normal; font-weight: 400; text-align: center; box-sizing: border-box; color: #333333; background-color: #ffffff;\">Personalizado<\/p>\n<\/td>\n<\/tr>\n<tr>\n<td style=\"font-family: Verdana, Arial, Helvetica, sans-serif; font-size: 12px; color: #000000; margin: 8px; width: 187px; text-align: center;\"><span style=\"line-height: 21px; font-size: 14px;\">\u00a0Cor<\/span><\/td>\n<td style=\"font-family: Verdana, Arial, Helvetica, sans-serif; font-size: 12px; color: #000000; margin: 8px; width: 526px; text-align: center;\"><span style=\"color: #222222; font-family: Helvetica, Tahoma, Arial;\"><span style=\"font-size: 16px;\">Personalizado<\/span><\/span><\/td>\n<\/tr>\n<tr>\n<td style=\"font-family: Verdana, Arial, Helvetica, sans-serif; font-size: 12px; color: #000000; margin: 8px; width: 187px; text-align: center;\"><span style=\"line-height: 21px; font-size: 14px;\">\u00a0<span style=\"line-height: 21px; color: #333333; font-family: Arial, Helvetica; font-size: 14px; font-style: normal; font-weight: 400; background-color: #ffffff; float: none; display: inline !important;\">Tipo de animal de estima\u00e7\u00e3o<\/span><\/span><\/td>\n<td style=\"font-family: Verdana, Arial, Helvetica, sans-serif; font-size: 12px; color: #000000; margin: 8px; width: 526px; text-align: center;\"><span style=\"line-height: 21px; font-size: 14px;\">\u00a0Todos os c\u00e3es<\/span><\/td>\n<\/tr>\n<tr>\n<td style=\"font-family: Verdana, Arial, Helvetica, sans-serif; font-size: 12px; color: #000000; margin: 8px; width: 187px; text-align: center;\"><span style=\"line-height: 21px; font-size: 14px;\">\u00a0<span style=\"line-height: 21px; color: #333333; font-family: Arial, Helvetica; font-size: 14px; font-style: normal; font-weight: 400; background-color: #ffffff; float: none; display: inline !important;\">Prazo de entrega<\/span><\/span><\/td>\n<td style=\"font-family: Verdana, Arial, Helvetica, sans-serif; font-size: 12px; color: #000000; margin: 8px; width: 526px; text-align: center;\"><span style=\"line-height: 21px; font-size: 14px;\"><span style=\"line-height: 21px; color: #000000; font-family: Verdana, Arial, Helvetica, sans-serif; font-size: 14px; font-style: normal; font-weight: 400; background-color: #ffffff; float: none; display: inline !important;\">De 1 a 5 dias para pequenas quantidades por via a\u00e9rea e de 30 a 35 dias para grandes quantidades por via mar\u00edtima<\/span>\u00a0<\/span><\/td>\n<\/tr>\n<tr>\n<td style=\"font-family: Verdana, Arial, Helvetica, sans-serif; font-size: 12px; color: #000000; margin: 8px; width: 187px; text-align: center;\"><span style=\"line-height: 21px; font-size: 14px;\">\u00a0<span style=\"line-height: 21px; color: #333333; font-family: Arial, Helvetica; font-size: 14px; font-style: normal; font-weight: 400; background-color: #ffffff; float: none; display: inline !important;\">Porto de embarque<\/span><\/span><\/td>\n<td style=\"font-family: Verdana, Arial, Helvetica, sans-serif; font-size: 12px; color: #000000; margin: 8px; width: 526px; text-align: center;\"><span style=\"line-height: 21px; font-size: 14px;\">Xiamen\u00a0<\/span><\/td>\n<\/tr>\n<tr>\n<td style=\"font-family: Verdana, Arial, Helvetica, sans-serif; font-size: 12px; color: #000000; margin: 8px; width: 187px; text-align: center;\"><span style=\"line-height: 21px; font-size: 14px;\">\u00a0<span style=\"line-height: 21px; color: #333333; font-family: Arial, Helvetica; font-size: 14px; font-style: normal; font-weight: 400; background-color: #ffffff; float: none; display: inline !important;\">OEM\/ODM<\/span><\/span><\/td>\n<td style=\"font-family: Verdana, Arial, Helvetica, sans-serif; font-size: 12px; color: #000000; margin: 8px; width: 526px; text-align: center;\"><span style=\"line-height: 21px; font-size: 14px;\">\u00a0<span style=\"line-height: 21px; color: #333333; font-family: Arial, Helvetica; font-size: 14px; font-style: normal; font-weight: 400; background-color: #ffffff; float: none; display: inline !important;\">Dispon\u00edvel<\/span><\/span><\/td>\n<\/tr>\n<tr>\n<td style=\"font-family: Verdana, Arial, Helvetica, sans-serif; font-size: 12px; color: #000000; margin: 8px; width: 187px; text-align: center;\"><span style=\"line-height: 21px; font-size: 14px;\">\u00a0<span style=\"line-height: 21px; color: #333333; font-family: Arial, Helvetica; font-size: 14px; font-style: normal; font-weight: 400; background-color: #ffffff; float: none; display: inline !important;\">Pacote<\/span><\/span><\/td>\n<td style=\"font-family: Verdana, Arial, Helvetica, sans-serif; font-size: 12px; color: #000000; margin: 8px; width: 526px; text-align: center;\"><span style=\"line-height: 21px; font-size: 14px;\"><span style=\"line-height: 21px; color: #333333; font-family: Arial, Helvetica; font-size: 14px; font-style: normal; font-weight: 400; background-color: #ffffff; float: none; display: inline !important;\">Cada um \u00e9 embalado em um PPB e, em seguida, em uma caixa de papel\u00e3o ou de acordo com a necessidade<\/span><\/span><\/td>\n<\/tr>\n<\/tbody>\n<\/table>\n<p>Descubra a cama para c\u00e3es Marshmallow de alta qualidade.<\/p>\n<p>Mantenha o estilo de seus animais de estima\u00e7\u00e3o com nossos designs de alta qualidade.<\/p>","protected":false},"featured_media":22199,"template":"","meta":{"_seopress_robots_primary_cat":"none","_seopress_titles_title":"Premium Marshmallow Dog Bed Supplier | China Manufacturer","_seopress_titles_desc":"Discovery Marshmallow Dog Bed. Ensure your customers and their pet experience the difference in quality that we provide","_seopress_robots_index":"","_seopress_analysis_target_kw":"Marshmallow Dog Bed\u200b","_uag_custom_page_level_css":""},"product_brand":[],"product_cat":[349,22],"product_tag":[71,69,70],"class_list":{"0":"post-22194","1":"product","2":"type-product","3":"status-publish","4":"has-post-thumbnail","6":"product_cat-memory-foam-dog-beds","7":"product_cat-pet-bed","8":"product_tag-cat-bed","9":"product_tag-dog-bed","10":"product_tag-pet-bed","12":"first","13":"instock","14":"shipping-taxable","15":"product-type-simple"},"uagb_featured_image_src":{"full":["https:\/\/pecpets.com\/wp-content\/uploads\/2025\/09\/generated_image_2_.png",1152,896,false],"thumbnail":["https:\/\/pecpets.com\/wp-content\/uploads\/2025\/09\/generated_image_2_-150x150.png",150,150,true],"medium":["https:\/\/pecpets.com\/wp-content\/uploads\/2025\/09\/generated_image_2_-300x233.png",300,233,true],"medium_large":["https:\/\/pecpets.com\/wp-content\/uploads\/2025\/09\/generated_image_2_-768x597.png",768,597,true],"large":["https:\/\/pecpets.com\/wp-content\/uploads\/2025\/09\/generated_image_2_-1024x796.png",800,622,true],"1536x1536":["https:\/\/pecpets.com\/wp-content\/uploads\/2025\/09\/generated_image_2_.png",1152,896,false],"2048x2048":["https:\/\/pecpets.com\/wp-content\/uploads\/2025\/09\/generated_image_2_.png",1152,896,false],"trp-custom-language-flag":["https:\/\/pecpets.com\/wp-content\/uploads\/2025\/09\/generated_image_2_-15x12.png",15,12,true],"woocommerce_thumbnail":["https:\/\/pecpets.com\/wp-content\/uploads\/2025\/09\/generated_image_2_-300x300.png",300,300,true],"woocommerce_single":["https:\/\/pecpets.com\/wp-content\/uploads\/2025\/09\/generated_image_2_-600x467.png",600,467,true],"woocommerce_gallery_thumbnail":["https:\/\/pecpets.com\/wp-content\/uploads\/2025\/09\/generated_image_2_-100x100.png",100,100,true]},"uagb_author_info":{"display_name":"Lawrence\u00a0\u52b3\u4f26\u65af","author_link":"https:\/\/pecpets.com\/br\/author\/"},"uagb_comment_info":0,"uagb_excerpt":"Marshmallow Dog Bed\u200b Products Name\u00a0 Pet Bed Item No. P-B2021 Material Fleece, wooden \u00a0Size Customized \u00a0Color Customized \u00a0Pet type \u00a0All Dog \u00a0Delivery time 1-5days\u00a0for small quantity by air and 30-35days for large quantity by sea\u00a0 \u00a0Port of shipment Xiamen\u00a0 \u00a0OEM\/ODM \u00a0Available \u00a0Package Each one is packed in a PPB, then into a Carton or per&hellip;","_links":{"self":[{"href":"https:\/\/pecpets.com\/br\/wp-json\/wp\/v2\/product\/22194","targetHints":{"allow":["GET"]}}],"collection":[{"href":"https:\/\/pecpets.com\/br\/wp-json\/wp\/v2\/product"}],"about":[{"href":"https:\/\/pecpets.com\/br\/wp-json\/wp\/v2\/types\/product"}],"wp:featuredmedia":[{"embeddable":true,"href":"https:\/\/pecpets.com\/br\/wp-json\/wp\/v2\/media\/22199"}],"wp:attachment":[{"href":"https:\/\/pecpets.com\/br\/wp-json\/wp\/v2\/media?parent=22194"}],"wp:term":[{"taxonomy":"product_brand","embeddable":true,"href":"https:\/\/pecpets.com\/br\/wp-json\/wp\/v2\/product_brand?post=22194"},{"taxonomy":"product_cat","embeddable":true,"href":"https:\/\/pecpets.com\/br\/wp-json\/wp\/v2\/product_cat?post=22194"},{"taxonomy":"product_tag","embeddable":true,"href":"https:\/\/pecpets.com\/br\/wp-json\/wp\/v2\/product_tag?post=22194"}],"curies":[{"name":"wp","href":"https:\/\/api.w.org\/{rel}","templated":true}]}}