{"id":22289,"date":"2025-09-23T09:03:27","date_gmt":"2025-09-23T01:03:27","guid":{"rendered":"https:\/\/pecpets.com\/?post_type=product&#038;p=22289"},"modified":"2025-10-07T09:31:56","modified_gmt":"2025-10-07T01:31:56","slug":"memory-foam-lounger-dog-bed","status":"publish","type":"product","link":"https:\/\/pecpets.com\/br\/product\/memory-foam-lounger-dog-bed\/","title":{"rendered":"Cama para c\u00e3es com espregui\u00e7adeira de espuma de mem\u00f3ria"},"content":{"rendered":"<h2 data-start=\"193\" data-end=\"275\">Memory Foam Lounger Dog Bed Supplier | Trusted Pet Bed Manufacturer &amp; Luxury Bed Factory<\/h2>\n<p data-start=\"211\" data-end=\"653\">Looking for a high-quality Memory Foam Lounger Dog Bed for your wholesale or retail business?<\/p>\n<p data-start=\"211\" data-end=\"653\">As a professional Dog Bed manufacturer and experienced Dog Bed factory in Dog Bed China, we specialize in producing premium Memory Foam Dog Beds designed for maximum comfort and durability.<\/p>\n<p data-start=\"211\" data-end=\"653\">Our Dog Bed company provides complete Dog Bed bulk and Dog Bed export solutions to clients worldwide.<\/p>\n<p data-start=\"655\" data-end=\"1016\">We support Dog Bed ODM and Dog Bed OEM projects, allowing you to launch custom Dog Bed private label collections with unique designs, fabrics, and branding.<\/p>\n<p data-start=\"655\" data-end=\"1016\">Whether you need a luxury orthopedic Memory Foam Lounger Dog Bed or practical wholesale designs, we are your trusted Dog Bed supplier, Dog Bed vendor, and Dog Bed wholesaler.<\/p>\n<p data-start=\"1018\" data-end=\"1238\">As a leading Pet Bed Manufacturer and Luxury Bed Factory, we ensure every Memory Foam Lounger Dog Bed is built with premium foam, washable covers, and stylish designs to meet the needs of modern pet owners.<\/p>\n<p data-start=\"1240\" data-end=\"1485\">Partner with us for your Dog Bed bulk orders and enjoy factory-direct pricing, fast sampling, reliable production, and full Dog Bed export support.<\/p>\n<p data-start=\"1240\" data-end=\"1485\">Let\u2019s grow your pet product business with innovative and comfortable bedding solutions.<\/p>","protected":false},"excerpt":{"rendered":"<h3>Cama para c\u00e3es com espregui\u00e7adeira de espuma de mem\u00f3ria<\/h3>\n<p>Com o mesmo suporte ortop\u00e9dico e conforto que tornaram a original um best-seller, nossa nova e aprimorada cama para c\u00e3es Memory Foam Lounger agora tem uma espuma mais duradoura, almofadas de perfil baixo e um design simplificado. Seu c\u00e3o vai adorar a sensa\u00e7\u00e3o de apoio e voc\u00ea vai adorar o fato de ela distribuir uniformemente o peso dele, ajudando a aliviar a press\u00e3o sobre as articula\u00e7\u00f5es e os m\u00fasculos para promover uma melhor circula\u00e7\u00e3o. A almofada confort\u00e1vel oferece ao seu c\u00e3o um lugar macio para descansar a cabe\u00e7a e \u00e9 preenchida com materiais reciclados 100% para uma pegada mais leve.<\/p>\n<p>Capa de poli\u00e9ster\/poli\u00e9ster reciclado p\u00f3s-consumo. Forro de poli\u00e9ster reciclado p\u00f3s-consumo. Capa lav\u00e1vel na m\u00e1quina. Importado.\u00a0<b>Montagem necess\u00e1ria.<\/b><\/p>\n<table width=\"288\">\n<tbody>\n<tr>\n<td width=\"137\"><span style=\"color: #333333;\">Nome do produto<\/span><\/td>\n<td width=\"151\"><span style=\"color: #333333;\">Cama para animais de estima\u00e7\u00e3o<\/span><\/td>\n<\/tr>\n<tr>\n<td><span style=\"color: #333333;\">Item No.<\/span><\/td>\n<td><span style=\"color: #333333;\">P-C3003<\/span><\/td>\n<\/tr>\n<tr>\n<td><span style=\"color: #333333;\">Material<\/span><\/td>\n<td>Algod\u00e3o, poli\u00e9ster, velo<\/td>\n<\/tr>\n<tr>\n<td><span style=\"color: #333333;\">\u00a0Tamanho e cor<\/span><\/td>\n<td><span style=\"color: #333333;\">Personalizado<\/span><\/td>\n<\/tr>\n<tr>\n<td><span style=\"color: #333333;\">\u00a0Prazo de entrega<\/span><\/td>\n<td><span style=\"color: #333333;\">1 a 5 dias para pequenas quantidades por via a\u00e9rea e 30 a 35 dias para grandes quantidades por via mar\u00edtima<\/span><\/td>\n<\/tr>\n<\/tbody>\n<\/table>","protected":false},"featured_media":22294,"template":"","meta":{"_seopress_robots_primary_cat":"none","_seopress_titles_title":"Memory Foam Lounger Dog Bed | Professional Pet Bed Factory","_seopress_titles_desc":"Looking for Memory Foam Lounger Dog Bed? we design premium knitwear for pets worldwide. Bulk orders, OEM services. Request free cozy samples today!","_seopress_robots_index":"","_uag_custom_page_level_css":""},"product_brand":[],"product_cat":[349,22],"product_tag":[],"class_list":{"0":"post-22289","1":"product","2":"type-product","3":"status-publish","4":"has-post-thumbnail","6":"product_cat-memory-foam-dog-beds","7":"product_cat-pet-bed","9":"first","10":"instock","11":"shipping-taxable","12":"product-type-simple"},"uagb_featured_image_src":{"full":["https:\/\/pecpets.com\/wp-content\/uploads\/2025\/09\/f95203ef-a181-4295-9b46-c841f52df7ff.jpg",1280,1280,false],"thumbnail":["https:\/\/pecpets.com\/wp-content\/uploads\/2025\/09\/f95203ef-a181-4295-9b46-c841f52df7ff-150x150.jpg",150,150,true],"medium":["https:\/\/pecpets.com\/wp-content\/uploads\/2025\/09\/f95203ef-a181-4295-9b46-c841f52df7ff-300x300.jpg",300,300,true],"medium_large":["https:\/\/pecpets.com\/wp-content\/uploads\/2025\/09\/f95203ef-a181-4295-9b46-c841f52df7ff-768x768.jpg",768,768,true],"large":["https:\/\/pecpets.com\/wp-content\/uploads\/2025\/09\/f95203ef-a181-4295-9b46-c841f52df7ff-1024x1024.jpg",800,800,true],"1536x1536":["https:\/\/pecpets.com\/wp-content\/uploads\/2025\/09\/f95203ef-a181-4295-9b46-c841f52df7ff.jpg",1280,1280,false],"2048x2048":["https:\/\/pecpets.com\/wp-content\/uploads\/2025\/09\/f95203ef-a181-4295-9b46-c841f52df7ff.jpg",1280,1280,false],"trp-custom-language-flag":["https:\/\/pecpets.com\/wp-content\/uploads\/2025\/09\/f95203ef-a181-4295-9b46-c841f52df7ff-12x12.jpg",12,12,true],"woocommerce_thumbnail":["https:\/\/pecpets.com\/wp-content\/uploads\/2025\/09\/f95203ef-a181-4295-9b46-c841f52df7ff-300x300.jpg",300,300,true],"woocommerce_single":["https:\/\/pecpets.com\/wp-content\/uploads\/2025\/09\/f95203ef-a181-4295-9b46-c841f52df7ff-600x600.jpg",600,600,true],"woocommerce_gallery_thumbnail":["https:\/\/pecpets.com\/wp-content\/uploads\/2025\/09\/f95203ef-a181-4295-9b46-c841f52df7ff-100x100.jpg",100,100,true]},"uagb_author_info":{"display_name":"Lawrence\u00a0\u52b3\u4f26\u65af","author_link":"https:\/\/pecpets.com\/br\/author\/"},"uagb_comment_info":0,"uagb_excerpt":"Memory Foam Lounger Dog Bed With the same orthopedic support and comfort that made the original a best seller, our new and improved Memory Foam Lounger dog bed now has a longer-lasting foam, low-profile bolsters, and a streamlined design. Your dog will love the supportive feel, and you\u2019ll love that it evenly distributes their weight,&hellip;","_links":{"self":[{"href":"https:\/\/pecpets.com\/br\/wp-json\/wp\/v2\/product\/22289","targetHints":{"allow":["GET"]}}],"collection":[{"href":"https:\/\/pecpets.com\/br\/wp-json\/wp\/v2\/product"}],"about":[{"href":"https:\/\/pecpets.com\/br\/wp-json\/wp\/v2\/types\/product"}],"wp:featuredmedia":[{"embeddable":true,"href":"https:\/\/pecpets.com\/br\/wp-json\/wp\/v2\/media\/22294"}],"wp:attachment":[{"href":"https:\/\/pecpets.com\/br\/wp-json\/wp\/v2\/media?parent=22289"}],"wp:term":[{"taxonomy":"product_brand","embeddable":true,"href":"https:\/\/pecpets.com\/br\/wp-json\/wp\/v2\/product_brand?post=22289"},{"taxonomy":"product_cat","embeddable":true,"href":"https:\/\/pecpets.com\/br\/wp-json\/wp\/v2\/product_cat?post=22289"},{"taxonomy":"product_tag","embeddable":true,"href":"https:\/\/pecpets.com\/br\/wp-json\/wp\/v2\/product_tag?post=22289"}],"curies":[{"name":"wp","href":"https:\/\/api.w.org\/{rel}","templated":true}]}}