{"id":22298,"date":"2025-09-23T10:05:52","date_gmt":"2025-09-23T02:05:52","guid":{"rendered":"https:\/\/pecpets.com\/?post_type=product&#038;p=22298"},"modified":"2025-09-23T10:22:22","modified_gmt":"2025-09-23T02:22:22","slug":"chew-resistant-memory-foam-couch-dog-bed","status":"publish","type":"product","link":"https:\/\/pecpets.com\/br\/product\/chew-resistant-memory-foam-couch-dog-bed\/","title":{"rendered":"Cama de sof\u00e1 de espuma com mem\u00f3ria resistente a mastiga\u00e7\u00e3o"},"content":{"rendered":"<h2 data-start=\"193\" data-end=\"275\">Fornecedor de cama para c\u00e3es com sof\u00e1 de espuma de mem\u00f3ria resistente a mastiga\u00e7\u00e3o | Fabricante confi\u00e1vel de camas para animais de estima\u00e7\u00e3o e f\u00e1brica de camas de luxo<\/h2>\n<p data-start=\"233\" data-end=\"657\">Procurando uma solu\u00e7\u00e3o dur\u00e1vel e confort\u00e1vel para animais de estima\u00e7\u00e3o? Nossa cama para c\u00e3es Memory Foam Couch Bed resistente a mastiga\u00e7\u00f5es foi projetada para combinar suporte ortop\u00e9dico com materiais de longa dura\u00e7\u00e3o, o que a torna perfeita para os mercados de atacado e varejo.<\/p>\n<p data-start=\"233\" data-end=\"657\">Como fabricante confi\u00e1vel de camas para c\u00e3es e f\u00e1brica l\u00edder de camas para c\u00e3es na China, fornecemos designs de alta qualidade que se destacam tanto pelo conforto quanto pela durabilidade.<\/p>\n<p data-start=\"659\" data-end=\"992\">Se voc\u00ea \u00e9 uma empresa, distribuidor ou varejista de camas para c\u00e3es, somos especializados em solu\u00e7\u00f5es de exporta\u00e7\u00e3o de camas para c\u00e3es a granel e sob medida para o seu neg\u00f3cio.<\/p>\n<p data-start=\"659\" data-end=\"992\">Com nossa s\u00f3lida experi\u00eancia em servi\u00e7os ODM e OEM de cama para c\u00e3es, oferecemos suporte \u00e0 personaliza\u00e7\u00e3o completa, desde o tamanho e o material at\u00e9 a marca pr\u00f3pria da cama para c\u00e3es.<\/p>\n<p data-start=\"994\" data-end=\"1308\">Como fabricante profissional de camas para animais de estima\u00e7\u00e3o e f\u00e1brica confi\u00e1vel de camas de luxo, garantimos que todas as camas para c\u00e3es com sof\u00e1 de espuma resistente \u00e0 mastiga\u00e7\u00e3o sejam fabricadas com espuma viscoel\u00e1stica de alta qualidade, coberturas resistentes \u00e0 mastiga\u00e7\u00e3o e designs elegantes em estilo de sof\u00e1. Isso faz com que nossas camas sejam a melhor escolha para atacadistas, pet shops e parceiros globais.<\/p>\n<p data-start=\"1310\" data-end=\"1330\"><strong>Por que nos escolher<\/strong>:<\/p>\n<ul data-start=\"1331\" data-end=\"1639\">\n<li data-start=\"1331\" data-end=\"1398\">\n<p data-start=\"1333\" data-end=\"1398\">Pre\u00e7o a granel da cama para c\u00e3es direto da f\u00e1brica para margens competitivas<\/p>\n<\/li>\n<li data-start=\"1399\" data-end=\"1459\">\n<p data-start=\"1401\" data-end=\"1459\">Cama para c\u00e3es flex\u00edvel Suporte OEM\/ODM para projetos personalizados<\/p>\n<\/li>\n<li data-start=\"1460\" data-end=\"1528\">\n<p data-start=\"1462\" data-end=\"1528\">Amostragem r\u00e1pida e entrega no prazo para pedidos de exporta\u00e7\u00e3o de camas para c\u00e3es<\/p>\n<\/li>\n<li data-start=\"1529\" data-end=\"1639\">\n<p data-start=\"1531\" data-end=\"1639\">Fornecedor confi\u00e1vel de cama para c\u00e3es, vendedor de cama para c\u00e3es e atacadista de cama para c\u00e3es com garantia de qualidade comprovada<\/p>\n<\/li>\n<\/ul>\n<p data-start=\"1641\" data-end=\"1841\">Fa\u00e7a uma parceria conosco para expandir sua linha de produtos para animais de estima\u00e7\u00e3o com cole\u00e7\u00f5es premium de camas para c\u00e3es com sof\u00e1 de espuma resistente a mastiga\u00e7\u00e3o. Deixe que nossa experi\u00eancia em f\u00e1brica e em exporta\u00e7\u00e3o ajude sua marca a crescer no mundo todo.<\/p>","protected":false},"excerpt":{"rendered":"<h3>Cama de sof\u00e1 de espuma com mem\u00f3ria resistente a mastiga\u00e7\u00e3o<\/h3>\n<p>Com o mesmo suporte ortop\u00e9dico e conforto que tornaram o original um best-seller, nossa nova e aprimorada ToughChew\u00ae Memory Foam Couch Dog Bed agora tem uma espuma mais duradoura, almofadas de altura total e um design simplificado - tudo com nossa cobertura garantida resistente a mastiga\u00e7\u00f5es.<\/p>\n<p>Seu c\u00e3o vai adorar a sensa\u00e7\u00e3o de apoio e voc\u00ea vai adorar o fato de que ela distribui uniformemente o peso dele, ajudando a aliviar a press\u00e3o sobre as articula\u00e7\u00f5es e os m\u00fasculos para promover uma melhor circula\u00e7\u00e3o. A almofada confort\u00e1vel oferece ao seu c\u00e3o um lugar macio para descansar a cabe\u00e7a ou se apoiar, e \u00e9 preenchida com materiais reciclados 100% para uma pegada mais leve.<\/p>\n<p>Capa de poli\u00e9ster\/poli\u00e9ster reciclado p\u00f3s-consumo. Base de nylon. Forro de poli\u00e9ster reciclado p\u00f3s-consumo. Capa lav\u00e1vel na m\u00e1quina. Importado.\u00a0<b>Montagem necess\u00e1ria.<\/b><\/p>\n<table width=\"288\">\n<tbody>\n<tr>\n<td width=\"137\"><span style=\"color: #333333;\">Nome do produto<\/span><\/td>\n<td width=\"151\"><span style=\"color: #333333;\">Cama para animais de estima\u00e7\u00e3o<\/span><\/td>\n<\/tr>\n<tr>\n<td><span style=\"color: #333333;\">Item No.<\/span><\/td>\n<td><span style=\"color: #333333;\">P-C3004<\/span><\/td>\n<\/tr>\n<tr>\n<td><span style=\"color: #333333;\">Material<\/span><\/td>\n<td>Algod\u00e3o, poli\u00e9ster, velo<\/td>\n<\/tr>\n<tr>\n<td><span style=\"color: #333333;\">\u00a0Tamanho e cor<\/span><\/td>\n<td><span style=\"color: #333333;\">Personalizado<\/span><\/td>\n<\/tr>\n<tr>\n<td><span style=\"color: #333333;\">\u00a0Prazo de entrega<\/span><\/td>\n<td><span style=\"color: #333333;\">1 a 5 dias para pequenas quantidades por via a\u00e9rea e 30 a 35 dias para grandes quantidades por via mar\u00edtima<\/span><\/td>\n<\/tr>\n<\/tbody>\n<\/table>","protected":false},"featured_media":22299,"template":"","meta":{"_seopress_robots_primary_cat":"none","_seopress_titles_title":"Chew-Resistant Memory Foam Couch Dog Bed | China Factory","_seopress_titles_desc":"Looking for Chew-Resistant Memory Foam Couch Dog Bed? we design premium knitwear for pets worldwide. Bulk orders, OEM services. Request free cozy samples today!","_seopress_robots_index":"","_seopress_analysis_target_kw":"Chew-Resistant Memory Foam Couch Dog Bed","_uag_custom_page_level_css":""},"product_brand":[],"product_cat":[349,22],"product_tag":[],"class_list":{"0":"post-22298","1":"product","2":"type-product","3":"status-publish","4":"has-post-thumbnail","6":"product_cat-memory-foam-dog-beds","7":"product_cat-pet-bed","9":"first","10":"instock","11":"shipping-taxable","12":"product-type-simple"},"uagb_featured_image_src":{"full":["https:\/\/pecpets.com\/wp-content\/uploads\/2025\/09\/a398e2d0-b7f6-477e-87dc-efb4e73b997c.jpeg",1280,1280,false],"thumbnail":["https:\/\/pecpets.com\/wp-content\/uploads\/2025\/09\/a398e2d0-b7f6-477e-87dc-efb4e73b997c-150x150.jpeg",150,150,true],"medium":["https:\/\/pecpets.com\/wp-content\/uploads\/2025\/09\/a398e2d0-b7f6-477e-87dc-efb4e73b997c-300x300.jpeg",300,300,true],"medium_large":["https:\/\/pecpets.com\/wp-content\/uploads\/2025\/09\/a398e2d0-b7f6-477e-87dc-efb4e73b997c-768x768.jpeg",768,768,true],"large":["https:\/\/pecpets.com\/wp-content\/uploads\/2025\/09\/a398e2d0-b7f6-477e-87dc-efb4e73b997c-1024x1024.jpeg",800,800,true],"1536x1536":["https:\/\/pecpets.com\/wp-content\/uploads\/2025\/09\/a398e2d0-b7f6-477e-87dc-efb4e73b997c.jpeg",1280,1280,false],"2048x2048":["https:\/\/pecpets.com\/wp-content\/uploads\/2025\/09\/a398e2d0-b7f6-477e-87dc-efb4e73b997c.jpeg",1280,1280,false],"trp-custom-language-flag":["https:\/\/pecpets.com\/wp-content\/uploads\/2025\/09\/a398e2d0-b7f6-477e-87dc-efb4e73b997c-12x12.jpeg",12,12,true],"woocommerce_thumbnail":["https:\/\/pecpets.com\/wp-content\/uploads\/2025\/09\/a398e2d0-b7f6-477e-87dc-efb4e73b997c-300x300.jpeg",300,300,true],"woocommerce_single":["https:\/\/pecpets.com\/wp-content\/uploads\/2025\/09\/a398e2d0-b7f6-477e-87dc-efb4e73b997c-600x600.jpeg",600,600,true],"woocommerce_gallery_thumbnail":["https:\/\/pecpets.com\/wp-content\/uploads\/2025\/09\/a398e2d0-b7f6-477e-87dc-efb4e73b997c-100x100.jpeg",100,100,true]},"uagb_author_info":{"display_name":"Lawrence\u00a0\u52b3\u4f26\u65af","author_link":"https:\/\/pecpets.com\/br\/author\/"},"uagb_comment_info":0,"uagb_excerpt":"Chew-Resistant Memory Foam Couch Dog Bed With the same orthopedic support and comfort that made the original a best seller, our new and improved ToughChew\u00ae Memory Foam Couch Dog Bed now has a longer-lasting foam, full-height bolsters, and a streamlined design\u2014all with our guaranteed chew-resistant cover. Your dog will love the supportive feel, and you\u2019ll&hellip;","_links":{"self":[{"href":"https:\/\/pecpets.com\/br\/wp-json\/wp\/v2\/product\/22298","targetHints":{"allow":["GET"]}}],"collection":[{"href":"https:\/\/pecpets.com\/br\/wp-json\/wp\/v2\/product"}],"about":[{"href":"https:\/\/pecpets.com\/br\/wp-json\/wp\/v2\/types\/product"}],"wp:featuredmedia":[{"embeddable":true,"href":"https:\/\/pecpets.com\/br\/wp-json\/wp\/v2\/media\/22299"}],"wp:attachment":[{"href":"https:\/\/pecpets.com\/br\/wp-json\/wp\/v2\/media?parent=22298"}],"wp:term":[{"taxonomy":"product_brand","embeddable":true,"href":"https:\/\/pecpets.com\/br\/wp-json\/wp\/v2\/product_brand?post=22298"},{"taxonomy":"product_cat","embeddable":true,"href":"https:\/\/pecpets.com\/br\/wp-json\/wp\/v2\/product_cat?post=22298"},{"taxonomy":"product_tag","embeddable":true,"href":"https:\/\/pecpets.com\/br\/wp-json\/wp\/v2\/product_tag?post=22298"}],"curies":[{"name":"wp","href":"https:\/\/api.w.org\/{rel}","templated":true}]}}