{"id":22622,"date":"2025-10-08T10:42:15","date_gmt":"2025-10-08T02:42:15","guid":{"rendered":"https:\/\/pecpets.com\/?post_type=product&#038;p=22622"},"modified":"2025-10-08T10:47:41","modified_gmt":"2025-10-08T02:47:41","slug":"big-dog-dog-beds","status":"publish","type":"product","link":"https:\/\/pecpets.com\/br\/product\/big-dog-dog-beds\/","title":{"rendered":"Camas para c\u00e3es grandes"},"content":{"rendered":"<h2 data-start=\"91\" data-end=\"196\">Camas para c\u00e3es grandes do fabricante de camas para animais de estima\u00e7\u00e3o e f\u00e1brica de camas de luxo<\/h2>\n<p data-start=\"216\" data-end=\"496\">Procurando por camas premium para c\u00e3es de grande porte feitas para oferecer conforto e resist\u00eancia?<\/p>\n<p data-start=\"216\" data-end=\"496\">Como fabricante confi\u00e1vel de camas para animais de estima\u00e7\u00e3o e f\u00e1brica de camas de luxo, nos especializamos em projetar camas dur\u00e1veis e de suporte para ra\u00e7as grandes.<\/p>\n<p data-start=\"216\" data-end=\"496\">Nossa f\u00e1brica de camas para c\u00e3es na China oferece servi\u00e7os de OEM, ODM e private label para marcas globais.<\/p>\n<p data-start=\"216\" data-end=\"496\">Se voc\u00ea precisa de pedidos em massa de cama para c\u00e3es ou de projetos personalizados, nossas solu\u00e7\u00f5es de fornecedor e atacadista de cama para c\u00e3es oferecem qualidade e valor.<\/p>\n<p data-start=\"216\" data-end=\"496\">Fa\u00e7a parceria com uma empresa profissional de camas para c\u00e3es com experi\u00eancia em exporta\u00e7\u00e3o de camas para c\u00e3es e produ\u00e7\u00e3o em larga escala - fabricamos camas para c\u00e3es grandes que combinam durabilidade, conforto e estilo.<\/p>","protected":false},"excerpt":{"rendered":"<h3>Camas para c\u00e3es grandes<\/h3>\n<p>As linhas simples e limpas s\u00e3o igualmente adequadas para resid\u00eancias urbanas e rurais.<\/p>\n<p>Nossas camas de madeira extragrandes para c\u00e3es s\u00e3o mais pesadas, mais fortes e mais resistentes do que as alternativas mais baratas de camas de madeira de pinho para c\u00e3es. Cada uma delas \u00e9 feita \u00e0 m\u00e3o por um marceneiro altamente qualificado e recebe um acabamento meticuloso para real\u00e7ar a cor e a textura naturais da madeira.<\/p>\n<p>Nossas camas de madeira para c\u00e3es s\u00e3o levantadas do ch\u00e3o sobre pernas torneadas, com acabamento em preto fosco para proporcionar um efeito visual flutuante agrad\u00e1vel. Almofadas grossas de feltro s\u00e3o colocadas na parte inferior de cada p\u00e9 para evitar arranh\u00f5es em azulejos ou pisos de madeira.<\/p>\n<p>A base de ripas permite uma ventila\u00e7\u00e3o eficaz e uma limpeza f\u00e1cil.<\/p>\n<p>Embora n\u00e3o seja \u00e0 prova de mastiga\u00e7\u00e3o, tentamos \u2018desenhar\u2019 todas as \u00e1reas vulner\u00e1veis e f\u00e1ceis de mastigar.<\/p>\n<p>Uma cama de madeira para c\u00e3es linda e incrivelmente estilosa que durar\u00e1 anos e anos.<\/p>\n<table width=\"288\">\n<tbody>\n<tr>\n<td width=\"137\"><span style=\"color: #333333;\">Nome do produto<\/span><\/td>\n<td width=\"151\"><span style=\"color: #333333;\">Cama para animais de estima\u00e7\u00e3o<\/span><\/td>\n<\/tr>\n<tr>\n<td><span style=\"color: #333333;\">Item No.<\/span><\/td>\n<td><span style=\"color: #333333;\">P-C3019<\/span><\/td>\n<\/tr>\n<tr>\n<td><span style=\"color: #333333;\">Material<\/span><\/td>\n<td>Algod\u00e3o, poli\u00e9ster, velo<\/td>\n<\/tr>\n<tr>\n<td><span style=\"color: #333333;\">\u00a0Tamanho e cor<\/span><\/td>\n<td><span style=\"color: #333333;\">Pode ser personalizado<\/span><\/td>\n<\/tr>\n<tr>\n<td><span style=\"color: #333333;\">\u00a0Prazo de entrega<\/span><\/td>\n<td><span style=\"color: #333333;\">1 a 5 dias para pequenas quantidades por via a\u00e9rea e 30 a 35 dias para grandes quantidades por via mar\u00edtima<\/span><\/td>\n<\/tr>\n<\/tbody>\n<\/table>","protected":false},"featured_media":22607,"template":"","meta":{"_seopress_robots_primary_cat":"none","_seopress_titles_title":"Big Dog Dog Beds | China Pet Bed Manufacturer","_seopress_titles_desc":"Looking for Big Dog Dog Beds? we design premium knitwear for pets worldwide. Bulk orders, OEM services. Request free cozy samples today!","_seopress_robots_index":"","_uag_custom_page_level_css":""},"product_brand":[],"product_cat":[348,22],"product_tag":[],"class_list":{"0":"post-22622","1":"product","2":"type-product","3":"status-publish","4":"has-post-thumbnail","6":"product_cat-chew-resistant-dog-beds","7":"product_cat-pet-bed","9":"first","10":"instock","11":"shipping-taxable","12":"product-type-simple"},"uagb_featured_image_src":{"full":["https:\/\/pecpets.com\/wp-content\/uploads\/2025\/10\/79561f41-fb2b-4648-a3c4-a055d3c74c97.jpg",720,541,false],"thumbnail":["https:\/\/pecpets.com\/wp-content\/uploads\/2025\/10\/79561f41-fb2b-4648-a3c4-a055d3c74c97-150x150.jpg",150,150,true],"medium":["https:\/\/pecpets.com\/wp-content\/uploads\/2025\/10\/79561f41-fb2b-4648-a3c4-a055d3c74c97-300x225.jpg",300,225,true],"medium_large":["https:\/\/pecpets.com\/wp-content\/uploads\/2025\/10\/79561f41-fb2b-4648-a3c4-a055d3c74c97.jpg",720,541,false],"large":["https:\/\/pecpets.com\/wp-content\/uploads\/2025\/10\/79561f41-fb2b-4648-a3c4-a055d3c74c97.jpg",720,541,false],"1536x1536":["https:\/\/pecpets.com\/wp-content\/uploads\/2025\/10\/79561f41-fb2b-4648-a3c4-a055d3c74c97.jpg",720,541,false],"2048x2048":["https:\/\/pecpets.com\/wp-content\/uploads\/2025\/10\/79561f41-fb2b-4648-a3c4-a055d3c74c97.jpg",720,541,false],"trp-custom-language-flag":["https:\/\/pecpets.com\/wp-content\/uploads\/2025\/10\/79561f41-fb2b-4648-a3c4-a055d3c74c97-16x12.jpg",16,12,true],"woocommerce_thumbnail":["https:\/\/pecpets.com\/wp-content\/uploads\/2025\/10\/79561f41-fb2b-4648-a3c4-a055d3c74c97-300x300.jpg",300,300,true],"woocommerce_single":["https:\/\/pecpets.com\/wp-content\/uploads\/2025\/10\/79561f41-fb2b-4648-a3c4-a055d3c74c97-600x451.jpg",600,451,true],"woocommerce_gallery_thumbnail":["https:\/\/pecpets.com\/wp-content\/uploads\/2025\/10\/79561f41-fb2b-4648-a3c4-a055d3c74c97-100x100.jpg",100,100,true]},"uagb_author_info":{"display_name":"Lawrence\u00a0\u52b3\u4f26\u65af","author_link":"https:\/\/pecpets.com\/br\/author\/"},"uagb_comment_info":0,"uagb_excerpt":"Big Dog Dog Beds The simple, clean lines will equally grace both town and country homes. Our extra-large wooden dog beds are heavier, stronger, and hard-wearing than cheaper pine wooden dog bed alternatives. Each is handmade by a highly skilled Cabinet Maker and painstakingly finished to bring out the natural colour and grain of the&hellip;","_links":{"self":[{"href":"https:\/\/pecpets.com\/br\/wp-json\/wp\/v2\/product\/22622","targetHints":{"allow":["GET"]}}],"collection":[{"href":"https:\/\/pecpets.com\/br\/wp-json\/wp\/v2\/product"}],"about":[{"href":"https:\/\/pecpets.com\/br\/wp-json\/wp\/v2\/types\/product"}],"wp:featuredmedia":[{"embeddable":true,"href":"https:\/\/pecpets.com\/br\/wp-json\/wp\/v2\/media\/22607"}],"wp:attachment":[{"href":"https:\/\/pecpets.com\/br\/wp-json\/wp\/v2\/media?parent=22622"}],"wp:term":[{"taxonomy":"product_brand","embeddable":true,"href":"https:\/\/pecpets.com\/br\/wp-json\/wp\/v2\/product_brand?post=22622"},{"taxonomy":"product_cat","embeddable":true,"href":"https:\/\/pecpets.com\/br\/wp-json\/wp\/v2\/product_cat?post=22622"},{"taxonomy":"product_tag","embeddable":true,"href":"https:\/\/pecpets.com\/br\/wp-json\/wp\/v2\/product_tag?post=22622"}],"curies":[{"name":"wp","href":"https:\/\/api.w.org\/{rel}","templated":true}]}}