{"id":22682,"date":"2025-10-09T09:01:47","date_gmt":"2025-10-09T01:01:47","guid":{"rendered":"https:\/\/pecpets.com\/?post_type=product&#038;p=22682"},"modified":"2025-10-09T09:21:12","modified_gmt":"2025-10-09T01:21:12","slug":"dog-steps-for-bed","status":"publish","type":"product","link":"https:\/\/pecpets.com\/br\/product\/dog-steps-for-bed\/","title":{"rendered":"Degraus para cama de cachorro"},"content":{"rendered":"<h2 data-start=\"91\" data-end=\"196\">Degraus para cama de cachorro do fabricante de camas para animais de estima\u00e7\u00e3o e f\u00e1brica de camas de luxo<\/h2>\n<p data-start=\"216\" data-end=\"496\">Est\u00e1 procurando degraus confi\u00e1veis para camas de cachorro que combinem seguran\u00e7a, conforto e qualidade de fabrica\u00e7\u00e3o premium?<\/p>\n<p data-start=\"216\" data-end=\"496\">Como fabricante profissional de camas para animais de estima\u00e7\u00e3o e f\u00e1brica de camas de luxo, oferecemos degraus de alta qualidade para camas de cachorro projetadas para todas as ra\u00e7as e tamanhos.<\/p>\n<p data-start=\"216\" data-end=\"496\">Nossa f\u00e1brica de degraus para c\u00e3es na China oferece op\u00e7\u00f5es de OEM, ODM e private label para atender \u00e0s necessidades de sua marca.<\/p>\n<p data-start=\"216\" data-end=\"496\">Quer voc\u00ea esteja adquirindo degraus para c\u00e3es a granel ou buscando um fornecedor de degraus para c\u00e3es de longo prazo, oferecemos solu\u00e7\u00f5es dur\u00e1veis, elegantes e personaliz\u00e1veis.<\/p>\n<p data-start=\"216\" data-end=\"496\">Fa\u00e7a parceria com um fabricante confi\u00e1vel de degraus para c\u00e3es, uma empresa de degraus para c\u00e3es e um atacadista de degraus para c\u00e3es com s\u00f3lida experi\u00eancia em exporta\u00e7\u00e3o de degraus para c\u00e3es para elevar sua linha de produtos com qualidade confi\u00e1vel.<\/p>","protected":false},"excerpt":{"rendered":"<h3>Degraus para cama de cachorro<\/h3>\n<ul>\n<li>A escolha perfeita para filhotes, animais de estima\u00e7\u00e3o feridos ou idosos<\/li>\n<li>Ajuda os animais de estima\u00e7\u00e3o a subir nos m\u00f3veis sem problemas<\/li>\n<li>Fabricado com tecido de pel\u00facia e interior de espuma para proporcionar conforto ao pisar - sem machucar os dedos dos p\u00e9s<\/li>\n<li>Com apenas 4 degraus - Perfeito para camas e sof\u00e1s<\/li>\n<li>Fabricado com uma base antiderrapante, com ventosas para maior estabilidade<\/li>\n<\/ul>\n<table width=\"288\">\n<tbody>\n<tr>\n<td width=\"137\"><span style=\"color: #333333;\">Nome do produto<\/span><\/td>\n<td width=\"151\"><span style=\"color: #333333;\">Cama para animais de estima\u00e7\u00e3o<\/span><\/td>\n<\/tr>\n<tr>\n<td><span style=\"color: #333333;\">Item No.<\/span><\/td>\n<td><span style=\"color: #333333;\">P-C3021<\/span><\/td>\n<\/tr>\n<tr>\n<td><span style=\"color: #333333;\">Material<\/span><\/td>\n<td>Algod\u00e3o, poli\u00e9ster, velo<\/td>\n<\/tr>\n<tr>\n<td><span style=\"color: #333333;\">\u00a0Tamanho e cor<\/span><\/td>\n<td><span style=\"color: #333333;\">Pode ser personalizado<\/span><\/td>\n<\/tr>\n<tr>\n<td><span style=\"color: #333333;\">\u00a0Prazo de entrega<\/span><\/td>\n<td><span style=\"color: #333333;\">1 a 5 dias para pequenas quantidades por via a\u00e9rea e 30 a 35 dias para grandes quantidades por via mar\u00edtima<\/span><\/td>\n<\/tr>\n<\/tbody>\n<\/table>","protected":false},"featured_media":22684,"template":"","meta":{"_seopress_robots_primary_cat":"none","_seopress_titles_title":"Dog Steps for Bed | China Pet Bed Manufacturer","_seopress_titles_desc":"Looking for Dog Steps for Bed? we design premium knitwear for pets worldwide. Bulk orders, OEM services. Request free cozy samples today!","_seopress_robots_index":"","_seopress_analysis_target_kw":"Dog Steps for Bed","_uag_custom_page_level_css":""},"product_brand":[],"product_cat":[348,22],"product_tag":[],"class_list":{"0":"post-22682","1":"product","2":"type-product","3":"status-publish","4":"has-post-thumbnail","6":"product_cat-chew-resistant-dog-beds","7":"product_cat-pet-bed","9":"first","10":"instock","11":"shipping-taxable","12":"product-type-simple"},"uagb_featured_image_src":{"full":["https:\/\/pecpets.com\/wp-content\/uploads\/2025\/10\/LL-CS-DG-CloudStepsDoveGrey002_productimage.jpg",1400,1400,false],"thumbnail":["https:\/\/pecpets.com\/wp-content\/uploads\/2025\/10\/LL-CS-DG-CloudStepsDoveGrey002_productimage-150x150.jpg",150,150,true],"medium":["https:\/\/pecpets.com\/wp-content\/uploads\/2025\/10\/LL-CS-DG-CloudStepsDoveGrey002_productimage-300x300.jpg",300,300,true],"medium_large":["https:\/\/pecpets.com\/wp-content\/uploads\/2025\/10\/LL-CS-DG-CloudStepsDoveGrey002_productimage-768x768.jpg",768,768,true],"large":["https:\/\/pecpets.com\/wp-content\/uploads\/2025\/10\/LL-CS-DG-CloudStepsDoveGrey002_productimage-1024x1024.jpg",800,800,true],"1536x1536":["https:\/\/pecpets.com\/wp-content\/uploads\/2025\/10\/LL-CS-DG-CloudStepsDoveGrey002_productimage.jpg",1400,1400,false],"2048x2048":["https:\/\/pecpets.com\/wp-content\/uploads\/2025\/10\/LL-CS-DG-CloudStepsDoveGrey002_productimage.jpg",1400,1400,false],"trp-custom-language-flag":["https:\/\/pecpets.com\/wp-content\/uploads\/2025\/10\/LL-CS-DG-CloudStepsDoveGrey002_productimage-12x12.jpg",12,12,true],"woocommerce_thumbnail":["https:\/\/pecpets.com\/wp-content\/uploads\/2025\/10\/LL-CS-DG-CloudStepsDoveGrey002_productimage-300x300.jpg",300,300,true],"woocommerce_single":["https:\/\/pecpets.com\/wp-content\/uploads\/2025\/10\/LL-CS-DG-CloudStepsDoveGrey002_productimage-600x600.jpg",600,600,true],"woocommerce_gallery_thumbnail":["https:\/\/pecpets.com\/wp-content\/uploads\/2025\/10\/LL-CS-DG-CloudStepsDoveGrey002_productimage-100x100.jpg",100,100,true]},"uagb_author_info":{"display_name":"Lawrence\u00a0\u52b3\u4f26\u65af","author_link":"https:\/\/pecpets.com\/br\/author\/"},"uagb_comment_info":0,"uagb_excerpt":"Dog Steps for Bed The perfect choice for puppies, injured or elderly pets Helps assist pets to climb onto furniture with no hassle Made with plush fabric and foam inner for comfortable stepping - No stubbed toes With just 4 steps - Perfect for beds and sofas Made with a non-slip base, featuring suction pads&hellip;","_links":{"self":[{"href":"https:\/\/pecpets.com\/br\/wp-json\/wp\/v2\/product\/22682","targetHints":{"allow":["GET"]}}],"collection":[{"href":"https:\/\/pecpets.com\/br\/wp-json\/wp\/v2\/product"}],"about":[{"href":"https:\/\/pecpets.com\/br\/wp-json\/wp\/v2\/types\/product"}],"wp:featuredmedia":[{"embeddable":true,"href":"https:\/\/pecpets.com\/br\/wp-json\/wp\/v2\/media\/22684"}],"wp:attachment":[{"href":"https:\/\/pecpets.com\/br\/wp-json\/wp\/v2\/media?parent=22682"}],"wp:term":[{"taxonomy":"product_brand","embeddable":true,"href":"https:\/\/pecpets.com\/br\/wp-json\/wp\/v2\/product_brand?post=22682"},{"taxonomy":"product_cat","embeddable":true,"href":"https:\/\/pecpets.com\/br\/wp-json\/wp\/v2\/product_cat?post=22682"},{"taxonomy":"product_tag","embeddable":true,"href":"https:\/\/pecpets.com\/br\/wp-json\/wp\/v2\/product_tag?post=22682"}],"curies":[{"name":"wp","href":"https:\/\/api.w.org\/{rel}","templated":true}]}}