{"id":22705,"date":"2025-10-10T09:45:27","date_gmt":"2025-10-10T01:45:27","guid":{"rendered":"https:\/\/pecpets.com\/?post_type=product&#038;p=22705"},"modified":"2025-10-11T11:00:03","modified_gmt":"2025-10-11T03:00:03","slug":"raised-dog-bed-outdoor","status":"publish","type":"product","link":"https:\/\/pecpets.com\/br\/product\/raised-dog-bed-outdoor\/","title":{"rendered":"Cama elevada para c\u00e3es ao ar livre"},"content":{"rendered":"<h2 data-start=\"91\" data-end=\"196\">Cama elevada para c\u00e3es ao ar livre pelo fabricante de camas para animais de estima\u00e7\u00e3o e f\u00e1brica de camas de luxo<\/h2>\n<p data-start=\"216\" data-end=\"496\">Descubra o conforto e a durabilidade de nossa cama elevada para c\u00e3es ao ar livre, fabricada por um dos principais fabricantes de camas para animais de estima\u00e7\u00e3o e f\u00e1brica de camas de luxo da China.<\/p>\n<p data-start=\"216\" data-end=\"496\">Projetada para ventila\u00e7\u00e3o e resist\u00eancia \u00e0s intemp\u00e9ries, nossa Raised Dog Bed Outdoor \u00e9 perfeita para p\u00e1tios, jardins e viagens de acampamento.<\/p>\n<p data-start=\"216\" data-end=\"496\">Como uma f\u00e1brica profissional de camas para c\u00e3es e fabricante de camas para c\u00e3es, fornecemos servi\u00e7os de OEM, ODM e de marca pr\u00f3pria para marcas globais.<\/p>\n<p data-start=\"216\" data-end=\"496\">Se voc\u00ea precisa de pedidos a granel de cama de cachorro ou projetos personalizados, nossa empresa de cama de cachorro garante qualidade consistente e exporta\u00e7\u00e3o r\u00e1pida de cama de cachorro para todo o mundo.<\/p>\n<p data-start=\"216\" data-end=\"496\">Fa\u00e7a parceria com um fornecedor, vendedor ou atacadista de Cama para C\u00e3es de confian\u00e7a para expandir sua linha de m\u00f3veis para animais de estima\u00e7\u00e3o ao ar livre com produtos confi\u00e1veis, elegantes e funcionais de Cama para C\u00e3es Elevada ao Ar Livre.<\/p>","protected":false},"excerpt":{"rendered":"<h3>Cama elevada para c\u00e3es ao ar livre<\/h3>\n<ul>\n<li>Este \u00e9 um local de descanso confort\u00e1vel que seu c\u00e3o vai adorar, projetado com uma estrutura de a\u00e7o resistente revestida com p\u00f3 e uma superf\u00edcie de dormir dur\u00e1vel de tecido revestido com PVC, feita para durar.<\/li>\n<li>O tecido apertado e respir\u00e1vel proporciona um n\u00edvel adicional de conforto e suporte, mantendo seu c\u00e3o fresco e evitando a flacidez ap\u00f3s o uso prolongado.<\/li>\n<li>F\u00e1cil de montar e limpar, com superf\u00edcies que n\u00e3o aderem \u00e0 sujeira e \u00e0 fuligem. Ideal para uso interno ou externo em v\u00e1rias superf\u00edcies, com p\u00e9s antiderrapantes para maior estabilidade durante o movimento.<\/li>\n<\/ul>\n<table width=\"288\">\n<tbody>\n<tr>\n<td width=\"137\"><span style=\"color: #333333;\">Nome do produto<\/span><\/td>\n<td width=\"151\"><span style=\"color: #333333;\">Cama para animais de estima\u00e7\u00e3o<\/span><\/td>\n<\/tr>\n<tr>\n<td><span style=\"color: #333333;\">Item No.<\/span><\/td>\n<td><span style=\"color: #333333;\">P-C3024<\/span><\/td>\n<\/tr>\n<tr>\n<td><span style=\"color: #333333;\">Material<\/span><\/td>\n<td>Algod\u00e3o, poli\u00e9ster, velo<\/td>\n<\/tr>\n<tr>\n<td><span style=\"color: #333333;\">\u00a0Tamanho e cor<\/span><\/td>\n<td><span style=\"color: #333333;\">Pode ser personalizado<\/span><\/td>\n<\/tr>\n<tr>\n<td><span style=\"color: #333333;\">\u00a0Prazo de entrega<\/span><\/td>\n<td><span style=\"color: #333333;\">1 a 5 dias para pequenas quantidades por via a\u00e9rea e 30 a 35 dias para grandes quantidades por via mar\u00edtima<\/span><\/td>\n<\/tr>\n<\/tbody>\n<\/table>","protected":false},"featured_media":22708,"template":"","meta":{"_seopress_robots_primary_cat":"none","_seopress_titles_title":"Raised Dog Bed Outdoor | China Pet Bed Manufacturer","_seopress_titles_desc":"Looking for Raised Dog Bed Outdoor? we design premium knitwear for pets worldwide. Bulk orders, OEM services. Request free cozy samples today!","_seopress_robots_index":"","_uag_custom_page_level_css":""},"product_brand":[],"product_cat":[22,350],"product_tag":[],"class_list":{"0":"post-22705","1":"product","2":"type-product","3":"status-publish","4":"has-post-thumbnail","6":"product_cat-pet-bed","7":"product_cat-portable-dog-beds","9":"first","10":"instock","11":"shipping-taxable","12":"product-type-simple"},"uagb_featured_image_src":{"full":["https:\/\/pecpets.com\/wp-content\/uploads\/2025\/10\/627c37c2-93a6-4752-9fef-4318e17977d1.jpg",1200,1200,false],"thumbnail":["https:\/\/pecpets.com\/wp-content\/uploads\/2025\/10\/627c37c2-93a6-4752-9fef-4318e17977d1-150x150.jpg",150,150,true],"medium":["https:\/\/pecpets.com\/wp-content\/uploads\/2025\/10\/627c37c2-93a6-4752-9fef-4318e17977d1-300x300.jpg",300,300,true],"medium_large":["https:\/\/pecpets.com\/wp-content\/uploads\/2025\/10\/627c37c2-93a6-4752-9fef-4318e17977d1-768x768.jpg",768,768,true],"large":["https:\/\/pecpets.com\/wp-content\/uploads\/2025\/10\/627c37c2-93a6-4752-9fef-4318e17977d1-1024x1024.jpg",800,800,true],"1536x1536":["https:\/\/pecpets.com\/wp-content\/uploads\/2025\/10\/627c37c2-93a6-4752-9fef-4318e17977d1.jpg",1200,1200,false],"2048x2048":["https:\/\/pecpets.com\/wp-content\/uploads\/2025\/10\/627c37c2-93a6-4752-9fef-4318e17977d1.jpg",1200,1200,false],"trp-custom-language-flag":["https:\/\/pecpets.com\/wp-content\/uploads\/2025\/10\/627c37c2-93a6-4752-9fef-4318e17977d1-12x12.jpg",12,12,true],"woocommerce_thumbnail":["https:\/\/pecpets.com\/wp-content\/uploads\/2025\/10\/627c37c2-93a6-4752-9fef-4318e17977d1-300x300.jpg",300,300,true],"woocommerce_single":["https:\/\/pecpets.com\/wp-content\/uploads\/2025\/10\/627c37c2-93a6-4752-9fef-4318e17977d1-600x600.jpg",600,600,true],"woocommerce_gallery_thumbnail":["https:\/\/pecpets.com\/wp-content\/uploads\/2025\/10\/627c37c2-93a6-4752-9fef-4318e17977d1-100x100.jpg",100,100,true]},"uagb_author_info":{"display_name":"Lawrence\u00a0\u52b3\u4f26\u65af","author_link":"https:\/\/pecpets.com\/br\/author\/"},"uagb_comment_info":0,"uagb_excerpt":"Raised Dog Bed Outdoor Here\u2019s a comfortable resting spot your dog will love, designed with a sturdy, powder-coated steel frame and a durable, PVC-coated fabric sleeping surface made to last. Tight, breathable fabric provides an added level of comfort and support, keeping your dog cool and preventing sagging after extended use. Easy to assemble and&hellip;","_links":{"self":[{"href":"https:\/\/pecpets.com\/br\/wp-json\/wp\/v2\/product\/22705","targetHints":{"allow":["GET"]}}],"collection":[{"href":"https:\/\/pecpets.com\/br\/wp-json\/wp\/v2\/product"}],"about":[{"href":"https:\/\/pecpets.com\/br\/wp-json\/wp\/v2\/types\/product"}],"wp:featuredmedia":[{"embeddable":true,"href":"https:\/\/pecpets.com\/br\/wp-json\/wp\/v2\/media\/22708"}],"wp:attachment":[{"href":"https:\/\/pecpets.com\/br\/wp-json\/wp\/v2\/media?parent=22705"}],"wp:term":[{"taxonomy":"product_brand","embeddable":true,"href":"https:\/\/pecpets.com\/br\/wp-json\/wp\/v2\/product_brand?post=22705"},{"taxonomy":"product_cat","embeddable":true,"href":"https:\/\/pecpets.com\/br\/wp-json\/wp\/v2\/product_cat?post=22705"},{"taxonomy":"product_tag","embeddable":true,"href":"https:\/\/pecpets.com\/br\/wp-json\/wp\/v2\/product_tag?post=22705"}],"curies":[{"name":"wp","href":"https:\/\/api.w.org\/{rel}","templated":true}]}}