{"id":22749,"date":"2025-10-14T08:51:36","date_gmt":"2025-10-14T00:51:36","guid":{"rendered":"https:\/\/pecpets.com\/?post_type=product&#038;p=22749"},"modified":"2025-10-14T09:18:48","modified_gmt":"2025-10-14T01:18:48","slug":"cooling-dog-bed","status":"publish","type":"product","link":"https:\/\/pecpets.com\/br\/product\/cooling-dog-bed\/","title":{"rendered":"Cama de resfriamento para c\u00e3es"},"content":{"rendered":"<h2 data-start=\"91\" data-end=\"196\">Cama para c\u00e3es com resfriamento do fabricante de camas para animais de estima\u00e7\u00e3o e f\u00e1brica de camas de luxo<\/h2>\n<p data-start=\"216\" data-end=\"496\">Fique \u00e0 frente da demanda do ver\u00e3o com nossa cama refrescante para c\u00e3es - perfeita para manter os animais de estima\u00e7\u00e3o relaxados e confort\u00e1veis no clima quente.<\/p>\n<p data-start=\"216\" data-end=\"496\">Como fabricante confi\u00e1vel de camas para animais de estima\u00e7\u00e3o e f\u00e1brica de camas de luxo, projetamos camas refrescantes de qualidade superior para c\u00e3es que combinam materiais respir\u00e1veis, tecidos que regulam a temperatura e acabamento dur\u00e1vel.<\/p>\n<p data-start=\"216\" data-end=\"496\">Ideais para pedidos em massa de cama para c\u00e3es e exporta\u00e7\u00e3o de cama para c\u00e3es, nossos produtos s\u00e3o fabricados na China com rigoroso controle de qualidade.<\/p>\n<p data-start=\"216\" data-end=\"496\">Se voc\u00ea \u00e9 uma empresa de cama de cachorro, um fornecedor de cama de cachorro ou um atacadista de cama de cachorro, oferecemos servi\u00e7os completos de OEM de cama de cachorro, ODM de cama de cachorro e solu\u00e7\u00f5es de marca pr\u00f3pria de cama de cachorro.<\/p>\n<p data-start=\"216\" data-end=\"496\">Fa\u00e7a parceria com um fabricante l\u00edder de camas para c\u00e3es, fornecedor de camas para c\u00e3es e f\u00e1brica de camas para c\u00e3es para expandir sua linha de produtos com camas para c\u00e3es refrigeradas de alto desempenho, projetadas para proporcionar conforto, durabilidade e estilo.<\/p>","protected":false},"excerpt":{"rendered":"<h3>Cama de resfriamento para c\u00e3es<\/h3>\n<div class=\"ecom-block ecom-core core__block ecom-s8cxmzenaj\" data-core-is=\"block\">\n<div class=\"ecom__element ecom-element element__text\" data-stopdrag=\"\">\n<p>Presenteie seu querido animal de estima\u00e7\u00e3o com o auge do luxo: nossa cama Ice Silk Cooling para c\u00e3es. Esse sof\u00e1-cama para c\u00e3es chique e confort\u00e1vel combina um design elegante com o m\u00e1ximo de conforto para garantir que seu animal de estima\u00e7\u00e3o desfrute de serenidade fresca durante todas as esta\u00e7\u00f5es.<\/p>\n<p><strong>Relaxamento refinado:<\/strong>\u00a0Nossa cama \u00e9 tecida com tecido de seda gelada premium, oferecendo um santu\u00e1rio refrescante em dias de calor intenso. Aqui, os animais de estima\u00e7\u00e3o encontram seu lugar feliz, desfrutando de tranquilidade longe da agita\u00e7\u00e3o.<\/p>\n<p><strong>Design inspirado em um sof\u00e1 elegante:<\/strong>\u00a0Esse design n\u00e3o apenas chama a aten\u00e7\u00e3o, mas tamb\u00e9m funciona como um canto aconchegante para os animais de estima\u00e7\u00e3o descansarem e relaxarem, quase como um pequeno sof\u00e1 feito especialmente para eles.<\/p>\n<p><strong>Esculpido para o conforto:<\/strong>\u00a0A cama foi ricamente acolchoada para criar uma maciez rica e tridimensional que envolve seu animal de estima\u00e7\u00e3o em um conforto inigual\u00e1vel. \u00c9 como se essa cama tivesse sido feita especialmente para o seu amigo peludo, com um design confort\u00e1vel que oferece todo o apoio necess\u00e1rio para que ele possa tirar uma soneca tranquila.<\/p>\n<p><strong>Projetado para estabilidade:<\/strong>\u00a0Constru\u00edda para resistir ao teste do tempo, nossa cama para animais de estima\u00e7\u00e3o apresenta uma constru\u00e7\u00e3o robusta com uma base antiderrapante que permanece firme, independentemente do entusiasmo com que seu animal pula em seu ref\u00fagio pessoal.<\/p>\n<p><strong>F\u00e1cil de limpar:<\/strong>\u00a0A arruma\u00e7\u00e3o \u00e9 f\u00e1cil com a capa remov\u00edvel e lav\u00e1vel na m\u00e1quina da nossa cama para animais de estima\u00e7\u00e3o, garantindo um descanso fresco e higi\u00eanico para o seu animal de estima\u00e7\u00e3o sem complica\u00e7\u00f5es.<\/p>\n<\/div>\n<\/div>\n<table width=\"288\">\n<tbody>\n<tr>\n<td width=\"137\"><span style=\"color: #333333;\">Nome do produto<\/span><\/td>\n<td width=\"151\"><span style=\"color: #333333;\">Cama para animais de estima\u00e7\u00e3o<\/span><\/td>\n<\/tr>\n<tr>\n<td><span style=\"color: #333333;\">Item No.<\/span><\/td>\n<td><span style=\"color: #333333;\">P-C3026<\/span><\/td>\n<\/tr>\n<tr>\n<td><span style=\"color: #333333;\">Material<\/span><\/td>\n<td>Algod\u00e3o, poli\u00e9ster, velo<\/td>\n<\/tr>\n<tr>\n<td><span style=\"color: #333333;\">\u00a0Tamanho e cor<\/span><\/td>\n<td><span style=\"color: #333333;\">Pode ser personalizado<\/span><\/td>\n<\/tr>\n<tr>\n<td><span style=\"color: #333333;\">\u00a0Prazo de entrega<\/span><\/td>\n<td><span style=\"color: #333333;\">1 a 5 dias para pequenas quantidades por via a\u00e9rea e 30 a 35 dias para grandes quantidades por via mar\u00edtima<\/span><\/td>\n<\/tr>\n<\/tbody>\n<\/table>","protected":false},"featured_media":22750,"template":"","meta":{"_seopress_robots_primary_cat":"none","_seopress_titles_title":"Cooling Dog Bed | China Pet Bed Manufacturer","_seopress_titles_desc":"Looking for Cooling Dog Bed? we design premium knitwear for pets worldwide. Bulk orders, OEM services. Request free cozy samples today!","_seopress_robots_index":"","_uag_custom_page_level_css":""},"product_brand":[],"product_cat":[347,22],"product_tag":[],"class_list":{"0":"post-22749","1":"product","2":"type-product","3":"status-publish","4":"has-post-thumbnail","6":"product_cat-eco-friendly-dog-beds-pet-bed","7":"product_cat-pet-bed","9":"first","10":"instock","11":"shipping-taxable","12":"product-type-simple"},"uagb_featured_image_src":{"full":["https:\/\/pecpets.com\/wp-content\/uploads\/2025\/10\/2d7b7003-cadf-4c82-97d1-941fc6f8b0f4.jpg",2000,2000,false],"thumbnail":["https:\/\/pecpets.com\/wp-content\/uploads\/2025\/10\/2d7b7003-cadf-4c82-97d1-941fc6f8b0f4-150x150.jpg",150,150,true],"medium":["https:\/\/pecpets.com\/wp-content\/uploads\/2025\/10\/2d7b7003-cadf-4c82-97d1-941fc6f8b0f4-300x300.jpg",300,300,true],"medium_large":["https:\/\/pecpets.com\/wp-content\/uploads\/2025\/10\/2d7b7003-cadf-4c82-97d1-941fc6f8b0f4-768x768.jpg",768,768,true],"large":["https:\/\/pecpets.com\/wp-content\/uploads\/2025\/10\/2d7b7003-cadf-4c82-97d1-941fc6f8b0f4-1024x1024.jpg",800,800,true],"1536x1536":["https:\/\/pecpets.com\/wp-content\/uploads\/2025\/10\/2d7b7003-cadf-4c82-97d1-941fc6f8b0f4-1536x1536.jpg",1536,1536,true],"2048x2048":["https:\/\/pecpets.com\/wp-content\/uploads\/2025\/10\/2d7b7003-cadf-4c82-97d1-941fc6f8b0f4.jpg",2000,2000,false],"trp-custom-language-flag":["https:\/\/pecpets.com\/wp-content\/uploads\/2025\/10\/2d7b7003-cadf-4c82-97d1-941fc6f8b0f4-12x12.jpg",12,12,true],"woocommerce_thumbnail":["https:\/\/pecpets.com\/wp-content\/uploads\/2025\/10\/2d7b7003-cadf-4c82-97d1-941fc6f8b0f4-300x300.jpg",300,300,true],"woocommerce_single":["https:\/\/pecpets.com\/wp-content\/uploads\/2025\/10\/2d7b7003-cadf-4c82-97d1-941fc6f8b0f4-600x600.jpg",600,600,true],"woocommerce_gallery_thumbnail":["https:\/\/pecpets.com\/wp-content\/uploads\/2025\/10\/2d7b7003-cadf-4c82-97d1-941fc6f8b0f4-100x100.jpg",100,100,true]},"uagb_author_info":{"display_name":"Lawrence\u00a0\u52b3\u4f26\u65af","author_link":"https:\/\/pecpets.com\/br\/author\/"},"uagb_comment_info":0,"uagb_excerpt":"Cooling Dog Bed Indulge your cherished pet with the pinnacle of luxury: our Ice Silk Cooling dog Bed. This chic and comfortable dog sofa bed marries sleek design with peak comfort to ensure your pet enjoys cool serenity throughout the seasons. Refined Relaxation:\u00a0Our bed is woven from premium ice silk fabric, offering a refreshingly cool&hellip;","_links":{"self":[{"href":"https:\/\/pecpets.com\/br\/wp-json\/wp\/v2\/product\/22749","targetHints":{"allow":["GET"]}}],"collection":[{"href":"https:\/\/pecpets.com\/br\/wp-json\/wp\/v2\/product"}],"about":[{"href":"https:\/\/pecpets.com\/br\/wp-json\/wp\/v2\/types\/product"}],"wp:featuredmedia":[{"embeddable":true,"href":"https:\/\/pecpets.com\/br\/wp-json\/wp\/v2\/media\/22750"}],"wp:attachment":[{"href":"https:\/\/pecpets.com\/br\/wp-json\/wp\/v2\/media?parent=22749"}],"wp:term":[{"taxonomy":"product_brand","embeddable":true,"href":"https:\/\/pecpets.com\/br\/wp-json\/wp\/v2\/product_brand?post=22749"},{"taxonomy":"product_cat","embeddable":true,"href":"https:\/\/pecpets.com\/br\/wp-json\/wp\/v2\/product_cat?post=22749"},{"taxonomy":"product_tag","embeddable":true,"href":"https:\/\/pecpets.com\/br\/wp-json\/wp\/v2\/product_tag?post=22749"}],"curies":[{"name":"wp","href":"https:\/\/api.w.org\/{rel}","templated":true}]}}