{"id":3281,"date":"2023-09-01T16:05:10","date_gmt":"2023-09-01T08:05:10","guid":{"rendered":"https:\/\/pecpets.com\/?post_type=product&#038;p=3281"},"modified":"2024-06-13T17:46:39","modified_gmt":"2024-06-13T09:46:39","slug":"dog-leash-custom-color-and-low-moq","status":"publish","type":"product","link":"https:\/\/pecpets.com\/br\/product\/dog-leash-custom-color-and-low-moq\/","title":{"rendered":"Coleira para c\u00e3es com cores personalizadas e baixo MOQ"},"content":{"rendered":"<h2 data-immersive-translate-walked=\"0639d3b4-b782-4efa-9548-3f6c5f98ef3d\" data-immersive-translate-paragraph=\"1\">Coleira leve e dur\u00e1vel para animais de estima\u00e7\u00e3o | Coleiras para uso di\u00e1rio | F\u00e1brica no atacado com cores personalizadas e baixo MOQ<span class=\"notranslate immersive-translate-target-wrapper\" lang=\"zh-CN\" data-immersive-translate-translation-element-mark=\"1\"><br \/>\n<\/span><\/h2>\n<p data-immersive-translate-walked=\"0639d3b4-b782-4efa-9548-3f6c5f98ef3d\" data-immersive-translate-paragraph=\"1\">Explore nossa linha de coleiras leves e dur\u00e1veis para animais de estima\u00e7\u00e3o, perfeitas para uso di\u00e1rio e aventuras ao ar livre com seu companheiro peludo.<\/p>\n<p data-immersive-translate-walked=\"0639d3b4-b782-4efa-9548-3f6c5f98ef3d\" data-immersive-translate-paragraph=\"1\">Nossas coleiras de uso di\u00e1rio s\u00e3o projetadas para durabilidade e estilo, proporcionando funcionalidade e moda.<\/p>\n<p data-immersive-translate-walked=\"0639d3b4-b782-4efa-9548-3f6c5f98ef3d\" data-immersive-translate-paragraph=\"1\">Com op\u00e7\u00f5es de cores personalizadas e baixas quantidades m\u00ednimas de pedidos, nossa f\u00e1brica de atacado oferece flexibilidade para atender \u00e0s suas necessidades exclusivas.<\/p>\n<p data-immersive-translate-walked=\"0639d3b4-b782-4efa-9548-3f6c5f98ef3d\" data-immersive-translate-paragraph=\"1\">Descubra nossa cole\u00e7\u00e3o agora e ofere\u00e7a aos seus clientes uma coleira para animais de estima\u00e7\u00e3o de alta qualidade que combina durabilidade, estilo e op\u00e7\u00f5es de personaliza\u00e7\u00e3o para aprimorar a experi\u00eancia de passeio com seus amados animais de estima\u00e7\u00e3o.<\/p>","protected":false},"excerpt":{"rendered":"<div class=\"elementor-element elementor-element-36a3285 elementor-widget elementor-widget-woocommerce-product-title elementor-page-title elementor-widget-heading\" data-id=\"36a3285\" data-element_type=\"widget\" data-widget_type=\"woocommerce-product-title.default\">\n<div class=\"elementor-widget-container\">\n<h3 class=\"product_title entry-title elementor-heading-title elementor-size-default\">Coleira para c\u00e3es com cores personalizadas e baixo MOQ<\/h3>\n<\/div>\n<\/div>\n<div class=\"elementor-element elementor-element-f148377 elementor-widget elementor-widget-woocommerce-product-content\" data-id=\"f148377\" data-element_type=\"widget\" data-widget_type=\"woocommerce-product-content.default\">\n<div class=\"elementor-widget-container\">\n<table class=\"is-zebra all magic-1\" style=\"height: 309px;\" width=\"390\">\n<tbody>\n<tr>\n<td colspan=\"1\" rowspan=\"1\">\n<div class=\"magic-2\">Tipo de produto<\/div>\n<\/td>\n<td colspan=\"1\" rowspan=\"1\">\n<div class=\"magic-3\">Atacado de coleiras para animais de estima\u00e7\u00e3o<\/div>\n<\/td>\n<\/tr>\n<tr>\n<td colspan=\"1\" rowspan=\"1\">\n<div class=\"magic-2\">Material<\/div>\n<\/td>\n<td colspan=\"1\" rowspan=\"1\">\n<div class=\"magic-3\">Nylon<\/div>\n<\/td>\n<\/tr>\n<tr>\n<td colspan=\"1\" rowspan=\"1\">\n<div class=\"magic-2\">Design<\/div>\n<\/td>\n<td colspan=\"1\" rowspan=\"1\">\n<div class=\"magic-3\">Design em estoque<\/div>\n<\/td>\n<\/tr>\n<tr>\n<td colspan=\"1\" rowspan=\"1\">\n<div class=\"magic-2\">Uso<\/div>\n<\/td>\n<td colspan=\"1\" rowspan=\"1\">\n<div class=\"magic-3\">Passeio com c\u00e3es<\/div>\n<\/td>\n<\/tr>\n<tr>\n<td colspan=\"1\" rowspan=\"1\">\n<div class=\"magic-2\">Recurso<\/div>\n<\/td>\n<td colspan=\"1\" rowspan=\"1\">\n<div class=\"magic-3\">Sustent\u00e1vel<\/div>\n<\/td>\n<\/tr>\n<tr>\n<td colspan=\"1\" rowspan=\"1\">\n<div class=\"magic-2\">MOQ<\/div>\n<\/td>\n<td colspan=\"1\" rowspan=\"1\">\n<div class=\"magic-3\">100 pe\u00e7as<\/div>\n<\/td>\n<\/tr>\n<tr>\n<td colspan=\"1\" rowspan=\"1\">\n<div class=\"magic-2\">Tempo de amostragem<\/div>\n<\/td>\n<td colspan=\"1\" rowspan=\"1\">\n<div class=\"magic-3\">5 a 7 dias \u00fateis<\/div>\n<\/td>\n<\/tr>\n<tr>\n<td colspan=\"1\" rowspan=\"1\">\n<div class=\"magic-2\">Servi\u00e7o OEM<\/div>\n<\/td>\n<td colspan=\"1\" rowspan=\"1\">\n<div class=\"magic-3\">Dispon\u00edvel<\/div>\n<\/td>\n<\/tr>\n<\/tbody>\n<\/table>\n<\/div>\n<\/div>","protected":false},"featured_media":3285,"template":"","meta":{"_seopress_robots_primary_cat":"none","_seopress_titles_title":"Dog Leash Custom Color and Low MOQ - Top Manufacturers","_seopress_titles_desc":"Discover our dog leash custom color. Light and durable pet leashes designed for daily wear. High-quality products from a trusted wholesale factory.","_seopress_robots_index":"","_uag_custom_page_level_css":""},"product_brand":[],"product_cat":[360,28],"product_tag":[],"class_list":{"0":"post-3281","1":"product","2":"type-product","3":"status-publish","4":"has-post-thumbnail","6":"product_cat-daily-wear-leashes","7":"product_cat-pet-leash","9":"first","10":"instock","11":"shipping-taxable","12":"product-type-simple"},"uagb_featured_image_src":{"full":["https:\/\/pecpets.com\/wp-content\/uploads\/2023\/09\/SKU-03-\u84dd\u8272.jpg",800,800,false],"thumbnail":["https:\/\/pecpets.com\/wp-content\/uploads\/2023\/09\/SKU-03-\u84dd\u8272.jpg",150,150,false],"medium":["https:\/\/pecpets.com\/wp-content\/uploads\/2023\/09\/SKU-03-\u84dd\u8272.jpg",300,300,false],"medium_large":["https:\/\/pecpets.com\/wp-content\/uploads\/2023\/09\/SKU-03-\u84dd\u8272.jpg",768,768,false],"large":["https:\/\/pecpets.com\/wp-content\/uploads\/2023\/09\/SKU-03-\u84dd\u8272.jpg",800,800,false],"1536x1536":["https:\/\/pecpets.com\/wp-content\/uploads\/2023\/09\/SKU-03-\u84dd\u8272.jpg",800,800,false],"2048x2048":["https:\/\/pecpets.com\/wp-content\/uploads\/2023\/09\/SKU-03-\u84dd\u8272.jpg",800,800,false],"trp-custom-language-flag":["https:\/\/pecpets.com\/wp-content\/uploads\/2023\/09\/SKU-03-\u84dd\u8272.jpg",12,12,false],"woocommerce_thumbnail":["https:\/\/pecpets.com\/wp-content\/uploads\/2023\/09\/SKU-03-\u84dd\u8272.jpg",300,300,false],"woocommerce_single":["https:\/\/pecpets.com\/wp-content\/uploads\/2023\/09\/SKU-03-\u84dd\u8272.jpg",600,600,false],"woocommerce_gallery_thumbnail":["https:\/\/pecpets.com\/wp-content\/uploads\/2023\/09\/SKU-03-\u84dd\u8272.jpg",100,100,false]},"uagb_author_info":{"display_name":"Lawrence\u00a0\u52b3\u4f26\u65af","author_link":"https:\/\/pecpets.com\/br\/author\/"},"uagb_comment_info":0,"uagb_excerpt":"Dog Leash Custom Color and Low MOQ Product Type Wholesale Pet Leash Material Nylon Design In Stock Design Usage Walk Dogs Feature Sustainable MOQ 100 Pieces Sample Time 5-7 working days OEM Service Available","_links":{"self":[{"href":"https:\/\/pecpets.com\/br\/wp-json\/wp\/v2\/product\/3281","targetHints":{"allow":["GET"]}}],"collection":[{"href":"https:\/\/pecpets.com\/br\/wp-json\/wp\/v2\/product"}],"about":[{"href":"https:\/\/pecpets.com\/br\/wp-json\/wp\/v2\/types\/product"}],"wp:featuredmedia":[{"embeddable":true,"href":"https:\/\/pecpets.com\/br\/wp-json\/wp\/v2\/media\/3285"}],"wp:attachment":[{"href":"https:\/\/pecpets.com\/br\/wp-json\/wp\/v2\/media?parent=3281"}],"wp:term":[{"taxonomy":"product_brand","embeddable":true,"href":"https:\/\/pecpets.com\/br\/wp-json\/wp\/v2\/product_brand?post=3281"},{"taxonomy":"product_cat","embeddable":true,"href":"https:\/\/pecpets.com\/br\/wp-json\/wp\/v2\/product_cat?post=3281"},{"taxonomy":"product_tag","embeddable":true,"href":"https:\/\/pecpets.com\/br\/wp-json\/wp\/v2\/product_tag?post=3281"}],"curies":[{"name":"wp","href":"https:\/\/api.w.org\/{rel}","templated":true}]}}