{"id":3459,"date":"2023-09-03T10:57:49","date_gmt":"2023-09-03T02:57:49","guid":{"rendered":"https:\/\/pecpets.com\/?post_type=product&#038;p=3459"},"modified":"2024-10-29T18:07:46","modified_gmt":"2024-10-29T10:07:46","slug":"pet-dog-travel-bag-carrier-backpack","status":"publish","type":"product","link":"https:\/\/pecpets.com\/br\/product\/pet-dog-travel-bag-carrier-backpack\/","title":{"rendered":"Bolsa de viagem para c\u00e3es de estima\u00e7\u00e3o Mochila de transporte"},"content":{"rendered":"<h2>Confort\u00e1vel bolsa de viagem para c\u00e3es de estima\u00e7\u00e3o Mochila | Transportadores para animais de estima\u00e7\u00e3o para caminhadas na cidade | F\u00e1brica no atacado<\/h2>\n<p>Descubra o m\u00e1ximo em conforto e conveni\u00eancia com nossa mochila de transporte para c\u00e3es e animais de estima\u00e7\u00e3o, perfeita para passeios na cidade e excurs\u00f5es ao ar livre com seu amigo peludo.<\/p>\n<table style=\"border-collapse: collapse; background-color: #ffffff; width: 329px; height: 273px;\" border=\"1\">\n<tbody>\n<tr>\n<td style=\"font-family: Verdana, Arial, Helvetica, sans-serif; font-size: 12px; color: #000000; margin: 8px; width: 187px; text-align: center;\"><span style=\"line-height: 21px; font-size: 14px;\">Nome dos produtos<\/span><\/td>\n<td style=\"font-family: Verdana, Arial, Helvetica, sans-serif; font-size: 12px; color: #000000; margin: 8px; width: 526px; text-align: center;\"><span style=\"font-size: 14px;\">Transportador para animais de estima\u00e7\u00e3o<\/span><\/td>\n<\/tr>\n<tr>\n<td style=\"font-family: Verdana, Arial, Helvetica, sans-serif; font-size: 12px; color: #000000; margin: 8px; width: 187px; text-align: center;\"><span style=\"line-height: 21px; font-size: 14px;\">Item No.<\/span><\/td>\n<td style=\"font-family: Verdana, Arial, Helvetica, sans-serif; font-size: 12px; color: #000000; margin: 8px; width: 526px; text-align: center;\"><span style=\"line-height: 21px; font-size: 14px;\">P-C2035<\/span><\/td>\n<\/tr>\n<tr>\n<td style=\"font-family: Verdana, Arial, Helvetica, sans-serif; font-size: 12px; color: #000000; margin: 8px; width: 187px; text-align: center;\"><span style=\"line-height: 21px; color: #333333; font-family: Arial, Helvetica; font-size: 14px; font-style: normal; font-weight: 400; background-color: #ffffff; float: none; display: inline !important;\">Material<\/span><\/td>\n<td style=\"font-family: Verdana, Arial, Helvetica, sans-serif; font-size: 12px; color: #000000; margin: 8px; width: 526px; text-align: center;\"><span style=\"color: #333333; font-family: Helvetica,Tahoma,Arial; font-size: 12px; font-style: normal; font-weight: 400; background-color: #fcfcfc; display: inline !important; float: none;\">Tecido Oxford<\/span><\/td>\n<\/tr>\n<tr>\n<td style=\"font-family: Verdana, Arial, Helvetica, sans-serif; font-size: 12px; color: #000000; margin: 8px; width: 187px; text-align: center;\"><span style=\"line-height: 21px; font-size: 14px;\">\u00a0Tamanho<\/span><\/td>\n<td style=\"margin: 8px; width: 526px; text-align: center;\"><span style=\"color: #222222; font-family: Helvetica, Tahoma, Arial;\"><span style=\"font-size: 14px;\">Tamanho personalizado<\/span><\/span><\/td>\n<\/tr>\n<tr>\n<td style=\"font-family: Verdana, Arial, Helvetica, sans-serif; font-size: 12px; color: #000000; margin: 8px; width: 187px; text-align: center;\"><span style=\"line-height: 21px; font-size: 14px;\">\u00a0Cor<\/span><\/td>\n<td style=\"font-family: Verdana, Arial, Helvetica, sans-serif; font-size: 12px; color: #000000; margin: 8px; width: 526px; text-align: center;\"><span style=\"font-size: 14px;\">Cor personalizada<\/span><\/td>\n<\/tr>\n<tr>\n<td style=\"font-family: Verdana, Arial, Helvetica, sans-serif; font-size: 12px; color: #000000; margin: 8px; width: 187px; text-align: center;\"><span style=\"line-height: 21px; font-size: 14px;\">\u00a0<span style=\"line-height: 21px; color: #333333; font-family: Arial, Helvetica; font-size: 14px; font-style: normal; font-weight: 400; background-color: #ffffff; float: none; display: inline !important;\">Tipo de animal de estima\u00e7\u00e3o<\/span><\/span><\/td>\n<td style=\"font-family: Verdana, Arial, Helvetica, sans-serif; font-size: 12px; color: #000000; margin: 8px; width: 526px; text-align: center;\"><span style=\"line-height: 21px; font-size: 14px;\">\u00a0Todos os c\u00e3es<\/span><\/td>\n<\/tr>\n<tr>\n<td style=\"font-family: Verdana, Arial, Helvetica, sans-serif; font-size: 12px; color: #000000; margin: 8px; width: 187px; text-align: center;\"><span style=\"line-height: 21px; font-size: 14px;\">\u00a0<span style=\"line-height: 21px; color: #333333; font-family: Arial, Helvetica; font-size: 14px; font-style: normal; font-weight: 400; background-color: #ffffff; float: none; display: inline !important;\">Prazo de entrega<\/span><\/span><\/td>\n<td style=\"font-family: Verdana, Arial, Helvetica, sans-serif; font-size: 12px; color: #000000; margin: 8px; width: 526px; text-align: center;\"><span style=\"line-height: 21px; font-size: 14px;\"><span style=\"line-height: 21px; color: #000000; font-family: Verdana, Arial, Helvetica, sans-serif; font-size: 14px; font-style: normal; font-weight: 400; background-color: #ffffff; float: none; display: inline !important;\">De 1 a 5 dias para pequenas quantidades por via a\u00e9rea e de 30 a 35 dias para grandes quantidades por via mar\u00edtima<\/span>\u00a0<\/span><\/td>\n<\/tr>\n<tr>\n<td style=\"font-family: Verdana, Arial, Helvetica, sans-serif; font-size: 12px; color: #000000; margin: 8px; width: 187px; text-align: center;\"><span style=\"line-height: 21px; font-size: 14px;\">\u00a0<span style=\"line-height: 21px; color: #333333; font-family: Arial, Helvetica; font-size: 14px; font-style: normal; font-weight: 400; background-color: #ffffff; float: none; display: inline !important;\">Porto de embarque<\/span><\/span><\/td>\n<td style=\"font-family: Verdana, Arial, Helvetica, sans-serif; font-size: 12px; color: #000000; margin: 8px; width: 526px; text-align: center;\"><span style=\"line-height: 21px; font-size: 14px;\">Xiamen\u00a0<\/span><\/td>\n<\/tr>\n<tr>\n<td style=\"font-family: Verdana, Arial, Helvetica, sans-serif; font-size: 12px; color: #000000; margin: 8px; width: 187px; text-align: center;\"><span style=\"line-height: 21px; font-size: 14px;\">\u00a0<span style=\"line-height: 21px; color: #333333; font-family: Arial, Helvetica; font-size: 14px; font-style: normal; font-weight: 400; background-color: #ffffff; float: none; display: inline !important;\">OEM\/ODM<\/span><\/span><\/td>\n<td style=\"font-family: Verdana, Arial, Helvetica, sans-serif; font-size: 12px; color: #000000; margin: 8px; width: 526px; text-align: center;\"><span style=\"line-height: 21px; font-size: 14px;\">\u00a0<span style=\"line-height: 21px; color: #333333; font-family: Arial, Helvetica; font-size: 14px; font-style: normal; font-weight: 400; background-color: #ffffff; float: none; display: inline !important;\">Dispon\u00edvel<\/span><\/span><\/td>\n<\/tr>\n<tr>\n<td style=\"font-family: Verdana, Arial, Helvetica, sans-serif; font-size: 12px; color: #000000; margin: 8px; width: 187px; text-align: center;\"><span style=\"line-height: 21px; font-size: 14px;\">\u00a0<span style=\"line-height: 21px; color: #333333; font-family: Arial, Helvetica; font-size: 14px; font-style: normal; font-weight: 400; background-color: #ffffff; float: none; display: inline !important;\">Pacote<\/span><\/span><\/td>\n<td style=\"font-family: Verdana, Arial, Helvetica, sans-serif; font-size: 12px; color: #000000; margin: 8px; width: 526px; text-align: center;\"><span style=\"line-height: 21px; font-size: 14px;\"><span style=\"line-height: 21px; color: #333333; font-family: Arial, Helvetica; font-size: 14px; font-style: normal; font-weight: 400; background-color: #ffffff; float: none; display: inline !important;\">Cada um \u00e9 embalado em um PPB e depois em uma caixa de papel\u00e3o ou conforme necess\u00e1rio<\/span><\/span><\/td>\n<\/tr>\n<\/tbody>\n<\/table>\n<p>Nossos transportadores para animais de estima\u00e7\u00e3o City Walk s\u00e3o projetados para estabilizar seu animal de estima\u00e7\u00e3o durante a viagem, garantindo seu conforto e seguran\u00e7a.<\/p>\n<p>Com foco na qualidade e na funcionalidade, nossa f\u00e1brica de atacado oferece uma variedade de op\u00e7\u00f5es para atender \u00e0s necessidades de seus clientes.<\/p>\n<p>Explore nossa cole\u00e7\u00e3o agora e ofere\u00e7a a seus clientes um produto premium <span style=\"color: #ff0000;\"><a style=\"color: #ff0000;\" href=\"https:\/\/pecpets.com\/br\/\/pet-bed\/\" target=\"_blank\" rel=\"noopener\">mochila para animais de estima\u00e7\u00e3o<\/a><\/span> que combina conforto e estilo para suas aventuras juntos.<\/p>","protected":false},"excerpt":{"rendered":"<div class=\"structure-row\">\n<h2><strong><b>Mochila de transporte para c\u00e3es e animais de estima\u00e7\u00e3o no atacado<\/b><\/strong><\/h2>\n<p>Descubra a mochila de transporte para c\u00e3es de estima\u00e7\u00e3o.<\/p>\n<p>Mantenha o estilo de seus animais de estima\u00e7\u00e3o com nossos designs de alta qualidade.<\/p>\n<\/div>","protected":false},"featured_media":3461,"template":"","meta":{"_seopress_robots_primary_cat":"none","_seopress_titles_title":"Pet Dog Travel Bag Carrier Backpack - Top Manufacturers","_seopress_titles_desc":"Explore our pet dog travel bag carrier backpack. comfortable pet carriers designed for city walks. High-quality products from a trusted wholesale factory.","_seopress_robots_index":"","_uag_custom_page_level_css":""},"product_brand":[],"product_cat":[367,15],"product_tag":[],"class_list":{"0":"post-3459","1":"product","2":"type-product","3":"status-publish","4":"has-post-thumbnail","6":"product_cat-city-walk-pet-carriers","7":"product_cat-pet-carrier","9":"first","10":"instock","11":"shipping-taxable","12":"product-type-simple"},"uagb_featured_image_src":{"full":["https:\/\/pecpets.com\/wp-content\/uploads\/2023\/09\/Detail-08.jpg",790,697,false],"thumbnail":["https:\/\/pecpets.com\/wp-content\/uploads\/2023\/09\/Detail-08.jpg",150,132,false],"medium":["https:\/\/pecpets.com\/wp-content\/uploads\/2023\/09\/Detail-08.jpg",300,265,false],"medium_large":["https:\/\/pecpets.com\/wp-content\/uploads\/2023\/09\/Detail-08.jpg",768,678,false],"large":["https:\/\/pecpets.com\/wp-content\/uploads\/2023\/09\/Detail-08.jpg",790,697,false],"1536x1536":["https:\/\/pecpets.com\/wp-content\/uploads\/2023\/09\/Detail-08.jpg",790,697,false],"2048x2048":["https:\/\/pecpets.com\/wp-content\/uploads\/2023\/09\/Detail-08.jpg",790,697,false],"trp-custom-language-flag":["https:\/\/pecpets.com\/wp-content\/uploads\/2023\/09\/Detail-08.jpg",14,12,false],"woocommerce_thumbnail":["https:\/\/pecpets.com\/wp-content\/uploads\/2023\/09\/Detail-08-300x300.jpg",300,300,true],"woocommerce_single":["https:\/\/pecpets.com\/wp-content\/uploads\/2023\/09\/Detail-08.jpg",600,529,false],"woocommerce_gallery_thumbnail":["https:\/\/pecpets.com\/wp-content\/uploads\/2023\/09\/Detail-08-100x100.jpg",100,100,true]},"uagb_author_info":{"display_name":"Lawrence\u00a0\u52b3\u4f26\u65af","author_link":"https:\/\/pecpets.com\/br\/author\/"},"uagb_comment_info":0,"uagb_excerpt":"Wholesale Pet Dog Travel Bag Carrier Backpack Discover Pet Dog Travel Bag Carrier Backpack. Keep your pets stylish with our high-quality designs.","_links":{"self":[{"href":"https:\/\/pecpets.com\/br\/wp-json\/wp\/v2\/product\/3459","targetHints":{"allow":["GET"]}}],"collection":[{"href":"https:\/\/pecpets.com\/br\/wp-json\/wp\/v2\/product"}],"about":[{"href":"https:\/\/pecpets.com\/br\/wp-json\/wp\/v2\/types\/product"}],"wp:featuredmedia":[{"embeddable":true,"href":"https:\/\/pecpets.com\/br\/wp-json\/wp\/v2\/media\/3461"}],"wp:attachment":[{"href":"https:\/\/pecpets.com\/br\/wp-json\/wp\/v2\/media?parent=3459"}],"wp:term":[{"taxonomy":"product_brand","embeddable":true,"href":"https:\/\/pecpets.com\/br\/wp-json\/wp\/v2\/product_brand?post=3459"},{"taxonomy":"product_cat","embeddable":true,"href":"https:\/\/pecpets.com\/br\/wp-json\/wp\/v2\/product_cat?post=3459"},{"taxonomy":"product_tag","embeddable":true,"href":"https:\/\/pecpets.com\/br\/wp-json\/wp\/v2\/product_tag?post=3459"}],"curies":[{"name":"wp","href":"https:\/\/api.w.org\/{rel}","templated":true}]}}