{"id":5425,"date":"2024-05-13T10:23:55","date_gmt":"2024-05-13T02:23:55","guid":{"rendered":"https:\/\/pecpets.com\/?post_type=product&#038;p=5425"},"modified":"2024-06-12T14:26:19","modified_gmt":"2024-06-12T06:26:19","slug":"cat-laser-pointer","status":"publish","type":"product","link":"https:\/\/pecpets.com\/br\/product\/cat-laser-pointer\/","title":{"rendered":"Apontador laser para gatos"},"content":{"rendered":"<h2 data-immersive-translate-walked=\"ec68562d-a024-4976-a6b0-e13a360f0c00\" data-immersive-translate-paragraph=\"1\">Apontador laser para gatos Premium e f\u00e1brica de acess\u00f3rios para animais de estima\u00e7\u00e3o<\/h2>\n<p data-immersive-translate-walked=\"ec68562d-a024-4976-a6b0-e13a360f0c00\" data-immersive-translate-paragraph=\"1\">Explore nossa ampla variedade de acess\u00f3rios para animais de estima\u00e7\u00e3o, incluindo o popular Cat Laser Pointer.<\/p>\n<p data-immersive-translate-walked=\"ec68562d-a024-4976-a6b0-e13a360f0c00\" data-immersive-translate-paragraph=\"1\">Nossa f\u00e1brica produz brinquedos port\u00e1teis e de alta qualidade para gatos de estima\u00e7\u00e3o que n\u00e3o s\u00e3o apenas divertidos, mas tamb\u00e9m atraentes para seus companheiros peludos.<\/p>\n<p data-immersive-translate-walked=\"ec68562d-a024-4976-a6b0-e13a360f0c00\" data-immersive-translate-paragraph=\"1\">Com foco em divers\u00e3o e funcionalidade, nossos produtos s\u00e3o projetados para proporcionar entretenimento sem fim para animais de estima\u00e7\u00e3o de todos os tamanhos.<\/p>\n<p data-immersive-translate-walked=\"ec68562d-a024-4976-a6b0-e13a360f0c00\" data-immersive-translate-paragraph=\"1\">Descubra os acess\u00f3rios perfeitos para animais de estima\u00e7\u00e3o em nossa f\u00e1brica hoje mesmo!<\/p>","protected":false},"excerpt":{"rendered":"<h2>Apontador laser para gatos<\/h2>\n<table style=\"border-collapse: collapse; background-color: #ffffff; width: 721px; height: 192px;\" border=\"1\">\n<tbody>\n<tr style=\"height: auto;\">\n<td style=\"font-family: Verdana, Arial, Helvetica, sans-serif; font-size: 12px; color: #000000; margin: 8px; width: 187px; text-align: center; height: auto;\"><span style=\"line-height: 21px; font-size: 14px;\">Nome dos produtos<\/span><\/td>\n<td style=\"font-family: Verdana, Arial, Helvetica, sans-serif; font-size: 12px; color: #000000; margin: 8px; width: 526px; text-align: center; height: auto;\"><span style=\"font-size: 14px;\">Apontador laser para gatos<\/span><\/td>\n<\/tr>\n<tr style=\"height: 21px;\">\n<td style=\"font-family: Verdana, Arial, Helvetica, sans-serif; font-size: 12px; color: #000000; margin: 8px; width: 187px; text-align: center; height: 21px;\"><span style=\"line-height: 21px; font-size: 14px;\">Item No.<\/span><\/td>\n<td style=\"font-family: Verdana, Arial, Helvetica, sans-serif; font-size: 12px; color: #000000; margin: 8px; width: 526px; text-align: center; height: 21px;\"><span style=\"line-height: 21px; font-size: 14px;\">Y2106<\/span><\/td>\n<\/tr>\n<tr style=\"height: 18.5px;\">\n<td style=\"font-family: Verdana, Arial, Helvetica, sans-serif; font-size: 12px; color: #000000; margin: 8px; width: 187px; text-align: center; height: 18.5px;\"><span style=\"line-height: 21px; color: #333333; font-family: Arial, Helvetica; font-size: 14px; font-style: normal; font-weight: 400; background-color: #ffffff; float: none; display: inline !important;\">Material<\/span><\/td>\n<td style=\"font-family: Verdana, Arial, Helvetica, sans-serif; font-size: 12px; color: #000000; margin: 8px; width: 526px; text-align: center; height: 18.5px;\"><span style=\"color: #333333; font-family: Helvetica, Tahoma, Arial; font-size: 14px; font-style: normal; font-weight: 400; background-color: #fcfcfc; float: none; display: inline !important;\">A\u00e7o inoxid\u00e1vel<\/span><\/td>\n<\/tr>\n<tr style=\"height: 21px;\">\n<td style=\"font-family: Verdana, Arial, Helvetica, sans-serif; font-size: 12px; color: #000000; margin: 8px; width: 187px; text-align: center; height: 21px;\"><span style=\"line-height: 21px; font-size: 14px;\">\u00a0Tamanho<\/span><\/td>\n<td style=\"font-family: Verdana, Arial, Helvetica, sans-serif; font-size: 12px; color: #000000; margin: 8px; width: 526px; text-align: center; height: 21px;\"><span style=\"font-size: 14px;\">114mm*16mm<\/span><\/td>\n<\/tr>\n<tr style=\"height: 21px;\">\n<td style=\"font-family: Verdana, Arial, Helvetica, sans-serif; font-size: 12px; color: #000000; margin: 8px; width: 187px; text-align: center; height: 21px;\"><span style=\"line-height: 21px; font-size: 14px;\">\u00a0Cor<\/span><\/td>\n<td style=\"font-family: Verdana, Arial, Helvetica, sans-serif; font-size: 12px; color: #000000; margin: 8px; width: 526px; text-align: center; height: 21px;\"><span style=\"font-size: 14px;\">branco prateado<\/span><\/td>\n<\/tr>\n<tr style=\"height: auto;\">\n<td style=\"font-family: Verdana, Arial, Helvetica, sans-serif; font-size: 12px; color: #000000; margin: 8px; width: 187px; text-align: center; height: auto;\"><span style=\"line-height: 21px; font-size: 14px;\">\u00a0<span style=\"line-height: 21px; color: #333333; font-family: Arial, Helvetica; font-size: 14px; font-style: normal; font-weight: 400; background-color: #ffffff; float: none; display: inline !important;\">Tipo de animal de estima\u00e7\u00e3o<\/span><\/span><\/td>\n<td style=\"font-family: Verdana, Arial, Helvetica, sans-serif; font-size: 12px; color: #000000; margin: 8px; width: 526px; text-align: center; height: auto;\"><span style=\"line-height: 21px; font-size: 14px;\">\u00a0Todos os gatos<span class=\"notranslate immersive-translate-target-wrapper\" lang=\"zh-CN\" translate=\"no\" data-immersive-translate-loading-id=\"1\">\u00a0<\/span><\/span><\/td>\n<\/tr>\n<tr style=\"height: auto;\">\n<td style=\"font-family: Verdana, Arial, Helvetica, sans-serif; font-size: 12px; color: #000000; margin: 8px; width: 187px; text-align: center; height: auto;\"><span style=\"line-height: 21px; font-size: 14px;\">\u00a0<span style=\"line-height: 21px; color: #333333; font-family: Arial, Helvetica; font-size: 14px; font-style: normal; font-weight: 400; background-color: #ffffff; float: none; display: inline !important;\">Prazo de entrega<\/span><\/span><\/td>\n<td style=\"font-family: Verdana, Arial, Helvetica, sans-serif; font-size: 12px; color: #000000; margin: 8px; width: 526px; text-align: center; height: auto;\"><span style=\"line-height: 21px; font-size: 14px;\"><span style=\"line-height: 21px; color: #000000; font-family: Verdana, Arial, Helvetica, sans-serif; font-size: 14px; font-style: normal; font-weight: 400; background-color: #ffffff; float: none; display: inline !important;\">De 1 a 5 dias para pequenas quantidades por via a\u00e9rea e de 30 a 35 dias para grandes quantidades por via mar\u00edtima<\/span>\u00a0<\/span><\/td>\n<\/tr>\n<tr style=\"height: auto;\">\n<td style=\"font-family: Verdana, Arial, Helvetica, sans-serif; font-size: 12px; color: #000000; margin: 8px; width: 187px; text-align: center; height: auto;\"><span style=\"line-height: 21px; font-size: 14px;\">\u00a0<span style=\"line-height: 21px; color: #333333; font-family: Arial, Helvetica; font-size: 14px; font-style: normal; font-weight: 400; background-color: #ffffff; float: none; display: inline !important;\">Porto de embarque<\/span><\/span><\/td>\n<td style=\"font-family: Verdana, Arial, Helvetica, sans-serif; font-size: 12px; color: #000000; margin: 8px; width: 526px; text-align: center; height: auto;\"><span style=\"line-height: 21px; font-size: 14px;\">Xiamen\u00a0<\/span><\/td>\n<\/tr>\n<tr style=\"height: auto;\">\n<td style=\"font-family: Verdana, Arial, Helvetica, sans-serif; font-size: 12px; color: #000000; margin: 8px; width: 187px; text-align: center; height: auto;\"><span style=\"line-height: 21px; font-size: 14px;\">\u00a0<span style=\"line-height: 21px; color: #333333; font-family: Arial, Helvetica; font-size: 14px; font-style: normal; font-weight: 400; background-color: #ffffff; float: none; display: inline !important;\">OEM\/ODM<\/span><\/span><\/td>\n<td style=\"font-family: Verdana, Arial, Helvetica, sans-serif; font-size: 12px; color: #000000; margin: 8px; width: 526px; text-align: center; height: auto;\"><span style=\"line-height: 21px; font-size: 14px;\">\u00a0<span style=\"line-height: 21px; color: #333333; font-family: Arial, Helvetica; font-size: 14px; font-style: normal; font-weight: 400; background-color: #ffffff; float: none; display: inline !important;\">Dispon\u00edvel<\/span><\/span><\/td>\n<\/tr>\n<tr style=\"height: auto;\">\n<td style=\"font-family: Verdana, Arial, Helvetica, sans-serif; font-size: 12px; color: #000000; margin: 8px; width: 187px; text-align: center; height: auto;\"><span style=\"line-height: 21px; font-size: 14px;\">\u00a0<span style=\"line-height: 21px; color: #333333; font-family: Arial, Helvetica; font-size: 14px; font-style: normal; font-weight: 400; background-color: #ffffff; float: none; display: inline !important;\">Pacote<\/span><\/span><\/td>\n<td style=\"font-family: Verdana, Arial, Helvetica, sans-serif; font-size: 12px; color: #000000; margin: 8px; width: 526px; text-align: center; height: auto;\"><span style=\"line-height: 21px; font-size: 14px;\"><span style=\"line-height: 21px; color: #333333; font-family: Arial, Helvetica; font-size: 14px; font-style: normal; font-weight: 400; background-color: #ffffff; float: none; display: inline !important;\">Cada um \u00e9 embalado em um PPB e depois em uma caixa de papel\u00e3o ou conforme necess\u00e1rio<\/span><\/span><\/td>\n<\/tr>\n<\/tbody>\n<\/table>","protected":false},"featured_media":5418,"template":"","meta":{"_seopress_robots_primary_cat":"none","_seopress_titles_title":"Pet Accessory: Cat Laser Pointer - Top Manufacturers","_seopress_titles_desc":"Discover funny and engaging cat laser pointer from top pet accessory manufacturers. Keep your cats entertained and active with our high-quality, interactive toy","_seopress_robots_index":"","_uag_custom_page_level_css":""},"product_brand":[],"product_cat":[29],"product_tag":[168],"class_list":{"0":"post-5425","1":"product","2":"type-product","3":"status-publish","4":"has-post-thumbnail","6":"product_cat-pet-toys","7":"product_tag-pet-toy","9":"first","10":"instock","11":"shipping-taxable","12":"product-type-simple"},"uagb_featured_image_src":{"full":["https:\/\/pecpets.com\/wp-content\/uploads\/2024\/05\/Cat-Laser-Pointer4.jpg",800,800,false],"thumbnail":["https:\/\/pecpets.com\/wp-content\/uploads\/2024\/05\/Cat-Laser-Pointer4.jpg",150,150,false],"medium":["https:\/\/pecpets.com\/wp-content\/uploads\/2024\/05\/Cat-Laser-Pointer4.jpg",300,300,false],"medium_large":["https:\/\/pecpets.com\/wp-content\/uploads\/2024\/05\/Cat-Laser-Pointer4.jpg",768,768,false],"large":["https:\/\/pecpets.com\/wp-content\/uploads\/2024\/05\/Cat-Laser-Pointer4.jpg",800,800,false],"1536x1536":["https:\/\/pecpets.com\/wp-content\/uploads\/2024\/05\/Cat-Laser-Pointer4.jpg",800,800,false],"2048x2048":["https:\/\/pecpets.com\/wp-content\/uploads\/2024\/05\/Cat-Laser-Pointer4.jpg",800,800,false],"trp-custom-language-flag":["https:\/\/pecpets.com\/wp-content\/uploads\/2024\/05\/Cat-Laser-Pointer4.jpg",12,12,false],"woocommerce_thumbnail":["https:\/\/pecpets.com\/wp-content\/uploads\/2024\/05\/Cat-Laser-Pointer4.jpg",300,300,false],"woocommerce_single":["https:\/\/pecpets.com\/wp-content\/uploads\/2024\/05\/Cat-Laser-Pointer4.jpg",600,600,false],"woocommerce_gallery_thumbnail":["https:\/\/pecpets.com\/wp-content\/uploads\/2024\/05\/Cat-Laser-Pointer4.jpg",100,100,false]},"uagb_author_info":{"display_name":"Lawrence\u00a0\u52b3\u4f26\u65af","author_link":"https:\/\/pecpets.com\/br\/author\/"},"uagb_comment_info":0,"uagb_excerpt":"Cat Laser Pointer Products Name Cat Laser Pointer Item No. Y2106 Material Stainless steel \u00a0Size 114mm*16mm \u00a0Color silver white \u00a0Pet type \u00a0All\u00a0Cat\u00a0 \u00a0Delivery time 1-5days\u00a0for small quantity by air and 30-35days for large quantity by sea\u00a0 \u00a0Port of shipment Xiamen\u00a0 \u00a0OEM\/ODM \u00a0Available \u00a0Package Each one packed in a PPB then into Carton or per needed","_links":{"self":[{"href":"https:\/\/pecpets.com\/br\/wp-json\/wp\/v2\/product\/5425","targetHints":{"allow":["GET"]}}],"collection":[{"href":"https:\/\/pecpets.com\/br\/wp-json\/wp\/v2\/product"}],"about":[{"href":"https:\/\/pecpets.com\/br\/wp-json\/wp\/v2\/types\/product"}],"wp:featuredmedia":[{"embeddable":true,"href":"https:\/\/pecpets.com\/br\/wp-json\/wp\/v2\/media\/5418"}],"wp:attachment":[{"href":"https:\/\/pecpets.com\/br\/wp-json\/wp\/v2\/media?parent=5425"}],"wp:term":[{"taxonomy":"product_brand","embeddable":true,"href":"https:\/\/pecpets.com\/br\/wp-json\/wp\/v2\/product_brand?post=5425"},{"taxonomy":"product_cat","embeddable":true,"href":"https:\/\/pecpets.com\/br\/wp-json\/wp\/v2\/product_cat?post=5425"},{"taxonomy":"product_tag","embeddable":true,"href":"https:\/\/pecpets.com\/br\/wp-json\/wp\/v2\/product_tag?post=5425"}],"curies":[{"name":"wp","href":"https:\/\/api.w.org\/{rel}","templated":true}]}}