{"id":5735,"date":"2024-05-28T17:00:20","date_gmt":"2024-05-28T09:00:20","guid":{"rendered":"https:\/\/pecpets.com\/?post_type=product&#038;p=5735"},"modified":"2025-08-18T17:13:26","modified_gmt":"2025-08-18T09:13:26","slug":"waterproof-dog-shoes","status":"publish","type":"product","link":"https:\/\/pecpets.com\/br\/product\/waterproof-dog-shoes\/","title":{"rendered":"Sapatos imperme\u00e1veis para c\u00e3es"},"content":{"rendered":"<h2 data-immersive-translate-walked=\"b535e8cb-4fa8-4755-a6c9-df7ac573832a\"><strong data-immersive-translate-walked=\"b535e8cb-4fa8-4755-a6c9-df7ac573832a\" data-immersive-translate-paragraph=\"1\">Atacado <\/strong><strong data-immersive-translate-walked=\"b535e8cb-4fa8-4755-a6c9-df7ac573832a\" data-immersive-translate-paragraph=\"1\">Respir\u00e1vel <\/strong><strong data-immersive-translate-walked=\"b535e8cb-4fa8-4755-a6c9-df7ac573832a\" data-immersive-translate-paragraph=\"1\">Sapatos \u00e0 prova d'\u00e1gua para c\u00e3es - Sapatos para c\u00e3es de estima\u00e7\u00e3o para todas as esta\u00e7\u00f5es<\/strong><\/h2>\n<p data-immersive-translate-walked=\"b535e8cb-4fa8-4755-a6c9-df7ac573832a\" data-immersive-translate-paragraph=\"1\">Explore nossa cole\u00e7\u00e3o de cal\u00e7ados respir\u00e1veis \u00e0 prova d'\u00e1gua para c\u00e3es no atacado, incluindo uma variedade de cal\u00e7ados para c\u00e3es de estima\u00e7\u00e3o projetados para todas as esta\u00e7\u00f5es.<\/p>\n<table width=\"288\">\n<tbody>\n<tr>\n<td width=\"137\"><span style=\"color: #333333;\">Nome dos produtos<\/span><\/td>\n<td width=\"151\"><span style=\"color: #333333;\">Sapatos para animais de estima\u00e7\u00e3o<\/span><\/td>\n<\/tr>\n<tr>\n<td><span style=\"color: #333333;\">Item No.<\/span><\/td>\n<td><span style=\"color: #333333;\">PA-S2019<\/span><\/td>\n<\/tr>\n<tr>\n<td><span style=\"color: #333333;\">Material<\/span><\/td>\n<td><span style=\"color: #333333;\">Borracha<\/span><\/td>\n<\/tr>\n<tr>\n<td><span style=\"color: #333333;\">\u00a0Tamanho e cor<\/span><\/td>\n<td><span style=\"color: #333333;\">Personalizado<\/span><\/td>\n<\/tr>\n<tr>\n<td><span style=\"color: #333333;\">\u00a0Prazo de entrega<\/span><\/td>\n<td><span style=\"color: #333333;\">De 1 a 5 dias para pequenas quantidades por via a\u00e9rea e de 30 a 35 dias para grandes quantidades por via mar\u00edtima<\/span><\/td>\n<\/tr>\n<\/tbody>\n<\/table>\n<p data-immersive-translate-walked=\"b535e8cb-4fa8-4755-a6c9-df7ac573832a\" data-immersive-translate-paragraph=\"1\">Nossos produtos, resistentes a v\u00e1rias condi\u00e7\u00f5es, oferecem estilo e funcionalidade para os donos de c\u00e3es que desejam proteger as patas de seus amigos peludos.<\/p>\n<p data-immersive-translate-walked=\"b535e8cb-4fa8-4755-a6c9-df7ac573832a\" data-immersive-translate-paragraph=\"1\">Desde os recursos \u00e0 prova d'\u00e1gua at\u00e9 a respirabilidade, nossos cal\u00e7ados para c\u00e3es s\u00e3o feitos para proporcionar conforto e prote\u00e7\u00e3o.<\/p>\n<p data-immersive-translate-walked=\"b535e8cb-4fa8-4755-a6c9-df7ac573832a\" data-immersive-translate-paragraph=\"1\">Conhe\u00e7a nossa linha de cal\u00e7ados para c\u00e3es no atacado hoje mesmo para garantir que os animais de estima\u00e7\u00e3o de seus clientes andem com estilo e seguran\u00e7a.<\/p>","protected":false},"excerpt":{"rendered":"<h2 data-immersive-translate-walked=\"b535e8cb-4fa8-4755-a6c9-df7ac573832a\"><strong data-immersive-translate-walked=\"b535e8cb-4fa8-4755-a6c9-df7ac573832a\" data-immersive-translate-paragraph=\"1\">Sapatos imperme\u00e1veis para c\u00e3es<\/strong><\/h2>\n<p>Explore Waterproof Dog Shoes.<\/p>\n<p>Compre cal\u00e7ados para animais de estima\u00e7\u00e3o por atacado da f\u00e1brica para obter pre\u00e7os e qualidade imbat\u00edveis.<\/p>","protected":false},"featured_media":5741,"template":"","meta":{"_seopress_robots_primary_cat":"none","_seopress_titles_title":"Pet Accessory:Breathable Waterproof Dog Shoes - Top Manufacturers","_seopress_titles_desc":"Find top-quality breathable, waterproof dog shoes from leading pet accessory manufacturers. Keep your pet paws dry and comfortable with our premium selection.","_seopress_robots_index":"","_uag_custom_page_level_css":""},"product_brand":[],"product_cat":[330],"product_tag":[],"class_list":{"0":"post-5735","1":"product","2":"type-product","3":"status-publish","4":"has-post-thumbnail","6":"product_cat-dog-shoes","8":"first","9":"instock","10":"shipping-taxable","11":"product-type-simple"},"uagb_featured_image_src":{"full":["https:\/\/pecpets.com\/wp-content\/uploads\/2024\/05\/Waterproof-Breathable-Dog-Shoes6.jpg",800,800,false],"thumbnail":["https:\/\/pecpets.com\/wp-content\/uploads\/2024\/05\/Waterproof-Breathable-Dog-Shoes6-150x150.jpg",150,150,true],"medium":["https:\/\/pecpets.com\/wp-content\/uploads\/2024\/05\/Waterproof-Breathable-Dog-Shoes6-300x300.jpg",300,300,true],"medium_large":["https:\/\/pecpets.com\/wp-content\/uploads\/2024\/05\/Waterproof-Breathable-Dog-Shoes6-768x768.jpg",768,768,true],"large":["https:\/\/pecpets.com\/wp-content\/uploads\/2024\/05\/Waterproof-Breathable-Dog-Shoes6.jpg",800,800,false],"1536x1536":["https:\/\/pecpets.com\/wp-content\/uploads\/2024\/05\/Waterproof-Breathable-Dog-Shoes6.jpg",800,800,false],"2048x2048":["https:\/\/pecpets.com\/wp-content\/uploads\/2024\/05\/Waterproof-Breathable-Dog-Shoes6.jpg",800,800,false],"trp-custom-language-flag":["https:\/\/pecpets.com\/wp-content\/uploads\/2024\/05\/Waterproof-Breathable-Dog-Shoes6.jpg",12,12,false],"woocommerce_thumbnail":["https:\/\/pecpets.com\/wp-content\/uploads\/2024\/05\/Waterproof-Breathable-Dog-Shoes6-300x300.jpg",300,300,true],"woocommerce_single":["https:\/\/pecpets.com\/wp-content\/uploads\/2024\/05\/Waterproof-Breathable-Dog-Shoes6-600x600.jpg",600,600,true],"woocommerce_gallery_thumbnail":["https:\/\/pecpets.com\/wp-content\/uploads\/2024\/05\/Waterproof-Breathable-Dog-Shoes6-100x100.jpg",100,100,true]},"uagb_author_info":{"display_name":"Lawrence\u00a0\u52b3\u4f26\u65af","author_link":"https:\/\/pecpets.com\/br\/author\/"},"uagb_comment_info":0,"uagb_excerpt":"Waterproof Dog Shoes Explore Waterproof Dog Shoes. Shop wholesale pet Shoes from the factory for unbeatable prices and quality.","_links":{"self":[{"href":"https:\/\/pecpets.com\/br\/wp-json\/wp\/v2\/product\/5735","targetHints":{"allow":["GET"]}}],"collection":[{"href":"https:\/\/pecpets.com\/br\/wp-json\/wp\/v2\/product"}],"about":[{"href":"https:\/\/pecpets.com\/br\/wp-json\/wp\/v2\/types\/product"}],"wp:featuredmedia":[{"embeddable":true,"href":"https:\/\/pecpets.com\/br\/wp-json\/wp\/v2\/media\/5741"}],"wp:attachment":[{"href":"https:\/\/pecpets.com\/br\/wp-json\/wp\/v2\/media?parent=5735"}],"wp:term":[{"taxonomy":"product_brand","embeddable":true,"href":"https:\/\/pecpets.com\/br\/wp-json\/wp\/v2\/product_brand?post=5735"},{"taxonomy":"product_cat","embeddable":true,"href":"https:\/\/pecpets.com\/br\/wp-json\/wp\/v2\/product_cat?post=5735"},{"taxonomy":"product_tag","embeddable":true,"href":"https:\/\/pecpets.com\/br\/wp-json\/wp\/v2\/product_tag?post=5735"}],"curies":[{"name":"wp","href":"https:\/\/api.w.org\/{rel}","templated":true}]}}