{"id":6928,"date":"2024-06-25T10:10:48","date_gmt":"2024-06-25T02:10:48","guid":{"rendered":"https:\/\/pecpets.com\/?post_type=product&#038;p=6928"},"modified":"2024-10-29T16:20:16","modified_gmt":"2024-10-29T08:20:16","slug":"neck-care-bolster-orthopaedic-memory-foam-velvet-dog-bed","status":"publish","type":"product","link":"https:\/\/pecpets.com\/br\/product\/neck-care-bolster-orthopaedic-memory-foam-velvet-dog-bed\/","title":{"rendered":"Cama para c\u00e3es de veludo com espuma de mem\u00f3ria ortop\u00e9dica Neck-care Bolster"},"content":{"rendered":"<h2 data-immersive-translate-walked=\"4d8d5f5d-02b7-4704-85e3-4753af6287a1\" data-immersive-translate-paragraph=\"1\">Luxury Neck-care Bolster Orthopaedic Memory Foam Velvet Dog Bed | Wholesale &amp; Factory Direct Orthopaedic Dog Beds<\/h2>\n<p data-immersive-translate-walked=\"4d8d5f5d-02b7-4704-85e3-4753af6287a1\" data-immersive-translate-paragraph=\"1\">Descubra o m\u00e1ximo em conforto com a nossa cama ortop\u00e9dica de veludo com espuma de mem\u00f3ria para pesco\u00e7o. Perfeita para fornecer suporte ortop\u00e9dico, essa cama de luxo para c\u00e3es est\u00e1 dispon\u00edvel para venda no atacado diretamente de nossa f\u00e1brica, garantindo qualidade superior e pre\u00e7os competitivos.<\/p>\n<table style=\"border-collapse: collapse; background-color: #ffffff; width: 329px; height: 315px;\" border=\"1\">\n<tbody>\n<tr>\n<td style=\"font-family: Verdana, Arial, Helvetica, sans-serif; font-size: 12px; color: #000000; margin: 8px; width: 187px; text-align: center;\"><span style=\"line-height: 21px; font-size: 14px;\">Nome dos produtos<span class=\"notranslate immersive-translate-target-wrapper\" lang=\"zh-CN\" translate=\"no\" data-immersive-translate-loading-id=\"1\">\u00a0<\/span><\/span><\/td>\n<td style=\"font-family: Verdana, Arial, Helvetica, sans-serif; font-size: 12px; color: #000000; margin: 8px; width: 526px; text-align: center;\"><span style=\"color: #000000; font-family: Verdana, Arial, Helvetica, sans-serif; font-size: 12px; font-style: normal; font-weight: 400; text-align: center; background-color: #ffffff; display: inline !important; float: none;\">Cama para animais de estima\u00e7\u00e3o<\/span><\/td>\n<\/tr>\n<tr>\n<td style=\"font-family: Verdana, Arial, Helvetica, sans-serif; font-size: 12px; color: #000000; margin: 8px; width: 187px; text-align: center;\"><span style=\"line-height: 21px; font-size: 14px;\">Item No.<\/span><\/td>\n<td style=\"font-family: Verdana, Arial, Helvetica, sans-serif; font-size: 12px; color: #000000; margin: 8px; width: 526px; text-align: center;\"><span style=\"line-height: 21px; font-size: 14px;\">P-B2013<\/span><\/td>\n<\/tr>\n<tr>\n<td style=\"font-family: Verdana, Arial, Helvetica, sans-serif; font-size: 12px; color: #000000; margin: 8px; width: 187px; text-align: center;\"><span style=\"line-height: 21px; color: #333333; font-family: Arial, Helvetica; font-size: 14px; font-style: normal; font-weight: 400; background-color: #ffffff; float: none; display: inline !important;\">Material<\/span><\/td>\n<td style=\"font-family: Verdana, Arial, Helvetica, sans-serif; font-size: 12px; color: #000000; margin: 8px; width: 526px; text-align: center;\">\n<p style=\"margin: 0px auto; padding: 0px; border: 0px; line-height: 30px; color: #222222; font-family: Helvetica,Verdana,Tahoma,Arial,sans-serif; font-size: 13px; font-style: normal; font-weight: 400; background-color: #fcfcfc;\"><label><span style=\"box-sizing: border-box; margin: 0px; padding: 0px 0px 0px 8px; border: 0px; font-style: inherit; font-weight: inherit; font-size: 12px; line-height: 30px; font-family: Helvetica,Tahoma,Arial; vertical-align: middle; color: #333333;\"><span style=\"box-sizing: border-box; margin: 0px; padding: 0px; border: 0px; vertical-align: baseline; display: inline-block;\">Espuma de mem\u00f3ria<\/span><\/span><\/label><\/p>\n<\/td>\n<\/tr>\n<tr>\n<td style=\"font-family: Verdana, Arial, Helvetica, sans-serif; font-size: 12px; color: #000000; margin: 8px; width: 187px; text-align: center;\"><span style=\"line-height: 21px; font-size: 14px;\">\u00a0Tamanho<\/span><\/td>\n<td style=\"font-family: Verdana, Arial, Helvetica, sans-serif; font-size: 12px; color: #000000; margin: 8px; width: 526px; text-align: center;\">\n<p style=\"margin: 0px; padding: 0px; font-family: Verdana, Arial, Helvetica, sans-serif; font-size: 12px; font-style: normal; font-weight: 400; text-align: center; box-sizing: border-box; color: #333333; background-color: #ffffff;\">M:64*51*14cm<\/p>\n<p style=\"margin: 0px; padding: 0px; font-family: Verdana, Arial, Helvetica, sans-serif; font-size: 12px; font-style: normal; font-weight: 400; text-align: center; box-sizing: border-box; color: #333333; background-color: #ffffff;\">C:91*71*25cm<\/p>\n<p style=\"margin: 0px; padding: 0px; font-family: Verdana, Arial, Helvetica, sans-serif; font-size: 12px; font-style: normal; font-weight: 400; text-align: center; box-sizing: border-box; color: #333333; background-color: #ffffff;\">XL:112*86*25cm<\/p>\n<p style=\"margin: 0px; padding: 0px; font-family: Verdana, Arial, Helvetica, sans-serif; font-size: 12px; font-style: normal; font-weight: 400; text-align: center; box-sizing: border-box; color: #333333; background-color: #ffffff;\">XXL:127*102*33cm<\/p>\n<\/td>\n<\/tr>\n<tr>\n<td style=\"font-family: Verdana, Arial, Helvetica, sans-serif; font-size: 12px; color: #000000; margin: 8px; width: 187px; text-align: center;\"><span style=\"line-height: 21px; font-size: 14px;\">\u00a0Cor<\/span><\/td>\n<td style=\"font-family: Verdana, Arial, Helvetica, sans-serif; font-size: 12px; color: #000000; margin: 8px; width: 526px; text-align: center;\"><span style=\"color: #222222; font-family: Helvetica,Tahoma,Arial; font-size: 16px; font-style: normal; font-weight: 500; background-color: #ffffff; display: inline !important; float: none;\">cinza, marrom<\/span><\/td>\n<\/tr>\n<tr>\n<td style=\"font-family: Verdana, Arial, Helvetica, sans-serif; font-size: 12px; color: #000000; margin: 8px; width: 187px; text-align: center;\"><span style=\"line-height: 21px; font-size: 14px;\">\u00a0<span style=\"line-height: 21px; color: #333333; font-family: Arial, Helvetica; font-size: 14px; font-style: normal; font-weight: 400; background-color: #ffffff; float: none; display: inline !important;\">Tipo de animal de estima\u00e7\u00e3o<\/span><\/span><\/td>\n<td style=\"font-family: Verdana, Arial, Helvetica, sans-serif; font-size: 12px; color: #000000; margin: 8px; width: 526px; text-align: center;\"><span style=\"line-height: 21px; font-size: 14px;\">\u00a0Todos os c\u00e3es<\/span><\/td>\n<\/tr>\n<tr>\n<td style=\"font-family: Verdana, Arial, Helvetica, sans-serif; font-size: 12px; color: #000000; margin: 8px; width: 187px; text-align: center;\"><span style=\"line-height: 21px; font-size: 14px;\">\u00a0<span style=\"line-height: 21px; color: #333333; font-family: Arial, Helvetica; font-size: 14px; font-style: normal; font-weight: 400; background-color: #ffffff; float: none; display: inline !important;\">Prazo de entrega<\/span><\/span><\/td>\n<td style=\"font-family: Verdana, Arial, Helvetica, sans-serif; font-size: 12px; color: #000000; margin: 8px; width: 526px; text-align: center;\"><span style=\"line-height: 21px; font-size: 14px;\"><span style=\"line-height: 21px; color: #000000; font-family: Verdana, Arial, Helvetica, sans-serif; font-size: 14px; font-style: normal; font-weight: 400; background-color: #ffffff; float: none; display: inline !important;\">De 1 a 5 dias para pequenas quantidades por via a\u00e9rea e de 30 a 35 dias para grandes quantidades por via mar\u00edtima<\/span>\u00a0<\/span><\/td>\n<\/tr>\n<tr>\n<td style=\"font-family: Verdana, Arial, Helvetica, sans-serif; font-size: 12px; color: #000000; margin: 8px; width: 187px; text-align: center;\"><span style=\"line-height: 21px; font-size: 14px;\">\u00a0<span style=\"line-height: 21px; color: #333333; font-family: Arial, Helvetica; font-size: 14px; font-style: normal; font-weight: 400; background-color: #ffffff; float: none; display: inline !important;\">Porto de embarque<\/span><\/span><\/td>\n<td style=\"font-family: Verdana, Arial, Helvetica, sans-serif; font-size: 12px; color: #000000; margin: 8px; width: 526px; text-align: center;\"><span style=\"line-height: 21px; font-size: 14px;\">Xiamen\u00a0<\/span><\/td>\n<\/tr>\n<tr>\n<td style=\"font-family: Verdana, Arial, Helvetica, sans-serif; font-size: 12px; color: #000000; margin: 8px; width: 187px; text-align: center;\"><span style=\"line-height: 21px; font-size: 14px;\">\u00a0<span style=\"line-height: 21px; color: #333333; font-family: Arial, Helvetica; font-size: 14px; font-style: normal; font-weight: 400; background-color: #ffffff; float: none; display: inline !important;\">OEM\/ODM<\/span><\/span><\/td>\n<td style=\"font-family: Verdana, Arial, Helvetica, sans-serif; font-size: 12px; color: #000000; margin: 8px; width: 526px; text-align: center;\"><span style=\"line-height: 21px; font-size: 14px;\">\u00a0<span style=\"line-height: 21px; color: #333333; font-family: Arial, Helvetica; font-size: 14px; font-style: normal; font-weight: 400; background-color: #ffffff; float: none; display: inline !important;\">Dispon\u00edvel<\/span><\/span><\/td>\n<\/tr>\n<tr>\n<td style=\"font-family: Verdana, Arial, Helvetica, sans-serif; font-size: 12px; color: #000000; margin: 8px; width: 187px; text-align: center;\"><span style=\"line-height: 21px; font-size: 14px;\">\u00a0<span style=\"line-height: 21px; color: #333333; font-family: Arial, Helvetica; font-size: 14px; font-style: normal; font-weight: 400; background-color: #ffffff; float: none; display: inline !important;\">Pacote<\/span><\/span><\/td>\n<td style=\"font-family: Verdana, Arial, Helvetica, sans-serif; font-size: 12px; color: #000000; margin: 8px; width: 526px; text-align: center;\"><span style=\"line-height: 21px; font-size: 14px;\"><span style=\"line-height: 21px; color: #333333; font-family: Arial, Helvetica; font-size: 14px; font-style: normal; font-weight: 400; background-color: #ffffff; float: none; display: inline !important;\">Cada um \u00e9 embalado em um PPB e depois em uma caixa de papel\u00e3o ou conforme necess\u00e1rio<\/span><\/span><\/td>\n<\/tr>\n<\/tbody>\n<\/table>\n<ul>\n<li><strong>Espuma de mem\u00f3ria ortop\u00e9dica:<\/strong> A espuma viscoel\u00e1stica de alta densidade se adapta ao corpo do seu c\u00e3o, proporcionando suporte excepcional e al\u00edvio da press\u00e3o nas articula\u00e7\u00f5es e nos m\u00fasculos.<\/li>\n<li><strong>Bolsa para cuidados com o pesco\u00e7o:<\/strong> O design da almofada oferece suporte adicional para o pesco\u00e7o do seu c\u00e3o, aumentando o conforto e promovendo uma melhor postura durante o sono.<\/li>\n<li><strong>Tecido de veludo de luxo:<\/strong> A cama \u00e9 revestida com tecido de veludo macio, oferecendo um toque suave e luxuoso que seu animal de estima\u00e7\u00e3o vai adorar.<\/li>\n<li><strong>Dur\u00e1vel e confort\u00e1vel:<\/strong> Fabricada com materiais de alta qualidade, essa cama para c\u00e3es \u00e9 dur\u00e1vel e confort\u00e1vel, garantindo um uso duradouro.<\/li>\n<li><strong>F\u00e1cil manuten\u00e7\u00e3o:<\/strong> A capa remov\u00edvel pode ser lavada na m\u00e1quina, facilitando a manuten\u00e7\u00e3o da cama limpa e fresca.<\/li>\n<li><strong>Atacado e direto da f\u00e1brica:<\/strong> Compre diretamente de nossa f\u00e1brica para aproveitar os melhores pre\u00e7os de atacado. Ideal para lojas de animais, veterin\u00e1rios e prestadores de cuidados para animais de estima\u00e7\u00e3o.<\/li>\n<\/ul>\n<p>Atualize suas ofertas de produtos para animais de estima\u00e7\u00e3o com nosso Luxury Neck-care Bolster Orthopaedic Memory Foam Velvet <span style=\"color: #ff0000;\"><a style=\"color: #ff0000;\" href=\"https:\/\/pecpets.com\/br\/\/pet-bed\/\" target=\"_blank\" rel=\"noopener\">Cama para c\u00e3es<\/a><\/span>. Projetada para oferecer o m\u00e1ximo de conforto e suporte, essa cama ortop\u00e9dica para c\u00e3es \u00e9 um complemento perfeito para o estoque da sua empresa. Entre em contato conosco hoje mesmo para obter informa\u00e7\u00f5es sobre vendas no atacado e pre\u00e7os diretos de f\u00e1brica!<\/p>","protected":false},"excerpt":{"rendered":"<div class=\"elementor-element elementor-element-36a3285 elementor-widget elementor-widget-woocommerce-product-title elementor-page-title elementor-widget-heading\" data-id=\"36a3285\" data-element_type=\"widget\" data-widget_type=\"woocommerce-product-title.default\">\n<h2><strong><b>Cama para c\u00e3es de veludo com espuma de mem\u00f3ria ortop\u00e9dica para cuidados com o pesco\u00e7o<\/b><\/strong><\/h2>\n<p>Descubra a cama para c\u00e3es Neck-care Bolster Orthopaedic Memory Foam Velvet.<\/p>\n<p>Mantenha o estilo de seus animais de estima\u00e7\u00e3o com nossos designs de alta qualidade.<\/p>\n<\/div>","protected":false},"featured_media":6932,"template":"","meta":{"_seopress_robots_primary_cat":"none","_seopress_titles_title":"Neck-care Bolster Orthopaedic Memory Foam Velvet Dog Bed","_seopress_titles_desc":"Introducing our Neck-care Bolster Orthopaedic Memory Foam Velvet Dog Bed, a premium orthopedic dog bed designed for superior comfort and support. ","_seopress_robots_index":"","_uag_custom_page_level_css":""},"product_brand":[],"product_cat":[349,345,22],"product_tag":[71,69],"class_list":{"0":"post-6928","1":"product","2":"type-product","3":"status-publish","4":"has-post-thumbnail","6":"product_cat-memory-foam-dog-beds","7":"product_cat-orthopedic-dog-bed","8":"product_cat-pet-bed","9":"product_tag-cat-bed","10":"product_tag-dog-bed","12":"first","13":"instock","14":"shipping-taxable","15":"product-type-simple"},"uagb_featured_image_src":{"full":["https:\/\/pecpets.com\/wp-content\/uploads\/2024\/06\/\u4e3b\u56fe-01-18.jpg",1500,1500,false],"thumbnail":["https:\/\/pecpets.com\/wp-content\/uploads\/2024\/06\/\u4e3b\u56fe-01-18-150x150.jpg",150,150,true],"medium":["https:\/\/pecpets.com\/wp-content\/uploads\/2024\/06\/\u4e3b\u56fe-01-18-300x300.jpg",300,300,true],"medium_large":["https:\/\/pecpets.com\/wp-content\/uploads\/2024\/06\/\u4e3b\u56fe-01-18-768x768.jpg",768,768,true],"large":["https:\/\/pecpets.com\/wp-content\/uploads\/2024\/06\/\u4e3b\u56fe-01-18-1024x1024.jpg",800,800,true],"1536x1536":["https:\/\/pecpets.com\/wp-content\/uploads\/2024\/06\/\u4e3b\u56fe-01-18.jpg",1500,1500,false],"2048x2048":["https:\/\/pecpets.com\/wp-content\/uploads\/2024\/06\/\u4e3b\u56fe-01-18.jpg",1500,1500,false],"trp-custom-language-flag":["https:\/\/pecpets.com\/wp-content\/uploads\/2024\/06\/\u4e3b\u56fe-01-18.jpg",12,12,false],"woocommerce_thumbnail":["https:\/\/pecpets.com\/wp-content\/uploads\/2024\/06\/\u4e3b\u56fe-01-18-300x300.jpg",300,300,true],"woocommerce_single":["https:\/\/pecpets.com\/wp-content\/uploads\/2024\/06\/\u4e3b\u56fe-01-18-600x600.jpg",600,600,true],"woocommerce_gallery_thumbnail":["https:\/\/pecpets.com\/wp-content\/uploads\/2024\/06\/\u4e3b\u56fe-01-18-100x100.jpg",100,100,true]},"uagb_author_info":{"display_name":"Lawrence\u00a0\u52b3\u4f26\u65af","author_link":"https:\/\/pecpets.com\/br\/author\/"},"uagb_comment_info":0,"uagb_excerpt":"Wholesale Neck-care Bolster Orthopaedic Memory Foam Velvet Dog Bed Discover Neck-care Bolster Orthopaedic Memory Foam Velvet Dog Bed. Keep your pets stylish with our high-quality designs.","_links":{"self":[{"href":"https:\/\/pecpets.com\/br\/wp-json\/wp\/v2\/product\/6928","targetHints":{"allow":["GET"]}}],"collection":[{"href":"https:\/\/pecpets.com\/br\/wp-json\/wp\/v2\/product"}],"about":[{"href":"https:\/\/pecpets.com\/br\/wp-json\/wp\/v2\/types\/product"}],"wp:featuredmedia":[{"embeddable":true,"href":"https:\/\/pecpets.com\/br\/wp-json\/wp\/v2\/media\/6932"}],"wp:attachment":[{"href":"https:\/\/pecpets.com\/br\/wp-json\/wp\/v2\/media?parent=6928"}],"wp:term":[{"taxonomy":"product_brand","embeddable":true,"href":"https:\/\/pecpets.com\/br\/wp-json\/wp\/v2\/product_brand?post=6928"},{"taxonomy":"product_cat","embeddable":true,"href":"https:\/\/pecpets.com\/br\/wp-json\/wp\/v2\/product_cat?post=6928"},{"taxonomy":"product_tag","embeddable":true,"href":"https:\/\/pecpets.com\/br\/wp-json\/wp\/v2\/product_tag?post=6928"}],"curies":[{"name":"wp","href":"https:\/\/api.w.org\/{rel}","templated":true}]}}