{"id":6993,"date":"2024-06-25T16:30:23","date_gmt":"2024-06-25T08:30:23","guid":{"rendered":"https:\/\/pecpets.com\/?post_type=product&#038;p=6993"},"modified":"2025-08-19T10:22:59","modified_gmt":"2025-08-19T02:22:59","slug":"pet-cleaning-slicker-brush","status":"publish","type":"product","link":"https:\/\/pecpets.com\/br\/product\/pet-cleaning-slicker-brush\/","title":{"rendered":"Escova Slicker para limpeza de animais de estima\u00e7\u00e3o"},"content":{"rendered":"<h2 data-immersive-translate-walked=\"7a0058e1-a44f-4dca-9e53-0c6459c72304\" data-immersive-translate-paragraph=\"1\">Pet Cleaning Slicker Brush - Dog Grooming Clean &amp; Shedding Comb for Dogs and Cats | Wholesale &amp; Factory Direct<\/h2>\n<p>Descubra a nossa escova para limpeza de animais de estima\u00e7\u00e3o, perfeita para a limpeza e remo\u00e7\u00e3o de pelos de c\u00e3es. Esse pente de limpeza remove com efic\u00e1cia as camadas inferiores soltas e os pelos emaranhados. Dispon\u00edvel para venda no atacado diretamente de nossa f\u00e1brica, oferecendo qualidade superior e pre\u00e7os competitivos.<\/p>\n<table width=\"288\">\n<tbody>\n<tr>\n<td width=\"137\"><span style=\"color: #333333;\">Nome dos produtos<\/span><\/td>\n<td width=\"151\"><span style=\"color: #333333;\">Limpeza de animais de estima\u00e7\u00e3o<\/span><\/td>\n<\/tr>\n<tr>\n<td><span style=\"color: #333333;\">Item No.<\/span><\/td>\n<td><span style=\"color: #333333;\">PGC-2002<\/span><\/td>\n<\/tr>\n<tr>\n<td><span style=\"color: #333333;\">Material<\/span><\/td>\n<td><span style=\"color: #333333;\">A\u00e7o inoxid\u00e1vel, silicone<\/span><\/td>\n<\/tr>\n<tr>\n<td><span style=\"color: #333333;\">\u00a0Tamanho e cor<\/span><\/td>\n<td><span style=\"color: #333333;\">22 x 10 x 5 cm<\/span><\/td>\n<\/tr>\n<tr>\n<td><span style=\"color: #333333;\">\u00a0Prazo de entrega<\/span><\/td>\n<td><span style=\"color: #333333;\">De 1 a 5 dias para pequenas quantidades por via a\u00e9rea e de 30 a 35 dias para grandes quantidades por via mar\u00edtima<\/span><\/td>\n<\/tr>\n<\/tbody>\n<\/table>\n<ul>\n<li data-immersive-translate-walked=\"85fa5479-e3d0-4913-81cd-8463fb71838d\"><strong data-immersive-translate-walked=\"85fa5479-e3d0-4913-81cd-8463fb71838d\">Limpeza de c\u00e3es:<\/strong> Projetado para proporcionar uma experi\u00eancia de escova\u00e7\u00e3o completa, mantendo a pelagem do seu animal de estima\u00e7\u00e3o limpa e bem conservada.<\/li>\n<li data-immersive-translate-walked=\"85fa5479-e3d0-4913-81cd-8463fb71838d\"><strong data-immersive-translate-walked=\"85fa5479-e3d0-4913-81cd-8463fb71838d\">Pente para descascar:<\/strong> Remove com efici\u00eancia as camadas inferiores soltas e os pelos emaranhados, reduzindo a queda e promovendo uma pelagem saud\u00e1vel.<\/li>\n<li><strong>Para c\u00e3es e gatos:<\/strong> Adequado para c\u00e3es e gatos, o que o torna uma ferramenta vers\u00e1til para as necessidades de cuidados com os animais de estima\u00e7\u00e3o.<\/li>\n<li><strong>Confort\u00e1vel e delicado:<\/strong> Possui cerdas finas e curvas que removem os pelos com cuidado, sem causar desconforto ao seu animal de estima\u00e7\u00e3o.<\/li>\n<li><strong>Dur\u00e1vel e de alta qualidade:<\/strong> Fabricado com materiais resistentes e de alta qualidade para garantir um uso duradouro e um desempenho confi\u00e1vel.<\/li>\n<li><strong>Design ergon\u00f4mico:<\/strong> A escova foi projetada com um cabo ergon\u00f4mico para uma pegada confort\u00e1vel, facilitando as sess\u00f5es de escova\u00e7\u00e3o para os donos de animais.<\/li>\n<li><strong>F\u00e1cil de limpar:<\/strong> O design autolimpante facilita a remo\u00e7\u00e3o dos pelos da escova, garantindo uma manuten\u00e7\u00e3o sem complica\u00e7\u00f5es.<\/li>\n<li><strong>Atacado e direto da f\u00e1brica:<\/strong> Compre diretamente de nossa f\u00e1brica para aproveitar os melhores pre\u00e7os de atacado, perfeitos para pet shops, sal\u00f5es de beleza e prestadores de servi\u00e7os de cuidados com animais de estima\u00e7\u00e3o.<\/li>\n<\/ul>\n<p data-immersive-translate-walked=\"85fa5479-e3d0-4913-81cd-8463fb71838d\">Melhore seus suprimentos de limpeza com a nossa escova Pet Cleaning Slicker Brush. Ideal para donos de animais de estima\u00e7\u00e3o e profissionais de tosa que buscam uma solu\u00e7\u00e3o de tosa eficiente e suave. Entre em contato conosco hoje mesmo para obter informa\u00e7\u00f5es sobre vendas no atacado e pre\u00e7os diretos de f\u00e1brica!<\/p>","protected":false},"excerpt":{"rendered":"<h2>Escova Slicker para limpeza de animais de estima\u00e7\u00e3o<\/h2>\n<p>Explore Pet Cleaning Slicker Brush.<\/p>\n<p>Compre cal\u00e7ados para animais de estima\u00e7\u00e3o por atacado da f\u00e1brica para obter pre\u00e7os e qualidade imbat\u00edveis.<\/p>","protected":false},"featured_media":6994,"template":"","meta":{"_seopress_robots_primary_cat":"none","_seopress_titles_title":"Pet Clean: Pet Cleaning Slicker Brush - Pet Manufacterurs","_seopress_titles_desc":"Pet Cleaning Slicker Brush is perfect for both dog and cat, effectively removing loose underlayers and tangled hair to keep your pet\u2019s coat healthy and smooth.","_seopress_robots_index":"","_uag_custom_page_level_css":""},"product_brand":[],"product_cat":[324,331],"product_tag":[165,337],"class_list":{"0":"post-6993","1":"product","2":"type-product","3":"status-publish","4":"has-post-thumbnail","6":"product_cat-pet-accessory","7":"product_cat-pet-grooming-clean","8":"product_tag-pet-accessories","9":"product_tag-pet-clean","11":"first","12":"instock","13":"shipping-taxable","14":"product-type-simple"},"uagb_featured_image_src":{"full":["https:\/\/pecpets.com\/wp-content\/uploads\/2024\/06\/\u4e3b\u56fe-01-24.jpg",800,800,false],"thumbnail":["https:\/\/pecpets.com\/wp-content\/uploads\/2024\/06\/\u4e3b\u56fe-01-24-150x150.jpg",150,150,true],"medium":["https:\/\/pecpets.com\/wp-content\/uploads\/2024\/06\/\u4e3b\u56fe-01-24-300x300.jpg",300,300,true],"medium_large":["https:\/\/pecpets.com\/wp-content\/uploads\/2024\/06\/\u4e3b\u56fe-01-24-768x768.jpg",768,768,true],"large":["https:\/\/pecpets.com\/wp-content\/uploads\/2024\/06\/\u4e3b\u56fe-01-24.jpg",800,800,false],"1536x1536":["https:\/\/pecpets.com\/wp-content\/uploads\/2024\/06\/\u4e3b\u56fe-01-24.jpg",800,800,false],"2048x2048":["https:\/\/pecpets.com\/wp-content\/uploads\/2024\/06\/\u4e3b\u56fe-01-24.jpg",800,800,false],"trp-custom-language-flag":["https:\/\/pecpets.com\/wp-content\/uploads\/2024\/06\/\u4e3b\u56fe-01-24.jpg",12,12,false],"woocommerce_thumbnail":["https:\/\/pecpets.com\/wp-content\/uploads\/2024\/06\/\u4e3b\u56fe-01-24-300x300.jpg",300,300,true],"woocommerce_single":["https:\/\/pecpets.com\/wp-content\/uploads\/2024\/06\/\u4e3b\u56fe-01-24-600x600.jpg",600,600,true],"woocommerce_gallery_thumbnail":["https:\/\/pecpets.com\/wp-content\/uploads\/2024\/06\/\u4e3b\u56fe-01-24-100x100.jpg",100,100,true]},"uagb_author_info":{"display_name":"Lawrence\u00a0\u52b3\u4f26\u65af","author_link":"https:\/\/pecpets.com\/br\/author\/"},"uagb_comment_info":0,"uagb_excerpt":"Pet Cleaning Slicker Brush Explore Pet Cleaning Slicker Brush. Shop wholesale pet shoes from the factory for unbeatable prices and quality.","_links":{"self":[{"href":"https:\/\/pecpets.com\/br\/wp-json\/wp\/v2\/product\/6993","targetHints":{"allow":["GET"]}}],"collection":[{"href":"https:\/\/pecpets.com\/br\/wp-json\/wp\/v2\/product"}],"about":[{"href":"https:\/\/pecpets.com\/br\/wp-json\/wp\/v2\/types\/product"}],"wp:featuredmedia":[{"embeddable":true,"href":"https:\/\/pecpets.com\/br\/wp-json\/wp\/v2\/media\/6994"}],"wp:attachment":[{"href":"https:\/\/pecpets.com\/br\/wp-json\/wp\/v2\/media?parent=6993"}],"wp:term":[{"taxonomy":"product_brand","embeddable":true,"href":"https:\/\/pecpets.com\/br\/wp-json\/wp\/v2\/product_brand?post=6993"},{"taxonomy":"product_cat","embeddable":true,"href":"https:\/\/pecpets.com\/br\/wp-json\/wp\/v2\/product_cat?post=6993"},{"taxonomy":"product_tag","embeddable":true,"href":"https:\/\/pecpets.com\/br\/wp-json\/wp\/v2\/product_tag?post=6993"}],"curies":[{"name":"wp","href":"https:\/\/api.w.org\/{rel}","templated":true}]}}