{"id":7005,"date":"2024-06-25T16:36:40","date_gmt":"2024-06-25T08:36:40","guid":{"rendered":"https:\/\/pecpets.com\/?post_type=product&#038;p=7005"},"modified":"2025-08-19T10:20:43","modified_gmt":"2025-08-19T02:20:43","slug":"dog-grooming-scissors-kit","status":"publish","type":"product","link":"https:\/\/pecpets.com\/br\/product\/dog-grooming-scissors-kit\/","title":{"rendered":"Kit de tesouras para tosa de c\u00e3es"},"content":{"rendered":"<h2 data-immersive-translate-walked=\"7a0058e1-a44f-4dca-9e53-0c6459c72304\" data-immersive-translate-paragraph=\"1\">Kit de tesouras para tosa profissional de c\u00e3es - Conjunto de ferramentas para tosa de c\u00e3es - Venda por atacado e direto da f\u00e1brica<\/h2>\n<p>Explore nosso Kit Profissional de Tesouras para Tosa de C\u00e3es, projetado para obter resultados limpos na tosa de c\u00e3es. Esse conjunto de ferramentas para limpeza e tosa de animais de estima\u00e7\u00e3o est\u00e1 dispon\u00edvel para venda no atacado diretamente de nossa f\u00e1brica, garantindo qualidade superior e pre\u00e7os competitivos para suas necessidades comerciais.<\/p>\n<table width=\"288\">\n<tbody>\n<tr>\n<td width=\"137\"><span style=\"color: #333333;\">Nome dos produtos<\/span><\/td>\n<td width=\"151\"><span style=\"color: #333333;\">Limpeza de animais de estima\u00e7\u00e3o<\/span><\/td>\n<\/tr>\n<tr>\n<td><span style=\"color: #333333;\">Item No.<\/span><\/td>\n<td><span style=\"color: #333333;\">PGC-2001<\/span><\/td>\n<\/tr>\n<tr>\n<td><span style=\"color: #333333;\">Material<\/span><\/td>\n<td><span style=\"color: #333333;\">A\u00e7os inoxid\u00e1veis<\/span><\/td>\n<\/tr>\n<tr>\n<td><span style=\"color: #333333;\">\u00a0Tamanho e cor<\/span><\/td>\n<td><span style=\"color: #333333;\">18 x 6 x 5 cm<\/span><\/td>\n<\/tr>\n<tr>\n<td><span style=\"color: #333333;\">\u00a0Prazo de entrega<\/span><\/td>\n<td><span style=\"color: #333333;\">De 1 a 5 dias para pequenas quantidades por via a\u00e9rea e de 30 a 35 dias para grandes quantidades por via mar\u00edtima<\/span><\/td>\n<\/tr>\n<\/tbody>\n<\/table>\n<ul>\n<li><strong>Limpeza de c\u00e3es:<\/strong> Obtenha um visual perfeitamente arrumado com uma tesoura de precis\u00e3o projetada para proporcionar um acabamento limpo e organizado.<\/li>\n<li><strong>Conjunto de ferramentas profissionais para limpeza e tosa de animais de estima\u00e7\u00e3o:<\/strong> Este kit inclui uma variedade de tesouras para tosa, como tesouras retas, tesouras para desbaste, tesouras curvas e um pente para tosa, o que o torna uma solu\u00e7\u00e3o completa para todas as necessidades de tosa.<\/li>\n<li><strong>Materiais de alta qualidade:<\/strong> Fabricado em a\u00e7o inoxid\u00e1vel dur\u00e1vel e resistente \u00e0 ferrugem para garantir afia\u00e7\u00e3o e confiabilidade duradouras.<\/li>\n<li><strong>Design ergon\u00f4mico:<\/strong> Possui al\u00e7as confort\u00e1veis e ergon\u00f4micas que proporcionam uma pegada segura, reduzindo a fadiga das m\u00e3os durante sess\u00f5es prolongadas de escova\u00e7\u00e3o.<\/li>\n<li><strong>Seguro e suave:<\/strong> Projetado com pontas arredondadas para garantir a seguran\u00e7a de seu animal de estima\u00e7\u00e3o, evitando cortes acidentais.<\/li>\n<li><strong>Uso vers\u00e1til:<\/strong> Adequado para aparar os pelos em todas as partes do c\u00e3o, incluindo o rosto, as patas e o corpo.<\/li>\n<li><strong>F\u00e1cil de limpar e manter:<\/strong> As tesouras s\u00e3o f\u00e1ceis de limpar e manter, garantindo que permane\u00e7am em \u00f3timas condi\u00e7\u00f5es para uso repetido.<\/li>\n<li data-immersive-translate-walked=\"85fa5479-e3d0-4913-81cd-8463fb71838d\"><strong data-immersive-translate-walked=\"85fa5479-e3d0-4913-81cd-8463fb71838d\">Atacado e direto da f\u00e1brica:<\/strong> Compre diretamente de nossa f\u00e1brica para se beneficiar dos melhores pre\u00e7os de atacado, perfeitos para pet shops, sal\u00f5es de beleza e prestadores de servi\u00e7os de cuidados com animais de estima\u00e7\u00e3o.<\/li>\n<\/ul>\n<p data-immersive-translate-walked=\"85fa5479-e3d0-4913-81cd-8463fb71838d\">Melhore seus suprimentos de tosa com o nosso Kit de tesouras para tosa profissional de c\u00e3es. Ideal para donos de animais de estima\u00e7\u00e3o e profissionais de tosa que buscam uma solu\u00e7\u00e3o de tosa confi\u00e1vel e de alta qualidade. Entre em contato conosco hoje mesmo para obter informa\u00e7\u00f5es sobre atacado e pre\u00e7os diretos de f\u00e1brica!<\/p>","protected":false},"excerpt":{"rendered":"<h2>Kit de tesouras para tosa de c\u00e3es<\/h2>\n<p>Explore Dog Grooming Scissors Kit.<\/p>\n<p>Compre cal\u00e7ados para animais de estima\u00e7\u00e3o por atacado da f\u00e1brica para obter pre\u00e7os e qualidade imbat\u00edveis.<\/p>","protected":false},"featured_media":7006,"template":"","meta":{"_seopress_robots_primary_cat":"none","_seopress_titles_title":"Pet Clean: Dog Grooming Scissors Kit - Pet Manufacterurs","_seopress_titles_desc":"Introducing the Professional Dog Grooming Scissors Kit, designed to provide dog grooming clean results for both professional groomers and pet owners.","_seopress_robots_index":"","_uag_custom_page_level_css":""},"product_brand":[],"product_cat":[324,331],"product_tag":[165,337],"class_list":{"0":"post-7005","1":"product","2":"type-product","3":"status-publish","4":"has-post-thumbnail","6":"product_cat-pet-accessory","7":"product_cat-pet-grooming-clean","8":"product_tag-pet-accessories","9":"product_tag-pet-clean","11":"first","12":"instock","13":"shipping-taxable","14":"product-type-simple"},"uagb_featured_image_src":{"full":["https:\/\/pecpets.com\/wp-content\/uploads\/2024\/06\/\u4e3b\u56fe-01-25.jpg",800,800,false],"thumbnail":["https:\/\/pecpets.com\/wp-content\/uploads\/2024\/06\/\u4e3b\u56fe-01-25-150x150.jpg",150,150,true],"medium":["https:\/\/pecpets.com\/wp-content\/uploads\/2024\/06\/\u4e3b\u56fe-01-25-300x300.jpg",300,300,true],"medium_large":["https:\/\/pecpets.com\/wp-content\/uploads\/2024\/06\/\u4e3b\u56fe-01-25-768x768.jpg",768,768,true],"large":["https:\/\/pecpets.com\/wp-content\/uploads\/2024\/06\/\u4e3b\u56fe-01-25.jpg",800,800,false],"1536x1536":["https:\/\/pecpets.com\/wp-content\/uploads\/2024\/06\/\u4e3b\u56fe-01-25.jpg",800,800,false],"2048x2048":["https:\/\/pecpets.com\/wp-content\/uploads\/2024\/06\/\u4e3b\u56fe-01-25.jpg",800,800,false],"trp-custom-language-flag":["https:\/\/pecpets.com\/wp-content\/uploads\/2024\/06\/\u4e3b\u56fe-01-25.jpg",12,12,false],"woocommerce_thumbnail":["https:\/\/pecpets.com\/wp-content\/uploads\/2024\/06\/\u4e3b\u56fe-01-25-300x300.jpg",300,300,true],"woocommerce_single":["https:\/\/pecpets.com\/wp-content\/uploads\/2024\/06\/\u4e3b\u56fe-01-25-600x600.jpg",600,600,true],"woocommerce_gallery_thumbnail":["https:\/\/pecpets.com\/wp-content\/uploads\/2024\/06\/\u4e3b\u56fe-01-25-100x100.jpg",100,100,true]},"uagb_author_info":{"display_name":"Lawrence\u00a0\u52b3\u4f26\u65af","author_link":"https:\/\/pecpets.com\/br\/author\/"},"uagb_comment_info":0,"uagb_excerpt":"Dog Grooming Scissors Kit Explore Dog Grooming Scissors Kit. Shop wholesale pet shoes from the factory for unbeatable prices and quality.","_links":{"self":[{"href":"https:\/\/pecpets.com\/br\/wp-json\/wp\/v2\/product\/7005","targetHints":{"allow":["GET"]}}],"collection":[{"href":"https:\/\/pecpets.com\/br\/wp-json\/wp\/v2\/product"}],"about":[{"href":"https:\/\/pecpets.com\/br\/wp-json\/wp\/v2\/types\/product"}],"wp:featuredmedia":[{"embeddable":true,"href":"https:\/\/pecpets.com\/br\/wp-json\/wp\/v2\/media\/7006"}],"wp:attachment":[{"href":"https:\/\/pecpets.com\/br\/wp-json\/wp\/v2\/media?parent=7005"}],"wp:term":[{"taxonomy":"product_brand","embeddable":true,"href":"https:\/\/pecpets.com\/br\/wp-json\/wp\/v2\/product_brand?post=7005"},{"taxonomy":"product_cat","embeddable":true,"href":"https:\/\/pecpets.com\/br\/wp-json\/wp\/v2\/product_cat?post=7005"},{"taxonomy":"product_tag","embeddable":true,"href":"https:\/\/pecpets.com\/br\/wp-json\/wp\/v2\/product_tag?post=7005"}],"curies":[{"name":"wp","href":"https:\/\/api.w.org\/{rel}","templated":true}]}}