{"id":7095,"date":"2024-06-26T17:17:03","date_gmt":"2024-06-26T09:17:03","guid":{"rendered":"https:\/\/pecpets.com\/?post_type=product&#038;p=7095"},"modified":"2024-10-28T17:14:14","modified_gmt":"2024-10-28T09:14:14","slug":"cartoon-dog-and-human-matching-clothes","status":"publish","type":"product","link":"https:\/\/pecpets.com\/br\/product\/cartoon-dog-and-human-matching-clothes\/","title":{"rendered":"Roupas combinando com c\u00e3es e humanos em desenho animado"},"content":{"rendered":"<h2>Roupas que combinam com c\u00e3es e humanos - Confort\u00e1veis e dur\u00e1veis, roupas para animais de estima\u00e7\u00e3o direto da f\u00e1brica<\/h2>\n<p>Explore nossas roupas personalizadas que combinam com c\u00e3es e humanos, projetadas para proporcionar o m\u00e1ximo de conforto e durabilidade. Nossas roupas para animais de estima\u00e7\u00e3o oferecem uma experi\u00eancia \u00fanica de uni\u00e3o. Compre no atacado da f\u00e1brica para obter pre\u00e7os competitivos.<\/p>\n<table style=\"border-collapse: collapse; background-color: #ffffff; width: 331px; height: 255px;\" border=\"1\">\n<tbody>\n<tr>\n<td style=\"font-family: Verdana, Arial, Helvetica, sans-serif; font-size: 12px; color: #000000; margin: 8px; width: 187px; text-align: center;\"><span style=\"line-height: 21px; font-size: 14px;\">Nome dos produtos<\/span><\/td>\n<td style=\"font-family: Verdana, Arial, Helvetica, sans-serif; font-size: 12px; color: #000000; margin: 8px; width: 526px; text-align: center;\">Camisa para animais de estima\u00e7\u00e3o<\/td>\n<\/tr>\n<tr>\n<td style=\"font-family: Verdana, Arial, Helvetica, sans-serif; font-size: 12px; color: #000000; margin: 8px; width: 187px; text-align: center;\"><span style=\"line-height: 21px; font-size: 14px;\">Item No.<\/span><\/td>\n<td style=\"font-family: Verdana, Arial, Helvetica, sans-serif; font-size: 12px; color: #000000; margin: 8px; width: 526px; text-align: center;\"><span style=\"line-height: 21px; font-size: 14px;\">P-S2005<\/span><\/td>\n<\/tr>\n<tr>\n<td style=\"font-family: Verdana, Arial, Helvetica, sans-serif; font-size: 12px; color: #000000; margin: 8px; width: 187px; text-align: center;\"><span style=\"line-height: 21px; color: #333333; font-family: Arial, Helvetica; font-size: 14px; font-style: normal; font-weight: 400; background-color: #ffffff; float: none; display: inline !important;\">Material<\/span><\/td>\n<td style=\"font-family: Verdana, Arial, Helvetica, sans-serif; font-size: 12px; color: #000000; margin: 8px; width: 526px; text-align: center;\">Algod\u00e3o, poli\u00e9ster<\/td>\n<\/tr>\n<tr>\n<td style=\"font-family: Verdana, Arial, Helvetica, sans-serif; font-size: 12px; color: #000000; margin: 8px; width: 187px; text-align: center;\"><span style=\"line-height: 21px; font-size: 14px;\">\u00a0Tamanho<\/span><\/td>\n<td style=\"font-family: Verdana, Arial, Helvetica, sans-serif; font-size: 12px; color: #000000; margin: 8px; width: 526px; text-align: center;\"><span style=\"font-size: 14px;\">Custom Size<\/span><\/td>\n<\/tr>\n<tr>\n<td style=\"font-family: Verdana, Arial, Helvetica, sans-serif; font-size: 12px; color: #000000; margin: 8px; width: 187px; text-align: center;\"><span style=\"line-height: 21px; font-size: 14px;\">\u00a0Cor<\/span><\/td>\n<td style=\"font-family: Verdana, Arial, Helvetica, sans-serif; font-size: 12px; color: #000000; margin: 8px; width: 526px; text-align: center;\"><span style=\"line-height: 21px; font-size: 14px;\">Custom Color\u00a0<\/span><\/td>\n<\/tr>\n<tr>\n<td style=\"font-family: Verdana, Arial, Helvetica, sans-serif; font-size: 12px; color: #000000; margin: 8px; width: 187px; text-align: center;\"><span style=\"line-height: 21px; font-size: 14px;\">\u00a0<span style=\"line-height: 21px; color: #333333; font-family: Arial, Helvetica; font-size: 14px; font-style: normal; font-weight: 400; background-color: #ffffff; float: none; display: inline !important;\">Tipo de animal de estima\u00e7\u00e3o<\/span><\/span><\/td>\n<td style=\"font-family: Verdana, Arial, Helvetica, sans-serif; font-size: 12px; color: #000000; margin: 8px; width: 526px; text-align: center;\"><span style=\"line-height: 21px; font-size: 14px;\">\u00a0Todos os c\u00e3es<\/span><\/td>\n<\/tr>\n<tr>\n<td style=\"font-family: Verdana, Arial, Helvetica, sans-serif; font-size: 12px; color: #000000; margin: 8px; width: 187px; text-align: center;\"><span style=\"line-height: 21px; font-size: 14px;\">\u00a0<span style=\"line-height: 21px; color: #333333; font-family: Arial, Helvetica; font-size: 14px; font-style: normal; font-weight: 400; background-color: #ffffff; float: none; display: inline !important;\">Prazo de entrega<\/span><\/span><\/td>\n<td style=\"font-family: Verdana, Arial, Helvetica, sans-serif; font-size: 12px; color: #000000; margin: 8px; width: 526px; text-align: center;\"><span style=\"line-height: 21px; font-size: 14px;\"><span style=\"line-height: 21px; color: #000000; font-family: Verdana, Arial, Helvetica, sans-serif; font-size: 14px; font-style: normal; font-weight: 400; background-color: #ffffff; float: none; display: inline !important;\">De 1 a 5 dias para pequenas quantidades por via a\u00e9rea e de 30 a 35 dias para grandes quantidades por via mar\u00edtima<\/span>\u00a0<\/span><\/td>\n<\/tr>\n<tr>\n<td style=\"font-family: Verdana, Arial, Helvetica, sans-serif; font-size: 12px; color: #000000; margin: 8px; width: 187px; text-align: center;\"><span style=\"line-height: 21px; font-size: 14px;\">\u00a0<span style=\"line-height: 21px; color: #333333; font-family: Arial, Helvetica; font-size: 14px; font-style: normal; font-weight: 400; background-color: #ffffff; float: none; display: inline !important;\">Porto de embarque<\/span><\/span><\/td>\n<td style=\"font-family: Verdana, Arial, Helvetica, sans-serif; font-size: 12px; color: #000000; margin: 8px; width: 526px; text-align: center;\"><span style=\"line-height: 21px; font-size: 14px;\">Xiamen\u00a0<\/span><\/td>\n<\/tr>\n<tr>\n<td style=\"font-family: Verdana, Arial, Helvetica, sans-serif; font-size: 12px; color: #000000; margin: 8px; width: 187px; text-align: center;\"><span style=\"line-height: 21px; font-size: 14px;\">\u00a0<span style=\"line-height: 21px; color: #333333; font-family: Arial, Helvetica; font-size: 14px; font-style: normal; font-weight: 400; background-color: #ffffff; float: none; display: inline !important;\">OEM\/ODM<\/span><\/span><\/td>\n<td style=\"font-family: Verdana, Arial, Helvetica, sans-serif; font-size: 12px; color: #000000; margin: 8px; width: 526px; text-align: center;\"><span style=\"line-height: 21px; font-size: 14px;\">\u00a0<span style=\"line-height: 21px; color: #333333; font-family: Arial, Helvetica; font-size: 14px; font-style: normal; font-weight: 400; background-color: #ffffff; float: none; display: inline !important;\">Dispon\u00edvel<\/span><\/span><\/td>\n<\/tr>\n<tr>\n<td style=\"font-family: Verdana, Arial, Helvetica, sans-serif; font-size: 12px; color: #000000; margin: 8px; width: 187px; text-align: center;\"><span style=\"line-height: 21px; font-size: 14px;\">\u00a0<span style=\"line-height: 21px; color: #333333; font-family: Arial, Helvetica; font-size: 14px; font-style: normal; font-weight: 400; background-color: #ffffff; float: none; display: inline !important;\">Pacote<\/span><\/span><\/td>\n<td style=\"font-family: Verdana, Arial, Helvetica, sans-serif; font-size: 12px; color: #000000; margin: 8px; width: 526px; text-align: center;\"><span style=\"line-height: 21px; font-size: 14px;\"><span style=\"line-height: 21px; color: #333333; font-family: Arial, Helvetica; font-size: 14px; font-style: normal; font-weight: 400; background-color: #ffffff; float: none; display: inline !important;\">Cada um \u00e9 embalado em um PPB e depois em uma caixa de papel\u00e3o ou conforme necess\u00e1rio<\/span><\/span><\/td>\n<\/tr>\n<\/tbody>\n<\/table>\n<ul>\n<li data-immersive-translate-walked=\"74886ed9-3c57-4843-8350-d06a3e28483f\" data-immersive-translate-paragraph=\"1\"><strong data-immersive-translate-walked=\"74886ed9-3c57-4843-8350-d06a3e28483f\">Design exclusivo<\/strong>: Nossas roupas combinando para c\u00e3es e humanos s\u00e3o personaliz\u00e1veis, oferecendo um toque personalizado que fortalece o v\u00ednculo entre o animal de estima\u00e7\u00e3o e o dono.<\/li>\n<li><strong>Ajuste confort\u00e1vel<\/strong>: Fabricadas com materiais macios e respir\u00e1veis, nossas roupas para animais de estima\u00e7\u00e3o garantem um ajuste confort\u00e1vel para c\u00e3es e humanos, permitindo que eles aproveitem seu tempo juntos com estilo.<\/li>\n<li><strong>Constru\u00e7\u00e3o dur\u00e1vel<\/strong>: Confeccionados com tecidos dur\u00e1veis e de alta qualidade, esses trajes combinando s\u00e3o projetados para resistir ao desgaste e \u00e0 lavagem regulares, garantindo um uso duradouro.<\/li>\n<li data-immersive-translate-walked=\"74886ed9-3c57-4843-8350-d06a3e28483f\" data-immersive-translate-paragraph=\"1\"><strong data-immersive-translate-walked=\"74886ed9-3c57-4843-8350-d06a3e28483f\">Oportunidades de atacado<\/strong>: Como fornecedor direto da f\u00e1brica, oferecemos pre\u00e7os competitivos no atacado e benef\u00edcios adicionais para pedidos em grandes quantidades, proporcionando excelente valor para sua empresa.<\/li>\n<\/ul>\n<p>Entre em contato conosco hoje mesmo para saber mais sobre nossos <span style=\"color: #ff0000;\"><a style=\"color: #ff0000;\" href=\"https:\/\/pecpets.com\/br\/\/pet-clothing\/\" target=\"_blank\" rel=\"noopener\">oportunidades de atacado<\/a><\/span> e pre\u00e7o direto de f\u00e1brica para as roupas combinadas personalizadas para c\u00e3es e humanos. Garanta que seus clientes e seus animais de estima\u00e7\u00e3o desfrutem de roupas que combinam com estilo, conforto e durabilidade.<\/p>","protected":false},"excerpt":{"rendered":"<h2><strong><b>Roupas combinando com c\u00e3es e humanos no atacado<\/b><\/strong><\/h2>\n<p>Descubra as roupas que combinam com c\u00e3es e humanos em desenho animado.<\/p>\n<p>Mantenha seus animais de estima\u00e7\u00e3o estilosos com nossos designs de alta qualidade. Roupas de ver\u00e3o para c\u00e3es e humanos combinando<\/p>","protected":false},"featured_media":7100,"template":"","meta":{"_seopress_robots_primary_cat":"none","_seopress_titles_title":"Cartoon Dog And Human Matching Clothes- Top Manufacturers","_seopress_titles_desc":"Introduce our Cartoon Dog And Human Matching Clothes. Perfect for pet owners, this matching apparel is designed for both comfort and durability.","_seopress_robots_index":"","_uag_custom_page_level_css":""},"product_brand":[],"product_cat":[332],"product_tag":[],"class_list":{"0":"post-7095","1":"product","2":"type-product","3":"status-publish","4":"has-post-thumbnail","6":"product_cat-dog-and-human-matching-clothes","8":"first","9":"instock","10":"shipping-taxable","11":"product-type-simple"},"uagb_featured_image_src":{"full":["https:\/\/pecpets.com\/wp-content\/uploads\/2024\/06\/Hc8e9e71d64da48118ac69316e9593d62S.jpg",800,800,false],"thumbnail":["https:\/\/pecpets.com\/wp-content\/uploads\/2024\/06\/Hc8e9e71d64da48118ac69316e9593d62S-150x150.jpg",150,150,true],"medium":["https:\/\/pecpets.com\/wp-content\/uploads\/2024\/06\/Hc8e9e71d64da48118ac69316e9593d62S-300x300.jpg",300,300,true],"medium_large":["https:\/\/pecpets.com\/wp-content\/uploads\/2024\/06\/Hc8e9e71d64da48118ac69316e9593d62S-768x768.jpg",768,768,true],"large":["https:\/\/pecpets.com\/wp-content\/uploads\/2024\/06\/Hc8e9e71d64da48118ac69316e9593d62S.jpg",800,800,false],"1536x1536":["https:\/\/pecpets.com\/wp-content\/uploads\/2024\/06\/Hc8e9e71d64da48118ac69316e9593d62S.jpg",800,800,false],"2048x2048":["https:\/\/pecpets.com\/wp-content\/uploads\/2024\/06\/Hc8e9e71d64da48118ac69316e9593d62S.jpg",800,800,false],"trp-custom-language-flag":["https:\/\/pecpets.com\/wp-content\/uploads\/2024\/06\/Hc8e9e71d64da48118ac69316e9593d62S.jpg",12,12,false],"woocommerce_thumbnail":["https:\/\/pecpets.com\/wp-content\/uploads\/2024\/06\/Hc8e9e71d64da48118ac69316e9593d62S-300x300.jpg",300,300,true],"woocommerce_single":["https:\/\/pecpets.com\/wp-content\/uploads\/2024\/06\/Hc8e9e71d64da48118ac69316e9593d62S-600x600.jpg",600,600,true],"woocommerce_gallery_thumbnail":["https:\/\/pecpets.com\/wp-content\/uploads\/2024\/06\/Hc8e9e71d64da48118ac69316e9593d62S-100x100.jpg",100,100,true]},"uagb_author_info":{"display_name":"Lawrence\u00a0\u52b3\u4f26\u65af","author_link":"https:\/\/pecpets.com\/br\/author\/"},"uagb_comment_info":0,"uagb_excerpt":"Wholesale Cartoon Dog And Human Matching Clothes Discover Cartoon Dog And Human Matching Clothes. Keep your pets stylish with our high-quality designs.Summer Dog And Human Matching Clothes","_links":{"self":[{"href":"https:\/\/pecpets.com\/br\/wp-json\/wp\/v2\/product\/7095","targetHints":{"allow":["GET"]}}],"collection":[{"href":"https:\/\/pecpets.com\/br\/wp-json\/wp\/v2\/product"}],"about":[{"href":"https:\/\/pecpets.com\/br\/wp-json\/wp\/v2\/types\/product"}],"wp:featuredmedia":[{"embeddable":true,"href":"https:\/\/pecpets.com\/br\/wp-json\/wp\/v2\/media\/7100"}],"wp:attachment":[{"href":"https:\/\/pecpets.com\/br\/wp-json\/wp\/v2\/media?parent=7095"}],"wp:term":[{"taxonomy":"product_brand","embeddable":true,"href":"https:\/\/pecpets.com\/br\/wp-json\/wp\/v2\/product_brand?post=7095"},{"taxonomy":"product_cat","embeddable":true,"href":"https:\/\/pecpets.com\/br\/wp-json\/wp\/v2\/product_cat?post=7095"},{"taxonomy":"product_tag","embeddable":true,"href":"https:\/\/pecpets.com\/br\/wp-json\/wp\/v2\/product_tag?post=7095"}],"curies":[{"name":"wp","href":"https:\/\/api.w.org\/{rel}","templated":true}]}}