{"id":7173,"date":"2024-06-27T11:03:09","date_gmt":"2024-06-27T03:03:09","guid":{"rendered":"https:\/\/pecpets.com\/?post_type=product&#038;p=7173"},"modified":"2024-10-29T15:35:00","modified_gmt":"2024-10-29T07:35:00","slug":"vluxury-large-bite-resistant-chew-resistant-dog-bed","status":"publish","type":"product","link":"https:\/\/pecpets.com\/br\/product\/vluxury-large-bite-resistant-chew-resistant-dog-bed\/","title":{"rendered":"Cama para c\u00e3es grande e luxuosa, resistente a mordidas e a mastiga\u00e7\u00e3o"},"content":{"rendered":"<div class=\"elementor-element elementor-element-f148377 elementor-widget elementor-widget-woocommerce-product-content\" data-id=\"f148377\" data-element_type=\"widget\" data-widget_type=\"woocommerce-product-content.default\">\n<div class=\"elementor-widget-container\">\n<h2>Cama para c\u00e3es grande e luxuosa, resistente a mordidas e a mastiga\u00e7\u00e3o - Confort\u00e1vel, f\u00e1brica no atacado<\/h2>\n<p>Atualize as ofertas de seu animal de estima\u00e7\u00e3o com a nossa cama para c\u00e3es Luxury Large Bite Resistant Wear-resistant, a combina\u00e7\u00e3o perfeita de durabilidade e conforto. Projetada para ra\u00e7as maiores, essa cama para c\u00e3es foi criada para resistir at\u00e9 mesmo aos mastigadores mais resistentes, proporcionando um local de descanso aconchegante.<\/p>\n<table style=\"border-collapse: collapse; background-color: #ffffff; width: 335px; height: 242px;\" border=\"1\">\n<tbody>\n<tr>\n<td style=\"font-family: Verdana, Arial, Helvetica, sans-serif; font-size: 12px; color: #000000; margin: 8px; width: 187px; text-align: center;\"><span style=\"line-height: 21px; font-size: 14px;\">Nome dos produtos<\/span><\/td>\n<td style=\"font-family: Verdana, Arial, Helvetica, sans-serif; font-size: 12px; color: #000000; margin: 8px; width: 526px; text-align: center;\">Cama para animais de estima\u00e7\u00e3o<\/td>\n<\/tr>\n<tr>\n<td style=\"font-family: Verdana, Arial, Helvetica, sans-serif; font-size: 12px; color: #000000; margin: 8px; width: 187px; text-align: center;\"><span style=\"line-height: 21px; font-size: 14px;\">Item No.<\/span><\/td>\n<td style=\"font-family: Verdana, Arial, Helvetica, sans-serif; font-size: 12px; color: #000000; margin: 8px; width: 526px; text-align: center;\"><span style=\"line-height: 21px; font-size: 14px;\">P-B2003<\/span><\/td>\n<\/tr>\n<tr>\n<td style=\"font-family: Verdana, Arial, Helvetica, sans-serif; font-size: 12px; color: #000000; margin: 8px; width: 187px; text-align: center;\"><span style=\"line-height: 21px; color: #333333; font-family: Arial, Helvetica; font-size: 14px; font-style: normal; font-weight: 400; background-color: #ffffff; float: none; display: inline !important;\">Material<\/span><\/td>\n<td style=\"font-family: Verdana, Arial, Helvetica, sans-serif; font-size: 12px; color: #000000; margin: 8px; width: 526px; text-align: center;\"><span style=\"color: #151515; font-family: Arial,Helvetica,sans-serif; font-size: 14px; font-style: normal; font-weight: 400; text-align: left; display: inline !important; float: none;\">Velo Coral<\/span><\/td>\n<\/tr>\n<tr>\n<td style=\"font-family: Verdana, Arial, Helvetica, sans-serif; font-size: 12px; color: #000000; margin: 8px; width: 187px; text-align: center;\"><span style=\"line-height: 21px; font-size: 14px;\">\u00a0Tamanho<\/span><\/td>\n<td style=\"font-family: Verdana, Arial, Helvetica, sans-serif; font-size: 12px; color: #000000; margin: 8px; width: 526px; text-align: center;\"><span style=\"font-size: 14px;\">Tamanho personalizado<\/span><\/td>\n<\/tr>\n<tr>\n<td style=\"font-family: Verdana, Arial, Helvetica, sans-serif; font-size: 12px; color: #000000; margin: 8px; width: 187px; text-align: center;\"><span style=\"line-height: 21px; font-size: 14px;\">\u00a0Cor<\/span><\/td>\n<td style=\"font-family: Verdana, Arial, Helvetica, sans-serif; font-size: 12px; color: #000000; margin: 8px; width: 526px; text-align: center;\"><span style=\"color: #000000; font-family: Verdana, Arial, Helvetica, sans-serif; font-size: 14px; font-style: normal; font-weight: 400; text-align: center; background-color: #ffffff; float: none; display: inline !important;\">Cor personalizada<\/span><\/td>\n<\/tr>\n<tr>\n<td style=\"font-family: Verdana, Arial, Helvetica, sans-serif; font-size: 12px; color: #000000; margin: 8px; width: 187px; text-align: center;\"><span style=\"line-height: 21px; font-size: 14px;\">\u00a0<span style=\"line-height: 21px; color: #333333; font-family: Arial, Helvetica; font-size: 14px; font-style: normal; font-weight: 400; background-color: #ffffff; float: none; display: inline !important;\">Tipo de animal de estima\u00e7\u00e3o<\/span><\/span><\/td>\n<td style=\"font-family: Verdana, Arial, Helvetica, sans-serif; font-size: 12px; color: #000000; margin: 8px; width: 526px; text-align: center;\"><span style=\"line-height: 21px; font-size: 14px;\">\u00a0Todos os c\u00e3es<\/span><\/td>\n<\/tr>\n<tr>\n<td style=\"font-family: Verdana, Arial, Helvetica, sans-serif; font-size: 12px; color: #000000; margin: 8px; width: 187px; text-align: center;\"><span style=\"line-height: 21px; font-size: 14px;\">\u00a0<span style=\"line-height: 21px; color: #333333; font-family: Arial, Helvetica; font-size: 14px; font-style: normal; font-weight: 400; background-color: #ffffff; float: none; display: inline !important;\">Prazo de entrega<\/span><\/span><\/td>\n<td style=\"font-family: Verdana, Arial, Helvetica, sans-serif; font-size: 12px; color: #000000; margin: 8px; width: 526px; text-align: center;\"><span style=\"line-height: 21px; font-size: 14px;\"><span style=\"line-height: 21px; color: #000000; font-family: Verdana, Arial, Helvetica, sans-serif; font-size: 14px; font-style: normal; font-weight: 400; background-color: #ffffff; float: none; display: inline !important;\">De 1 a 5 dias para pequenas quantidades por via a\u00e9rea e de 30 a 35 dias para grandes quantidades por via mar\u00edtima<\/span>\u00a0<\/span><\/td>\n<\/tr>\n<tr>\n<td style=\"font-family: Verdana, Arial, Helvetica, sans-serif; font-size: 12px; color: #000000; margin: 8px; width: 187px; text-align: center;\"><span style=\"line-height: 21px; font-size: 14px;\">\u00a0<span style=\"line-height: 21px; color: #333333; font-family: Arial, Helvetica; font-size: 14px; font-style: normal; font-weight: 400; background-color: #ffffff; float: none; display: inline !important;\">Porto de embarque<\/span><\/span><\/td>\n<td style=\"font-family: Verdana, Arial, Helvetica, sans-serif; font-size: 12px; color: #000000; margin: 8px; width: 526px; text-align: center;\"><span style=\"line-height: 21px; font-size: 14px;\">Xiamen\u00a0<\/span><\/td>\n<\/tr>\n<tr>\n<td style=\"font-family: Verdana, Arial, Helvetica, sans-serif; font-size: 12px; color: #000000; margin: 8px; width: 187px; text-align: center;\"><span style=\"line-height: 21px; font-size: 14px;\">\u00a0<span style=\"line-height: 21px; color: #333333; font-family: Arial, Helvetica; font-size: 14px; font-style: normal; font-weight: 400; background-color: #ffffff; float: none; display: inline !important;\">OEM\/ODM<\/span><\/span><\/td>\n<td style=\"font-family: Verdana, Arial, Helvetica, sans-serif; font-size: 12px; color: #000000; margin: 8px; width: 526px; text-align: center;\"><span style=\"line-height: 21px; font-size: 14px;\">\u00a0<span style=\"line-height: 21px; color: #333333; font-family: Arial, Helvetica; font-size: 14px; font-style: normal; font-weight: 400; background-color: #ffffff; float: none; display: inline !important;\">Dispon\u00edvel<\/span><\/span><\/td>\n<\/tr>\n<tr>\n<td style=\"font-family: Verdana, Arial, Helvetica, sans-serif; font-size: 12px; color: #000000; margin: 8px; width: 187px; text-align: center;\"><span style=\"line-height: 21px; font-size: 14px;\">\u00a0<span style=\"line-height: 21px; color: #333333; font-family: Arial, Helvetica; font-size: 14px; font-style: normal; font-weight: 400; background-color: #ffffff; float: none; display: inline !important;\">Pacote<\/span><\/span><\/td>\n<td style=\"font-family: Verdana, Arial, Helvetica, sans-serif; font-size: 12px; color: #000000; margin: 8px; width: 526px; text-align: center;\"><span style=\"line-height: 21px; font-size: 14px;\"><span style=\"line-height: 21px; color: #333333; font-family: Arial, Helvetica; font-size: 14px; font-style: normal; font-weight: 400; background-color: #ffffff; float: none; display: inline !important;\">Cada um \u00e9 embalado em um PPB e depois em uma caixa de papel\u00e3o ou conforme necess\u00e1rio<\/span><\/span><\/td>\n<\/tr>\n<\/tbody>\n<\/table>\n<ul>\n<li data-immersive-translate-walked=\"dccba797-3b74-4de3-9466-e3eeeb22814a\" data-immersive-translate-paragraph=\"1\"><strong data-immersive-translate-walked=\"dccba797-3b74-4de3-9466-e3eeeb22814a\">Luxo e conforto<\/strong>: Nossa cama para c\u00e3es oferece uma superf\u00edcie macia e confort\u00e1vel que garante um sono tranquilo para seus animais de estima\u00e7\u00e3o.<\/li>\n<li><strong>Resistente a mordidas e ao desgaste<\/strong>: Constru\u00edda com materiais de alta qualidade, essa cama foi projetada para ser dur\u00e1vel e duradoura, resistindo a mordidas e ao desgaste.<\/li>\n<li data-immersive-translate-walked=\"dccba797-3b74-4de3-9466-e3eeeb22814a\" data-immersive-translate-paragraph=\"1\"><strong data-immersive-translate-walked=\"dccba797-3b74-4de3-9466-e3eeeb22814a\">Tamanho grande<\/strong>: Perfeito para c\u00e3es de ra\u00e7as maiores, proporcionando amplo espa\u00e7o para que eles possam se esticar e relaxar.<\/li>\n<li data-immersive-translate-walked=\"dccba797-3b74-4de3-9466-e3eeeb22814a\" data-immersive-translate-paragraph=\"1\"><strong data-immersive-translate-walked=\"dccba797-3b74-4de3-9466-e3eeeb22814a\">Pre\u00e7os de atacado e de f\u00e1brica<\/strong>: Dispon\u00edvel para pedidos em grandes quantidades, nossa cama de luxo para c\u00e3es oferece um valor excepcional para pet shops, veterin\u00e1rios e profissionais que cuidam de animais de estima\u00e7\u00e3o.<\/li>\n<\/ul>\n<p>Nosso<span style=\"color: #ff0000;\"><a style=\"color: #ff0000;\" href=\"https:\/\/pecpets.com\/br\/\/pet-bed\/\" target=\"_blank\" rel=\"noopener\"> cama para c\u00e3es<\/a><\/span> destaca-se por sua constru\u00e7\u00e3o superior e materiais de primeira qualidade. O design refor\u00e7ado da cama garante que ela possa suportar mastiga\u00e7\u00e3o vigorosa, tornando-a ideal para c\u00e3es que tendem a ser mais destrutivos. Apesar de sua durabilidade, a cama n\u00e3o compromete o conforto, apresentando uma superf\u00edcie macia e de apoio que os c\u00e3es v\u00e3o adorar.<\/p>\n<p data-immersive-translate-walked=\"dccba797-3b74-4de3-9466-e3eeeb22814a\" data-immersive-translate-paragraph=\"1\">A parceria conosco significa que voc\u00ea receber\u00e1 produtos de primeira linha para animais de estima\u00e7\u00e3o a pre\u00e7os de f\u00e1brica no atacado, garantindo que sua empresa possa oferecer o melhor aos seus clientes sem gastar muito.<\/p>\n<\/div>\n<\/div>","protected":false},"excerpt":{"rendered":"<div class=\"elementor-element elementor-element-36a3285 elementor-widget elementor-widget-woocommerce-product-title elementor-page-title elementor-widget-heading\" data-id=\"36a3285\" data-element_type=\"widget\" data-widget_type=\"woocommerce-product-title.default\">\n<div class=\"elementor-widget-container\">\n<h2><strong><b>Cama para c\u00e3es de luxo, grande e resistente a mordidas, resistente a mastiga\u00e7\u00e3o<\/b><\/strong><\/h2>\n<p>Descubra a Luxury Large Bite Resistant Chew-resistant Dog Bed.<\/p>\n<p>Mantenha o estilo de seus animais de estima\u00e7\u00e3o com nossos designs de alta qualidade.<\/p>\n<\/div>\n<\/div>","protected":false},"featured_media":7181,"template":"","meta":{"_seopress_robots_primary_cat":"none","_seopress_titles_title":"Pet Bed: Chew-resistant Dog Bed - Top Manufaccturer","_seopress_titles_desc":"Upgrade your pet offerings with our Luxury Large Bite Resistant Chew-resistant Dog Bed, the perfect combination of durability and comfort.","_seopress_robots_index":"","_seopress_analysis_target_kw":"Chew-resistant Dog Bed","_uag_custom_page_level_css":""},"product_brand":[],"product_cat":[348,22],"product_tag":[71,69],"class_list":{"0":"post-7173","1":"product","2":"type-product","3":"status-publish","4":"has-post-thumbnail","6":"product_cat-chew-resistant-dog-beds","7":"product_cat-pet-bed","8":"product_tag-cat-bed","9":"product_tag-dog-bed","11":"first","12":"instock","13":"shipping-taxable","14":"product-type-simple"},"uagb_featured_image_src":{"full":["https:\/\/pecpets.com\/wp-content\/uploads\/2024\/06\/907a84e9-7040-464c-91aa-0011918dcf9f.jpeg",750,1000,false],"thumbnail":["https:\/\/pecpets.com\/wp-content\/uploads\/2024\/06\/907a84e9-7040-464c-91aa-0011918dcf9f-150x150.jpeg",150,150,true],"medium":["https:\/\/pecpets.com\/wp-content\/uploads\/2024\/06\/907a84e9-7040-464c-91aa-0011918dcf9f-225x300.jpeg",225,300,true],"medium_large":["https:\/\/pecpets.com\/wp-content\/uploads\/2024\/06\/907a84e9-7040-464c-91aa-0011918dcf9f.jpeg",750,1000,false],"large":["https:\/\/pecpets.com\/wp-content\/uploads\/2024\/06\/907a84e9-7040-464c-91aa-0011918dcf9f.jpeg",750,1000,false],"1536x1536":["https:\/\/pecpets.com\/wp-content\/uploads\/2024\/06\/907a84e9-7040-464c-91aa-0011918dcf9f.jpeg",750,1000,false],"2048x2048":["https:\/\/pecpets.com\/wp-content\/uploads\/2024\/06\/907a84e9-7040-464c-91aa-0011918dcf9f.jpeg",750,1000,false],"trp-custom-language-flag":["https:\/\/pecpets.com\/wp-content\/uploads\/2024\/06\/907a84e9-7040-464c-91aa-0011918dcf9f.jpeg",9,12,false],"woocommerce_thumbnail":["https:\/\/pecpets.com\/wp-content\/uploads\/2024\/06\/907a84e9-7040-464c-91aa-0011918dcf9f-300x300.jpeg",300,300,true],"woocommerce_single":["https:\/\/pecpets.com\/wp-content\/uploads\/2024\/06\/907a84e9-7040-464c-91aa-0011918dcf9f-600x800.jpeg",600,800,true],"woocommerce_gallery_thumbnail":["https:\/\/pecpets.com\/wp-content\/uploads\/2024\/06\/907a84e9-7040-464c-91aa-0011918dcf9f-100x100.jpeg",100,100,true]},"uagb_author_info":{"display_name":"Lawrence\u00a0\u52b3\u4f26\u65af","author_link":"https:\/\/pecpets.com\/br\/author\/"},"uagb_comment_info":0,"uagb_excerpt":"Wholesale Luxury Large Bite Resistant Chew-resistant Dog Bed Discover Luxury Large Bite Resistant Chew-resistant Dog Bed. Keep your pets stylish with our high-quality designs.","_links":{"self":[{"href":"https:\/\/pecpets.com\/br\/wp-json\/wp\/v2\/product\/7173","targetHints":{"allow":["GET"]}}],"collection":[{"href":"https:\/\/pecpets.com\/br\/wp-json\/wp\/v2\/product"}],"about":[{"href":"https:\/\/pecpets.com\/br\/wp-json\/wp\/v2\/types\/product"}],"wp:featuredmedia":[{"embeddable":true,"href":"https:\/\/pecpets.com\/br\/wp-json\/wp\/v2\/media\/7181"}],"wp:attachment":[{"href":"https:\/\/pecpets.com\/br\/wp-json\/wp\/v2\/media?parent=7173"}],"wp:term":[{"taxonomy":"product_brand","embeddable":true,"href":"https:\/\/pecpets.com\/br\/wp-json\/wp\/v2\/product_brand?post=7173"},{"taxonomy":"product_cat","embeddable":true,"href":"https:\/\/pecpets.com\/br\/wp-json\/wp\/v2\/product_cat?post=7173"},{"taxonomy":"product_tag","embeddable":true,"href":"https:\/\/pecpets.com\/br\/wp-json\/wp\/v2\/product_tag?post=7173"}],"curies":[{"name":"wp","href":"https:\/\/api.w.org\/{rel}","templated":true}]}}