{"id":7361,"date":"2024-06-29T13:02:00","date_gmt":"2024-06-29T05:02:00","guid":{"rendered":"https:\/\/pecpets.com\/?post_type=product&#038;p=7361"},"modified":"2024-10-30T10:21:43","modified_gmt":"2024-10-30T02:21:43","slug":"adjustable-safety-buckle-strong-nylon-dog-collar","status":"publish","type":"product","link":"https:\/\/pecpets.com\/br\/product\/adjustable-safety-buckle-strong-nylon-dog-collar\/","title":{"rendered":"Coleira de nylon forte com fivela de seguran\u00e7a ajust\u00e1vel"},"content":{"rendered":"<h2 data-immersive-translate-walked=\"e7004b1f-2e8f-4436-a121-9fbf271e51c9\">Coleira de nylon forte com fivela de seguran\u00e7a ajust\u00e1vel | Coleiras de treinamento e seguran\u00e7a | Confort\u00e1vel e dur\u00e1vel | F\u00e1brica no atacado<\/h2>\n<p>Bem-vindo \u00e0 nossa plataforma B2B, sua principal fonte de coleiras para c\u00e3es de nylon forte com fivela de seguran\u00e7a ajust\u00e1vel de alta qualidade. Nossas coleiras para c\u00e3es s\u00e3o projetadas para m\u00e1xima seguran\u00e7a, conforto e durabilidade, o que as torna ideais para treinamento e uso di\u00e1rio. Oferecemos produtos de primeira linha que atendem aos mais altos padr\u00f5es, perfeitos para varejistas, treinadores e distribuidores de animais de estima\u00e7\u00e3o.<\/p>\n<table style=\"border-collapse: collapse; background-color: #ffffff; width: 329px; height: 273px;\" border=\"1\">\n<tbody>\n<tr>\n<td style=\"font-family: Verdana, Arial, Helvetica, sans-serif; font-size: 12px; color: #000000; margin: 8px; width: 187px; text-align: center;\"><span style=\"line-height: 21px; font-size: 14px;\">Nome dos produtos<\/span><\/td>\n<td style=\"font-family: Verdana, Arial, Helvetica, sans-serif; font-size: 12px; color: #000000; margin: 8px; width: 526px; text-align: center;\"><span style=\"font-size: 14px;\">Coleira para animais de estima\u00e7\u00e3o<\/span><\/td>\n<\/tr>\n<tr>\n<td style=\"font-family: Verdana, Arial, Helvetica, sans-serif; font-size: 12px; color: #000000; margin: 8px; width: 187px; text-align: center;\"><span style=\"line-height: 21px; font-size: 14px;\">Item No.<\/span><\/td>\n<td style=\"font-family: Verdana, Arial, Helvetica, sans-serif; font-size: 12px; color: #000000; margin: 8px; width: 526px; text-align: center;\"><span style=\"line-height: 21px; font-size: 14px;\">P-C1011<\/span><\/td>\n<\/tr>\n<tr>\n<td style=\"font-family: Verdana, Arial, Helvetica, sans-serif; font-size: 12px; color: #000000; margin: 8px; width: 187px; text-align: center;\"><span style=\"line-height: 21px; color: #333333; font-family: Arial, Helvetica; font-size: 14px; font-style: normal; font-weight: 400; background-color: #ffffff; float: none; display: inline !important;\">Material<\/span><\/td>\n<td style=\"font-family: Verdana, Arial, Helvetica, sans-serif; font-size: 12px; color: #000000; margin: 8px; width: 526px; text-align: center;\"><span style=\"color: #333333; font-family: Helvetica,Tahoma,Arial; font-size: 12px; font-style: normal; font-weight: 400; background-color: #fcfcfc; display: inline !important; float: none;\">Tecido Oxford<\/span><\/td>\n<\/tr>\n<tr>\n<td style=\"font-family: Verdana, Arial, Helvetica, sans-serif; font-size: 12px; color: #000000; margin: 8px; width: 187px; text-align: center;\"><span style=\"line-height: 21px; font-size: 14px;\">\u00a0Tamanho<\/span><\/td>\n<td style=\"margin: 8px; width: 526px; text-align: center;\"><span style=\"color: #222222; font-family: Helvetica, Tahoma, Arial;\"><span style=\"font-size: 14px;\">Tamanho personalizado<\/span><\/span><\/td>\n<\/tr>\n<tr>\n<td style=\"font-family: Verdana, Arial, Helvetica, sans-serif; font-size: 12px; color: #000000; margin: 8px; width: 187px; text-align: center;\"><span style=\"line-height: 21px; font-size: 14px;\">\u00a0Cor<\/span><\/td>\n<td style=\"font-family: Verdana, Arial, Helvetica, sans-serif; font-size: 12px; color: #000000; margin: 8px; width: 526px; text-align: center;\"><span style=\"font-size: 14px;\">Cor personalizada<\/span><\/td>\n<\/tr>\n<tr>\n<td style=\"font-family: Verdana, Arial, Helvetica, sans-serif; font-size: 12px; color: #000000; margin: 8px; width: 187px; text-align: center;\"><span style=\"line-height: 21px; font-size: 14px;\">\u00a0<span style=\"line-height: 21px; color: #333333; font-family: Arial, Helvetica; font-size: 14px; font-style: normal; font-weight: 400; background-color: #ffffff; float: none; display: inline !important;\">Tipo de animal de estima\u00e7\u00e3o<\/span><\/span><\/td>\n<td style=\"font-family: Verdana, Arial, Helvetica, sans-serif; font-size: 12px; color: #000000; margin: 8px; width: 526px; text-align: center;\"><span style=\"line-height: 21px; font-size: 14px;\">\u00a0Todos os c\u00e3es<\/span><\/td>\n<\/tr>\n<tr>\n<td style=\"font-family: Verdana, Arial, Helvetica, sans-serif; font-size: 12px; color: #000000; margin: 8px; width: 187px; text-align: center;\"><span style=\"line-height: 21px; font-size: 14px;\">\u00a0<span style=\"line-height: 21px; color: #333333; font-family: Arial, Helvetica; font-size: 14px; font-style: normal; font-weight: 400; background-color: #ffffff; float: none; display: inline !important;\">Prazo de entrega<\/span><\/span><\/td>\n<td style=\"font-family: Verdana, Arial, Helvetica, sans-serif; font-size: 12px; color: #000000; margin: 8px; width: 526px; text-align: center;\"><span style=\"line-height: 21px; font-size: 14px;\"><span style=\"line-height: 21px; color: #000000; font-family: Verdana, Arial, Helvetica, sans-serif; font-size: 14px; font-style: normal; font-weight: 400; background-color: #ffffff; float: none; display: inline !important;\">De 1 a 5 dias para pequenas quantidades por via a\u00e9rea e de 30 a 35 dias para grandes quantidades por via mar\u00edtima<\/span>\u00a0<\/span><\/td>\n<\/tr>\n<tr>\n<td style=\"font-family: Verdana, Arial, Helvetica, sans-serif; font-size: 12px; color: #000000; margin: 8px; width: 187px; text-align: center;\"><span style=\"line-height: 21px; font-size: 14px;\">\u00a0<span style=\"line-height: 21px; color: #333333; font-family: Arial, Helvetica; font-size: 14px; font-style: normal; font-weight: 400; background-color: #ffffff; float: none; display: inline !important;\">Porto de embarque<\/span><\/span><\/td>\n<td style=\"font-family: Verdana, Arial, Helvetica, sans-serif; font-size: 12px; color: #000000; margin: 8px; width: 526px; text-align: center;\"><span style=\"line-height: 21px; font-size: 14px;\">Xiamen\u00a0<\/span><\/td>\n<\/tr>\n<tr>\n<td style=\"font-family: Verdana, Arial, Helvetica, sans-serif; font-size: 12px; color: #000000; margin: 8px; width: 187px; text-align: center;\"><span style=\"line-height: 21px; font-size: 14px;\">\u00a0<span style=\"line-height: 21px; color: #333333; font-family: Arial, Helvetica; font-size: 14px; font-style: normal; font-weight: 400; background-color: #ffffff; float: none; display: inline !important;\">OEM\/ODM<\/span><\/span><\/td>\n<td style=\"font-family: Verdana, Arial, Helvetica, sans-serif; font-size: 12px; color: #000000; margin: 8px; width: 526px; text-align: center;\"><span style=\"line-height: 21px; font-size: 14px;\">\u00a0<span style=\"line-height: 21px; color: #333333; font-family: Arial, Helvetica; font-size: 14px; font-style: normal; font-weight: 400; background-color: #ffffff; float: none; display: inline !important;\">Dispon\u00edvel<\/span><\/span><\/td>\n<\/tr>\n<tr>\n<td style=\"font-family: Verdana, Arial, Helvetica, sans-serif; font-size: 12px; color: #000000; margin: 8px; width: 187px; text-align: center;\"><span style=\"line-height: 21px; font-size: 14px;\">\u00a0<span style=\"line-height: 21px; color: #333333; font-family: Arial, Helvetica; font-size: 14px; font-style: normal; font-weight: 400; background-color: #ffffff; float: none; display: inline !important;\">Pacote<\/span><\/span><\/td>\n<td style=\"font-family: Verdana, Arial, Helvetica, sans-serif; font-size: 12px; color: #000000; margin: 8px; width: 526px; text-align: center;\"><span style=\"line-height: 21px; font-size: 14px;\"><span style=\"line-height: 21px; color: #333333; font-family: Arial, Helvetica; font-size: 14px; font-style: normal; font-weight: 400; background-color: #ffffff; float: none; display: inline !important;\">Cada um \u00e9 embalado em um PPB e depois em uma caixa de papel\u00e3o ou conforme necess\u00e1rio<\/span><\/span><\/td>\n<\/tr>\n<\/tbody>\n<\/table>\n<ul>\n<li><strong>Fivela de seguran\u00e7a ajust\u00e1vel<\/strong>: Nossa coleira para c\u00e3es apresenta uma fivela de seguran\u00e7a ajust\u00e1vel, garantindo um ajuste seguro para c\u00e3es de todos os tamanhos. A fivela foi projetada para ser f\u00e1cil de prender e soltar, proporcionando conveni\u00eancia e seguran\u00e7a durante o uso.<\/li>\n<li><strong>Material de nylon resistente<\/strong>: Fabricadas com nylon resistente e de alta qualidade, nossas coleiras s\u00e3o feitas para durar. Esse material dur\u00e1vel garante que a coleira possa suportar o uso regular e o desgaste de c\u00e3es ativos.<\/li>\n<li><strong>Ajuste confort\u00e1vel<\/strong>: Projetadas tendo em mente o conforto do seu animal de estima\u00e7\u00e3o, nossas coleiras s\u00e3o leves e ajust\u00e1veis. O tecido de n\u00e1ilon macio evita o atrito e a irrita\u00e7\u00e3o, permitindo o uso prolongado sem desconforto.<\/li>\n<li><strong>Durability<\/strong>: Nossas coleiras para c\u00e3es s\u00e3o projetadas para suportar o uso rigoroso. A constru\u00e7\u00e3o robusta e o material de nylon resistente garantem um desempenho duradouro, tornando-as adequadas tanto para sess\u00f5es de treinamento quanto para caminhadas di\u00e1rias.<\/li>\n<li>\n<p data-immersive-translate-walked=\"8b5afd8b-1b58-4d39-bfba-c28d7f2dd9b7\" data-immersive-translate-paragraph=\"1\"><strong data-immersive-translate-walked=\"8b5afd8b-1b58-4d39-bfba-c28d7f2dd9b7\">Disponibilidade no atacado<\/strong>: Como fornecedor direto da f\u00e1brica, oferecemos pre\u00e7os competitivos no atacado para pedidos em grandes quantidades. Nosso eficiente sistema de produ\u00e7\u00e3o e distribui\u00e7\u00e3o garante entrega pontual e atendimento excepcional ao cliente.<\/p>\n<\/li>\n<\/ul>\n<p data-immersive-translate-walked=\"8b5afd8b-1b58-4d39-bfba-c28d7f2dd9b7\"><strong data-immersive-translate-walked=\"8b5afd8b-1b58-4d39-bfba-c28d7f2dd9b7\" data-immersive-translate-paragraph=\"1\">Por que nos escolher?<\/strong><\/p>\n<ul>\n<li><strong>Direto da f\u00e1brica<\/strong>: Ao comprar diretamente de nossa f\u00e1brica, voc\u00ea se beneficia de custos mais baixos e prazos de entrega mais r\u00e1pidos. Eliminamos o intermedi\u00e1rio, oferecendo a voc\u00ea o melhor valor.<\/li>\n<li><strong>Garantia de qualidade<\/strong>: Cada colarinho passa por rigorosas verifica\u00e7\u00f5es de controle de qualidade para garantir que atenda aos nossos altos padr\u00f5es. Voc\u00ea pode confiar em nossos produtos para oferecer o desempenho e a confiabilidade de que sua empresa precisa.<\/li>\n<li>\n<p data-immersive-translate-walked=\"8b5afd8b-1b58-4d39-bfba-c28d7f2dd9b7\" data-immersive-translate-paragraph=\"1\"><strong data-immersive-translate-walked=\"8b5afd8b-1b58-4d39-bfba-c28d7f2dd9b7\">Op\u00e7\u00f5es personaliz\u00e1veis<\/strong>: Oferecemos op\u00e7\u00f5es de personaliza\u00e7\u00e3o para atender \u00e0s suas necessidades espec\u00edficas. De ajustes de marca a design, trabalhamos com voc\u00ea para criar produtos que se alinhem \u00e0 identidade de sua marca.<\/p>\n<\/li>\n<\/ul>\n<p><strong>Fa\u00e7a seu pedido agora!<\/strong><\/p>\n<p data-immersive-translate-walked=\"8b5afd8b-1b58-4d39-bfba-c28d7f2dd9b7\" data-immersive-translate-paragraph=\"1\">Seja nosso parceiro para todas as suas Fivelas de Seguran\u00e7a Ajust\u00e1veis de Nylon Forte <span style=\"color: #ff0000;\"><a style=\"color: #ff0000;\" href=\"https:\/\/pecpets.com\/br\/\/pet-collars\/\" target=\"_blank\" rel=\"noopener\">Coleira para c\u00e3es<\/a><\/span> necessidades. Experimente a combina\u00e7\u00e3o perfeita de seguran\u00e7a, conforto e durabilidade. Entre em contato conosco hoje para obter uma cota\u00e7\u00e3o e aproveite nossos pre\u00e7os de atacado.<\/p>","protected":false},"excerpt":{"rendered":"<h2><strong><b>Atacado Coleira de nylon forte com fivela de seguran\u00e7a ajust\u00e1vel<\/b><\/strong><\/h2>\n<p>Discover Adjustable Safety Buckle Strong Nylon Dog Collar (coleira de nylon forte com fivela de seguran\u00e7a ajust\u00e1vel).<\/p>\n<p>Mantenha o estilo de seus animais de estima\u00e7\u00e3o com nossos designs de alta qualidade.<\/p>","protected":false},"featured_media":7362,"template":"","meta":{"_seopress_robots_primary_cat":"none","_seopress_titles_title":"Adjustable Safety Buckle Strong Nylon Dog Collar","_seopress_titles_desc":"Discover Adjustable Safety Buckle Strong Nylon Dog Collar. Shop high-quality collars at wholesale factory prices. Perfect for pet dogs.","_seopress_robots_index":"","_seopress_analysis_target_kw":"Safety Buckle Strong Nylon Dog Collar,Adjustable Safety Buckle Strong Nylon Dog Collar","_uag_custom_page_level_css":""},"product_brand":[],"product_cat":[211,363],"product_tag":[215,216,214,213],"class_list":{"0":"post-7361","1":"product","2":"type-product","3":"status-publish","4":"has-post-thumbnail","6":"product_cat-pet-collars","7":"product_cat-training-safety-collars","8":"product_tag-adjustable-collar","9":"product_tag-collar-and-leash-set","10":"product_tag-custom-color-dog-collar","11":"product_tag-dog-collar","13":"first","14":"instock","15":"shipping-taxable","16":"product-type-simple"},"uagb_featured_image_src":{"full":["https:\/\/pecpets.com\/wp-content\/uploads\/2024\/06\/\u4e3b\u56fe-01-37.jpg",1000,1000,false],"thumbnail":["https:\/\/pecpets.com\/wp-content\/uploads\/2024\/06\/\u4e3b\u56fe-01-37-150x150.jpg",150,150,true],"medium":["https:\/\/pecpets.com\/wp-content\/uploads\/2024\/06\/\u4e3b\u56fe-01-37-300x300.jpg",300,300,true],"medium_large":["https:\/\/pecpets.com\/wp-content\/uploads\/2024\/06\/\u4e3b\u56fe-01-37-768x768.jpg",768,768,true],"large":["https:\/\/pecpets.com\/wp-content\/uploads\/2024\/06\/\u4e3b\u56fe-01-37.jpg",800,800,false],"1536x1536":["https:\/\/pecpets.com\/wp-content\/uploads\/2024\/06\/\u4e3b\u56fe-01-37.jpg",1000,1000,false],"2048x2048":["https:\/\/pecpets.com\/wp-content\/uploads\/2024\/06\/\u4e3b\u56fe-01-37.jpg",1000,1000,false],"trp-custom-language-flag":["https:\/\/pecpets.com\/wp-content\/uploads\/2024\/06\/\u4e3b\u56fe-01-37.jpg",12,12,false],"woocommerce_thumbnail":["https:\/\/pecpets.com\/wp-content\/uploads\/2024\/06\/\u4e3b\u56fe-01-37-300x300.jpg",300,300,true],"woocommerce_single":["https:\/\/pecpets.com\/wp-content\/uploads\/2024\/06\/\u4e3b\u56fe-01-37-600x600.jpg",600,600,true],"woocommerce_gallery_thumbnail":["https:\/\/pecpets.com\/wp-content\/uploads\/2024\/06\/\u4e3b\u56fe-01-37-100x100.jpg",100,100,true]},"uagb_author_info":{"display_name":"Lawrence\u00a0\u52b3\u4f26\u65af","author_link":"https:\/\/pecpets.com\/br\/author\/"},"uagb_comment_info":0,"uagb_excerpt":"Wholesale Adjustable Safety Buckle Strong Nylon Dog Collar Discover Adjustable Safety Buckle Strong Nylon Dog Collar. Keep your pets stylish with our high-quality designs.","_links":{"self":[{"href":"https:\/\/pecpets.com\/br\/wp-json\/wp\/v2\/product\/7361","targetHints":{"allow":["GET"]}}],"collection":[{"href":"https:\/\/pecpets.com\/br\/wp-json\/wp\/v2\/product"}],"about":[{"href":"https:\/\/pecpets.com\/br\/wp-json\/wp\/v2\/types\/product"}],"wp:featuredmedia":[{"embeddable":true,"href":"https:\/\/pecpets.com\/br\/wp-json\/wp\/v2\/media\/7362"}],"wp:attachment":[{"href":"https:\/\/pecpets.com\/br\/wp-json\/wp\/v2\/media?parent=7361"}],"wp:term":[{"taxonomy":"product_brand","embeddable":true,"href":"https:\/\/pecpets.com\/br\/wp-json\/wp\/v2\/product_brand?post=7361"},{"taxonomy":"product_cat","embeddable":true,"href":"https:\/\/pecpets.com\/br\/wp-json\/wp\/v2\/product_cat?post=7361"},{"taxonomy":"product_tag","embeddable":true,"href":"https:\/\/pecpets.com\/br\/wp-json\/wp\/v2\/product_tag?post=7361"}],"curies":[{"name":"wp","href":"https:\/\/api.w.org\/{rel}","templated":true}]}}