{"id":8461,"date":"2024-07-11T14:09:24","date_gmt":"2024-07-11T06:09:24","guid":{"rendered":"https:\/\/pecpets.com\/?post_type=product&#038;p=8461"},"modified":"2025-08-20T17:21:21","modified_gmt":"2025-08-20T09:21:21","slug":"blank-large-clothes-for-dogs","status":"publish","type":"product","link":"https:\/\/pecpets.com\/br\/product\/blank-large-clothes-for-dogs\/","title":{"rendered":"Roupas grandes em branco para c\u00e3es"},"content":{"rendered":"<h2 data-immersive-translate-walked=\"f36f68ab-127d-4e10-955b-f6ada5d45339\">Roupas grandes em branco para c\u00e3es: roupas de alta qualidade para animais de estima\u00e7\u00e3o e roupas para c\u00e3es por atacado da f\u00e1brica<\/h2>\n<h3>Descri\u00e7\u00e3o:<\/h3>\n<p>Apresentamos nossas Roupas Blank Large para C\u00e3es, o vestu\u00e1rio ideal para animais de estima\u00e7\u00e3o, projetado para proporcionar conforto e versatilidade.<\/p>\n<p>Perfeitas para personaliza\u00e7\u00e3o ou uso di\u00e1rio, essas roupas para c\u00e3es s\u00e3o feitas com materiais de alta qualidade para garantir durabilidade e conforto. Dispon\u00edveis para venda no atacado diretamente de nossa f\u00e1brica, elas oferecem qualidade superior e pre\u00e7os competitivos.<\/p>\n<table style=\"height: 269px;\" width=\"287\">\n<tbody>\n<tr>\n<td width=\"137\"><span style=\"color: #333333;\">Nome do produto<\/span><\/td>\n<td width=\"151\"><span style=\"color: #333333;\">Roupas para animais de estima\u00e7\u00e3o<\/span><\/td>\n<\/tr>\n<tr>\n<td><span style=\"color: #333333;\">Item No.<\/span><\/td>\n<td><span style=\"color: #333333;\">P-C2203<\/span><\/td>\n<\/tr>\n<tr>\n<td><span style=\"color: #333333;\">Material<\/span><\/td>\n<td>Algod\u00e3o, poli\u00e9ster, velo<\/td>\n<\/tr>\n<tr>\n<td><span style=\"color: #333333;\">\u00a0Tamanho e cor<\/span><\/td>\n<td><span style=\"color: #333333;\">Personalizado<\/span><\/td>\n<\/tr>\n<tr>\n<td><span style=\"color: #333333;\">\u00a0Prazo de entrega<\/span><\/td>\n<td><span style=\"color: #333333;\">1 a 5 dias para pequenas quantidades por via a\u00e9rea e 30 a 35 dias para grandes quantidades por via mar\u00edtima<\/span><\/td>\n<\/tr>\n<\/tbody>\n<\/table>\n<h4>Principais recursos:<\/h4>\n<ul>\n<li><strong>Tecido de alta qualidade<\/strong>: Fabricado com materiais macios e dur\u00e1veis que proporcionam conforto e uso duradouro.<\/li>\n<li><strong>Perfeito para personaliza\u00e7\u00e3o<\/strong>: Design em branco ideal para personaliza\u00e7\u00e3o, permitindo logotipos, desenhos ou marcas.<\/li>\n<li><strong>Ajuste confort\u00e1vel<\/strong>: Projetado para se ajustar confortavelmente a c\u00e3es grandes, com recursos f\u00e1ceis de usar.<\/li>\n<li><strong>Uso vers\u00e1til<\/strong>: Adequado para uso di\u00e1rio, ocasi\u00f5es especiais ou eventos promocionais.<\/li>\n<li><strong>F\u00e1cil de limpar<\/strong>: Lav\u00e1vel na m\u00e1quina e de f\u00e1cil manuten\u00e7\u00e3o, o que garante a conveni\u00eancia para os donos de animais de estima\u00e7\u00e3o.<\/li>\n<li><strong>Elegante e pr\u00e1tico<\/strong>: Combina funcionalidade com um design elegante de tela em branco.<\/li>\n<li><strong>Disponibilidade no atacado<\/strong>: Diretamente da f\u00e1brica, proporcionando qualidade consistente e pre\u00e7o econ\u00f4mico para pedidos em massa.<\/li>\n<\/ul>\n<h3>Ideal para:<\/h3>\n<ul>\n<li>Os donos de animais de estima\u00e7\u00e3o est\u00e3o procurando roupas de alta qualidade e em branco para seus c\u00e3es grandes.<\/li>\n<li>Varejistas e atacadistas que buscam roupas premium para c\u00e3es a pre\u00e7os diretos de f\u00e1brica.<\/li>\n<li>Empresas que desejam oferecer roupas personaliz\u00e1veis para animais de estima\u00e7\u00e3o para fins promocionais ou de marca.<\/li>\n<\/ul>\n<p>Equipe sua cole\u00e7\u00e3o de roupas para animais de estima\u00e7\u00e3o com nossas vers\u00e1teis roupas Blank Large Clothes for Dogs.<\/p>\n<p>Entre em contato conosco hoje para <span style=\"color: #ff0000;\"><a style=\"color: #ff0000;\" href=\"https:\/\/pecpets.com\/br\/\/pet-clothing\/\" target=\"_blank\" rel=\"noopener\">consultas sobre atacado<\/a><\/span> e pre\u00e7os diretos da f\u00e1brica.<\/p>","protected":false},"excerpt":{"rendered":"<h2><strong><b>Roupas grandes em branco para c\u00e3es no atacado<\/b><\/strong><\/h2>\n<p>Descubra as roupas grandes em branco para c\u00e3es.<\/p>\n<p>Mantenha o estilo de seus animais de estima\u00e7\u00e3o com nossos designs de alta qualidade.<\/p>\n<h3><\/h3>","protected":false},"featured_media":8467,"template":"","meta":{"_seopress_robots_primary_cat":"none","_seopress_titles_title":"Pet Clothes: Blank Large Clothes For Dogs - Manufacturers","_seopress_titles_desc":"Explore our Blank Large Clothes For Dogs, including pet halloween Costumes. Shop wholesale pet clothes from the factory for unbeatable prices and quality","_seopress_robots_index":"","_uag_custom_page_level_css":""},"product_brand":[],"product_cat":[364,23,389],"product_tag":[],"class_list":{"0":"post-8461","1":"product","2":"type-product","3":"status-publish","4":"has-post-thumbnail","6":"product_cat-basic-dog-clothing","7":"product_cat-pet-clothing","8":"product_cat-pet-hoodies","10":"first","11":"instock","12":"shipping-taxable","13":"product-type-simple"},"uagb_featured_image_src":{"full":["https:\/\/pecpets.com\/wp-content\/uploads\/2024\/07\/Blank-Large-Clothes-For-Dogs6.jpeg",1000,1000,false],"thumbnail":["https:\/\/pecpets.com\/wp-content\/uploads\/2024\/07\/Blank-Large-Clothes-For-Dogs6-150x150.jpeg",150,150,true],"medium":["https:\/\/pecpets.com\/wp-content\/uploads\/2024\/07\/Blank-Large-Clothes-For-Dogs6-300x300.jpeg",300,300,true],"medium_large":["https:\/\/pecpets.com\/wp-content\/uploads\/2024\/07\/Blank-Large-Clothes-For-Dogs6-768x768.jpeg",768,768,true],"large":["https:\/\/pecpets.com\/wp-content\/uploads\/2024\/07\/Blank-Large-Clothes-For-Dogs6.jpeg",800,800,false],"1536x1536":["https:\/\/pecpets.com\/wp-content\/uploads\/2024\/07\/Blank-Large-Clothes-For-Dogs6.jpeg",1000,1000,false],"2048x2048":["https:\/\/pecpets.com\/wp-content\/uploads\/2024\/07\/Blank-Large-Clothes-For-Dogs6.jpeg",1000,1000,false],"trp-custom-language-flag":["https:\/\/pecpets.com\/wp-content\/uploads\/2024\/07\/Blank-Large-Clothes-For-Dogs6-12x12.jpeg",12,12,true],"woocommerce_thumbnail":["https:\/\/pecpets.com\/wp-content\/uploads\/2024\/07\/Blank-Large-Clothes-For-Dogs6-300x300.jpeg",300,300,true],"woocommerce_single":["https:\/\/pecpets.com\/wp-content\/uploads\/2024\/07\/Blank-Large-Clothes-For-Dogs6-600x600.jpeg",600,600,true],"woocommerce_gallery_thumbnail":["https:\/\/pecpets.com\/wp-content\/uploads\/2024\/07\/Blank-Large-Clothes-For-Dogs6-100x100.jpeg",100,100,true]},"uagb_author_info":{"display_name":"Lawrence\u00a0\u52b3\u4f26\u65af","author_link":"https:\/\/pecpets.com\/br\/author\/"},"uagb_comment_info":0,"uagb_excerpt":"Wholesale Blank Large Clothes For Dogs Discover Blank Large Clothes For Dogs. Keep your pets stylish with our high-quality designs.","_links":{"self":[{"href":"https:\/\/pecpets.com\/br\/wp-json\/wp\/v2\/product\/8461","targetHints":{"allow":["GET"]}}],"collection":[{"href":"https:\/\/pecpets.com\/br\/wp-json\/wp\/v2\/product"}],"about":[{"href":"https:\/\/pecpets.com\/br\/wp-json\/wp\/v2\/types\/product"}],"wp:featuredmedia":[{"embeddable":true,"href":"https:\/\/pecpets.com\/br\/wp-json\/wp\/v2\/media\/8467"}],"wp:attachment":[{"href":"https:\/\/pecpets.com\/br\/wp-json\/wp\/v2\/media?parent=8461"}],"wp:term":[{"taxonomy":"product_brand","embeddable":true,"href":"https:\/\/pecpets.com\/br\/wp-json\/wp\/v2\/product_brand?post=8461"},{"taxonomy":"product_cat","embeddable":true,"href":"https:\/\/pecpets.com\/br\/wp-json\/wp\/v2\/product_cat?post=8461"},{"taxonomy":"product_tag","embeddable":true,"href":"https:\/\/pecpets.com\/br\/wp-json\/wp\/v2\/product_tag?post=8461"}],"curies":[{"name":"wp","href":"https:\/\/api.w.org\/{rel}","templated":true}]}}