{"id":8675,"date":"2024-07-12T15:51:07","date_gmt":"2024-07-12T07:51:07","guid":{"rendered":"https:\/\/pecpets.com\/?post_type=product&#038;p=8675"},"modified":"2024-10-22T18:21:31","modified_gmt":"2024-10-22T10:21:31","slug":"new-pet-cat-dog-clothes-summer","status":"publish","type":"product","link":"https:\/\/pecpets.com\/br\/product\/new-pet-cat-dog-clothes-summer\/","title":{"rendered":"Novas roupas de ver\u00e3o para c\u00e3es e gatos"},"content":{"rendered":"<h2>Novas roupas de ver\u00e3o para c\u00e3es e gatos - Roupas de alta qualidade para c\u00e3es e gatos da f\u00e1brica de atacado<\/h2>\n<h3>Descri\u00e7\u00e3o:<\/h3>\n<p>Descubra o que h\u00e1 de mais moderno na moda de ver\u00e3o para animais de estima\u00e7\u00e3o com nossa cole\u00e7\u00e3o New Pet Cat Dog Clothes Summer. Como fornecedor confi\u00e1vel de roupas de alta qualidade para animais de estima\u00e7\u00e3o, oferecemos roupas elegantes e confort\u00e1veis para c\u00e3es, perfeitas para os meses mais quentes. Ideal para compradores no atacado, nossas roupas de ver\u00e3o para animais de estima\u00e7\u00e3o v\u00eam diretamente da f\u00e1brica, garantindo qualidade de primeira linha a pre\u00e7os imbat\u00edveis.<\/p>\n<table style=\"border-collapse: collapse; background-color: #ffffff; width: 333px; height: 250px;\" border=\"1\">\n<tbody>\n<tr>\n<td style=\"font-family: Verdana, Arial, Helvetica, sans-serif; font-size: 12px; color: #000000; margin: 8px; width: 187px; text-align: center;\"><span style=\"line-height: 21px; font-size: 14px;\">Nome dos produtos<\/span><\/td>\n<td style=\"font-family: Verdana, Arial, Helvetica, sans-serif; font-size: 12px; color: #000000; margin: 8px; width: 526px; text-align: center;\">Camisetas para animais de estima\u00e7\u00e3o<\/td>\n<\/tr>\n<tr>\n<td style=\"font-family: Verdana, Arial, Helvetica, sans-serif; font-size: 12px; color: #000000; margin: 8px; width: 187px; text-align: center;\"><span style=\"line-height: 21px; font-size: 14px;\">Item No.<\/span><\/td>\n<td style=\"font-family: Verdana, Arial, Helvetica, sans-serif; font-size: 12px; color: #000000; margin: 8px; width: 526px; text-align: center;\"><span style=\"line-height: 21px; font-size: 14px;\">P-S2007<\/span><\/td>\n<\/tr>\n<tr>\n<td style=\"font-family: Verdana, Arial, Helvetica, sans-serif; font-size: 12px; color: #000000; margin: 8px; width: 187px; text-align: center;\"><span style=\"line-height: 21px; color: #333333; font-family: Arial, Helvetica; font-size: 14px; font-style: normal; font-weight: 400; background-color: #ffffff; float: none; display: inline !important;\">Material<\/span><\/td>\n<td style=\"font-family: Verdana, Arial, Helvetica, sans-serif; font-size: 12px; color: #000000; margin: 8px; width: 526px; text-align: center;\">Algod\u00e3o, poli\u00e9ster<\/td>\n<\/tr>\n<tr>\n<td style=\"font-family: Verdana, Arial, Helvetica, sans-serif; font-size: 12px; color: #000000; margin: 8px; width: 187px; text-align: center;\"><span style=\"line-height: 21px; font-size: 14px;\">\u00a0Tamanho<\/span><\/td>\n<td style=\"font-family: Verdana, Arial, Helvetica, sans-serif; font-size: 12px; color: #000000; margin: 8px; width: 526px; text-align: center;\"><span style=\"font-size: 14px;\">Custom Size<\/span><\/td>\n<\/tr>\n<tr>\n<td style=\"font-family: Verdana, Arial, Helvetica, sans-serif; font-size: 12px; color: #000000; margin: 8px; width: 187px; text-align: center;\"><span style=\"line-height: 21px; font-size: 14px;\">\u00a0Cor<\/span><\/td>\n<td style=\"font-family: Verdana, Arial, Helvetica, sans-serif; font-size: 12px; color: #000000; margin: 8px; width: 526px; text-align: center;\"><span style=\"line-height: 21px; font-size: 14px;\">Custom Color\u00a0<\/span><\/td>\n<\/tr>\n<tr>\n<td style=\"font-family: Verdana, Arial, Helvetica, sans-serif; font-size: 12px; color: #000000; margin: 8px; width: 187px; text-align: center;\"><span style=\"line-height: 21px; font-size: 14px;\">\u00a0<span style=\"line-height: 21px; color: #333333; font-family: Arial, Helvetica; font-size: 14px; font-style: normal; font-weight: 400; background-color: #ffffff; float: none; display: inline !important;\">Tipo de animal de estima\u00e7\u00e3o<\/span><\/span><\/td>\n<td style=\"font-family: Verdana, Arial, Helvetica, sans-serif; font-size: 12px; color: #000000; margin: 8px; width: 526px; text-align: center;\"><span style=\"line-height: 21px; font-size: 14px;\">\u00a0Todos os c\u00e3es<\/span><\/td>\n<\/tr>\n<tr>\n<td style=\"font-family: Verdana, Arial, Helvetica, sans-serif; font-size: 12px; color: #000000; margin: 8px; width: 187px; text-align: center;\"><span style=\"line-height: 21px; font-size: 14px;\">\u00a0<span style=\"line-height: 21px; color: #333333; font-family: Arial, Helvetica; font-size: 14px; font-style: normal; font-weight: 400; background-color: #ffffff; float: none; display: inline !important;\">Prazo de entrega<\/span><\/span><\/td>\n<td style=\"font-family: Verdana, Arial, Helvetica, sans-serif; font-size: 12px; color: #000000; margin: 8px; width: 526px; text-align: center;\"><span style=\"line-height: 21px; font-size: 14px;\"><span style=\"line-height: 21px; color: #000000; font-family: Verdana, Arial, Helvetica, sans-serif; font-size: 14px; font-style: normal; font-weight: 400; background-color: #ffffff; float: none; display: inline !important;\">De 1 a 5 dias para pequenas quantidades por via a\u00e9rea e de 30 a 35 dias para grandes quantidades por via mar\u00edtima<\/span>\u00a0<\/span><\/td>\n<\/tr>\n<tr>\n<td style=\"font-family: Verdana, Arial, Helvetica, sans-serif; font-size: 12px; color: #000000; margin: 8px; width: 187px; text-align: center;\"><span style=\"line-height: 21px; font-size: 14px;\">\u00a0<span style=\"line-height: 21px; color: #333333; font-family: Arial, Helvetica; font-size: 14px; font-style: normal; font-weight: 400; background-color: #ffffff; float: none; display: inline !important;\">Porto de embarque<\/span><\/span><\/td>\n<td style=\"font-family: Verdana, Arial, Helvetica, sans-serif; font-size: 12px; color: #000000; margin: 8px; width: 526px; text-align: center;\"><span style=\"line-height: 21px; font-size: 14px;\">Xiamen\u00a0<\/span><\/td>\n<\/tr>\n<tr>\n<td style=\"font-family: Verdana, Arial, Helvetica, sans-serif; font-size: 12px; color: #000000; margin: 8px; width: 187px; text-align: center;\"><span style=\"line-height: 21px; font-size: 14px;\">\u00a0<span style=\"line-height: 21px; color: #333333; font-family: Arial, Helvetica; font-size: 14px; font-style: normal; font-weight: 400; background-color: #ffffff; float: none; display: inline !important;\">OEM\/ODM<\/span><\/span><\/td>\n<td style=\"font-family: Verdana, Arial, Helvetica, sans-serif; font-size: 12px; color: #000000; margin: 8px; width: 526px; text-align: center;\"><span style=\"line-height: 21px; font-size: 14px;\">\u00a0<span style=\"line-height: 21px; color: #333333; font-family: Arial, Helvetica; font-size: 14px; font-style: normal; font-weight: 400; background-color: #ffffff; float: none; display: inline !important;\">Dispon\u00edvel<\/span><\/span><\/td>\n<\/tr>\n<tr>\n<td style=\"font-family: Verdana, Arial, Helvetica, sans-serif; font-size: 12px; color: #000000; margin: 8px; width: 187px; text-align: center;\"><span style=\"line-height: 21px; font-size: 14px;\">\u00a0<span style=\"line-height: 21px; color: #333333; font-family: Arial, Helvetica; font-size: 14px; font-style: normal; font-weight: 400; background-color: #ffffff; float: none; display: inline !important;\">Pacote<\/span><\/span><\/td>\n<td style=\"font-family: Verdana, Arial, Helvetica, sans-serif; font-size: 12px; color: #000000; margin: 8px; width: 526px; text-align: center;\"><span style=\"line-height: 21px; font-size: 14px;\"><span style=\"line-height: 21px; color: #333333; font-family: Arial, Helvetica; font-size: 14px; font-style: normal; font-weight: 400; background-color: #ffffff; float: none; display: inline !important;\">Cada um \u00e9 embalado em um PPB e depois em uma caixa de papel\u00e3o ou conforme necess\u00e1rio<\/span><\/span><\/td>\n<\/tr>\n<\/tbody>\n<\/table>\n<h4>Principais recursos:<\/h4>\n<ul>\n<li><strong>Tecido de alta qualidade<\/strong>: Fabricadas com materiais leves e respir\u00e1veis, nossas roupas de ver\u00e3o para animais de estima\u00e7\u00e3o mant\u00eam os animais frescos e confort\u00e1veis mesmo nos dias mais quentes.<\/li>\n<li><strong>Designs modernos<\/strong>: Com cores vibrantes e padr\u00f5es da moda, nossa cole\u00e7\u00e3o de ver\u00e3o foi projetada para deixar os animais de estima\u00e7\u00e3o estilosos e ador\u00e1veis.<\/li>\n<li><strong>Ajuste confort\u00e1vel<\/strong>: Nossas roupas s\u00e3o projetadas com o conforto dos animais de estima\u00e7\u00e3o em mente, proporcionando um ajuste confort\u00e1vel que permite f\u00e1cil movimenta\u00e7\u00e3o e brincadeiras.<\/li>\n<li><strong>Dur\u00e1vel e de longa dura\u00e7\u00e3o<\/strong>: Fabricadas com materiais de alta qualidade, nossas roupas para animais de estima\u00e7\u00e3o s\u00e3o feitas para suportar o desgaste de animais ativos.<\/li>\n<li><strong>F\u00e1cil de usar<\/strong>: Com fechos simples e al\u00e7as ajust\u00e1veis, nossas roupas de ver\u00e3o s\u00e3o f\u00e1ceis de colocar e tirar, garantindo uma experi\u00eancia sem complica\u00e7\u00f5es para os donos de animais.<\/li>\n<li><strong>Lav\u00e1vel \u00e0 m\u00e1quina<\/strong>: Convenientemente lav\u00e1veis na m\u00e1quina, nossas roupas para animais de estima\u00e7\u00e3o s\u00e3o f\u00e1ceis de limpar e manter, garantindo que permane\u00e7am frescas e vibrantes.<\/li>\n<li><strong>Pre\u00e7o direto de f\u00e1brica<\/strong>: Beneficie-se de pre\u00e7os competitivos no atacado comprando diretamente da f\u00e1brica, facilitando o estoque de roupas de alta qualidade para animais de estima\u00e7\u00e3o.<\/li>\n<li><strong>Op\u00e7\u00f5es personaliz\u00e1veis<\/strong>: Dispon\u00edvel para designs e marcas personalizados, perfeito para empresas que desejam oferecer roupas de ver\u00e3o exclusivas e com a marca do seu animal de estima\u00e7\u00e3o.<\/li>\n<\/ul>\n<h3>Ideal para:<\/h3>\n<ul>\n<li>Lojas de animais e varejistas on-line que buscam roupas modernas e de alta qualidade para c\u00e3es para a temporada de ver\u00e3o a pre\u00e7os de atacado.<\/li>\n<li>Empresas que buscam expandir sua linha de produtos com roupas elegantes e confort\u00e1veis para animais de estima\u00e7\u00e3o.<\/li>\n<li>Os donos de animais de estima\u00e7\u00e3o que desejam mant\u00ea-los frescos, confort\u00e1veis e na moda durante o ver\u00e3o.<\/li>\n<\/ul>\n<p>Atualize seu estoque de ver\u00e3o com nossa cole\u00e7\u00e3o New Pet Cat Dog Clothes Summer. Entre em contato conosco hoje mesmo para obter pre\u00e7os diretos da f\u00e1brica e detalhes sobre pedidos em grandes quantidades.<\/p>","protected":false},"excerpt":{"rendered":"<h2 data-immersive-translate-walked=\"f36f68ab-127d-4e10-955b-f6ada5d45339\">Roupas de ver\u00e3o para c\u00e3es e gatos no atacado<\/h2>\n<p>Explore as novas roupas de ver\u00e3o para c\u00e3es e gatos.<\/p>\n<p>Compre roupas para animais de estima\u00e7\u00e3o por atacado da f\u00e1brica para obter pre\u00e7os e qualidade imbat\u00edveis.<\/p>\n<h3><\/h3>","protected":false},"featured_media":8681,"template":"","meta":{"_seopress_robots_primary_cat":"none","_seopress_titles_title":"New Pet Cat Dog Clothes Summer - Top Manufacturers","_seopress_titles_desc":"Explore New Pet Cat Dog Clothes Summer, including pet Costumes. Shop wholesale pet clothes from the factory for unbeatable prices and quality","_seopress_robots_index":"","_uag_custom_page_level_css":""},"product_brand":[],"product_cat":[364,343,23],"product_tag":[],"class_list":{"0":"post-8675","1":"product","2":"type-product","3":"status-publish","4":"has-post-thumbnail","6":"product_cat-basic-dog-clothing","7":"product_cat-pet-shirts","8":"product_cat-pet-clothing","10":"first","11":"instock","12":"shipping-taxable","13":"product-type-simple"},"uagb_featured_image_src":{"full":["https:\/\/pecpets.com\/wp-content\/uploads\/2024\/07\/New-Pet-Cat-Dog-Clothes-Summer-1.jpeg",1920,1920,false],"thumbnail":["https:\/\/pecpets.com\/wp-content\/uploads\/2024\/07\/New-Pet-Cat-Dog-Clothes-Summer-1-150x150.jpeg",150,150,true],"medium":["https:\/\/pecpets.com\/wp-content\/uploads\/2024\/07\/New-Pet-Cat-Dog-Clothes-Summer-1-300x300.jpeg",300,300,true],"medium_large":["https:\/\/pecpets.com\/wp-content\/uploads\/2024\/07\/New-Pet-Cat-Dog-Clothes-Summer-1-768x768.jpeg",768,768,true],"large":["https:\/\/pecpets.com\/wp-content\/uploads\/2024\/07\/New-Pet-Cat-Dog-Clothes-Summer-1-1024x1024.jpeg",800,800,true],"1536x1536":["https:\/\/pecpets.com\/wp-content\/uploads\/2024\/07\/New-Pet-Cat-Dog-Clothes-Summer-1-1536x1536.jpeg",1536,1536,true],"2048x2048":["https:\/\/pecpets.com\/wp-content\/uploads\/2024\/07\/New-Pet-Cat-Dog-Clothes-Summer-1.jpeg",1920,1920,false],"trp-custom-language-flag":["https:\/\/pecpets.com\/wp-content\/uploads\/2024\/07\/New-Pet-Cat-Dog-Clothes-Summer-1-12x12.jpeg",12,12,true],"woocommerce_thumbnail":["https:\/\/pecpets.com\/wp-content\/uploads\/2024\/07\/New-Pet-Cat-Dog-Clothes-Summer-1-300x300.jpeg",300,300,true],"woocommerce_single":["https:\/\/pecpets.com\/wp-content\/uploads\/2024\/07\/New-Pet-Cat-Dog-Clothes-Summer-1-600x600.jpeg",600,600,true],"woocommerce_gallery_thumbnail":["https:\/\/pecpets.com\/wp-content\/uploads\/2024\/07\/New-Pet-Cat-Dog-Clothes-Summer-1-100x100.jpeg",100,100,true]},"uagb_author_info":{"display_name":"Lawrence\u00a0\u52b3\u4f26\u65af","author_link":"https:\/\/pecpets.com\/br\/author\/"},"uagb_comment_info":0,"uagb_excerpt":"Wholesale New Pet Cat Dog Clothes Summer Explore New Pet Cat Dog Clothes Summer. Shop wholesale pet clothes from the factory for unbeatable prices and quality.","_links":{"self":[{"href":"https:\/\/pecpets.com\/br\/wp-json\/wp\/v2\/product\/8675","targetHints":{"allow":["GET"]}}],"collection":[{"href":"https:\/\/pecpets.com\/br\/wp-json\/wp\/v2\/product"}],"about":[{"href":"https:\/\/pecpets.com\/br\/wp-json\/wp\/v2\/types\/product"}],"wp:featuredmedia":[{"embeddable":true,"href":"https:\/\/pecpets.com\/br\/wp-json\/wp\/v2\/media\/8681"}],"wp:attachment":[{"href":"https:\/\/pecpets.com\/br\/wp-json\/wp\/v2\/media?parent=8675"}],"wp:term":[{"taxonomy":"product_brand","embeddable":true,"href":"https:\/\/pecpets.com\/br\/wp-json\/wp\/v2\/product_brand?post=8675"},{"taxonomy":"product_cat","embeddable":true,"href":"https:\/\/pecpets.com\/br\/wp-json\/wp\/v2\/product_cat?post=8675"},{"taxonomy":"product_tag","embeddable":true,"href":"https:\/\/pecpets.com\/br\/wp-json\/wp\/v2\/product_tag?post=8675"}],"curies":[{"name":"wp","href":"https:\/\/api.w.org\/{rel}","templated":true}]}}