{"id":20143,"date":"2025-03-11T16:11:52","date_gmt":"2025-03-11T08:11:52","guid":{"rendered":"https:\/\/pecpets.com\/?post_type=product&#038;p=20143"},"modified":"2025-08-18T14:31:43","modified_gmt":"2025-08-18T06:31:43","slug":"dog-clothes-odm","status":"publish","type":"product","link":"https:\/\/pecpets.com\/de\/product\/dog-clothes-odm\/","title":{"rendered":"Hundekleidung ODM"},"content":{"rendered":"<h2>Premium Pet Snowsuit &amp; Pet Clothes Manufacturer | Wholesale ODM Factory<\/h2>\n<div class=\"flex flex-grow flex-col max-w-full\">\n<div class=\"min-h-[20px] text-message flex flex-col items-start whitespace-pre-wrap break-words [.text-message+&amp;]:mt-5 juice:w-full juice:items-end overflow-x-auto gap-2\" dir=\"auto\" data-message-author-role=\"assistant\" data-message-id=\"0128ad4d-678a-477a-b363-469a57c3e696\">\n<div class=\"flex w-full flex-col gap-1 juice:empty:hidden juice:first:pt-[3px]\">\n<div class=\"markdown prose w-full break-words dark:prose-invert light\">\n<div class=\"paragraph\">\n<div class=\"paragraph\">\n<div class=\"paragraph\">\n<table width=\"288\">\n<tbody>\n<tr>\n<td width=\"137\">Products Name<\/td>\n<td width=\"151\">Pet Coat<\/td>\n<\/tr>\n<tr>\n<td>Item No.<\/td>\n<td>P-C2045<\/td>\n<\/tr>\n<tr>\n<td>Material<\/td>\n<td>Cotton, Polyester, Fleece<\/td>\n<\/tr>\n<tr>\n<td>\u00a0Size and Color<\/td>\n<td>Customized<\/td>\n<\/tr>\n<tr>\n<td>\u00a0Delivery time<\/td>\n<td>1-5days\u00a0for small quantity by air and 30-35days for large quantity by sea<\/td>\n<\/tr>\n<\/tbody>\n<\/table>\n<p>As a leading\u00a0dog clothes company\u00a0based in China, we specialize in high-quality\u00a0dog clothes ODM\/OEM\u00a0services for global brands. Our\u00a0dog clothes factory\u00a0offers customizable solutions, including private label dog clothes\u00a0designs,\u00a0dog clothes bulk\u00a0orders, and tailored\u00a0pet snowsuit\u00a0collections. Whether you&#8217;re a\u00a0dog clothes wholesaler,\u00a0vendor, or retailer, we provide competitive pricing, fast production, and reliable\u00a0dog clothes export\u00a0logistics.<\/p>\n<p>Partner with a trusted\u00a0dog clothes manufacturer\u00a0and\u00a0dog clothes supplier\u00a0to access innovative designs, durable materials (waterproof, insulated, and breathable), and certifications like ISO and SGS. We support small to large-scale\u00a0dog clothes odm\u00a0projects, ensuring flexibility for\u00a0dog clothes oem\u00a0collaborations. Ideal for businesses seeking\u00a0dog clothes china\u00a0sourcing advantages, our factory delivers trend-driven\u00a0pet clothes\u00a0for all seasons.<\/p>\n<p>Boost your brand with our end-to-end services\u2014from prototyping to global shipping. Contact us today to discuss\u00a0dog clothes private label\u00a0opportunities or wholesale partnerships!<\/p>\n<\/div>\n<\/div>\n<\/div>\n<\/div>\n<\/div>\n<\/div>\n<\/div>\n","protected":false},"excerpt":{"rendered":"<h2 data-immersive-translate-walked=\"344be1c1-5052-41eb-8fcd-0dbe236a0d6b\" data-immersive-translate-paragraph=\"1\">Hundekleidung ODM<\/h2>\n<p>Wir bieten hochwertige Jacken f\u00fcr Haustiere, die in Gr\u00f6\u00dfe und Farbe individuell angepasst werden k\u00f6nnen, aus strapazierf\u00e4higen Stoffen bestehen und von zertifizierter Qualit\u00e4t sind.<\/p>\n<p>Genie\u00dfen Sie flexible MOQs, schnellen weltweiten Versand und Private-Label-L\u00f6sungen.<\/p>\n<p>Kontaktieren Sie uns noch heute!<\/p>","protected":false},"featured_media":20146,"template":"","meta":{"_seopress_robots_primary_cat":"none","_seopress_titles_title":"Dog Clothes ODM - Professional Pet Clothes Manufacturers","_seopress_titles_desc":"Discover Dog Clothes ODM. Leading pet snowsuit manufacturer offering ODM\/OEM services, and fast global shipping. Contact us now for exclusive quotes!","_seopress_robots_index":"","_uag_custom_page_level_css":""},"product_brand":[],"product_cat":[364,342,23],"product_tag":[],"class_list":{"0":"post-20143","1":"product","2":"type-product","3":"status-publish","4":"has-post-thumbnail","6":"product_cat-basic-dog-clothing","7":"product_cat-pet-coat","8":"product_cat-pet-clothing","10":"first","11":"instock","12":"shipping-taxable","13":"product-type-simple"},"uagb_featured_image_src":{"full":["https:\/\/pecpets.com\/wp-content\/uploads\/2025\/03\/Dog-Clothes-ODM-5.jpg",600,600,false],"thumbnail":["https:\/\/pecpets.com\/wp-content\/uploads\/2025\/03\/Dog-Clothes-ODM-5-150x150.jpg",150,150,true],"medium":["https:\/\/pecpets.com\/wp-content\/uploads\/2025\/03\/Dog-Clothes-ODM-5-300x300.jpg",300,300,true],"medium_large":["https:\/\/pecpets.com\/wp-content\/uploads\/2025\/03\/Dog-Clothes-ODM-5.jpg",600,600,false],"large":["https:\/\/pecpets.com\/wp-content\/uploads\/2025\/03\/Dog-Clothes-ODM-5.jpg",600,600,false],"1536x1536":["https:\/\/pecpets.com\/wp-content\/uploads\/2025\/03\/Dog-Clothes-ODM-5.jpg",600,600,false],"2048x2048":["https:\/\/pecpets.com\/wp-content\/uploads\/2025\/03\/Dog-Clothes-ODM-5.jpg",600,600,false],"trp-custom-language-flag":["https:\/\/pecpets.com\/wp-content\/uploads\/2025\/03\/Dog-Clothes-ODM-5.jpg",12,12,false],"woocommerce_thumbnail":["https:\/\/pecpets.com\/wp-content\/uploads\/2025\/03\/Dog-Clothes-ODM-5-300x300.jpg",300,300,true],"woocommerce_single":["https:\/\/pecpets.com\/wp-content\/uploads\/2025\/03\/Dog-Clothes-ODM-5.jpg",600,600,false],"woocommerce_gallery_thumbnail":["https:\/\/pecpets.com\/wp-content\/uploads\/2025\/03\/Dog-Clothes-ODM-5-100x100.jpg",100,100,true]},"uagb_author_info":{"display_name":"Lawrence\u00a0\u52b3\u4f26\u65af","author_link":"https:\/\/pecpets.com\/de\/author\/"},"uagb_comment_info":0,"uagb_excerpt":"Dog Clothes ODM We provide premium pet jackets with full-size and color customization, durable fabrics, and certified quality. Enjoy flexible MOQs, fast global shipping, and private label solutions. Contact us today!","_links":{"self":[{"href":"https:\/\/pecpets.com\/de\/wp-json\/wp\/v2\/product\/20143","targetHints":{"allow":["GET"]}}],"collection":[{"href":"https:\/\/pecpets.com\/de\/wp-json\/wp\/v2\/product"}],"about":[{"href":"https:\/\/pecpets.com\/de\/wp-json\/wp\/v2\/types\/product"}],"wp:featuredmedia":[{"embeddable":true,"href":"https:\/\/pecpets.com\/de\/wp-json\/wp\/v2\/media\/20146"}],"wp:attachment":[{"href":"https:\/\/pecpets.com\/de\/wp-json\/wp\/v2\/media?parent=20143"}],"wp:term":[{"taxonomy":"product_brand","embeddable":true,"href":"https:\/\/pecpets.com\/de\/wp-json\/wp\/v2\/product_brand?post=20143"},{"taxonomy":"product_cat","embeddable":true,"href":"https:\/\/pecpets.com\/de\/wp-json\/wp\/v2\/product_cat?post=20143"},{"taxonomy":"product_tag","embeddable":true,"href":"https:\/\/pecpets.com\/de\/wp-json\/wp\/v2\/product_tag?post=20143"}],"curies":[{"name":"wp","href":"https:\/\/api.w.org\/{rel}","templated":true}]}}