{"id":21881,"date":"2025-07-28T17:08:11","date_gmt":"2025-07-28T09:08:11","guid":{"rendered":"https:\/\/pecpets.com\/?post_type=product&#038;p=21881"},"modified":"2025-08-20T15:49:23","modified_gmt":"2025-08-20T07:49:23","slug":"affordable-dog-clothes-supplier","status":"publish","type":"product","link":"https:\/\/pecpets.com\/de\/product\/affordable-dog-clothes-supplier\/","title":{"rendered":"Erschwinglicher Anbieter von Hundekleidung"},"content":{"rendered":"<h5>Factory-Direct Pet Apparel Factory &amp; Dog Clothes Manufacturer | Reliable Affordable Dog Clothes Supplier<\/h5>\n<p class=\"ds-markdown-paragraph\">Need a hassle-free, Affordable Dog Clothes Supplier?<\/p>\n<p class=\"ds-markdown-paragraph\">As an ISO-certified affordable dog clothes manufacturer in\u00a0China, we streamline sourcing for 5000+ retailers.<\/p>\n<p class=\"ds-markdown-paragraph\">Partner with our\u00a0affordable dog clothes company\u00a0for:<\/p>\n<div class=\"flex flex-grow flex-col max-w-full\">\n<div class=\"min-h-[20px] text-message flex flex-col items-start whitespace-pre-wrap break-words [.text-message+&amp;]:mt-5 juice:w-full juice:items-end overflow-x-auto gap-2\" dir=\"auto\" data-message-author-role=\"assistant\" data-message-id=\"0128ad4d-678a-477a-b363-469a57c3e696\">\n<div class=\"flex w-full flex-col gap-1 juice:empty:hidden juice:first:pt-[3px]\">\n<div class=\"markdown prose w-full break-words dark:prose-invert light\">\n<div class=\"paragraph\">\n<div class=\"paragraph\">\n<div class=\"paragraph\">\n<table style=\"height: 269px;\" width=\"287\">\n<tbody>\n<tr>\n<td width=\"137\"><span style=\"color: #333333;\">Product Name<\/span><\/td>\n<td width=\"151\"><span style=\"color: #333333;\">Pet Clothes<\/span><\/td>\n<\/tr>\n<tr>\n<td><span style=\"color: #333333;\">Item No.<\/span><\/td>\n<td><span style=\"color: #333333;\">P-C2186<\/span><\/td>\n<\/tr>\n<tr>\n<td><span style=\"color: #333333;\">Material<\/span><\/td>\n<td>Cotton, Polyester, Fleece<\/td>\n<\/tr>\n<tr>\n<td><span style=\"color: #333333;\">\u00a0Size and Color<\/span><\/td>\n<td><span style=\"color: #333333;\">Customized<\/span><\/td>\n<\/tr>\n<tr>\n<td><span style=\"color: #333333;\">\u00a0Delivery time<\/span><\/td>\n<td><span style=\"color: #333333;\">1- 5 days for small quantities by air and 30- 35 days for large quantities by sea<\/span><\/td>\n<\/tr>\n<\/tbody>\n<\/table>\n<p class=\"ds-markdown-paragraph\">\u2705 <strong>Supplier-First Advantages<\/strong><br \/>\n\u2022 48-hour emergency restocks<br \/>\n\u2022 FBA\/drop-shipping for an affordable dog clothes wholesaler network<\/p>\n<p class=\"ds-markdown-paragraph\">\u2705\u00a0<strong>Full-Package Solutions<\/strong><br \/>\nAffordable dog clothes ODM\/OEM\u00a0+\u00a0private label<br \/>\nREACH-compliant, affordable dog clothes export\u00a0docs included<\/p>\n<p class=\"ds-markdown-paragraph\">\u2705\u00a0<strong>Supplier Perks<\/strong><br \/>\n\u2192 Real-time inventory portal<br \/>\n\u2192 Free marketing kits (TikTok\/Instagram content)<br \/>\n\u2192 Dedicated QC for\u00a0affordable dog clothes vendor\u00a0partners<br \/>\n\u2192 30-day deadstock exchange<\/p>\n<p class=\"ds-markdown-paragraph\"><strong>Why Choose Us:<\/strong><br \/>\n\u2714 True\u00a0<strong>a<\/strong>ffordable dog clothes factory\u00a0pricing &#8211; no middlemen<br \/>\n\u2714 12 new designs monthly + bestseller alerts<br \/>\n\u2714\u00a0Affordable dog clothes wholesale\u00a0tiered discounts (15% off 500+ units)<br \/>\n\u2714 25-day production with daily updates<\/p>\n<p class=\"ds-markdown-paragraph\">Your end-to-end\u00a0Affordable Dog Clothes Supplier\u00a0&#8211; from production to profit optimization.<\/p>\n<p class=\"ds-markdown-paragraph\">Chat for supplier portal demo!<\/p>\n<\/div>\n<\/div>\n<\/div>\n<\/div>\n<\/div>\n<\/div>\n<\/div>\n","protected":false},"excerpt":{"rendered":"<h2 class=\"styles_productName__klctO\" data-testid=\"product-title-heading\">Ananas Hawaii Erschwingliche Hundekleidung Lieferant<\/h2>\n<ul>\n<li>Dieses klassische Hawaiihemd ist mit Ananas-, Bananen- und Hibiskusbl\u00fcten bedruckt.<\/li>\n<li>Perfekt f\u00fcr jeden Sommerausflug, wie z. B. ein BBQ, ein Luau, ein Strandtreffen, eine Geburtstagsparty oder eine allt\u00e4gliche Feier.<\/li>\n<li>Einfaches An- und Ausziehen durch Step-in-Design, integrierte Leinen\u00f6ffnung und breite, flauschige Klettverschl\u00fcsse am Bauch f\u00fcr eine bequeme, verstellbare Passform.<\/li>\n<li>Erh\u00e4ltlich in verschiedenen Gr\u00f6\u00dfen, die den meisten Katzen und Hunden passen. Messen Sie immer f\u00fcr eine gute Passform. Dieses Shirt ist nicht dehnbar, daher empfehlen wir, eine Nummer gr\u00f6\u00dfer zu nehmen, wenn Sie eine lockerere Passform ben\u00f6tigen.<\/li>\n<\/ul>","protected":false},"featured_media":21886,"template":"","meta":{"_seopress_robots_primary_cat":"none","_seopress_titles_title":"Affordable Dog Clothes Supplier | China Factory","_seopress_titles_desc":"As Affordable Dog Clothes Supplier, we design premium knitwear for pets worldwide. Bulk orders, OEM services. Request free cozy samples today!","_seopress_robots_index":"","_uag_custom_page_level_css":""},"product_brand":[],"product_cat":[364,343,23],"product_tag":[],"class_list":{"0":"post-21881","1":"product","2":"type-product","3":"status-publish","4":"has-post-thumbnail","6":"product_cat-basic-dog-clothing","7":"product_cat-pet-shirts","8":"product_cat-pet-clothing","10":"first","11":"instock","12":"shipping-taxable","13":"product-type-simple"},"uagb_featured_image_src":{"full":["https:\/\/pecpets.com\/wp-content\/uploads\/2025\/07\/Affordable-Dog-Clothes-Supplier-4.jpg",491,600,false],"thumbnail":["https:\/\/pecpets.com\/wp-content\/uploads\/2025\/07\/Affordable-Dog-Clothes-Supplier-4-150x150.jpg",150,150,true],"medium":["https:\/\/pecpets.com\/wp-content\/uploads\/2025\/07\/Affordable-Dog-Clothes-Supplier-4-246x300.jpg",246,300,true],"medium_large":["https:\/\/pecpets.com\/wp-content\/uploads\/2025\/07\/Affordable-Dog-Clothes-Supplier-4.jpg",491,600,false],"large":["https:\/\/pecpets.com\/wp-content\/uploads\/2025\/07\/Affordable-Dog-Clothes-Supplier-4.jpg",491,600,false],"1536x1536":["https:\/\/pecpets.com\/wp-content\/uploads\/2025\/07\/Affordable-Dog-Clothes-Supplier-4.jpg",491,600,false],"2048x2048":["https:\/\/pecpets.com\/wp-content\/uploads\/2025\/07\/Affordable-Dog-Clothes-Supplier-4.jpg",491,600,false],"trp-custom-language-flag":["https:\/\/pecpets.com\/wp-content\/uploads\/2025\/07\/Affordable-Dog-Clothes-Supplier-4-10x12.jpg",10,12,true],"woocommerce_thumbnail":["https:\/\/pecpets.com\/wp-content\/uploads\/2025\/07\/Affordable-Dog-Clothes-Supplier-4-300x300.jpg",300,300,true],"woocommerce_single":["https:\/\/pecpets.com\/wp-content\/uploads\/2025\/07\/Affordable-Dog-Clothes-Supplier-4.jpg",491,600,false],"woocommerce_gallery_thumbnail":["https:\/\/pecpets.com\/wp-content\/uploads\/2025\/07\/Affordable-Dog-Clothes-Supplier-4-100x100.jpg",100,100,true]},"uagb_author_info":{"display_name":"Lawrence\u00a0\u52b3\u4f26\u65af","author_link":"https:\/\/pecpets.com\/de\/author\/"},"uagb_comment_info":0,"uagb_excerpt":"Pineapple Hawaiian\u00a0Affordable Dog Clothes Supplier This classic Hawaiian shirt features a pineapple, banana, and hibiscus flower print. Perfect for any summer outing, like a BBQ, luau, beach get-together, birthday party, or everyday celebration. Easy to put on and take off with step-in design, built-in leash hole, and wide, fuzzy hook-and-loop fasteners on the belly for&hellip;","_links":{"self":[{"href":"https:\/\/pecpets.com\/de\/wp-json\/wp\/v2\/product\/21881","targetHints":{"allow":["GET"]}}],"collection":[{"href":"https:\/\/pecpets.com\/de\/wp-json\/wp\/v2\/product"}],"about":[{"href":"https:\/\/pecpets.com\/de\/wp-json\/wp\/v2\/types\/product"}],"wp:featuredmedia":[{"embeddable":true,"href":"https:\/\/pecpets.com\/de\/wp-json\/wp\/v2\/media\/21886"}],"wp:attachment":[{"href":"https:\/\/pecpets.com\/de\/wp-json\/wp\/v2\/media?parent=21881"}],"wp:term":[{"taxonomy":"product_brand","embeddable":true,"href":"https:\/\/pecpets.com\/de\/wp-json\/wp\/v2\/product_brand?post=21881"},{"taxonomy":"product_cat","embeddable":true,"href":"https:\/\/pecpets.com\/de\/wp-json\/wp\/v2\/product_cat?post=21881"},{"taxonomy":"product_tag","embeddable":true,"href":"https:\/\/pecpets.com\/de\/wp-json\/wp\/v2\/product_tag?post=21881"}],"curies":[{"name":"wp","href":"https:\/\/api.w.org\/{rel}","templated":true}]}}