{"id":21911,"date":"2025-07-31T08:48:43","date_gmt":"2025-07-31T00:48:43","guid":{"rendered":"https:\/\/pecpets.com\/?post_type=product&#038;p=21911"},"modified":"2025-08-18T16:55:33","modified_gmt":"2025-08-18T08:55:33","slug":"anti-slip-pet-socks-bulk","status":"publish","type":"product","link":"https:\/\/pecpets.com\/de\/product\/anti-slip-pet-socks-bulk\/","title":{"rendered":"Rutschfeste Socken f\u00fcr Haustiere Bulk"},"content":{"rendered":"<h5><strong>Anti Slip Pet Socks Bulk &#8211; Trusted [Pet Sock Manufacturer] &amp; Expert [Waterproof Pet Sock Factory]<\/strong><\/h5>\n<p class=\"ds-markdown-paragraph\"><strong>Need reliable <\/strong>Anti-Slip Pet Socks Bulk<strong>?<\/strong><\/p>\n<div class=\"flex flex-grow flex-col max-w-full\">\n<div class=\"min-h-[20px] text-message flex flex-col items-start whitespace-pre-wrap break-words [.text-message+&amp;]:mt-5 juice:w-full juice:items-end overflow-x-auto gap-2\" dir=\"auto\" data-message-author-role=\"assistant\" data-message-id=\"0128ad4d-678a-477a-b363-469a57c3e696\">\n<div class=\"flex w-full flex-col gap-1 juice:empty:hidden juice:first:pt-[3px]\">\n<div class=\"markdown prose w-full break-words dark:prose-invert light\">\n<div class=\"paragraph\">\n<div class=\"paragraph\">\n<div class=\"paragraph\">\n<table width=\"288\">\n<tbody>\n<tr>\n<td width=\"137\"><span style=\"color: #333333;\">Product Name<\/span><\/td>\n<td width=\"151\"><span style=\"color: #333333;\">Pet Sock<\/span><\/td>\n<\/tr>\n<tr>\n<td><span style=\"color: #333333;\">Item No.<\/span><\/td>\n<td><span style=\"color: #333333;\">PA-S2008<\/span><\/td>\n<\/tr>\n<tr>\n<td><span style=\"color: #333333;\">Material<\/span><\/td>\n<td><span style=\"color: #333333;\">Cotton, Polyester, Fleece<\/span><\/td>\n<\/tr>\n<tr>\n<td><span style=\"color: #333333;\">\u00a0Size and Color<\/span><\/td>\n<td><span style=\"color: #333333;\">Customized<\/span><\/td>\n<\/tr>\n<tr>\n<td><span style=\"color: #333333;\">\u00a0Delivery time<\/span><\/td>\n<td><span style=\"color: #333333;\">1- 5 days for small quantities by air and 30- 35 days for large quantities by sea<\/span><\/td>\n<\/tr>\n<\/tbody>\n<\/table>\n<p class=\"ds-markdown-paragraph\">As a leading\u00a0Anti-slip pet socks manufacturer\u00a0and\u00a0Anti-slip pet socks factory\u00a0based in China, we produce high-quality, non-slip pet socks &amp; waterproof options.<\/p>\n<p class=\"ds-markdown-paragraph\">We&#8217;re your top\u00a0<span style=\"box-sizing: border-box; margin: 0px; padding: 0px;\">supplier\u00a0and\u00a0wholesaler of anti-slip pet socks, specializing in\u00a0bulk orders for global\u00a0<\/span>export.<\/p>\n<p class=\"ds-markdown-paragraph\">Partner with us for\u00a0Anti-slip pet socks OEM,\u00a0Anti-slip pet socks ODM, and\u00a0Anti-slip pet socks private label\u00a0solutions.<\/p>\n<p class=\"ds-markdown-paragraph\">Get durable, safe pet socks at wholesale prices from your trusted\u00a0Anti-slip pet socks China\u00a0source.<\/p>\n<p class=\"ds-markdown-paragraph\">Contact our\u00a0Anti-slip pet socks company\u00a0today for quotes &amp; samples!<\/p>\n<\/div>\n<\/div>\n<\/div>\n<\/div>\n<\/div>\n<\/div>\n<\/div>\n","protected":false},"excerpt":{"rendered":"<h2 class=\"styles_productName__klctO\" data-testid=\"product-title-heading\">Rutschfeste Socken f\u00fcr Haustiere Bulk<\/h2>\n<ul>\n<li>Er ist f\u00fcr den Innenbereich geeignet und gibt Ihrem Haustier zus\u00e4tzlichen Halt auf harten B\u00f6den.<\/li>\n<li>Das eng anliegende Design mit abnehmbaren Klettverschl\u00fcssen sch\u00fctzt die Pfoten Ihres Haustiers.<\/li>\n<li>Der modische, grobmaschige Strick in neutralem Grau passt in jede Haustiergarderobe.<\/li>\n<li>Doppelseitige, rutschfeste Pfotenabdr\u00fccke auf der Ober- und Unterseite der Socken.<\/li>\n<li>Erh\u00e4ltlich im Viererpack - eine Socke f\u00fcr jede der wertvollen Pfoten Ihres Haustiers.<\/li>\n<li>Die Socken sind in verschiedenen Gr\u00f6\u00dfen erh\u00e4ltlich, so dass f\u00fcr jeden Pelzfreund die passende Socke dabei ist.<\/li>\n<\/ul>","protected":false},"featured_media":21914,"template":"","meta":{"_seopress_robots_primary_cat":"none","_seopress_titles_title":"Anti Slip Pet Socks Bulk | China Factory","_seopress_titles_desc":"As Anti Slip Pet Socks Bulk Manufacturer, we design premium knitwear for pets worldwide. Bulk orders, OEM services. Request free cozy samples today!","_seopress_robots_index":"","_uag_custom_page_level_css":""},"product_brand":[],"product_cat":[330,324],"product_tag":[],"class_list":{"0":"post-21911","1":"product","2":"type-product","3":"status-publish","4":"has-post-thumbnail","6":"product_cat-dog-shoes","7":"product_cat-pet-accessory","9":"first","10":"instock","11":"shipping-taxable","12":"product-type-simple"},"uagb_featured_image_src":{"full":["https:\/\/pecpets.com\/wp-content\/uploads\/2025\/07\/Anti-Slip-Pet-Socks-Bulk-2.jpg",515,600,false],"thumbnail":["https:\/\/pecpets.com\/wp-content\/uploads\/2025\/07\/Anti-Slip-Pet-Socks-Bulk-2-150x150.jpg",150,150,true],"medium":["https:\/\/pecpets.com\/wp-content\/uploads\/2025\/07\/Anti-Slip-Pet-Socks-Bulk-2-258x300.jpg",258,300,true],"medium_large":["https:\/\/pecpets.com\/wp-content\/uploads\/2025\/07\/Anti-Slip-Pet-Socks-Bulk-2.jpg",515,600,false],"large":["https:\/\/pecpets.com\/wp-content\/uploads\/2025\/07\/Anti-Slip-Pet-Socks-Bulk-2.jpg",515,600,false],"1536x1536":["https:\/\/pecpets.com\/wp-content\/uploads\/2025\/07\/Anti-Slip-Pet-Socks-Bulk-2.jpg",515,600,false],"2048x2048":["https:\/\/pecpets.com\/wp-content\/uploads\/2025\/07\/Anti-Slip-Pet-Socks-Bulk-2.jpg",515,600,false],"trp-custom-language-flag":["https:\/\/pecpets.com\/wp-content\/uploads\/2025\/07\/Anti-Slip-Pet-Socks-Bulk-2-10x12.jpg",10,12,true],"woocommerce_thumbnail":["https:\/\/pecpets.com\/wp-content\/uploads\/2025\/07\/Anti-Slip-Pet-Socks-Bulk-2-300x300.jpg",300,300,true],"woocommerce_single":["https:\/\/pecpets.com\/wp-content\/uploads\/2025\/07\/Anti-Slip-Pet-Socks-Bulk-2.jpg",515,600,false],"woocommerce_gallery_thumbnail":["https:\/\/pecpets.com\/wp-content\/uploads\/2025\/07\/Anti-Slip-Pet-Socks-Bulk-2-100x100.jpg",100,100,true]},"uagb_author_info":{"display_name":"Lawrence\u00a0\u52b3\u4f26\u65af","author_link":"https:\/\/pecpets.com\/de\/author\/"},"uagb_comment_info":0,"uagb_excerpt":"Anti-Slip Pet Socks Bulk Made to be worn indoors to give your pet some extra grip on hard floors. Snug-fitting design with detachable hook-and-loop fasteners keeps your pet\u2019s paws covered. Stylish, chunky knit in a neutral gray color fits into any pet\u2019s wardrobe. Double-sided non-slip paw prints on the top and bottom of the socks.&hellip;","_links":{"self":[{"href":"https:\/\/pecpets.com\/de\/wp-json\/wp\/v2\/product\/21911","targetHints":{"allow":["GET"]}}],"collection":[{"href":"https:\/\/pecpets.com\/de\/wp-json\/wp\/v2\/product"}],"about":[{"href":"https:\/\/pecpets.com\/de\/wp-json\/wp\/v2\/types\/product"}],"wp:featuredmedia":[{"embeddable":true,"href":"https:\/\/pecpets.com\/de\/wp-json\/wp\/v2\/media\/21914"}],"wp:attachment":[{"href":"https:\/\/pecpets.com\/de\/wp-json\/wp\/v2\/media?parent=21911"}],"wp:term":[{"taxonomy":"product_brand","embeddable":true,"href":"https:\/\/pecpets.com\/de\/wp-json\/wp\/v2\/product_brand?post=21911"},{"taxonomy":"product_cat","embeddable":true,"href":"https:\/\/pecpets.com\/de\/wp-json\/wp\/v2\/product_cat?post=21911"},{"taxonomy":"product_tag","embeddable":true,"href":"https:\/\/pecpets.com\/de\/wp-json\/wp\/v2\/product_tag?post=21911"}],"curies":[{"name":"wp","href":"https:\/\/api.w.org\/{rel}","templated":true}]}}