{"id":22139,"date":"2025-09-02T09:15:57","date_gmt":"2025-09-02T01:15:57","guid":{"rendered":"https:\/\/pecpets.com\/?post_type=product&#038;p=22139"},"modified":"2025-09-02T09:34:34","modified_gmt":"2025-09-02T01:34:34","slug":"dog-coats-for-winter","status":"publish","type":"product","link":"https:\/\/pecpets.com\/de\/product\/dog-coats-for-winter\/","title":{"rendered":"Hundem\u00e4ntel f\u00fcr den Winter"},"content":{"rendered":"<h3>Pet Clothes Manufacturer | Waterproof Jacket Factory | Premium Hundem\u00e4ntel f\u00fcr den Winter<\/h3>\n<p data-start=\"307\" data-end=\"797\">Sie suchen nach hochwertigen Hundem\u00e4nteln f\u00fcr den Winter, die W\u00e4rme, wasserdichten Schutz und Stil vereinen?<\/p>\n<p data-start=\"307\" data-end=\"797\">Als einer der f\u00fchrenden Hersteller von Haustierbekleidung und wasserdichten Jacken in China haben wir uns auf die Herstellung langlebiger und bequemer Jacken f\u00fcr den globalen Markt spezialisiert.<\/p>\n<p data-start=\"307\" data-end=\"797\">Von der Massenproduktion von Hundejacken bis hin zu OEM-, ODM- und Private-Label-Projekten vertrauen Einzelh\u00e4ndler, Distributoren und Gro\u00dfh\u00e4ndler weltweit auf unsere Fabrik.<\/p>\n<p data-start=\"799\" data-end=\"1241\">Als erfahrenes Unternehmen f\u00fcr Hundejacken liefern wir innovative Designs und zuverl\u00e4ssige Qualit\u00e4t.<\/p>\n<p data-start=\"799\" data-end=\"1241\">Unser Team bietet umfassende Dienstleistungen f\u00fcr den Export von Hundejacken an, die es unseren Kunden erm\u00f6glichen, mit kosteng\u00fcnstigen L\u00f6sungen direkt aus China zu beziehen.<\/p>\n<p data-start=\"799\" data-end=\"1241\">Ganz gleich, ob Sie einen zertifizierten Hersteller von Hundejacken, einen Gro\u00dflieferanten von Hundejacken oder eine vertrauensw\u00fcrdige Fabrik f\u00fcr Hundejacken suchen, wir bieten Unterst\u00fctzung aus einer Hand f\u00fcr jedes Gesch\u00e4ftsmodell.<\/p>\n<p data-start=\"1243\" data-end=\"1293\">\u2705<strong> Warum mit uns arbeiten f\u00fcr Hundem\u00e4ntel f\u00fcr den Winter<\/strong>:<\/p>\n<ul data-start=\"1294\" data-end=\"1680\">\n<li data-start=\"1294\" data-end=\"1358\">\n<p data-start=\"1296\" data-end=\"1358\">Spezialisiert auf Gro\u00dfauftr\u00e4ge f\u00fcr Hundejacken mit flexiblen MOQs<\/p>\n<\/li>\n<li data-start=\"1359\" data-end=\"1431\">\n<p data-start=\"1361\" data-end=\"1431\">Vollst\u00e4ndige OEM\/ODM-Anpassung von Hundejacken und Branding mit Eigenmarken<\/p>\n<\/li>\n<li data-start=\"1432\" data-end=\"1513\">\n<p data-start=\"1434\" data-end=\"1513\">Schneller und effizienter Export von Hundejacken mit internationaler Logistikunterst\u00fctzung<\/p>\n<\/li>\n<li data-start=\"1514\" data-end=\"1595\">\n<p data-start=\"1516\" data-end=\"1595\">Hochwertige Materialien: wasserdichte Au\u00dfenh\u00fcllen, Thermofutter und verstellbare Passformen<\/p>\n<\/li>\n<li data-start=\"1596\" data-end=\"1680\">\n<p data-start=\"1598\" data-end=\"1680\">Zuverl\u00e4ssiger Anbieter von Hundejacken und Gro\u00dfh\u00e4ndler f\u00fcr Hundejacken f\u00fcr globale Einzelh\u00e4ndler<\/p>\n<\/li>\n<\/ul>\n<p data-start=\"1682\" data-end=\"2003\">Unsere Hundem\u00e4ntel f\u00fcr den Winter bestehen aus erstklassigen wasserdichten Materialien, Fleece oder gepolsterter Isolierung und geschirrfreundlichen \u00d6ffnungen - perfekt f\u00fcr kalte Klimazonen.<\/p>\n<p data-start=\"1682\" data-end=\"2003\">Ob Sie eine Boutique-Marke oder ein gro\u00dfer Hundejacken-Gro\u00dfh\u00e4ndler sind, unser Hundejacken-Hersteller in China sorgt f\u00fcr gleichbleibende Qualit\u00e4t und schnelle Lieferung.<\/p>\n<p data-start=\"2005\" data-end=\"2161\">Gehen Sie noch heute eine Partnerschaft mit uns ein und entdecken Sie, warum so viele Unternehmen weltweit unsere Hundejackenfabrik als ihren bevorzugten Partner f\u00fcr Hundem\u00e4ntel f\u00fcr den Winter w\u00e4hlen.<\/p>","protected":false},"excerpt":{"rendered":"<h2>Hundem\u00e4ntel f\u00fcr den Winter<\/h2>\n<table width=\"288\">\n<tbody>\n<tr>\n<td width=\"137\"><span style=\"color: #333333;\">Produktname<\/span><\/td>\n<td width=\"151\"><span style=\"color: #333333;\">Haustier-Kleidung<\/span><\/td>\n<\/tr>\n<tr>\n<td><span style=\"color: #333333;\">Artikel Nr.<\/span><\/td>\n<td><span style=\"color: #333333;\">P-C3003<\/span><\/td>\n<\/tr>\n<tr>\n<td><span style=\"color: #333333;\">Material<\/span><\/td>\n<td>Baumwolle, Polyester, Vlies<\/td>\n<\/tr>\n<tr>\n<td><span style=\"color: #333333;\">\u00a0Gr\u00f6\u00dfe und Farbe<\/span><\/td>\n<td><span style=\"color: #333333;\">Kundenspezifisch<\/span><\/td>\n<\/tr>\n<tr>\n<td><span style=\"color: #333333;\">\u00a0Lieferfrist<\/span><\/td>\n<td><span style=\"color: #333333;\">1 - 5 Tage f\u00fcr kleine Mengen auf dem Luftweg und 30 - 35 Tage f\u00fcr gro\u00dfe Mengen auf dem Seeweg<\/span><\/td>\n<\/tr>\n<\/tbody>\n<\/table>","protected":false},"featured_media":22143,"template":"","meta":{"_seopress_robots_primary_cat":"none","_seopress_titles_title":"High Quality Dog Coats for Winter\u200b | ODM & OEM Solutions","_seopress_titles_desc":"Are you looking for Dog Coats for Winter, we design premium knitwear for pets worldwide. Bulk orders, OEM services. Request free cozy samples today!","_seopress_robots_index":"","_uag_custom_page_level_css":""},"product_brand":[],"product_cat":[364,342,23],"product_tag":[],"class_list":{"0":"post-22139","1":"product","2":"type-product","3":"status-publish","4":"has-post-thumbnail","6":"product_cat-basic-dog-clothing","7":"product_cat-pet-coat","8":"product_cat-pet-clothing","10":"first","11":"instock","12":"shipping-taxable","13":"product-type-simple"},"uagb_featured_image_src":{"full":["https:\/\/pecpets.com\/wp-content\/uploads\/2025\/09\/f9e62651-b32c-4661-b166-2d4f58330c0b.jpeg",1200,1200,false],"thumbnail":["https:\/\/pecpets.com\/wp-content\/uploads\/2025\/09\/f9e62651-b32c-4661-b166-2d4f58330c0b-150x150.jpeg",150,150,true],"medium":["https:\/\/pecpets.com\/wp-content\/uploads\/2025\/09\/f9e62651-b32c-4661-b166-2d4f58330c0b-300x300.jpeg",300,300,true],"medium_large":["https:\/\/pecpets.com\/wp-content\/uploads\/2025\/09\/f9e62651-b32c-4661-b166-2d4f58330c0b-768x768.jpeg",768,768,true],"large":["https:\/\/pecpets.com\/wp-content\/uploads\/2025\/09\/f9e62651-b32c-4661-b166-2d4f58330c0b-1024x1024.jpeg",800,800,true],"1536x1536":["https:\/\/pecpets.com\/wp-content\/uploads\/2025\/09\/f9e62651-b32c-4661-b166-2d4f58330c0b.jpeg",1200,1200,false],"2048x2048":["https:\/\/pecpets.com\/wp-content\/uploads\/2025\/09\/f9e62651-b32c-4661-b166-2d4f58330c0b.jpeg",1200,1200,false],"trp-custom-language-flag":["https:\/\/pecpets.com\/wp-content\/uploads\/2025\/09\/f9e62651-b32c-4661-b166-2d4f58330c0b-12x12.jpeg",12,12,true],"woocommerce_thumbnail":["https:\/\/pecpets.com\/wp-content\/uploads\/2025\/09\/f9e62651-b32c-4661-b166-2d4f58330c0b-300x300.jpeg",300,300,true],"woocommerce_single":["https:\/\/pecpets.com\/wp-content\/uploads\/2025\/09\/f9e62651-b32c-4661-b166-2d4f58330c0b-600x600.jpeg",600,600,true],"woocommerce_gallery_thumbnail":["https:\/\/pecpets.com\/wp-content\/uploads\/2025\/09\/f9e62651-b32c-4661-b166-2d4f58330c0b-100x100.jpeg",100,100,true]},"uagb_author_info":{"display_name":"Lawrence\u00a0\u52b3\u4f26\u65af","author_link":"https:\/\/pecpets.com\/de\/author\/"},"uagb_comment_info":0,"uagb_excerpt":"Dog Coats for Winter\u200b Product Name Pet Clothes Item No. P-C3003 Material Cotton, Polyester, Fleece \u00a0Size and Color Customized \u00a0Delivery time 1- 5 days for small quantities by air and 30- 35 days for large quantities by sea","_links":{"self":[{"href":"https:\/\/pecpets.com\/de\/wp-json\/wp\/v2\/product\/22139","targetHints":{"allow":["GET"]}}],"collection":[{"href":"https:\/\/pecpets.com\/de\/wp-json\/wp\/v2\/product"}],"about":[{"href":"https:\/\/pecpets.com\/de\/wp-json\/wp\/v2\/types\/product"}],"wp:featuredmedia":[{"embeddable":true,"href":"https:\/\/pecpets.com\/de\/wp-json\/wp\/v2\/media\/22143"}],"wp:attachment":[{"href":"https:\/\/pecpets.com\/de\/wp-json\/wp\/v2\/media?parent=22139"}],"wp:term":[{"taxonomy":"product_brand","embeddable":true,"href":"https:\/\/pecpets.com\/de\/wp-json\/wp\/v2\/product_brand?post=22139"},{"taxonomy":"product_cat","embeddable":true,"href":"https:\/\/pecpets.com\/de\/wp-json\/wp\/v2\/product_cat?post=22139"},{"taxonomy":"product_tag","embeddable":true,"href":"https:\/\/pecpets.com\/de\/wp-json\/wp\/v2\/product_tag?post=22139"}],"curies":[{"name":"wp","href":"https:\/\/api.w.org\/{rel}","templated":true}]}}