{"id":22154,"date":"2025-09-04T09:23:49","date_gmt":"2025-09-04T01:23:49","guid":{"rendered":"https:\/\/pecpets.com\/?post_type=product&#038;p=22154"},"modified":"2025-09-04T14:35:54","modified_gmt":"2025-09-04T06:35:54","slug":"custom-pet-t-shirts","status":"publish","type":"product","link":"https:\/\/pecpets.com\/de\/product\/custom-pet-t-shirts\/","title":{"rendered":"Individuelle Haustier-T-Shirts"},"content":{"rendered":"<h3>Benutzerdefinierte Haustier-T-Shirts Lieferant | Wasserdichte Jacke Fabrik | Haustier-Kleidung Hersteller<\/h3>\n<p data-start=\"335\" data-end=\"831\">Sind Sie auf der Suche nach stilvollen und bequemen T-Shirts f\u00fcr Haustiere, um Ihr Sortiment an Haustierbekleidung zu erweitern?<\/p>\n<p data-start=\"335\" data-end=\"831\">Als vertrauensw\u00fcrdiger Hersteller von Haustierbekleidung und Fabrik f\u00fcr wasserdichte Jacken in China sind wir auf die Produktion von hochwertiger Haustierbekleidung spezialisiert, die sowohl modisch als auch funktional ist. Von\u00a0<span style=\"box-sizing: border-box; margin: 0px; padding: 0px;\">Massenproduktion von Haustier-T-Shirts f\u00fcr OEM, ODM und <\/span>Private-Label-Programme bieten wir ma\u00dfgeschneiderte L\u00f6sungen f\u00fcr Einzelh\u00e4ndler, Distributoren und globale Marken. Wir k\u00fcmmern uns um jeden Schritt - von der Stoffauswahl und dem individuellen Druck bis hin zum Export und der Lieferung von Haustier-T-Shirts. Unsere Fabrik f\u00fcr Haustier-T-Shirts kombiniert fortschrittliche Produktionstechniken mit einer strengen Qualit\u00e4tskontrolle, um sicherzustellen, dass jede Bestellung internationalen Standards entspricht.<\/p>\n<p data-start=\"833\" data-end=\"1294\">Egal, ob Sie einen zuverl\u00e4ssigen Hersteller von T-Shirts f\u00fcr Haustiere, einen kreativen Lieferanten f\u00fcr T-Shirts f\u00fcr Haustiere oder einen langfristigen Lieferanten f\u00fcr T-Shirts f\u00fcr Haustiere suchen, wir haben das Richtige f\u00fcr Sie.<\/p>\n<p data-start=\"1296\" data-end=\"1342\">\u2705<strong> Warum sollten Sie uns f\u00fcr individuelle Haustier-T-Shirts w\u00e4hlen:<\/strong><\/p>\n<ul data-start=\"1343\" data-end=\"1700\">\n<li data-start=\"1343\" data-end=\"1392\">\n<p data-start=\"1345\" data-end=\"1392\">Flexible MOQ f\u00fcr Haustier-T-Shirts Gro\u00dfauftr\u00e4ge<\/p>\n<\/li>\n<li data-start=\"1393\" data-end=\"1463\">\n<p data-start=\"1395\" data-end=\"1463\">Komplette Haustier-T-Shirts OEM\/ODM-Dienstleistungen f\u00fcr die individuelle Gestaltung der Marke<\/p>\n<\/li>\n<li data-start=\"1464\" data-end=\"1520\">\n<p data-start=\"1466\" data-end=\"1520\">Schneller und zuverl\u00e4ssiger Export von Haustier-T-Shirts aus China<\/p>\n<\/li>\n<li data-start=\"1521\" data-end=\"1597\">\n<p data-start=\"1523\" data-end=\"1597\">Erfahrener Hersteller von Haustier-T-Shirts mit mehr als 10 Jahren Erfahrung in der Branche<\/p>\n<\/li>\n<li data-start=\"1598\" data-end=\"1700\">\n<p data-start=\"1600\" data-end=\"1700\">Zuverl\u00e4ssiger Partner f\u00fcr Gro\u00dfh\u00e4ndler, Boutique-Einzelh\u00e4ndler und Gro\u00dfverteiler von Heimtier-T-Shirts<\/p>\n<\/li>\n<\/ul>\n<p data-start=\"1702\" data-end=\"1968\">Unsere individuellen T-Shirts f\u00fcr Haustiere sind aus atmungsaktiver Baumwolle, Polyestermischungen und umweltfreundlichen Stoffen gefertigt und k\u00f6nnen mit Siebdruck, Stickerei oder Sublimation bedruckt werden. Sie sind in verschiedenen Gr\u00f6\u00dfen, Farben und Designs erh\u00e4ltlich und eignen sich perfekt f\u00fcr das Branding oder saisonale Kollektionen.<\/p>\n<p data-start=\"1970\" data-end=\"2144\">Arbeiten Sie noch heute mit uns zusammen und beziehen Sie direkt von einer zuverl\u00e4ssigen Fabrik f\u00fcr Heimtier-T-Shirts in China - Ihrem bevorzugten Lieferanten, Verk\u00e4ufer und Gro\u00dfh\u00e4ndler f\u00fcr Heimtier-T-Shirts auf dem globalen Markt.<\/p>","protected":false},"excerpt":{"rendered":"<h1>Individuelle Haustier-T-Shirts<\/h1>\n<ul>\n<li>Der Pullover im Rugby-Stil mit Leinen\u00f6ffnung passt \u00fcber den Kopf Ihres Haustiers und hat Klettverschl\u00fcsse f\u00fcr einen sicheren Sitz.<\/li>\n<li>Mit Siebdruck-Mickey-Grafik auf dem R\u00fccken, \u00c4rmeldetails und unechten Kn\u00f6pfen.<\/li>\n<li>Maschinenwaschbar in kaltem Wasser, damit der Lieblingslook Ihres Haustiers bequem und niedlich bleibt.<\/li>\n<li>Erh\u00e4ltlich in sechs Gr\u00f6\u00dfen, so dass die meisten Haustiere ihre Disney-Begeisterung zeigen k\u00f6nnen.<\/li>\n<\/ul>\n<table width=\"288\">\n<tbody>\n<tr>\n<td width=\"137\"><span style=\"color: #333333;\">Produktname<\/span><\/td>\n<td width=\"151\"><span style=\"color: #333333;\">Haustier-Kleidung<\/span><\/td>\n<\/tr>\n<tr>\n<td><span style=\"color: #333333;\">Artikel Nr.<\/span><\/td>\n<td><span style=\"color: #333333;\">P-C3005<\/span><\/td>\n<\/tr>\n<tr>\n<td><span style=\"color: #333333;\">Material<\/span><\/td>\n<td>Baumwolle, Polyester, Vlies<\/td>\n<\/tr>\n<tr>\n<td><span style=\"color: #333333;\">\u00a0Gr\u00f6\u00dfe und Farbe<\/span><\/td>\n<td><span style=\"color: #333333;\">Kundenspezifisch<\/span><\/td>\n<\/tr>\n<tr>\n<td><span style=\"color: #333333;\">\u00a0Lieferfrist<\/span><\/td>\n<td><span style=\"color: #333333;\">1 - 5 Tage f\u00fcr kleine Mengen auf dem Luftweg und 30 - 35 Tage f\u00fcr gro\u00dfe Mengen auf dem Seeweg<\/span><\/td>\n<\/tr>\n<\/tbody>\n<\/table>","protected":false},"featured_media":22165,"template":"","meta":{"_seopress_robots_primary_cat":"none","_seopress_titles_title":"Wholesale Custom Pet T-Shirts\u200b\u200b\u200b | ODM & OEM Solutions","_seopress_titles_desc":"As Custom Pet T-Shirts\u200b China Factory, we design premium knitwear for pets worldwide. Bulk orders, OEM services. Request free cozy samples today!","_seopress_robots_index":"","_uag_custom_page_level_css":""},"product_brand":[],"product_cat":[364,343,23],"product_tag":[],"class_list":{"0":"post-22154","1":"product","2":"type-product","3":"status-publish","4":"has-post-thumbnail","6":"product_cat-basic-dog-clothing","7":"product_cat-pet-shirts","8":"product_cat-pet-clothing","10":"first","11":"instock","12":"shipping-taxable","13":"product-type-simple"},"uagb_featured_image_src":{"full":["https:\/\/pecpets.com\/wp-content\/uploads\/2025\/09\/e2547078-6352-4eeb-97ea-2184cb1543f2.jpg",1200,1200,false],"thumbnail":["https:\/\/pecpets.com\/wp-content\/uploads\/2025\/09\/e2547078-6352-4eeb-97ea-2184cb1543f2-150x150.jpg",150,150,true],"medium":["https:\/\/pecpets.com\/wp-content\/uploads\/2025\/09\/e2547078-6352-4eeb-97ea-2184cb1543f2-300x300.jpg",300,300,true],"medium_large":["https:\/\/pecpets.com\/wp-content\/uploads\/2025\/09\/e2547078-6352-4eeb-97ea-2184cb1543f2-768x768.jpg",768,768,true],"large":["https:\/\/pecpets.com\/wp-content\/uploads\/2025\/09\/e2547078-6352-4eeb-97ea-2184cb1543f2-1024x1024.jpg",800,800,true],"1536x1536":["https:\/\/pecpets.com\/wp-content\/uploads\/2025\/09\/e2547078-6352-4eeb-97ea-2184cb1543f2.jpg",1200,1200,false],"2048x2048":["https:\/\/pecpets.com\/wp-content\/uploads\/2025\/09\/e2547078-6352-4eeb-97ea-2184cb1543f2.jpg",1200,1200,false],"trp-custom-language-flag":["https:\/\/pecpets.com\/wp-content\/uploads\/2025\/09\/e2547078-6352-4eeb-97ea-2184cb1543f2-12x12.jpg",12,12,true],"woocommerce_thumbnail":["https:\/\/pecpets.com\/wp-content\/uploads\/2025\/09\/e2547078-6352-4eeb-97ea-2184cb1543f2-300x300.jpg",300,300,true],"woocommerce_single":["https:\/\/pecpets.com\/wp-content\/uploads\/2025\/09\/e2547078-6352-4eeb-97ea-2184cb1543f2-600x600.jpg",600,600,true],"woocommerce_gallery_thumbnail":["https:\/\/pecpets.com\/wp-content\/uploads\/2025\/09\/e2547078-6352-4eeb-97ea-2184cb1543f2-100x100.jpg",100,100,true]},"uagb_author_info":{"display_name":"Lawrence\u00a0\u52b3\u4f26\u65af","author_link":"https:\/\/pecpets.com\/de\/author\/"},"uagb_comment_info":0,"uagb_excerpt":"Custom Pet T-Shirts\u200b Rugby-style pullover polo with a leash hole fits over your pet\u2019s head and has hook-and-loop fasteners for a secure fit. Features a screen-printed Mickey graphic on the back, sleeve details, and faux buttons. Machine-washable in cold water, so your pet\u2019s favorite look stays comfy and cute. Available in six sizes, so most&hellip;","_links":{"self":[{"href":"https:\/\/pecpets.com\/de\/wp-json\/wp\/v2\/product\/22154","targetHints":{"allow":["GET"]}}],"collection":[{"href":"https:\/\/pecpets.com\/de\/wp-json\/wp\/v2\/product"}],"about":[{"href":"https:\/\/pecpets.com\/de\/wp-json\/wp\/v2\/types\/product"}],"wp:featuredmedia":[{"embeddable":true,"href":"https:\/\/pecpets.com\/de\/wp-json\/wp\/v2\/media\/22165"}],"wp:attachment":[{"href":"https:\/\/pecpets.com\/de\/wp-json\/wp\/v2\/media?parent=22154"}],"wp:term":[{"taxonomy":"product_brand","embeddable":true,"href":"https:\/\/pecpets.com\/de\/wp-json\/wp\/v2\/product_brand?post=22154"},{"taxonomy":"product_cat","embeddable":true,"href":"https:\/\/pecpets.com\/de\/wp-json\/wp\/v2\/product_cat?post=22154"},{"taxonomy":"product_tag","embeddable":true,"href":"https:\/\/pecpets.com\/de\/wp-json\/wp\/v2\/product_tag?post=22154"}],"curies":[{"name":"wp","href":"https:\/\/api.w.org\/{rel}","templated":true}]}}