{"id":22186,"date":"2026-02-06T14:30:19","date_gmt":"2026-02-06T06:30:19","guid":{"rendered":"https:\/\/pecpets.com\/?post_type=product&#038;p=22186"},"modified":"2026-02-11T15:20:57","modified_gmt":"2026-02-11T07:20:57","slug":"hawaiian-dog-shirts","status":"publish","type":"product","link":"https:\/\/pecpets.com\/de\/product\/hawaiian-dog-shirts\/","title":{"rendered":"Hawaiianische Hundehemden"},"content":{"rendered":"<h2>Pet Clothes Hersteller | Wasserdichte Jacke Fabrik | Hawaiian Dog Shirts Lieferant<\/h2>\n<p data-start=\"297\" data-end=\"824\">Sind Sie auf der Suche nach lustigen und tropischen Hawaii-Hundehemden, um Ihre Modekollektion f\u00fcr Haustiere zu erweitern? Als zuverl\u00e4ssiger Hersteller von Haustierbekleidung und wasserdichter Jacke in China sind wir auf die Herstellung farbenfroher, atmungsaktiver und stilvoller Bekleidung f\u00fcr Haustiere spezialisiert. Von Gro\u00dfbestellungen hawaiianischer Hundehemden bis hin zu vollst\u00e4ndig ma\u00dfgeschneiderten OEM-, ODM- und Eigenmarkenprogrammen bieten wir skalierbare L\u00f6sungen f\u00fcr Marken, Einzelh\u00e4ndler und Distributoren weltweit.<\/p>\n<p data-start=\"826\" data-end=\"1373\">Als erfahrenes Unternehmen f\u00fcr hawaiianische Hundehemden verwalten wir den gesamten Prozess - von der Stoffauswahl und dem Musterdesign bis hin zur Produktion und dem Export von hawaiianischen Hundehemden. Mit fortschrittlichen Einrichtungen und jahrelanger Erfahrung gew\u00e4hrleistet unsere Fabrik f\u00fcr Hawaii-Hundehemden lebendige Drucke, bequeme Passformen und gleichbleibende Qualit\u00e4t. Ganz gleich, ob Sie einen Hersteller von Hawaii-Hundehemden suchen, mit einem Lieferanten von Hawaii-Hundehemden zusammenarbeiten oder eine Partnerschaft mit einem zuverl\u00e4ssigen Lieferanten von Hawaii-Hundehemden eingehen m\u00f6chten, bei uns erhalten Sie alles aus einer Hand.<\/p>\n<p data-start=\"1375\" data-end=\"1418\">\u2705 <strong>Warum w\u00e4hlen Sie unsere Hawaii-Hundehemden<\/strong>:<\/p>\n<ul data-start=\"1419\" data-end=\"1774\">\n<li data-start=\"1419\" data-end=\"1480\">\n<p data-start=\"1421\" data-end=\"1480\">Flexible MOQs f\u00fcr die Massenproduktion von Hawaii-Hundehemden<\/p>\n<\/li>\n<li data-start=\"1481\" data-end=\"1552\">\n<p data-start=\"1483\" data-end=\"1552\">Kundenspezifische Designunterst\u00fctzung mit Hawaii-Hundehemden OEM\/ODM-Dienstleistungen<\/p>\n<\/li>\n<li data-start=\"1553\" data-end=\"1631\">\n<p data-start=\"1555\" data-end=\"1631\">Private Branding-Optionen f\u00fcr Hawaiian Dog Shirts\u2019 Private Label-Kunden<\/p>\n<\/li>\n<li data-start=\"1632\" data-end=\"1693\">\n<p data-start=\"1634\" data-end=\"1693\">Schneller und sicherer Export von Hawaii-Hundehemden aus China<\/p>\n<\/li>\n<li data-start=\"1694\" data-end=\"1774\">\n<p data-start=\"1696\" data-end=\"1774\">Vertrauensw\u00fcrdiger Partner f\u00fcr Hawaii-Hundehemden-Gro\u00dfh\u00e4ndler und globale Einzelh\u00e4ndler<\/p>\n<\/li>\n<\/ul>\n<p data-start=\"1776\" data-end=\"1990\">Unsere Hawaii-Hundehemden sind aus leichten, atmungsaktiven Stoffen gefertigt und zeichnen sich durch auff\u00e4llige Blumendrucke, Button-up-Modelle und verstellbare Passformen aus - perfekt f\u00fcr Sommerkollektionen, Tierboutiquen und Werbelinien.<\/p>\n<p data-start=\"1992\" data-end=\"2238\">Arbeiten Sie direkt mit einem f\u00fchrenden Hersteller von Hawaii-Hundehemden in China zusammen und verschaffen Sie sich Zugang zu einem zuverl\u00e4ssigen Hersteller, Lieferanten, Verk\u00e4ufer und Gro\u00dfh\u00e4ndler von Hawaii-Hundehemden, der Ihr Unternehmen mit modischer, hochwertiger Haustierbekleidung wachsen l\u00e4sst.<\/p>","protected":false},"excerpt":{"rendered":"<h3>Hawaiianische Hundehemden<\/h3>\n<ul>\n<li>Von Frisco by Chewy. Dieses klassische Hawaii-Camp-Shirt mit Blumenprint ist perfekt f\u00fcr jeden Sommerausflug, wie ein BBQ, ein Luau, ein Strandtreffen, eine Geburtstagsparty oder eine allt\u00e4gliche Feier.<\/li>\n<li>Erh\u00e4ltlich in verschiedenen Gr\u00f6\u00dfen, so dass f\u00fcr jeden ein passendes Shirt dabei ist.<\/li>\n<li>Der Pullover und die Klettverschl\u00fcsse machen das An- und Ausziehen schnell und einfach.<\/li>\n<\/ul>\n<table width=\"288\">\n<tbody>\n<tr>\n<td width=\"137\"><span style=\"color: #333333;\">Produktname<\/span><\/td>\n<td width=\"151\"><span style=\"color: #333333;\">Haustier-Kleidung<\/span><\/td>\n<\/tr>\n<tr>\n<td><span style=\"color: #333333;\">Artikel Nr.<\/span><\/td>\n<td><span style=\"color: #333333;\">P-C3008<\/span><\/td>\n<\/tr>\n<tr>\n<td><span style=\"color: #333333;\">Material<\/span><\/td>\n<td>Baumwolle, Polyester, Vlies<\/td>\n<\/tr>\n<tr>\n<td><span style=\"color: #333333;\">\u00a0Gr\u00f6\u00dfe und Farbe<\/span><\/td>\n<td><span style=\"color: #333333;\">Kundenspezifisch<\/span><\/td>\n<\/tr>\n<tr>\n<td><span style=\"color: #333333;\">\u00a0Lieferfrist<\/span><\/td>\n<td><span style=\"color: #333333;\">1 - 5 Tage f\u00fcr kleine Mengen auf dem Luftweg und 30 - 35 Tage f\u00fcr gro\u00dfe Mengen auf dem Seeweg<\/span><\/td>\n<\/tr>\n<\/tbody>\n<\/table>","protected":false},"featured_media":22190,"template":"","meta":{"_seopress_robots_primary_cat":"none","_seopress_titles_title":"Hawaiian Dog Shirts Supplier | Professional Manufacturer","_seopress_titles_desc":"As Premium Hawaiian Dog Shirts China Supplier, we design premium knitwear for pets worldwide. Bulk orders, OEM services. Request free cozy samples today!","_seopress_robots_index":"","_uag_custom_page_level_css":""},"product_brand":[],"product_cat":[364,343,23],"product_tag":[],"class_list":{"0":"post-22186","1":"product","2":"type-product","3":"status-publish","4":"has-post-thumbnail","6":"product_cat-basic-dog-clothing","7":"product_cat-pet-shirts","8":"product_cat-pet-clothing","10":"first","11":"instock","12":"shipping-taxable","13":"product-type-simple"},"uagb_featured_image_src":{"full":["https:\/\/pecpets.com\/wp-content\/uploads\/2025\/09\/80698eac-9233-40b5-a6c2-d23c2ba26b69.jpg",1200,1200,false],"thumbnail":["https:\/\/pecpets.com\/wp-content\/uploads\/2025\/09\/80698eac-9233-40b5-a6c2-d23c2ba26b69-150x150.jpg",150,150,true],"medium":["https:\/\/pecpets.com\/wp-content\/uploads\/2025\/09\/80698eac-9233-40b5-a6c2-d23c2ba26b69-300x300.jpg",300,300,true],"medium_large":["https:\/\/pecpets.com\/wp-content\/uploads\/2025\/09\/80698eac-9233-40b5-a6c2-d23c2ba26b69-768x768.jpg",768,768,true],"large":["https:\/\/pecpets.com\/wp-content\/uploads\/2025\/09\/80698eac-9233-40b5-a6c2-d23c2ba26b69-1024x1024.jpg",800,800,true],"1536x1536":["https:\/\/pecpets.com\/wp-content\/uploads\/2025\/09\/80698eac-9233-40b5-a6c2-d23c2ba26b69.jpg",1200,1200,false],"2048x2048":["https:\/\/pecpets.com\/wp-content\/uploads\/2025\/09\/80698eac-9233-40b5-a6c2-d23c2ba26b69.jpg",1200,1200,false],"trp-custom-language-flag":["https:\/\/pecpets.com\/wp-content\/uploads\/2025\/09\/80698eac-9233-40b5-a6c2-d23c2ba26b69-12x12.jpg",12,12,true],"woocommerce_thumbnail":["https:\/\/pecpets.com\/wp-content\/uploads\/2025\/09\/80698eac-9233-40b5-a6c2-d23c2ba26b69-300x300.jpg",300,300,true],"woocommerce_single":["https:\/\/pecpets.com\/wp-content\/uploads\/2025\/09\/80698eac-9233-40b5-a6c2-d23c2ba26b69-600x600.jpg",600,600,true],"woocommerce_gallery_thumbnail":["https:\/\/pecpets.com\/wp-content\/uploads\/2025\/09\/80698eac-9233-40b5-a6c2-d23c2ba26b69-100x100.jpg",100,100,true]},"uagb_author_info":{"display_name":"Lawrence\u00a0\u52b3\u4f26\u65af","author_link":"https:\/\/pecpets.com\/de\/author\/"},"uagb_comment_info":0,"uagb_excerpt":"Hawaiian Dog Shirts From Frisco by Chewy. This classic Hawaiian camp shirt features a flowery print that\u2019s perfect for any summer outing, like a BBQ, luau, beach get-together, birthday party or everyday celebration. Available in various sizes, so there\u2019s a shirt for everyone to wear. Pullover design and hook-and-loop fasteners make getting dressed up and&hellip;","_links":{"self":[{"href":"https:\/\/pecpets.com\/de\/wp-json\/wp\/v2\/product\/22186","targetHints":{"allow":["GET"]}}],"collection":[{"href":"https:\/\/pecpets.com\/de\/wp-json\/wp\/v2\/product"}],"about":[{"href":"https:\/\/pecpets.com\/de\/wp-json\/wp\/v2\/types\/product"}],"wp:featuredmedia":[{"embeddable":true,"href":"https:\/\/pecpets.com\/de\/wp-json\/wp\/v2\/media\/22190"}],"wp:attachment":[{"href":"https:\/\/pecpets.com\/de\/wp-json\/wp\/v2\/media?parent=22186"}],"wp:term":[{"taxonomy":"product_brand","embeddable":true,"href":"https:\/\/pecpets.com\/de\/wp-json\/wp\/v2\/product_brand?post=22186"},{"taxonomy":"product_cat","embeddable":true,"href":"https:\/\/pecpets.com\/de\/wp-json\/wp\/v2\/product_cat?post=22186"},{"taxonomy":"product_tag","embeddable":true,"href":"https:\/\/pecpets.com\/de\/wp-json\/wp\/v2\/product_tag?post=22186"}],"curies":[{"name":"wp","href":"https:\/\/api.w.org\/{rel}","templated":true}]}}