{"id":22194,"date":"2025-09-06T10:04:44","date_gmt":"2025-09-06T02:04:44","guid":{"rendered":"https:\/\/pecpets.com\/?post_type=product&#038;p=22194"},"modified":"2025-09-06T10:45:13","modified_gmt":"2025-09-06T02:45:13","slug":"marshmallow-dog-bed","status":"publish","type":"product","link":"https:\/\/pecpets.com\/de\/product\/marshmallow-dog-bed\/","title":{"rendered":"Marshmallow Hundebett"},"content":{"rendered":"<h3>Haustierbett Hersteller | Wasserdichtes Bett Fabrik | Premium Marshmallow Hundebett Lieferant<\/h3>\n<p data-start=\"273\" data-end=\"748\">Sind Sie auf der Suche nach kuscheligen und stilvollen Marshmallow-Hundebetten, die Sie in Ihr Sortiment f\u00fcr Haustiere aufnehmen k\u00f6nnen? Als vertrauensw\u00fcrdiger Hersteller von Hundebetten und wasserdichten Betten in China sind wir auf die Produktion von weichen, langlebigen und hochwertigen Betten spezialisiert, die f\u00fcr maximalen Komfort sorgen. Von Hundebetten-Gro\u00dfbestellungen bis hin zu kundenspezifischen Hundebetten-OEM-, Hundebetten-ODM- und Hundebetten-Eigenmarkenprogrammen bieten wir flexible L\u00f6sungen f\u00fcr globale Einzelh\u00e4ndler, Distributoren und Marken.<\/p>\n<p data-start=\"750\" data-end=\"1256\">Als professionelles Unternehmen f\u00fcr Hundebetten beaufsichtigen wir den gesamten Prozess - von der Materialbeschaffung und dem Design \u00fcber die Produktion bis hin zum Export der Hundebetten. Unsere fortschrittliche Hundebett-Fabrik stellt sicher, dass jedes Marshmallow Hundebett strenge Qualit\u00e4tsstandards mit Pl\u00fcschstoffen, rutschfesten B\u00f6den und maschinenwaschbaren Bez\u00fcgen erf\u00fcllt. Egal, ob Sie direkt von einem Hundebetten-Hersteller beziehen, eine Kollektion mit einem Hundebetten-Lieferanten aufbauen oder \u00fcber einen vertrauensw\u00fcrdigen Hundebetten-H\u00e4ndler expandieren wollen, wir haben alles f\u00fcr Sie.<\/p>\n<p data-start=\"1258\" data-end=\"1302\">\u2705 <strong>Warum unsere Marshmallow-Hundebetten<\/strong>:<\/p>\n<ul data-start=\"1303\" data-end=\"1658\">\n<li data-start=\"1303\" data-end=\"1357\">\n<p data-start=\"1305\" data-end=\"1357\">Skalierbare Massenproduktion von Hundebetten mit niedrigen MOQs<\/p>\n<\/li>\n<li data-start=\"1358\" data-end=\"1428\">\n<p data-start=\"1360\" data-end=\"1428\">Kundenspezifisches Branding durch Hundebett-OEM\/ODM und Eigenmarken-Service<\/p>\n<\/li>\n<li data-start=\"1429\" data-end=\"1506\">\n<p data-start=\"1431\" data-end=\"1506\">Schneller und zuverl\u00e4ssiger Export von Hundebetten mit internationaler Logistikunterst\u00fctzung<\/p>\n<\/li>\n<li data-start=\"1507\" data-end=\"1579\">\n<p data-start=\"1509\" data-end=\"1579\">Zertifizierter Hersteller von Hundebetten in China mit jahrelanger Erfahrung<\/p>\n<\/li>\n<li data-start=\"1580\" data-end=\"1658\">\n<p data-start=\"1582\" data-end=\"1658\">Zuverl\u00e4ssiger Partner f\u00fcr Hundebett-Gro\u00dfh\u00e4ndler, Einzelh\u00e4ndler und Online-Verk\u00e4ufer<\/p>\n<\/li>\n<\/ul>\n<p data-start=\"1660\" data-end=\"1941\">Unsere Marshmallow-Hundebetten verf\u00fcgen \u00fcber eine ultraweiche Pl\u00fcschf\u00fcllung, eine st\u00fctzende Polsterung und ein beruhigendes rundes Design - ideal f\u00fcr Haustiere, die sich gerne einrollen und geborgen f\u00fchlen. Sie sind perfekt f\u00fcr Boutiquen, E-Commerce-Plattformen oder gro\u00dfe Einzelhandelsketten und verbinden Funktionalit\u00e4t mit Stil.<\/p>\n<p data-start=\"1943\" data-end=\"2145\">Gehen Sie eine Partnerschaft mit einem bew\u00e4hrten Hersteller von Hundebetten in China ein und arbeiten Sie mit einem zuverl\u00e4ssigen Hersteller, Lieferanten, Verk\u00e4ufer und Gro\u00dfh\u00e4ndler von Hundebetten zusammen, um Ihr Gesch\u00e4ft mit Haustierprodukten mit Qualit\u00e4t und Vertrauen zu erweitern.<\/p>","protected":false},"excerpt":{"rendered":"<h2>Marshmallow Hundebett<\/h2>\n<table style=\"border-collapse: collapse; background-color: #ffffff; width: 332px; height: 254px;\" border=\"1\">\n<tbody>\n<tr>\n<td style=\"font-family: Verdana, Arial, Helvetica, sans-serif; font-size: 12px; color: #000000; margin: 8px; width: 187px; text-align: center;\"><span style=\"line-height: 21px; font-size: 14px;\">Produkte Name<span class=\"notranslate immersive-translate-target-wrapper\" lang=\"zh-CN\" translate=\"no\" data-immersive-translate-loading-id=\"1\">\u00a0<\/span><\/span><\/td>\n<td style=\"font-family: Verdana, Arial, Helvetica, sans-serif; font-size: 12px; color: #000000; margin: 8px; width: 526px; text-align: center;\"><span style=\"color: #000000; font-family: Verdana, Arial, Helvetica, sans-serif; font-size: 14px; font-style: normal; font-weight: 400; text-align: center; background-color: #ffffff; float: none; display: inline !important;\">Haustierbett<\/span><\/td>\n<\/tr>\n<tr>\n<td style=\"font-family: Verdana, Arial, Helvetica, sans-serif; font-size: 12px; color: #000000; margin: 8px; width: 187px; text-align: center;\"><span style=\"line-height: 21px; font-size: 14px;\">Artikel Nr.<\/span><\/td>\n<td style=\"font-family: Verdana, Arial, Helvetica, sans-serif; font-size: 12px; color: #000000; margin: 8px; width: 526px; text-align: center;\"><span style=\"line-height: 21px; font-size: 14px;\">P-B2021<\/span><\/td>\n<\/tr>\n<tr>\n<td style=\"font-family: Verdana, Arial, Helvetica, sans-serif; font-size: 12px; color: #000000; margin: 8px; width: 187px; text-align: center;\"><span style=\"line-height: 21px; color: #333333; font-family: Arial, Helvetica; font-size: 14px; font-style: normal; font-weight: 400; background-color: #ffffff; float: none; display: inline !important;\">Material<\/span><\/td>\n<td style=\"font-family: Verdana, Arial, Helvetica, sans-serif; font-size: 12px; color: #000000; margin: 8px; width: 526px; text-align: center;\">\n<p style=\"margin: 0px auto; padding: 0px; border: 0px; line-height: 30px; color: #222222; font-family: Helvetica,Verdana,Tahoma,Arial,sans-serif; font-size: 13px; font-style: normal; font-weight: 400; background-color: #fcfcfc;\">Vlies, Holz<\/p>\n<\/td>\n<\/tr>\n<tr>\n<td style=\"font-family: Verdana, Arial, Helvetica, sans-serif; font-size: 12px; color: #000000; margin: 8px; width: 187px; text-align: center;\"><span style=\"line-height: 21px; font-size: 14px;\">\u00a0Gr\u00f6\u00dfe<\/span><\/td>\n<td style=\"font-family: Verdana, Arial, Helvetica, sans-serif; font-size: 12px; color: #000000; margin: 8px; width: 526px; text-align: center;\">\n<p style=\"margin: 0px; padding: 0px; font-family: Verdana, Arial, Helvetica, sans-serif; font-size: 12px; font-style: normal; font-weight: 400; text-align: center; box-sizing: border-box; color: #333333; background-color: #ffffff;\">Kundenspezifisch<\/p>\n<\/td>\n<\/tr>\n<tr>\n<td style=\"font-family: Verdana, Arial, Helvetica, sans-serif; font-size: 12px; color: #000000; margin: 8px; width: 187px; text-align: center;\"><span style=\"line-height: 21px; font-size: 14px;\">\u00a0Farbe<\/span><\/td>\n<td style=\"font-family: Verdana, Arial, Helvetica, sans-serif; font-size: 12px; color: #000000; margin: 8px; width: 526px; text-align: center;\"><span style=\"color: #222222; font-family: Helvetica, Tahoma, Arial;\"><span style=\"font-size: 16px;\">Kundenspezifisch<\/span><\/span><\/td>\n<\/tr>\n<tr>\n<td style=\"font-family: Verdana, Arial, Helvetica, sans-serif; font-size: 12px; color: #000000; margin: 8px; width: 187px; text-align: center;\"><span style=\"line-height: 21px; font-size: 14px;\">\u00a0<span style=\"line-height: 21px; color: #333333; font-family: Arial, Helvetica; font-size: 14px; font-style: normal; font-weight: 400; background-color: #ffffff; float: none; display: inline !important;\">Tierart<\/span><\/span><\/td>\n<td style=\"font-family: Verdana, Arial, Helvetica, sans-serif; font-size: 12px; color: #000000; margin: 8px; width: 526px; text-align: center;\"><span style=\"line-height: 21px; font-size: 14px;\">\u00a0Alle Hund<\/span><\/td>\n<\/tr>\n<tr>\n<td style=\"font-family: Verdana, Arial, Helvetica, sans-serif; font-size: 12px; color: #000000; margin: 8px; width: 187px; text-align: center;\"><span style=\"line-height: 21px; font-size: 14px;\">\u00a0<span style=\"line-height: 21px; color: #333333; font-family: Arial, Helvetica; font-size: 14px; font-style: normal; font-weight: 400; background-color: #ffffff; float: none; display: inline !important;\">Lieferfrist<\/span><\/span><\/td>\n<td style=\"font-family: Verdana, Arial, Helvetica, sans-serif; font-size: 12px; color: #000000; margin: 8px; width: 526px; text-align: center;\"><span style=\"line-height: 21px; font-size: 14px;\"><span style=\"line-height: 21px; color: #000000; font-family: Verdana, Arial, Helvetica, sans-serif; font-size: 14px; font-style: normal; font-weight: 400; background-color: #ffffff; float: none; display: inline !important;\">1-5 Tage f\u00fcr kleine Mengen auf dem Luftweg und 30-35 Tage f\u00fcr gro\u00dfe Mengen auf dem Seeweg<\/span>\u00a0<\/span><\/td>\n<\/tr>\n<tr>\n<td style=\"font-family: Verdana, Arial, Helvetica, sans-serif; font-size: 12px; color: #000000; margin: 8px; width: 187px; text-align: center;\"><span style=\"line-height: 21px; font-size: 14px;\">\u00a0<span style=\"line-height: 21px; color: #333333; font-family: Arial, Helvetica; font-size: 14px; font-style: normal; font-weight: 400; background-color: #ffffff; float: none; display: inline !important;\">Hafen der Verschiffung<\/span><\/span><\/td>\n<td style=\"font-family: Verdana, Arial, Helvetica, sans-serif; font-size: 12px; color: #000000; margin: 8px; width: 526px; text-align: center;\"><span style=\"line-height: 21px; font-size: 14px;\">Xiamen\u00a0<\/span><\/td>\n<\/tr>\n<tr>\n<td style=\"font-family: Verdana, Arial, Helvetica, sans-serif; font-size: 12px; color: #000000; margin: 8px; width: 187px; text-align: center;\"><span style=\"line-height: 21px; font-size: 14px;\">\u00a0<span style=\"line-height: 21px; color: #333333; font-family: Arial, Helvetica; font-size: 14px; font-style: normal; font-weight: 400; background-color: #ffffff; float: none; display: inline !important;\">OEM\/ODM<\/span><\/span><\/td>\n<td style=\"font-family: Verdana, Arial, Helvetica, sans-serif; font-size: 12px; color: #000000; margin: 8px; width: 526px; text-align: center;\"><span style=\"line-height: 21px; font-size: 14px;\">\u00a0<span style=\"line-height: 21px; color: #333333; font-family: Arial, Helvetica; font-size: 14px; font-style: normal; font-weight: 400; background-color: #ffffff; float: none; display: inline !important;\">Verf\u00fcgbar<\/span><\/span><\/td>\n<\/tr>\n<tr>\n<td style=\"font-family: Verdana, Arial, Helvetica, sans-serif; font-size: 12px; color: #000000; margin: 8px; width: 187px; text-align: center;\"><span style=\"line-height: 21px; font-size: 14px;\">\u00a0<span style=\"line-height: 21px; color: #333333; font-family: Arial, Helvetica; font-size: 14px; font-style: normal; font-weight: 400; background-color: #ffffff; float: none; display: inline !important;\">Paket<\/span><\/span><\/td>\n<td style=\"font-family: Verdana, Arial, Helvetica, sans-serif; font-size: 12px; color: #000000; margin: 8px; width: 526px; text-align: center;\"><span style=\"line-height: 21px; font-size: 14px;\"><span style=\"line-height: 21px; color: #333333; font-family: Arial, Helvetica; font-size: 14px; font-style: normal; font-weight: 400; background-color: #ffffff; float: none; display: inline !important;\">Jedes St\u00fcck wird in einem PPB verpackt, dann in einen Karton oder nach Bedarf.<\/span><\/span><\/td>\n<\/tr>\n<\/tbody>\n<\/table>\n<p>Hochwertiges Marshmallow-Hundebett entdecken.<\/p>\n<p>Mit unseren hochwertigen Designs bleiben Ihre Haustiere stilvoll.<\/p>","protected":false},"featured_media":22199,"template":"","meta":{"_seopress_robots_primary_cat":"none","_seopress_titles_title":"Premium Marshmallow Dog Bed Supplier | China Manufacturer","_seopress_titles_desc":"Discovery Marshmallow Dog Bed. Ensure your customers and their pet experience the difference in quality that we provide","_seopress_robots_index":"","_uag_custom_page_level_css":""},"product_brand":[],"product_cat":[349,22],"product_tag":[71,69,70],"class_list":{"0":"post-22194","1":"product","2":"type-product","3":"status-publish","4":"has-post-thumbnail","6":"product_cat-memory-foam-dog-beds","7":"product_cat-pet-bed","8":"product_tag-cat-bed","9":"product_tag-dog-bed","10":"product_tag-pet-bed","12":"first","13":"instock","14":"shipping-taxable","15":"product-type-simple"},"uagb_featured_image_src":{"full":["https:\/\/pecpets.com\/wp-content\/uploads\/2025\/09\/generated_image_2_.png",1152,896,false],"thumbnail":["https:\/\/pecpets.com\/wp-content\/uploads\/2025\/09\/generated_image_2_-150x150.png",150,150,true],"medium":["https:\/\/pecpets.com\/wp-content\/uploads\/2025\/09\/generated_image_2_-300x233.png",300,233,true],"medium_large":["https:\/\/pecpets.com\/wp-content\/uploads\/2025\/09\/generated_image_2_-768x597.png",768,597,true],"large":["https:\/\/pecpets.com\/wp-content\/uploads\/2025\/09\/generated_image_2_-1024x796.png",800,622,true],"1536x1536":["https:\/\/pecpets.com\/wp-content\/uploads\/2025\/09\/generated_image_2_.png",1152,896,false],"2048x2048":["https:\/\/pecpets.com\/wp-content\/uploads\/2025\/09\/generated_image_2_.png",1152,896,false],"trp-custom-language-flag":["https:\/\/pecpets.com\/wp-content\/uploads\/2025\/09\/generated_image_2_-15x12.png",15,12,true],"woocommerce_thumbnail":["https:\/\/pecpets.com\/wp-content\/uploads\/2025\/09\/generated_image_2_-300x300.png",300,300,true],"woocommerce_single":["https:\/\/pecpets.com\/wp-content\/uploads\/2025\/09\/generated_image_2_-600x467.png",600,467,true],"woocommerce_gallery_thumbnail":["https:\/\/pecpets.com\/wp-content\/uploads\/2025\/09\/generated_image_2_-100x100.png",100,100,true]},"uagb_author_info":{"display_name":"Lawrence\u00a0\u52b3\u4f26\u65af","author_link":"https:\/\/pecpets.com\/de\/author\/"},"uagb_comment_info":0,"uagb_excerpt":"Marshmallow Dog Bed\u200b Products Name\u00a0 Pet Bed Item No. P-B2021 Material Fleece, wooden \u00a0Size Customized \u00a0Color Customized \u00a0Pet type \u00a0All Dog \u00a0Delivery time 1-5days\u00a0for small quantity by air and 30-35days for large quantity by sea\u00a0 \u00a0Port of shipment Xiamen\u00a0 \u00a0OEM\/ODM \u00a0Available \u00a0Package Each one is packed in a PPB, then into a Carton or per&hellip;","_links":{"self":[{"href":"https:\/\/pecpets.com\/de\/wp-json\/wp\/v2\/product\/22194","targetHints":{"allow":["GET"]}}],"collection":[{"href":"https:\/\/pecpets.com\/de\/wp-json\/wp\/v2\/product"}],"about":[{"href":"https:\/\/pecpets.com\/de\/wp-json\/wp\/v2\/types\/product"}],"wp:featuredmedia":[{"embeddable":true,"href":"https:\/\/pecpets.com\/de\/wp-json\/wp\/v2\/media\/22199"}],"wp:attachment":[{"href":"https:\/\/pecpets.com\/de\/wp-json\/wp\/v2\/media?parent=22194"}],"wp:term":[{"taxonomy":"product_brand","embeddable":true,"href":"https:\/\/pecpets.com\/de\/wp-json\/wp\/v2\/product_brand?post=22194"},{"taxonomy":"product_cat","embeddable":true,"href":"https:\/\/pecpets.com\/de\/wp-json\/wp\/v2\/product_cat?post=22194"},{"taxonomy":"product_tag","embeddable":true,"href":"https:\/\/pecpets.com\/de\/wp-json\/wp\/v2\/product_tag?post=22194"}],"curies":[{"name":"wp","href":"https:\/\/api.w.org\/{rel}","templated":true}]}}