{"id":22298,"date":"2025-09-23T10:05:52","date_gmt":"2025-09-23T02:05:52","guid":{"rendered":"https:\/\/pecpets.com\/?post_type=product&#038;p=22298"},"modified":"2025-09-23T10:22:22","modified_gmt":"2025-09-23T02:22:22","slug":"chew-resistant-memory-foam-couch-dog-bed","status":"publish","type":"product","link":"https:\/\/pecpets.com\/de\/product\/chew-resistant-memory-foam-couch-dog-bed\/","title":{"rendered":"Kaubest\u00e4ndiges Couch-Hundebett aus Memoryschaum"},"content":{"rendered":"<h2 data-start=\"193\" data-end=\"275\">Chew-Resistant Memory Foam Couch Dog Bed Supplier | Trusted Pet Bed Manufacturer &amp; Luxury Bed Factory<\/h2>\n<p data-start=\"233\" data-end=\"657\">Suchen Sie nach einer strapazierf\u00e4higen und dennoch bequemen L\u00f6sung f\u00fcr Haustiere? Unser kauunempfindliches Couch-Hundebett aus Memory-Schaumstoff wurde entwickelt, um orthop\u00e4dische Unterst\u00fctzung mit langlebigen Materialien zu kombinieren, und eignet sich daher perfekt f\u00fcr den Gro\u00df- und Einzelhandel.<\/p>\n<p data-start=\"233\" data-end=\"657\">Als vertrauensw\u00fcrdiger Hersteller von Hundebetten und f\u00fchrende Hundebettenfabrik in China bieten wir qualitativ hochwertige Designs, die sich sowohl durch Komfort als auch durch Haltbarkeit auszeichnen.<\/p>\n<p data-start=\"659\" data-end=\"992\">Egal, ob Sie ein Hundebettenunternehmen, ein Gro\u00dfh\u00e4ndler oder ein Einzelh\u00e4ndler sind, wir sind auf Hundebetten als Massenware und Hundebettenexportl\u00f6sungen spezialisiert, die auf Ihr Unternehmen zugeschnitten sind.<\/p>\n<p data-start=\"659\" data-end=\"992\">Mit unserer langj\u00e4hrigen Erfahrung in den Bereichen ODM- und OEM-Dienstleistungen f\u00fcr Hundebetten unterst\u00fctzen wir die vollst\u00e4ndige Anpassung an Kundenw\u00fcnsche, von der Gr\u00f6\u00dfe und dem Material bis hin zum Branding von Hundebetten.<\/p>\n<p data-start=\"994\" data-end=\"1308\">Als professioneller Hersteller von Haustierbetten und zuverl\u00e4ssige Fabrik f\u00fcr Luxusbetten stellen wir sicher, dass jedes kausichere Memoryschaum-Hundebett aus hochwertigem Memoryschaum, kausicheren Bez\u00fcgen und stilvollem Design im Couch-Stil hergestellt wird. Das macht unsere Betten zur ersten Wahl f\u00fcr Gro\u00dfh\u00e4ndler, Tierhandlungen und globale Partner.<\/p>\n<p data-start=\"1310\" data-end=\"1330\"><strong>Warum uns w\u00e4hlen<\/strong>:<\/p>\n<ul data-start=\"1331\" data-end=\"1639\">\n<li data-start=\"1331\" data-end=\"1398\">\n<p data-start=\"1333\" data-end=\"1398\">Fabrikdirekte Hundebett-Gro\u00dfmengenpreise f\u00fcr wettbewerbsf\u00e4hige Gewinnspannen<\/p>\n<\/li>\n<li data-start=\"1399\" data-end=\"1459\">\n<p data-start=\"1401\" data-end=\"1459\">Flexible Hundebetten OEM\/ODM-Unterst\u00fctzung f\u00fcr kundenspezifische Projekte<\/p>\n<\/li>\n<li data-start=\"1460\" data-end=\"1528\">\n<p data-start=\"1462\" data-end=\"1528\">Schnelle Bemusterung und p\u00fcnktliche Lieferung f\u00fcr Hundebett-Exportauftr\u00e4ge<\/p>\n<\/li>\n<li data-start=\"1529\" data-end=\"1639\">\n<p data-start=\"1531\" data-end=\"1639\">Vertrauensw\u00fcrdiger Hundebett-Lieferant, Hundebett-Verk\u00e4ufer und Hundebett-Gro\u00dfh\u00e4ndler mit bew\u00e4hrter Qualit\u00e4tssicherung<\/p>\n<\/li>\n<\/ul>\n<p data-start=\"1641\" data-end=\"1841\">Arbeiten Sie mit uns zusammen, um Ihre Produktlinie f\u00fcr Haustiere mit hochwertigen, kauunempfindlichen Memory Foam Couch-Hundebetten zu erweitern. Lassen Sie unsere Expertise in der Fabrik und unsere Exporterfahrung Ihre Marke weltweit wachsen.<\/p>","protected":false},"excerpt":{"rendered":"<h3>Kaubest\u00e4ndiges Couch-Hundebett aus Memoryschaum<\/h3>\n<p>Unser neues und verbessertes ToughChew\u00ae Memory Foam Couch Dog Bed bietet dieselbe orthop\u00e4dische Unterst\u00fctzung und denselben Komfort, der das Original zu einem Bestseller gemacht hat. Es verf\u00fcgt jetzt \u00fcber einen langlebigeren Schaumstoff, Nackenrollen in voller H\u00f6he und ein schlankeres Design - und das alles mit unserem garantiert kausicheren Bezug.<\/p>\n<p>Ihr Hund wird das st\u00fctzende Gef\u00fchl lieben, und Sie werden es lieben, dass es sein Gewicht gleichm\u00e4\u00dfig verteilt und dabei hilft, den Druck auf Gelenke und Muskeln zu verringern und die Durchblutung zu f\u00f6rdern. Die bequeme Nackenrolle bietet Ihrem Hund einen weichen Platz zum Ausruhen oder Anlehnen und ist mit 100% recycelten Materialien gef\u00fcllt, um die Umwelt zu schonen.<\/p>\n<p>Bezug aus recyceltem Polyester\/Polyester. R\u00fccken aus Nylon. Innenfutter aus recyceltem Polyester. Bezug in der Maschine waschbar. Importiert.\u00a0<b>Montage erforderlich.<\/b><\/p>\n<table width=\"288\">\n<tbody>\n<tr>\n<td width=\"137\"><span style=\"color: #333333;\">Produktname<\/span><\/td>\n<td width=\"151\"><span style=\"color: #333333;\">Haustierbett<\/span><\/td>\n<\/tr>\n<tr>\n<td><span style=\"color: #333333;\">Artikel Nr.<\/span><\/td>\n<td><span style=\"color: #333333;\">P-C3004<\/span><\/td>\n<\/tr>\n<tr>\n<td><span style=\"color: #333333;\">Material<\/span><\/td>\n<td>Baumwolle, Polyester, Vlies<\/td>\n<\/tr>\n<tr>\n<td><span style=\"color: #333333;\">\u00a0Gr\u00f6\u00dfe und Farbe<\/span><\/td>\n<td><span style=\"color: #333333;\">Kundenspezifisch<\/span><\/td>\n<\/tr>\n<tr>\n<td><span style=\"color: #333333;\">\u00a0Lieferfrist<\/span><\/td>\n<td><span style=\"color: #333333;\">1 - 5 Tage f\u00fcr kleine Mengen auf dem Luftweg und 30 - 35 Tage f\u00fcr gro\u00dfe Mengen auf dem Seeweg<\/span><\/td>\n<\/tr>\n<\/tbody>\n<\/table>","protected":false},"featured_media":22299,"template":"","meta":{"_seopress_robots_primary_cat":"none","_seopress_titles_title":"Chew-Resistant Memory Foam Couch Dog Bed | China Factory","_seopress_titles_desc":"Looking for Chew-Resistant Memory Foam Couch Dog Bed? we design premium knitwear for pets worldwide. Bulk orders, OEM services. Request free cozy samples today!","_seopress_robots_index":"","_uag_custom_page_level_css":""},"product_brand":[],"product_cat":[349,22],"product_tag":[],"class_list":{"0":"post-22298","1":"product","2":"type-product","3":"status-publish","4":"has-post-thumbnail","6":"product_cat-memory-foam-dog-beds","7":"product_cat-pet-bed","9":"first","10":"instock","11":"shipping-taxable","12":"product-type-simple"},"uagb_featured_image_src":{"full":["https:\/\/pecpets.com\/wp-content\/uploads\/2025\/09\/a398e2d0-b7f6-477e-87dc-efb4e73b997c.jpeg",1280,1280,false],"thumbnail":["https:\/\/pecpets.com\/wp-content\/uploads\/2025\/09\/a398e2d0-b7f6-477e-87dc-efb4e73b997c-150x150.jpeg",150,150,true],"medium":["https:\/\/pecpets.com\/wp-content\/uploads\/2025\/09\/a398e2d0-b7f6-477e-87dc-efb4e73b997c-300x300.jpeg",300,300,true],"medium_large":["https:\/\/pecpets.com\/wp-content\/uploads\/2025\/09\/a398e2d0-b7f6-477e-87dc-efb4e73b997c-768x768.jpeg",768,768,true],"large":["https:\/\/pecpets.com\/wp-content\/uploads\/2025\/09\/a398e2d0-b7f6-477e-87dc-efb4e73b997c-1024x1024.jpeg",800,800,true],"1536x1536":["https:\/\/pecpets.com\/wp-content\/uploads\/2025\/09\/a398e2d0-b7f6-477e-87dc-efb4e73b997c.jpeg",1280,1280,false],"2048x2048":["https:\/\/pecpets.com\/wp-content\/uploads\/2025\/09\/a398e2d0-b7f6-477e-87dc-efb4e73b997c.jpeg",1280,1280,false],"trp-custom-language-flag":["https:\/\/pecpets.com\/wp-content\/uploads\/2025\/09\/a398e2d0-b7f6-477e-87dc-efb4e73b997c-12x12.jpeg",12,12,true],"woocommerce_thumbnail":["https:\/\/pecpets.com\/wp-content\/uploads\/2025\/09\/a398e2d0-b7f6-477e-87dc-efb4e73b997c-300x300.jpeg",300,300,true],"woocommerce_single":["https:\/\/pecpets.com\/wp-content\/uploads\/2025\/09\/a398e2d0-b7f6-477e-87dc-efb4e73b997c-600x600.jpeg",600,600,true],"woocommerce_gallery_thumbnail":["https:\/\/pecpets.com\/wp-content\/uploads\/2025\/09\/a398e2d0-b7f6-477e-87dc-efb4e73b997c-100x100.jpeg",100,100,true]},"uagb_author_info":{"display_name":"Lawrence\u00a0\u52b3\u4f26\u65af","author_link":"https:\/\/pecpets.com\/de\/author\/"},"uagb_comment_info":0,"uagb_excerpt":"Chew-Resistant Memory Foam Couch Dog Bed With the same orthopedic support and comfort that made the original a best seller, our new and improved ToughChew\u00ae Memory Foam Couch Dog Bed now has a longer-lasting foam, full-height bolsters, and a streamlined design\u2014all with our guaranteed chew-resistant cover. Your dog will love the supportive feel, and you\u2019ll&hellip;","_links":{"self":[{"href":"https:\/\/pecpets.com\/de\/wp-json\/wp\/v2\/product\/22298","targetHints":{"allow":["GET"]}}],"collection":[{"href":"https:\/\/pecpets.com\/de\/wp-json\/wp\/v2\/product"}],"about":[{"href":"https:\/\/pecpets.com\/de\/wp-json\/wp\/v2\/types\/product"}],"wp:featuredmedia":[{"embeddable":true,"href":"https:\/\/pecpets.com\/de\/wp-json\/wp\/v2\/media\/22299"}],"wp:attachment":[{"href":"https:\/\/pecpets.com\/de\/wp-json\/wp\/v2\/media?parent=22298"}],"wp:term":[{"taxonomy":"product_brand","embeddable":true,"href":"https:\/\/pecpets.com\/de\/wp-json\/wp\/v2\/product_brand?post=22298"},{"taxonomy":"product_cat","embeddable":true,"href":"https:\/\/pecpets.com\/de\/wp-json\/wp\/v2\/product_cat?post=22298"},{"taxonomy":"product_tag","embeddable":true,"href":"https:\/\/pecpets.com\/de\/wp-json\/wp\/v2\/product_tag?post=22298"}],"curies":[{"name":"wp","href":"https:\/\/api.w.org\/{rel}","templated":true}]}}