{"id":22321,"date":"2025-09-25T09:11:04","date_gmt":"2025-09-25T01:11:04","guid":{"rendered":"https:\/\/pecpets.com\/?post_type=product&#038;p=22321"},"modified":"2025-09-25T09:38:33","modified_gmt":"2025-09-25T01:38:33","slug":"dog-couch-bed","status":"publish","type":"product","link":"https:\/\/pecpets.com\/de\/product\/dog-couch-bed\/","title":{"rendered":"Hundesofa Bett"},"content":{"rendered":"<h2 data-start=\"193\" data-end=\"275\">Hund Couch Bett Lieferant | Premium Haustier Bett Hersteller &amp; Luxus Bett Fabrik<\/h2>\n<p data-start=\"235\" data-end=\"716\">Suchen Sie nach einem stilvollen und bequemen Hundebett f\u00fcr Ihren Einzel- oder Gro\u00dfhandel? Als einer der f\u00fchrenden Hersteller von Hundebetten und vertrauensw\u00fcrdige Hundebett Fabrik in Hundebett China, sind wir spezialisiert auf die Herstellung von hochwertigen Hundebetten f\u00fcr Luxus und Komfort konzipiert. Ganz gleich, ob Sie Ihre Produktpalette um Hundebetten erweitern m\u00f6chten oder ob Sie nach Exportl\u00f6sungen f\u00fcr Hundebetten suchen, wir bieten Ihnen zuverl\u00e4ssige Produkte, die Haustiere und Haustierbesitzer lieben werden.<\/p>\n<p data-start=\"718\" data-end=\"1097\">Unsere Hundebetten kombinieren orthop\u00e4dischen Memory-Schaumstoff mit strapazierf\u00e4higen Stoffen, um Hunden den besten Komfort und Halt zu bieten. Mit jahrelanger Erfahrung als Unternehmen f\u00fcr Hundebetten bieten wir ODM- und OEM-Dienste f\u00fcr Hundebetten an und bieten Anpassungsm\u00f6glichkeiten f\u00fcr Hundebetten-Eigenmarkenkollektionen sowie Gro\u00dfbestellungen f\u00fcr Hundebetten-Gro\u00dfh\u00e4ndler und Einzelh\u00e4ndler.<\/p>\n<p data-start=\"1099\" data-end=\"1144\"><strong>Warum Sie uns als Ihren Hundebett-Lieferanten w\u00e4hlen sollten<\/strong>:<\/p>\n<ul data-start=\"1145\" data-end=\"1488\">\n<li data-start=\"1145\" data-end=\"1208\">\n<p data-start=\"1147\" data-end=\"1208\">Hundesofas, die sowohl Komfort als auch Stil bieten<\/p>\n<\/li>\n<li data-start=\"1209\" data-end=\"1277\">\n<p data-start=\"1211\" data-end=\"1277\">Hochwertige Materialien, darunter Memory-Schaum und strapazierf\u00e4hige Bez\u00fcge<\/p>\n<\/li>\n<li data-start=\"1278\" data-end=\"1343\">\n<p data-start=\"1280\" data-end=\"1343\">Konkurrenzf\u00e4hige Preise f\u00fcr Hundebett-Gro\u00df- und -Gro\u00dfhandelsbestellungen<\/p>\n<\/li>\n<li data-start=\"1344\" data-end=\"1423\">\n<p data-start=\"1346\" data-end=\"1423\">Anpassungsm\u00f6glichkeiten durch Hundebett ODM und Hundebett OEM verf\u00fcgbar<\/p>\n<\/li>\n<li data-start=\"1424\" data-end=\"1488\">\n<p data-start=\"1426\" data-end=\"1488\">Umfassende Unterst\u00fctzung beim Export von Hundebetten und weltweite Versanddienste<\/p>\n<\/li>\n<\/ul>\n<p data-start=\"1490\" data-end=\"1515\"><strong>Vorteile der Fabrik<\/strong>:<\/p>\n<ul data-start=\"1516\" data-end=\"1782\">\n<li data-start=\"1516\" data-end=\"1578\">\n<p data-start=\"1518\" data-end=\"1578\">Werksdirektpreise f\u00fcr Hundebett-H\u00e4ndlerpartnerschaften<\/p>\n<\/li>\n<li data-start=\"1579\" data-end=\"1651\">\n<p data-start=\"1581\" data-end=\"1651\">Schnelle Bearbeitung von Prototypen f\u00fcr Hundesofas und Massenproduktion<\/p>\n<\/li>\n<li data-start=\"1652\" data-end=\"1710\">\n<p data-start=\"1654\" data-end=\"1710\">Zuverl\u00e4ssiger Hundebetten-Gro\u00dfh\u00e4ndler mit Qualit\u00e4tsgarantie<\/p>\n<\/li>\n<li data-start=\"1711\" data-end=\"1782\">\n<p data-start=\"1713\" data-end=\"1782\">Fachwissen \u00fcber den weltweiten Export von Hundebetten mit umfassender Unterst\u00fctzung bei der Einhaltung von Vorschriften<\/p>\n<\/li>\n<\/ul>\n<p data-start=\"1784\" data-end=\"2078\">Als vertrauensw\u00fcrdiger Hersteller von Hundebetten arbeiten wir mit Unternehmen auf der ganzen Welt zusammen, um qualitativ hochwertige, komfortable und stilvolle Hundebetten-Kollektionen zu liefern. Ganz gleich, ob Sie eine Eigenmarke kreieren m\u00f6chten oder Gro\u00dfbestellungen ben\u00f6tigen, wir sind Ihr Lieferant f\u00fcr Hundebetten und Ihr Unternehmen f\u00fcr Hundebetten.<\/p>","protected":false},"excerpt":{"rendered":"<h3>Hundesofa Bett<\/h3>\n<p>Das Memory Foam Deluxe Bed bietet Ihrem Hund eine ganze Menge zum Liebhaben. Das st\u00fctzende 4\u2033 dicke Memory Foam-Kissen ist speziell auf Hunde abgestimmt und hilft, den Druck auf die Gelenke zu reduzieren, die Muskeln zu unterst\u00fctzen und die Durchblutung zu verbessern. Die pl\u00fcschigen, mit Polyester gef\u00fcllten, doppelt gestapelten Nackenrollen sorgen daf\u00fcr, dass sich Ihr Hund sicher und wohl f\u00fchlt, und der samtweiche Bezug sieht so gut aus, wie er sich anf\u00fchlt. Personalisierung mit Stickerei, bis zu 15 Zeichen.<\/p>\n<p>Bezug aus Polyester. Der Bezug ist abnehmbar und kann in der Maschine gewaschen werden. Importiert.<\/p>\n<table width=\"288\">\n<tbody>\n<tr>\n<td width=\"137\"><span style=\"color: #333333;\">Produktname<\/span><\/td>\n<td width=\"151\"><span style=\"color: #333333;\">Haustierbett<\/span><\/td>\n<\/tr>\n<tr>\n<td><span style=\"color: #333333;\">Artikel Nr.<\/span><\/td>\n<td><span style=\"color: #333333;\">P-C3007<\/span><\/td>\n<\/tr>\n<tr>\n<td><span style=\"color: #333333;\">Material<\/span><\/td>\n<td>Baumwolle, Polyester, Vlies<\/td>\n<\/tr>\n<tr>\n<td><span style=\"color: #333333;\">\u00a0Gr\u00f6\u00dfe und Farbe<\/span><\/td>\n<td><span style=\"color: #333333;\">Kundenspezifisch<\/span><\/td>\n<\/tr>\n<tr>\n<td><span style=\"color: #333333;\">\u00a0Lieferfrist<\/span><\/td>\n<td><span style=\"color: #333333;\">1 - 5 Tage f\u00fcr kleine Mengen auf dem Luftweg und 30 - 35 Tage f\u00fcr gro\u00dfe Mengen auf dem Seeweg<\/span><\/td>\n<\/tr>\n<\/tbody>\n<\/table>","protected":false},"featured_media":22325,"template":"","meta":{"_seopress_robots_primary_cat":"none","_seopress_titles_title":"Dog Couch Bed\u200b | China Pet Bed Manufacturer","_seopress_titles_desc":"Looking for Dog Couch Bed\u200b\u200b? we design premium knitwear for pets worldwide. Bulk orders, OEM services. Request free cozy samples today!","_seopress_robots_index":"","_uag_custom_page_level_css":""},"product_brand":[],"product_cat":[349,22],"product_tag":[],"class_list":{"0":"post-22321","1":"product","2":"type-product","3":"status-publish","4":"has-post-thumbnail","6":"product_cat-memory-foam-dog-beds","7":"product_cat-pet-bed","9":"first","10":"instock","11":"shipping-taxable","12":"product-type-simple"},"uagb_featured_image_src":{"full":["https:\/\/pecpets.com\/wp-content\/uploads\/2025\/09\/a733f475-8446-466a-86cc-f213ebfb85a8.jpg",1280,1280,false],"thumbnail":["https:\/\/pecpets.com\/wp-content\/uploads\/2025\/09\/a733f475-8446-466a-86cc-f213ebfb85a8-150x150.jpg",150,150,true],"medium":["https:\/\/pecpets.com\/wp-content\/uploads\/2025\/09\/a733f475-8446-466a-86cc-f213ebfb85a8-300x300.jpg",300,300,true],"medium_large":["https:\/\/pecpets.com\/wp-content\/uploads\/2025\/09\/a733f475-8446-466a-86cc-f213ebfb85a8-768x768.jpg",768,768,true],"large":["https:\/\/pecpets.com\/wp-content\/uploads\/2025\/09\/a733f475-8446-466a-86cc-f213ebfb85a8-1024x1024.jpg",800,800,true],"1536x1536":["https:\/\/pecpets.com\/wp-content\/uploads\/2025\/09\/a733f475-8446-466a-86cc-f213ebfb85a8.jpg",1280,1280,false],"2048x2048":["https:\/\/pecpets.com\/wp-content\/uploads\/2025\/09\/a733f475-8446-466a-86cc-f213ebfb85a8.jpg",1280,1280,false],"trp-custom-language-flag":["https:\/\/pecpets.com\/wp-content\/uploads\/2025\/09\/a733f475-8446-466a-86cc-f213ebfb85a8-12x12.jpg",12,12,true],"woocommerce_thumbnail":["https:\/\/pecpets.com\/wp-content\/uploads\/2025\/09\/a733f475-8446-466a-86cc-f213ebfb85a8-300x300.jpg",300,300,true],"woocommerce_single":["https:\/\/pecpets.com\/wp-content\/uploads\/2025\/09\/a733f475-8446-466a-86cc-f213ebfb85a8-600x600.jpg",600,600,true],"woocommerce_gallery_thumbnail":["https:\/\/pecpets.com\/wp-content\/uploads\/2025\/09\/a733f475-8446-466a-86cc-f213ebfb85a8-100x100.jpg",100,100,true]},"uagb_author_info":{"display_name":"Lawrence\u00a0\u52b3\u4f26\u65af","author_link":"https:\/\/pecpets.com\/de\/author\/"},"uagb_comment_info":0,"uagb_excerpt":"Dog Couch Bed\u200b The Memory Foam Deluxe Bed gives your dog a whole lot to love. The supportive 4\"-thick memory foam cushion is calibrated specifically for canines\u2014helping to reduce pressure on joints, support muscles, and improve circulation. The plush polyester-filled, double-stacked bolsters help your dog feel secure and comfy, and the velvety-soft cover looks as&hellip;","_links":{"self":[{"href":"https:\/\/pecpets.com\/de\/wp-json\/wp\/v2\/product\/22321","targetHints":{"allow":["GET"]}}],"collection":[{"href":"https:\/\/pecpets.com\/de\/wp-json\/wp\/v2\/product"}],"about":[{"href":"https:\/\/pecpets.com\/de\/wp-json\/wp\/v2\/types\/product"}],"wp:featuredmedia":[{"embeddable":true,"href":"https:\/\/pecpets.com\/de\/wp-json\/wp\/v2\/media\/22325"}],"wp:attachment":[{"href":"https:\/\/pecpets.com\/de\/wp-json\/wp\/v2\/media?parent=22321"}],"wp:term":[{"taxonomy":"product_brand","embeddable":true,"href":"https:\/\/pecpets.com\/de\/wp-json\/wp\/v2\/product_brand?post=22321"},{"taxonomy":"product_cat","embeddable":true,"href":"https:\/\/pecpets.com\/de\/wp-json\/wp\/v2\/product_cat?post=22321"},{"taxonomy":"product_tag","embeddable":true,"href":"https:\/\/pecpets.com\/de\/wp-json\/wp\/v2\/product_tag?post=22321"}],"curies":[{"name":"wp","href":"https:\/\/api.w.org\/{rel}","templated":true}]}}