{"id":22342,"date":"2025-09-26T09:33:48","date_gmt":"2025-09-26T01:33:48","guid":{"rendered":"https:\/\/pecpets.com\/?post_type=product&#038;p=22342"},"modified":"2025-10-07T09:32:21","modified_gmt":"2025-10-07T01:32:21","slug":"human-dog-bed","status":"publish","type":"product","link":"https:\/\/pecpets.com\/de\/product\/human-dog-bed\/","title":{"rendered":"Menschliches Hundebett"},"content":{"rendered":"<h2 data-start=\"193\" data-end=\"275\">Human Dog Bed - Komfort neu definiert von Pet Bed Manufacturer &amp; Luxury Bed Factory<\/h2>\n<p data-start=\"198\" data-end=\"680\">Sie suchen ein einzigartiges Hundebett f\u00fcr Menschen, das Komfort, Design und Funktionalit\u00e4t miteinander verbindet?<\/p>\n<p data-start=\"198\" data-end=\"680\">Als vertrauensw\u00fcrdiger Hersteller von Hundebetten und erfahrene Fabrik f\u00fcr Luxusbetten in China haben wir uns auf die Herstellung von hochwertigen Betten nicht nur f\u00fcr Haustiere, sondern auch f\u00fcr Menschen, die gerne mit ihren Hunden kuscheln, spezialisiert.<\/p>\n<p data-start=\"198\" data-end=\"680\">Unsere Hundebett Unternehmen bietet komplette Hundebett Bulk-und Hundebett Export-L\u00f6sungen, die helfen, globale K\u00e4ufer Zugang zu Premium-Designs direkt aus unserem Hundebett Fabrik.<\/p>\n<p data-start=\"682\" data-end=\"1003\">Mit jahrelanger Erfahrung als zuverl\u00e4ssiger Hundebett-Lieferant, Hundebett-Verk\u00e4ufer und Hundebett-Gro\u00dfh\u00e4ndler unterst\u00fctzen wir Unternehmen weltweit durch kundenspezifische Hundebett-ODM- und Hundebett-OEM-Dienste.<\/p>\n<p data-start=\"682\" data-end=\"1003\">Ganz gleich, ob Sie eine Hundebetten-Eigenmarkenkollektion auf den Markt bringen oder die Produktion ausweiten wollen, unsere Fabrik ist f\u00fcr Sie da.<\/p>\n<p data-start=\"1005\" data-end=\"1329\">Unser Human Dog Bed ist aus strapazierf\u00e4higen Materialien, ergonomischem Design und Memory-Schaumstoff gefertigt, um maximalen Komfort f\u00fcr Haustiere und ihre Besitzer zu gew\u00e4hrleisten.<\/p>\n<p data-start=\"1005\" data-end=\"1329\">Gehen Sie eine Partnerschaft mit einem professionellen Hersteller von Hundebetten ein, um innovative Produkte auf Ihren Markt zu bringen und Ihr Gesch\u00e4ft mit zuverl\u00e4ssigen Exportl\u00f6sungen f\u00fcr Hundebetten auszubauen.<\/p>","protected":false},"excerpt":{"rendered":"<h3>Menschliches Hundebett<\/h3>\n<p>Vom friedlichen n\u00e4chtlichen Schlummer bis zum ruhigen Mittagsschlaf - dieses Set bringt Ihnen und Ihrem Haustier W\u00e4rme und tiefen Schlaf.<\/p>\n<p><b>Was enthalten ist:<\/b><\/p>\n<p><strong>Luxuri\u00f6ses Super Large Sleep Deeper Human Dog Bed<\/strong><\/p>\n<p>Extra gro\u00df | 360-Grad-Rundumschlag | \u00dcberall beweglich | Wasserdicht und waschmaschinenfest<\/p>\n<p><strong>Superweiches Kunstfell &amp; Samt Luxus Haustier Decke<\/strong><\/p>\n<p>100% Premium-Qualit\u00e4tspl\u00fcsch | Doppelt so warm | Vielseitig | Waschbar<\/p>\n<p><strong>Hauptmaterial:<\/strong><br \/>\nLanges Fell, Kunstpelz, Korallenfleece, Polyester, Schaumstoff<\/p>\n<table width=\"288\">\n<tbody>\n<tr>\n<td width=\"137\"><span style=\"color: #333333;\">Produktname<\/span><\/td>\n<td width=\"151\"><span style=\"color: #333333;\">Haustierbett<\/span><\/td>\n<\/tr>\n<tr>\n<td><span style=\"color: #333333;\">Artikel Nr.<\/span><\/td>\n<td><span style=\"color: #333333;\">P-C3009<\/span><\/td>\n<\/tr>\n<tr>\n<td><span style=\"color: #333333;\">Material<\/span><\/td>\n<td>Baumwolle, Polyester, Vlies<\/td>\n<\/tr>\n<tr>\n<td><span style=\"color: #333333;\">\u00a0Gr\u00f6\u00dfe und Farbe<\/span><\/td>\n<td><span style=\"color: #333333;\">Kundenspezifisch<\/span><\/td>\n<\/tr>\n<tr>\n<td><span style=\"color: #333333;\">\u00a0Lieferfrist<\/span><\/td>\n<td><span style=\"color: #333333;\">1 - 5 Tage f\u00fcr kleine Mengen auf dem Luftweg und 30 - 35 Tage f\u00fcr gro\u00dfe Mengen auf dem Seeweg<\/span><\/td>\n<\/tr>\n<\/tbody>\n<\/table>","protected":false},"featured_media":22348,"template":"","meta":{"_seopress_robots_primary_cat":"none","_seopress_titles_title":"Human Dog Bed | China Pet Bed Manufacturer","_seopress_titles_desc":"Looking for Human Dog Bed? we design premium knitwear for pets worldwide. Bulk orders, OEM services. Request free cozy samples today!","_seopress_robots_index":"","_seopress_analysis_target_kw":"Human Dog Bed","_uag_custom_page_level_css":""},"product_brand":[],"product_cat":[347,22],"product_tag":[],"class_list":{"0":"post-22342","1":"product","2":"type-product","3":"status-publish","4":"has-post-thumbnail","6":"product_cat-eco-friendly-dog-beds-pet-bed","7":"product_cat-pet-bed","9":"first","10":"instock","11":"shipping-taxable","12":"product-type-simple"},"uagb_featured_image_src":{"full":["https:\/\/pecpets.com\/wp-content\/uploads\/2025\/09\/FunnyFuzzy_SuperLargeLuxurySleepDeeperHumanDogBedC2_5bc57221-9b63-42e0-bc67-b6a4b8847dd7.jpg",1000,1000,false],"thumbnail":["https:\/\/pecpets.com\/wp-content\/uploads\/2025\/09\/FunnyFuzzy_SuperLargeLuxurySleepDeeperHumanDogBedC2_5bc57221-9b63-42e0-bc67-b6a4b8847dd7-150x150.jpg",150,150,true],"medium":["https:\/\/pecpets.com\/wp-content\/uploads\/2025\/09\/FunnyFuzzy_SuperLargeLuxurySleepDeeperHumanDogBedC2_5bc57221-9b63-42e0-bc67-b6a4b8847dd7-300x300.jpg",300,300,true],"medium_large":["https:\/\/pecpets.com\/wp-content\/uploads\/2025\/09\/FunnyFuzzy_SuperLargeLuxurySleepDeeperHumanDogBedC2_5bc57221-9b63-42e0-bc67-b6a4b8847dd7-768x768.jpg",768,768,true],"large":["https:\/\/pecpets.com\/wp-content\/uploads\/2025\/09\/FunnyFuzzy_SuperLargeLuxurySleepDeeperHumanDogBedC2_5bc57221-9b63-42e0-bc67-b6a4b8847dd7.jpg",800,800,false],"1536x1536":["https:\/\/pecpets.com\/wp-content\/uploads\/2025\/09\/FunnyFuzzy_SuperLargeLuxurySleepDeeperHumanDogBedC2_5bc57221-9b63-42e0-bc67-b6a4b8847dd7.jpg",1000,1000,false],"2048x2048":["https:\/\/pecpets.com\/wp-content\/uploads\/2025\/09\/FunnyFuzzy_SuperLargeLuxurySleepDeeperHumanDogBedC2_5bc57221-9b63-42e0-bc67-b6a4b8847dd7.jpg",1000,1000,false],"trp-custom-language-flag":["https:\/\/pecpets.com\/wp-content\/uploads\/2025\/09\/FunnyFuzzy_SuperLargeLuxurySleepDeeperHumanDogBedC2_5bc57221-9b63-42e0-bc67-b6a4b8847dd7-12x12.jpg",12,12,true],"woocommerce_thumbnail":["https:\/\/pecpets.com\/wp-content\/uploads\/2025\/09\/FunnyFuzzy_SuperLargeLuxurySleepDeeperHumanDogBedC2_5bc57221-9b63-42e0-bc67-b6a4b8847dd7-300x300.jpg",300,300,true],"woocommerce_single":["https:\/\/pecpets.com\/wp-content\/uploads\/2025\/09\/FunnyFuzzy_SuperLargeLuxurySleepDeeperHumanDogBedC2_5bc57221-9b63-42e0-bc67-b6a4b8847dd7-600x600.jpg",600,600,true],"woocommerce_gallery_thumbnail":["https:\/\/pecpets.com\/wp-content\/uploads\/2025\/09\/FunnyFuzzy_SuperLargeLuxurySleepDeeperHumanDogBedC2_5bc57221-9b63-42e0-bc67-b6a4b8847dd7-100x100.jpg",100,100,true]},"uagb_author_info":{"display_name":"Lawrence\u00a0\u52b3\u4f26\u65af","author_link":"https:\/\/pecpets.com\/de\/author\/"},"uagb_comment_info":0,"uagb_excerpt":"Human Dog Bed From peaceful nighttime slumbers to quiet afternoon naps, this set will bring warmth and deep sleep to you and your pet. What's included: Luxury Super Large Sleep Deeper Human Dog Bed Extra Large |\u00a0360-degree wrap-around |\u00a0Moveable anywhere |\u00a0Waterproof &amp; Machine Washable Super Soft Faux Fur &amp; Velvet Luxury Pet Throw Blanket 100%&hellip;","_links":{"self":[{"href":"https:\/\/pecpets.com\/de\/wp-json\/wp\/v2\/product\/22342","targetHints":{"allow":["GET"]}}],"collection":[{"href":"https:\/\/pecpets.com\/de\/wp-json\/wp\/v2\/product"}],"about":[{"href":"https:\/\/pecpets.com\/de\/wp-json\/wp\/v2\/types\/product"}],"wp:featuredmedia":[{"embeddable":true,"href":"https:\/\/pecpets.com\/de\/wp-json\/wp\/v2\/media\/22348"}],"wp:attachment":[{"href":"https:\/\/pecpets.com\/de\/wp-json\/wp\/v2\/media?parent=22342"}],"wp:term":[{"taxonomy":"product_brand","embeddable":true,"href":"https:\/\/pecpets.com\/de\/wp-json\/wp\/v2\/product_brand?post=22342"},{"taxonomy":"product_cat","embeddable":true,"href":"https:\/\/pecpets.com\/de\/wp-json\/wp\/v2\/product_cat?post=22342"},{"taxonomy":"product_tag","embeddable":true,"href":"https:\/\/pecpets.com\/de\/wp-json\/wp\/v2\/product_tag?post=22342"}],"curies":[{"name":"wp","href":"https:\/\/api.w.org\/{rel}","templated":true}]}}