{"id":22422,"date":"2025-09-29T09:32:56","date_gmt":"2025-09-29T01:32:56","guid":{"rendered":"https:\/\/pecpets.com\/?post_type=product&#038;p=22422"},"modified":"2025-10-07T09:33:04","modified_gmt":"2025-10-07T01:33:04","slug":"elevated-dog-bed","status":"publish","type":"product","link":"https:\/\/pecpets.com\/de\/product\/elevated-dog-bed\/","title":{"rendered":"Erh\u00f6htes Hundebett"},"content":{"rendered":"<h2 data-start=\"107\" data-end=\"201\">Erh\u00f6htes Hundebett - Langlebiges Design von Pet Bed Manufacturer &amp; Luxury Bed Factory<\/h2>\n<p data-start=\"199\" data-end=\"513\">Entdecken Sie den Komfort und die Langlebigkeit unseres erh\u00f6hten Hundebettes, das f\u00fcr Haustiere entwickelt wurde, die eine bessere Luftzirkulation, eine Entlastung der Gelenke und eine Allwettertauglichkeit ben\u00f6tigen.<\/p>\n<p data-start=\"199\" data-end=\"513\">Als vertrauensw\u00fcrdiger Hersteller von Hundebetten und professioneller Hersteller von Luxusbetten in China, kreieren wir funktionelle Designs, die St\u00e4rke mit Stil verbinden.<\/p>\n<p data-start=\"515\" data-end=\"816\">Unser Unternehmen ist spezialisiert auf die Herstellung von hochwertigen Hundebetten f\u00fcr Gro\u00dfbestellungen und den weltweiten Export von Hundebetten, um eine gleichbleibende Qualit\u00e4t und p\u00fcnktliche Lieferung zu gew\u00e4hrleisten.<\/p>\n<p data-start=\"515\" data-end=\"816\">Jedes Produkt wird in unserer hochmodernen Hundebettfabrik hergestellt und verf\u00fcgt \u00fcber eine erh\u00f6hte Auflage, die Hunde k\u00fchl, trocken und komfortabel h\u00e4lt.<\/p>\n<p data-start=\"818\" data-end=\"1115\">Wir bieten umfassende Anpassungsm\u00f6glichkeiten mit Hundebett ODM- und Hundebett OEM-Services und unterst\u00fctzen Marken bei der Einf\u00fchrung einzigartiger Hundebett-Eigenmarkenkollektionen.<\/p>\n<p data-start=\"818\" data-end=\"1115\">Egal, ob Sie ein Hundebett-Lieferant, ein Hundebett-Verk\u00e4ufer oder ein Hundebett-Gro\u00dfh\u00e4ndler sind, wir bieten Ihnen skalierbare L\u00f6sungen, die den unterschiedlichen Marktanforderungen gerecht werden.<\/p>\n<p data-start=\"1117\" data-end=\"1358\">Gehen Sie eine Partnerschaft mit einem zuverl\u00e4ssigen Hersteller von Hundebetten ein, um Ihr Gesch\u00e4ft auszubauen. Von der Lieferung von Hundebetten in gro\u00dfen Mengen bis hin zu ma\u00dfgeschneiderten OEM\/ODM-Dienstleistungen bietet unser Sortiment an erh\u00f6hten Hundebetten erstklassigen Komfort f\u00fcr Haustiere und profitable M\u00f6glichkeiten f\u00fcr Ihre Marke.<\/p>","protected":false},"excerpt":{"rendered":"<h3>Erh\u00f6htes Hundebett<\/h3>\n<ul>\n<li>\n<p data-start=\"62\" data-end=\"84\"><strong data-start=\"62\" data-end=\"82\">Erh\u00f6hter Komfort<\/strong><\/p>\n<ul data-start=\"85\" data-end=\"236\">\n<li data-start=\"85\" data-end=\"140\">\n<p data-start=\"87\" data-end=\"140\">100% Polyestergewebe, weicher als Mesh oder Plastik.<\/p>\n<\/li>\n<li data-start=\"141\" data-end=\"200\">\n<p data-start=\"143\" data-end=\"200\">7\u2033 H\u00f6he mit atmungsaktivem Stoff f\u00fcr Luftzirkulation im Sommer.<\/p>\n<\/li>\n<li data-start=\"201\" data-end=\"236\">\n<p data-start=\"203\" data-end=\"236\">H\u00e4lt die W\u00e4rme f\u00fcr k\u00fchlere Tage.<\/p>\n<\/li>\n<\/ul>\n<p data-start=\"238\" data-end=\"256\"><strong data-start=\"238\" data-end=\"254\">Intelligentes Design<\/strong><\/p>\n<ul data-start=\"257\" data-end=\"387\">\n<li data-start=\"257\" data-end=\"305\">\n<p data-start=\"259\" data-end=\"305\">Stabiler, breiter Stand mit st\u00fctzenden Nackenrollen.<\/p>\n<\/li>\n<li data-start=\"306\" data-end=\"356\">\n<p data-start=\"308\" data-end=\"356\">Wasser- und rei\u00dffestes Gewebe, rutschfeste F\u00fc\u00dfe.<\/p>\n<\/li>\n<li data-start=\"357\" data-end=\"387\">\n<p data-start=\"359\" data-end=\"387\">Inklusive Schutzh\u00fclle.<\/p>\n<\/li>\n<\/ul>\n<\/li>\n<\/ul>\n<h3 data-start=\"653\" data-end=\"664\">Gr\u00f6\u00dfen<\/h3>\n<ul data-start=\"665\" data-end=\"721\">\n<li data-start=\"665\" data-end=\"694\">\n<p data-start=\"667\" data-end=\"694\"><strong data-start=\"667\" data-end=\"677\">Gro\u00df:<\/strong> 39\u2033 x 42\u2033 x 7\u2033<\/p>\n<\/li>\n<li data-start=\"695\" data-end=\"721\">\n<p data-start=\"697\" data-end=\"721\"><strong data-start=\"697\" data-end=\"704\">XL:<\/strong> 47\u2033 x 43\u2033 x 7\u2033<\/p>\n<\/li>\n<\/ul>\n<table width=\"288\">\n<tbody>\n<tr>\n<td width=\"137\"><span style=\"color: #333333;\">Produktname<\/span><\/td>\n<td width=\"151\"><span style=\"color: #333333;\">Haustierbett<\/span><\/td>\n<\/tr>\n<tr>\n<td><span style=\"color: #333333;\">Artikel Nr.<\/span><\/td>\n<td><span style=\"color: #333333;\">P-C3013<\/span><\/td>\n<\/tr>\n<tr>\n<td><span style=\"color: #333333;\">Material<\/span><\/td>\n<td>Baumwolle, Polyester, Vlies<\/td>\n<\/tr>\n<tr>\n<td><span style=\"color: #333333;\">\u00a0Gr\u00f6\u00dfe und Farbe<\/span><\/td>\n<td><span style=\"color: #333333;\">Kundenspezifisch<\/span><\/td>\n<\/tr>\n<tr>\n<td><span style=\"color: #333333;\">\u00a0Lieferfrist<\/span><\/td>\n<td><span style=\"color: #333333;\">1 - 5 Tage f\u00fcr kleine Mengen auf dem Luftweg und 30 - 35 Tage f\u00fcr gro\u00dfe Mengen auf dem Seeweg<\/span><\/td>\n<\/tr>\n<\/tbody>\n<\/table>","protected":false},"featured_media":22425,"template":"","meta":{"_seopress_robots_primary_cat":"none","_seopress_titles_title":"Elevated Dog Bed | China Pet Bed Manufacturer","_seopress_titles_desc":"Looking for Elevated Dog Bed? we design premium knitwear for pets worldwide. Bulk orders, OEM services. Request free cozy samples today!","_seopress_robots_index":"","_seopress_analysis_target_kw":"Elevated Dog Bed","_uag_custom_page_level_css":""},"product_brand":[],"product_cat":[348,22],"product_tag":[],"class_list":{"0":"post-22422","1":"product","2":"type-product","3":"status-publish","4":"has-post-thumbnail","6":"product_cat-chew-resistant-dog-beds","7":"product_cat-pet-bed","9":"first","10":"instock","11":"shipping-taxable","12":"product-type-simple"},"uagb_featured_image_src":{"full":["https:\/\/pecpets.com\/wp-content\/uploads\/2025\/09\/268309__69309.jpg",1280,1280,false],"thumbnail":["https:\/\/pecpets.com\/wp-content\/uploads\/2025\/09\/268309__69309-150x150.jpg",150,150,true],"medium":["https:\/\/pecpets.com\/wp-content\/uploads\/2025\/09\/268309__69309-300x300.jpg",300,300,true],"medium_large":["https:\/\/pecpets.com\/wp-content\/uploads\/2025\/09\/268309__69309-768x768.jpg",768,768,true],"large":["https:\/\/pecpets.com\/wp-content\/uploads\/2025\/09\/268309__69309-1024x1024.jpg",800,800,true],"1536x1536":["https:\/\/pecpets.com\/wp-content\/uploads\/2025\/09\/268309__69309.jpg",1280,1280,false],"2048x2048":["https:\/\/pecpets.com\/wp-content\/uploads\/2025\/09\/268309__69309.jpg",1280,1280,false],"trp-custom-language-flag":["https:\/\/pecpets.com\/wp-content\/uploads\/2025\/09\/268309__69309-12x12.jpg",12,12,true],"woocommerce_thumbnail":["https:\/\/pecpets.com\/wp-content\/uploads\/2025\/09\/268309__69309-300x300.jpg",300,300,true],"woocommerce_single":["https:\/\/pecpets.com\/wp-content\/uploads\/2025\/09\/268309__69309-600x600.jpg",600,600,true],"woocommerce_gallery_thumbnail":["https:\/\/pecpets.com\/wp-content\/uploads\/2025\/09\/268309__69309-100x100.jpg",100,100,true]},"uagb_author_info":{"display_name":"Lawrence\u00a0\u52b3\u4f26\u65af","author_link":"https:\/\/pecpets.com\/de\/author\/"},"uagb_comment_info":0,"uagb_excerpt":"Elevated Dog Bed Elevated Comfort 100% polyester fabric, softer than mesh or plastic. 7\" height with breathable fabric for airflow in summer. Retains warmth for cooler days. Smart Design Stable wide stance with supportive bolsters. Water- &amp; tear-resistant fabric, non-skid feet. Protective cover included. Sizes Large: 39\" x 42\" x 7\" XL: 47\" x 43\"&hellip;","_links":{"self":[{"href":"https:\/\/pecpets.com\/de\/wp-json\/wp\/v2\/product\/22422","targetHints":{"allow":["GET"]}}],"collection":[{"href":"https:\/\/pecpets.com\/de\/wp-json\/wp\/v2\/product"}],"about":[{"href":"https:\/\/pecpets.com\/de\/wp-json\/wp\/v2\/types\/product"}],"wp:featuredmedia":[{"embeddable":true,"href":"https:\/\/pecpets.com\/de\/wp-json\/wp\/v2\/media\/22425"}],"wp:attachment":[{"href":"https:\/\/pecpets.com\/de\/wp-json\/wp\/v2\/media?parent=22422"}],"wp:term":[{"taxonomy":"product_brand","embeddable":true,"href":"https:\/\/pecpets.com\/de\/wp-json\/wp\/v2\/product_brand?post=22422"},{"taxonomy":"product_cat","embeddable":true,"href":"https:\/\/pecpets.com\/de\/wp-json\/wp\/v2\/product_cat?post=22422"},{"taxonomy":"product_tag","embeddable":true,"href":"https:\/\/pecpets.com\/de\/wp-json\/wp\/v2\/product_tag?post=22422"}],"curies":[{"name":"wp","href":"https:\/\/api.w.org\/{rel}","templated":true}]}}