{"id":22427,"date":"2025-09-29T09:55:58","date_gmt":"2025-09-29T01:55:58","guid":{"rendered":"https:\/\/pecpets.com\/?post_type=product&#038;p=22427"},"modified":"2025-10-07T09:33:11","modified_gmt":"2025-10-07T01:33:11","slug":"large-elevated-dog-bed","status":"publish","type":"product","link":"https:\/\/pecpets.com\/de\/product\/large-elevated-dog-bed\/","title":{"rendered":"Gro\u00dfes erh\u00f6htes Hundebett"},"content":{"rendered":"<h2 data-start=\"107\" data-end=\"201\">Gro\u00dfes erh\u00f6htes Hundebett | Haustierbett Hersteller &amp; Luxusbett Fabrik f\u00fcr Gro\u00dfhandel ODM\/OEM Versorgung<\/h2>\n<p data-start=\"206\" data-end=\"481\">Suchen Sie nach einem vertrauensw\u00fcrdigen Hersteller von Hundebetten, um ein dauerhaftes gro\u00dfes erh\u00f6htes Hundebett zu finden? Als professioneller Hersteller von Hundebetten und zuverl\u00e4ssiger Hersteller von Luxusbetten in Hundebett China, entwerfen und produzieren wir hochwertige erh\u00f6hte Hundebetten f\u00fcr Gro\u00dfh\u00e4ndler weltweit.<\/p>\n<p data-start=\"483\" data-end=\"803\">Unsere Fabrik f\u00fcr Hundebetten ist auf die Massenproduktion spezialisiert und bietet individuelle Gr\u00f6\u00dfen, atmungsaktive Stoffe und robuste Stahlrahmen, um Komfort und Haltbarkeit zu gew\u00e4hrleisten. Ob Sie Hundebett ODM\/OEM Dienstleistungen, Hundebett Private Label Branding, oder schnelle Hundebett Exportl\u00f6sungen ben\u00f6tigen, hat unser Hundebett Unternehmen Sie abgedeckt.<\/p>\n<p data-start=\"805\" data-end=\"1066\">\u2705 Hundebett in gro\u00dfen Mengen mit wettbewerbsf\u00e4higen Fabrikpreisen<br data-start=\"863\" data-end=\"866\" \/>\u2705 Vollst\u00e4ndige Anpassungsm\u00f6glichkeiten f\u00fcr Hundebett OEM\/ODM-Projekte<br data-start=\"927\" data-end=\"930\" \/>\u2705 Starke Partnerschaften mit globalen Hundebett-Gro\u00dfh\u00e4ndlern, Verk\u00e4ufern und Lieferanten<br data-start=\"1011\" data-end=\"1014\" \/>25 Tage Produktionsvorlaufzeit f\u00fcr Gro\u00dfhandelsauftr\u00e4ge<\/p>\n<p data-start=\"1068\" data-end=\"1330\">Arbeiten Sie mit einem f\u00fchrenden Hersteller von Hundebetten zusammen, der fortschrittliche Produktion mit flexiblen L\u00f6sungen kombiniert. Von der Unterst\u00fctzung von Hundebetten-Lieferanten bis hin zum nahtlosen globalen Export von Hundebetten sind wir Ihr vertrauensw\u00fcrdiger Lieferant f\u00fcr hochwertige Hundebetten.<\/p>","protected":false},"excerpt":{"rendered":"<h3>Gro\u00dfes erh\u00f6htes Hundebett<\/h3>\n<ul class=\"a-unordered-list a-vertical a-spacing-mini\">\n<li class=\"a-spacing-mini\"><span class=\"a-list-item\">\u3010STARKES &amp; LANGLEBIGES K\u00dcHLENDES HUNDEBETT\u3011: Das Hundebett ist aus starkem und haltbarem Heavy-Duty Teslin-Netz gefertigt, um Kratzen und Kauen zu verhindern. Es bietet gute Unterst\u00fctzung f\u00fcr Ihr Haustier und teilt die Gewichtsverteilung Ihres Hundes, um Gelenk- und Muskelschmerzen zu reduzieren. Erh\u00f6hte Hundebetten haben eine starke Stabilit\u00e4t und hohe Belastbarkeit. Der festigkeitsgepr\u00fcfte Leichtmetallrahmen tr\u00e4gt Hunde bis zu 75 lbs. Ein gut gebautes Rahmenhundebett ist die beste Wahl f\u00fcr Ihren energiegeladenen Hund zum Kratzen und Spielen!<\/span><\/li>\n<li class=\"a-spacing-mini\"><span class=\"a-list-item\">\u3010U-SHAPED PILLOW ELEVATED DOG BED\u3011Dieses U-f\u00f6rmige Outdoor-Hundebett U-f\u00f6rmige Kissen ist fest um das Hundebett durch dauerhafte Kn\u00f6pfe befestigt. Das U-f\u00f6rmige Hundebett hilft Ihrem Hund, sich wie in einer nat\u00fcrlichen Umgebung zu rollen, und der erh\u00f6hte Rand bietet Kopf- und Nackenst\u00fctze. outdoor Hundebett Kissen mit waschbar abnehmbar.<\/span><\/li>\n<\/ul>\n<table width=\"288\">\n<tbody>\n<tr>\n<td width=\"137\"><span style=\"color: #333333;\">Produktname<\/span><\/td>\n<td width=\"151\"><span style=\"color: #333333;\">Haustierbett<\/span><\/td>\n<\/tr>\n<tr>\n<td><span style=\"color: #333333;\">Artikel Nr.<\/span><\/td>\n<td><span style=\"color: #333333;\">P-C3014<\/span><\/td>\n<\/tr>\n<tr>\n<td><span style=\"color: #333333;\">Material<\/span><\/td>\n<td>Baumwolle, Polyester, Vlies<\/td>\n<\/tr>\n<tr>\n<td><span style=\"color: #333333;\">\u00a0Gr\u00f6\u00dfe und Farbe<\/span><\/td>\n<td><span style=\"color: #333333;\">Kundenspezifisch<\/span><\/td>\n<\/tr>\n<tr>\n<td><span style=\"color: #333333;\">\u00a0Lieferfrist<\/span><\/td>\n<td><span style=\"color: #333333;\">1 - 5 Tage f\u00fcr kleine Mengen auf dem Luftweg und 30 - 35 Tage f\u00fcr gro\u00dfe Mengen auf dem Seeweg<\/span><\/td>\n<\/tr>\n<\/tbody>\n<\/table>","protected":false},"featured_media":22435,"template":"","meta":{"_seopress_robots_primary_cat":"none","_seopress_titles_title":"Large Elevated Dog Bed | China Pet Bed Manufacturer","_seopress_titles_desc":"Looking for Large Elevated Dog Bed? we design premium knitwear for pets worldwide. Bulk orders, OEM services. Request free cozy samples today!","_seopress_robots_index":"","_uag_custom_page_level_css":""},"product_brand":[],"product_cat":[348,22],"product_tag":[],"class_list":{"0":"post-22427","1":"product","2":"type-product","3":"status-publish","4":"has-post-thumbnail","6":"product_cat-chew-resistant-dog-beds","7":"product_cat-pet-bed","9":"first","10":"instock","11":"shipping-taxable","12":"product-type-simple"},"uagb_featured_image_src":{"full":["https:\/\/pecpets.com\/wp-content\/uploads\/2025\/09\/71PkQEestML.jpg",1600,1600,false],"thumbnail":["https:\/\/pecpets.com\/wp-content\/uploads\/2025\/09\/71PkQEestML-150x150.jpg",150,150,true],"medium":["https:\/\/pecpets.com\/wp-content\/uploads\/2025\/09\/71PkQEestML-300x300.jpg",300,300,true],"medium_large":["https:\/\/pecpets.com\/wp-content\/uploads\/2025\/09\/71PkQEestML-768x768.jpg",768,768,true],"large":["https:\/\/pecpets.com\/wp-content\/uploads\/2025\/09\/71PkQEestML-1024x1024.jpg",800,800,true],"1536x1536":["https:\/\/pecpets.com\/wp-content\/uploads\/2025\/09\/71PkQEestML-1536x1536.jpg",1536,1536,true],"2048x2048":["https:\/\/pecpets.com\/wp-content\/uploads\/2025\/09\/71PkQEestML.jpg",1600,1600,false],"trp-custom-language-flag":["https:\/\/pecpets.com\/wp-content\/uploads\/2025\/09\/71PkQEestML-12x12.jpg",12,12,true],"woocommerce_thumbnail":["https:\/\/pecpets.com\/wp-content\/uploads\/2025\/09\/71PkQEestML-300x300.jpg",300,300,true],"woocommerce_single":["https:\/\/pecpets.com\/wp-content\/uploads\/2025\/09\/71PkQEestML-600x600.jpg",600,600,true],"woocommerce_gallery_thumbnail":["https:\/\/pecpets.com\/wp-content\/uploads\/2025\/09\/71PkQEestML-100x100.jpg",100,100,true]},"uagb_author_info":{"display_name":"Lawrence\u00a0\u52b3\u4f26\u65af","author_link":"https:\/\/pecpets.com\/de\/author\/"},"uagb_comment_info":0,"uagb_excerpt":"Large Elevated Dog Bed \u3010STRONG &amp; DURABLE COOLING DOG BED\u3011: The dog bed is made of strong and durable Heavy-duty Teslin mesh to prevent scratching and chewing. It provides good support for your pet and shares the weight distribution of your dog to reduce joint and muscle pain. Elevated dog beds have strong stability and&hellip;","_links":{"self":[{"href":"https:\/\/pecpets.com\/de\/wp-json\/wp\/v2\/product\/22427","targetHints":{"allow":["GET"]}}],"collection":[{"href":"https:\/\/pecpets.com\/de\/wp-json\/wp\/v2\/product"}],"about":[{"href":"https:\/\/pecpets.com\/de\/wp-json\/wp\/v2\/types\/product"}],"wp:featuredmedia":[{"embeddable":true,"href":"https:\/\/pecpets.com\/de\/wp-json\/wp\/v2\/media\/22435"}],"wp:attachment":[{"href":"https:\/\/pecpets.com\/de\/wp-json\/wp\/v2\/media?parent=22427"}],"wp:term":[{"taxonomy":"product_brand","embeddable":true,"href":"https:\/\/pecpets.com\/de\/wp-json\/wp\/v2\/product_brand?post=22427"},{"taxonomy":"product_cat","embeddable":true,"href":"https:\/\/pecpets.com\/de\/wp-json\/wp\/v2\/product_cat?post=22427"},{"taxonomy":"product_tag","embeddable":true,"href":"https:\/\/pecpets.com\/de\/wp-json\/wp\/v2\/product_tag?post=22427"}],"curies":[{"name":"wp","href":"https:\/\/api.w.org\/{rel}","templated":true}]}}