{"id":22596,"date":"2025-10-08T09:34:37","date_gmt":"2025-10-08T01:34:37","guid":{"rendered":"https:\/\/pecpets.com\/?post_type=product&#038;p=22596"},"modified":"2025-10-08T10:47:31","modified_gmt":"2025-10-08T02:47:31","slug":"dog-beds-for-large","status":"publish","type":"product","link":"https:\/\/pecpets.com\/de\/product\/dog-beds-for-large\/","title":{"rendered":"Hundebetten f\u00fcr gro\u00dfe Hunde"},"content":{"rendered":"<h2 data-start=\"91\" data-end=\"196\">Premium Dog Beds for Large Breeds | Pet Bed Manufacturer &amp; Luxury Bed Factory in China<\/h2>\n<p data-start=\"216\" data-end=\"496\">Looking for high-quality Dog Beds for Large pets?<\/p>\n<p data-start=\"216\" data-end=\"496\">As a trusted Pet Bed Manufacturer and Luxury Bed Factory in China, we specialize in\u00a0<span style=\"box-sizing: border-box; margin: 0px; padding: 0px;\">bulk production of dog beds, offering<\/span>\u00a0OEM, ODM, and private label services.<\/p>\n<p data-start=\"216\" data-end=\"496\">Our Dog Bed factory ensures durable, cozy, and stylish beds designed for comfort and longevity.<\/p>\n<p data-start=\"216\" data-end=\"496\">Whether you\u2019re a Dog Bed supplier, wholesaler, vendor, or international Dog Bed company, we support global Dog Bed export orders.<\/p>\n<p data-start=\"216\" data-end=\"496\">Partner with a leading Dog Bed manufacturer and Dog Bed China expert to grow your pet product line with confidence.<\/p>","protected":false},"excerpt":{"rendered":"<h3>Hundebetten f\u00fcr gro\u00dfe Hunde<\/h3>\n<ul>\n<li>Hoch gesteppter Velours-Stoff in Polsterqualit\u00e4t, der das gesamte Bett bedeckt. Das Steppen des Stoffes hat den zus\u00e4tzlichen Vorteil, dass er durch die zweite Stofflage auf der R\u00fcckseite verst\u00e4rkt wird.<\/li>\n<li>Dick gepolstertes Nackenkissen<\/li>\n<li>Vollst\u00e4ndig in der Maschine waschbares Au\u00dfenmaterial f\u00fcr maximalen Komfort<\/li>\n<li>Perfekt f\u00fcr Hunde, die kuscheln, Decken klauen, sich ins Bett schleichen und das Sofa kapern.<\/li>\n<li>Neues und verbessertes Design. Die Haube hat ein abnehmbares Schaumstoffteil, das eine geh\u00e4rtete Au\u00dfenschale bildet<\/li>\n<\/ul>\n<table width=\"288\">\n<tbody>\n<tr>\n<td width=\"137\"><span style=\"color: #333333;\">Produktname<\/span><\/td>\n<td width=\"151\"><span style=\"color: #333333;\">Haustierbett<\/span><\/td>\n<\/tr>\n<tr>\n<td><span style=\"color: #333333;\">Artikel Nr.<\/span><\/td>\n<td><span style=\"color: #333333;\">P-C3020<\/span><\/td>\n<\/tr>\n<tr>\n<td><span style=\"color: #333333;\">Material<\/span><\/td>\n<td>Baumwolle, Polyester, Vlies<\/td>\n<\/tr>\n<tr>\n<td><span style=\"color: #333333;\">\u00a0Gr\u00f6\u00dfe und Farbe<\/span><\/td>\n<td><span style=\"color: #333333;\">Kann individuell angepasst werden<\/span><\/td>\n<\/tr>\n<tr>\n<td><span style=\"color: #333333;\">\u00a0Lieferfrist<\/span><\/td>\n<td><span style=\"color: #333333;\">1 - 5 Tage f\u00fcr kleine Mengen auf dem Luftweg und 30 - 35 Tage f\u00fcr gro\u00dfe Mengen auf dem Seeweg<\/span><\/td>\n<\/tr>\n<\/tbody>\n<\/table>","protected":false},"featured_media":22621,"template":"","meta":{"_seopress_robots_primary_cat":"none","_seopress_titles_title":"Dog Beds for Large | China Pet Bed Manufacturer","_seopress_titles_desc":"Looking for Dog Beds for Large? we design premium knitwear for pets worldwide. Bulk orders, OEM services. Request free cozy samples today!","_seopress_robots_index":"","_uag_custom_page_level_css":""},"product_brand":[],"product_cat":[349,22],"product_tag":[],"class_list":{"0":"post-22596","1":"product","2":"type-product","3":"status-publish","4":"has-post-thumbnail","6":"product_cat-memory-foam-dog-beds","7":"product_cat-pet-bed","9":"first","10":"instock","11":"shipping-taxable","12":"product-type-simple"},"uagb_featured_image_src":{"full":["https:\/\/pecpets.com\/wp-content\/uploads\/2025\/10\/69187c7a-7ab4-43ff-8ea9-6d000e2cb5d7.jpg",700,700,false],"thumbnail":["https:\/\/pecpets.com\/wp-content\/uploads\/2025\/10\/69187c7a-7ab4-43ff-8ea9-6d000e2cb5d7-150x150.jpg",150,150,true],"medium":["https:\/\/pecpets.com\/wp-content\/uploads\/2025\/10\/69187c7a-7ab4-43ff-8ea9-6d000e2cb5d7-300x300.jpg",300,300,true],"medium_large":["https:\/\/pecpets.com\/wp-content\/uploads\/2025\/10\/69187c7a-7ab4-43ff-8ea9-6d000e2cb5d7.jpg",700,700,false],"large":["https:\/\/pecpets.com\/wp-content\/uploads\/2025\/10\/69187c7a-7ab4-43ff-8ea9-6d000e2cb5d7.jpg",700,700,false],"1536x1536":["https:\/\/pecpets.com\/wp-content\/uploads\/2025\/10\/69187c7a-7ab4-43ff-8ea9-6d000e2cb5d7.jpg",700,700,false],"2048x2048":["https:\/\/pecpets.com\/wp-content\/uploads\/2025\/10\/69187c7a-7ab4-43ff-8ea9-6d000e2cb5d7.jpg",700,700,false],"trp-custom-language-flag":["https:\/\/pecpets.com\/wp-content\/uploads\/2025\/10\/69187c7a-7ab4-43ff-8ea9-6d000e2cb5d7-12x12.jpg",12,12,true],"woocommerce_thumbnail":["https:\/\/pecpets.com\/wp-content\/uploads\/2025\/10\/69187c7a-7ab4-43ff-8ea9-6d000e2cb5d7-300x300.jpg",300,300,true],"woocommerce_single":["https:\/\/pecpets.com\/wp-content\/uploads\/2025\/10\/69187c7a-7ab4-43ff-8ea9-6d000e2cb5d7-600x600.jpg",600,600,true],"woocommerce_gallery_thumbnail":["https:\/\/pecpets.com\/wp-content\/uploads\/2025\/10\/69187c7a-7ab4-43ff-8ea9-6d000e2cb5d7-100x100.jpg",100,100,true]},"uagb_author_info":{"display_name":"Lawrence\u00a0\u52b3\u4f26\u65af","author_link":"https:\/\/pecpets.com\/de\/author\/"},"uagb_comment_info":0,"uagb_excerpt":"Dog Beds for Large High quilted Velour, upholstery-grade fabric covering the whole bed. Quilting the fabric has the added benefit of strengthening it due to the 2nd layer of fabric on the reverse Thick padded bolster pillow Fully machine-washable outer for maximum convenience Perfect for those dogs who snuggle, pinch blankets, sneak into bed, and&hellip;","_links":{"self":[{"href":"https:\/\/pecpets.com\/de\/wp-json\/wp\/v2\/product\/22596","targetHints":{"allow":["GET"]}}],"collection":[{"href":"https:\/\/pecpets.com\/de\/wp-json\/wp\/v2\/product"}],"about":[{"href":"https:\/\/pecpets.com\/de\/wp-json\/wp\/v2\/types\/product"}],"wp:featuredmedia":[{"embeddable":true,"href":"https:\/\/pecpets.com\/de\/wp-json\/wp\/v2\/media\/22621"}],"wp:attachment":[{"href":"https:\/\/pecpets.com\/de\/wp-json\/wp\/v2\/media?parent=22596"}],"wp:term":[{"taxonomy":"product_brand","embeddable":true,"href":"https:\/\/pecpets.com\/de\/wp-json\/wp\/v2\/product_brand?post=22596"},{"taxonomy":"product_cat","embeddable":true,"href":"https:\/\/pecpets.com\/de\/wp-json\/wp\/v2\/product_cat?post=22596"},{"taxonomy":"product_tag","embeddable":true,"href":"https:\/\/pecpets.com\/de\/wp-json\/wp\/v2\/product_tag?post=22596"}],"curies":[{"name":"wp","href":"https:\/\/api.w.org\/{rel}","templated":true}]}}