{"id":22740,"date":"2025-10-13T16:27:49","date_gmt":"2025-10-13T08:27:49","guid":{"rendered":"https:\/\/pecpets.com\/?post_type=product&#038;p=22740"},"modified":"2025-10-13T16:57:40","modified_gmt":"2025-10-13T08:57:40","slug":"chew-proof-dog-bed","status":"publish","type":"product","link":"https:\/\/pecpets.com\/de\/product\/chew-proof-dog-bed\/","title":{"rendered":"Kausicherfestes Hundebett"},"content":{"rendered":"<h2 data-start=\"91\" data-end=\"196\">Chew Proof Dog Bed by Pet Bed Manufacturer &amp; Luxury Bed Factory<\/h2>\n<p data-start=\"216\" data-end=\"496\">Suchen Sie ein dauerhaftes, kausicheres Hundebett, auf das sich Ihre Kunden verlassen k\u00f6nnen?<\/p>\n<p data-start=\"216\" data-end=\"496\">Als vertrauensw\u00fcrdiger Hersteller von Haustierbetten und Luxusbetten sind wir auf die Produktion von hochwertigen, kausicheren Hundebetten spezialisiert, die f\u00fcr stark kauende und aktive Haustiere entwickelt wurden.<\/p>\n<p data-start=\"216\" data-end=\"496\">Unsere Betten zeichnen sich durch verst\u00e4rkte N\u00e4hte, rei\u00dffeste Stoffe und ein komfortorientiertes Design aus, das eine lange Nutzungsdauer im Innen- und Au\u00dfenbereich gew\u00e4hrleistet.<\/p>\n<p data-start=\"216\" data-end=\"496\">Egal, ob Sie ein Hundebett-Unternehmen, ein Hundebett-Lieferant oder ein Hundebett-Gro\u00dfh\u00e4ndler sind, wir bieten Ihnen auf Ihre Marke zugeschnittene Hundebett-OEM-, Hundebett-ODM- und Hundebett-Eigenmarkenl\u00f6sungen.<\/p>\n<p data-start=\"216\" data-end=\"496\">Partner mit einem f\u00fchrenden Hundebett Fabrik in Hundebett China f\u00fcr zuverl\u00e4ssige Hundebett Export und Hundebett Massenproduktion.<\/p>\n<p data-start=\"216\" data-end=\"496\">Arbeiten Sie mit einem professionellen Hundebettenhersteller und Hundebettenverk\u00e4ufer zusammen, um erstklassige kausichere Hundebettkollektionen zu liefern, die Ihre Kunden lieben werden.<\/p>","protected":false},"excerpt":{"rendered":"<h3>Kausicherfestes Hundebett<\/h3>\n<div class=\"ecom-block ecom-core core__block ecom-s8cxmzenaj\" data-core-is=\"block\">\n<div class=\"ecom__element ecom-element element__text\" data-stopdrag=\"\"><\/div>\n<\/div>\n<div class=\"ecom-block ecom-core core__block ecom-6dj93dsgz5e\" data-core-is=\"block\">\n<div class=\"ecom__element ecom-element element__text\" data-stopdrag=\"\">\n<div class=\"text-content ecom-html has-drop-cap-view-framed\">Diese Betten geh\u00f6ren zu den haltbarsten auf dem Markt - sie sind nahezu unzerst\u00f6rbar. Ausgestattet mit unserem charakteristischen Safety Tweed und einer tief gef\u00fcllten Matratze bieten sie un\u00fcbertroffene St\u00e4rke, Komfort und einen wundersch\u00f6n gestalteten Ruheplatz f\u00fcr Ihren Hund<\/div>\n<\/div>\n<\/div>\n<div class=\"ecom-block ecom-core core__block ecom-5n32oe6cztm\" data-core-is=\"block\">\n<div class=\"ecom-element ecom-base-iconlist\">\n<ul class=\"ecom-iconlist--list\" data-layout=\"default\">\n<li class=\"ecom-iconlist--item ecom-html\">\n<div class=\"ecom-iconlist--container\">\n<div class=\"ecom-iconlist-content\">\n<p class=\"ecom-iconlist--title\">Milit\u00e4rischer Stoff<\/p>\n<\/div>\n<\/div>\n<\/li>\n<li class=\"ecom-iconlist--item ecom-html\">\n<div class=\"ecom-iconlist--container\">\n<div class=\"ecom-iconlist-content\">\n<p class=\"ecom-iconlist--title\">Wasserdicht<\/p>\n<\/div>\n<\/div>\n<\/li>\n<li class=\"ecom-iconlist--item ecom-html\">\n<div class=\"ecom-iconlist--container\">\n<div class=\"ecom-iconlist-content\">\n<p class=\"ecom-iconlist--title\">Polsterm\u00f6bel Qualit\u00e4t Samt<\/p>\n<\/div>\n<\/div>\n<\/li>\n<li class=\"ecom-iconlist--item ecom-html\">\n<div class=\"ecom-iconlist--container\">\n<div class=\"ecom-iconlist-content\">\n<p class=\"ecom-iconlist--title\">Recycelte Plastikflaschen als F\u00fcllung<\/p>\n<\/div>\n<\/div>\n<\/li>\n<li class=\"ecom-iconlist--item ecom-html\">\n<div class=\"ecom-iconlist--container\">\n<div class=\"ecom-iconlist-content\">\n<p class=\"ecom-iconlist--title\">Maschinenwaschbar<\/p>\n<\/div>\n<\/div>\n<\/li>\n<\/ul>\n<\/div>\n<\/div>\n<table width=\"288\">\n<tbody>\n<tr>\n<td width=\"137\"><span style=\"color: #333333;\">Produktname<\/span><\/td>\n<td width=\"151\"><span style=\"color: #333333;\">Haustierbett<\/span><\/td>\n<\/tr>\n<tr>\n<td><span style=\"color: #333333;\">Artikel Nr.<\/span><\/td>\n<td><span style=\"color: #333333;\">P-C3025<\/span><\/td>\n<\/tr>\n<tr>\n<td><span style=\"color: #333333;\">Material<\/span><\/td>\n<td>Baumwolle, Polyester, Vlies<\/td>\n<\/tr>\n<tr>\n<td><span style=\"color: #333333;\">\u00a0Gr\u00f6\u00dfe und Farbe<\/span><\/td>\n<td><span style=\"color: #333333;\">Kann individuell angepasst werden<\/span><\/td>\n<\/tr>\n<tr>\n<td><span style=\"color: #333333;\">\u00a0Lieferfrist<\/span><\/td>\n<td><span style=\"color: #333333;\">1 - 5 Tage f\u00fcr kleine Mengen auf dem Luftweg und 30 - 35 Tage f\u00fcr gro\u00dfe Mengen auf dem Seeweg<\/span><\/td>\n<\/tr>\n<\/tbody>\n<\/table>","protected":false},"featured_media":22748,"template":"","meta":{"_seopress_robots_primary_cat":"none","_seopress_titles_title":"Chew Proof Dog Bed | China Pet Bed Manufacturer","_seopress_titles_desc":"Looking for Chew Proof Dog Bed? we design premium knitwear for pets worldwide. Bulk orders, OEM services. Request free cozy samples today!","_seopress_robots_index":"","_seopress_analysis_target_kw":"Chew Proof Dog Bed","_uag_custom_page_level_css":""},"product_brand":[],"product_cat":[348,22],"product_tag":[],"class_list":{"0":"post-22740","1":"product","2":"type-product","3":"status-publish","4":"has-post-thumbnail","6":"product_cat-chew-resistant-dog-beds","7":"product_cat-pet-bed","9":"first","10":"instock","11":"shipping-taxable","12":"product-type-simple"},"uagb_featured_image_src":{"full":["https:\/\/pecpets.com\/wp-content\/uploads\/2025\/10\/8ccad8d4-9075-4b3e-b95e-6cdd1817ce11-scaled.jpg",2560,1707,false],"thumbnail":["https:\/\/pecpets.com\/wp-content\/uploads\/2025\/10\/8ccad8d4-9075-4b3e-b95e-6cdd1817ce11-150x150.jpg",150,150,true],"medium":["https:\/\/pecpets.com\/wp-content\/uploads\/2025\/10\/8ccad8d4-9075-4b3e-b95e-6cdd1817ce11-300x200.jpg",300,200,true],"medium_large":["https:\/\/pecpets.com\/wp-content\/uploads\/2025\/10\/8ccad8d4-9075-4b3e-b95e-6cdd1817ce11-768x512.jpg",768,512,true],"large":["https:\/\/pecpets.com\/wp-content\/uploads\/2025\/10\/8ccad8d4-9075-4b3e-b95e-6cdd1817ce11-1024x683.jpg",800,534,true],"1536x1536":["https:\/\/pecpets.com\/wp-content\/uploads\/2025\/10\/8ccad8d4-9075-4b3e-b95e-6cdd1817ce11-1536x1024.jpg",1536,1024,true],"2048x2048":["https:\/\/pecpets.com\/wp-content\/uploads\/2025\/10\/8ccad8d4-9075-4b3e-b95e-6cdd1817ce11-2048x1365.jpg",2048,1365,true],"trp-custom-language-flag":["https:\/\/pecpets.com\/wp-content\/uploads\/2025\/10\/8ccad8d4-9075-4b3e-b95e-6cdd1817ce11-18x12.jpg",18,12,true],"woocommerce_thumbnail":["https:\/\/pecpets.com\/wp-content\/uploads\/2025\/10\/8ccad8d4-9075-4b3e-b95e-6cdd1817ce11-300x300.jpg",300,300,true],"woocommerce_single":["https:\/\/pecpets.com\/wp-content\/uploads\/2025\/10\/8ccad8d4-9075-4b3e-b95e-6cdd1817ce11-600x400.jpg",600,400,true],"woocommerce_gallery_thumbnail":["https:\/\/pecpets.com\/wp-content\/uploads\/2025\/10\/8ccad8d4-9075-4b3e-b95e-6cdd1817ce11-100x100.jpg",100,100,true]},"uagb_author_info":{"display_name":"Lawrence\u00a0\u52b3\u4f26\u65af","author_link":"https:\/\/pecpets.com\/de\/author\/"},"uagb_comment_info":0,"uagb_excerpt":"Chew Proof Dog Bed These beds are among the most durable available \u2014 as close to indestructible as a dog bed can be. Featuring our signature Safety Tweed and a deeply filled mattress, they provide unmatched strength, comfort, and a beautifully crafted resting place for your dog Military Grade Fabric Waterproof Upholstery Quality Velvet Recycled&hellip;","_links":{"self":[{"href":"https:\/\/pecpets.com\/de\/wp-json\/wp\/v2\/product\/22740","targetHints":{"allow":["GET"]}}],"collection":[{"href":"https:\/\/pecpets.com\/de\/wp-json\/wp\/v2\/product"}],"about":[{"href":"https:\/\/pecpets.com\/de\/wp-json\/wp\/v2\/types\/product"}],"wp:featuredmedia":[{"embeddable":true,"href":"https:\/\/pecpets.com\/de\/wp-json\/wp\/v2\/media\/22748"}],"wp:attachment":[{"href":"https:\/\/pecpets.com\/de\/wp-json\/wp\/v2\/media?parent=22740"}],"wp:term":[{"taxonomy":"product_brand","embeddable":true,"href":"https:\/\/pecpets.com\/de\/wp-json\/wp\/v2\/product_brand?post=22740"},{"taxonomy":"product_cat","embeddable":true,"href":"https:\/\/pecpets.com\/de\/wp-json\/wp\/v2\/product_cat?post=22740"},{"taxonomy":"product_tag","embeddable":true,"href":"https:\/\/pecpets.com\/de\/wp-json\/wp\/v2\/product_tag?post=22740"}],"curies":[{"name":"wp","href":"https:\/\/api.w.org\/{rel}","templated":true}]}}