{"id":22749,"date":"2025-10-14T08:51:36","date_gmt":"2025-10-14T00:51:36","guid":{"rendered":"https:\/\/pecpets.com\/?post_type=product&#038;p=22749"},"modified":"2025-10-14T09:18:48","modified_gmt":"2025-10-14T01:18:48","slug":"cooling-dog-bed","status":"publish","type":"product","link":"https:\/\/pecpets.com\/de\/product\/cooling-dog-bed\/","title":{"rendered":"K\u00fchlendes Hundebett"},"content":{"rendered":"<h2 data-start=\"91\" data-end=\"196\">K\u00fchlendes Hundebett von Pet Bed Manufacturer &amp; Luxury Bed Factory<\/h2>\n<p data-start=\"216\" data-end=\"496\">Mit unserem k\u00fchlenden Hundebett sind Sie dem Sommer immer einen Schritt voraus - perfekt, damit sich Ihr Haustier bei warmem Wetter entspannen und wohlf\u00fchlen kann.<\/p>\n<p data-start=\"216\" data-end=\"496\">Als vertrauensw\u00fcrdiger Hersteller von Haustierbetten und als Luxusbettenfabrik entwerfen wir hochwertige, k\u00fchlende Hundebetten, die atmungsaktive Materialien, temperaturregulierende Stoffe und langlebige Handwerkskunst kombinieren.<\/p>\n<p data-start=\"216\" data-end=\"496\">Unsere Produkte sind ideal f\u00fcr Gro\u00dfbestellungen von Hundebetten und den Export von Hundebetten und werden in China unter strenger Qualit\u00e4tskontrolle hergestellt.<\/p>\n<p data-start=\"216\" data-end=\"496\">Egal, ob Sie ein Hundebett-Unternehmen, ein Hundebett-Lieferant oder ein Hundebett-Gro\u00dfh\u00e4ndler sind, wir bieten Ihnen Full-Service-L\u00f6sungen f\u00fcr Hundebetten als OEM, ODM und Private Label.<\/p>\n<p data-start=\"216\" data-end=\"496\">Gehen Sie eine Partnerschaft mit einem f\u00fchrenden Hersteller von Hundebetten, einem Anbieter von Hundebetten und einer Fabrik f\u00fcr Hundebetten ein, um Ihre Produktpalette mit k\u00fchlenden Hochleistungs-Hundebetten zu erweitern, die f\u00fcr Komfort, Haltbarkeit und Stil entwickelt wurden.<\/p>","protected":false},"excerpt":{"rendered":"<h3>K\u00fchlendes Hundebett<\/h3>\n<div class=\"ecom-block ecom-core core__block ecom-s8cxmzenaj\" data-core-is=\"block\">\n<div class=\"ecom__element ecom-element element__text\" data-stopdrag=\"\">\n<p>Verw\u00f6hnen Sie Ihren geliebten Vierbeiner mit dem Gipfel des Luxus: unserem Ice Silk Cooling Hundebett. Dieses schicke und bequeme Hundesofa verbindet elegantes Design mit h\u00f6chstem Komfort, damit Ihr Haustier zu jeder Jahreszeit k\u00fchle Gelassenheit genie\u00dft.<\/p>\n<p><strong>Raffinierte Entspannung:<\/strong>\u00a0Unser Bett ist aus hochwertigem Eisseidenstoff gewebt und bietet einen erfrischend k\u00fchlen Zufluchtsort an schw\u00fclhei\u00dfen Tagen. Hier finden Haustiere ihren gl\u00fccklichen Platz, an dem sie sich fernab von Hektik und Trubel in Ruhe sonnen k\u00f6nnen.<\/p>\n<p><strong>Elegantes, vom Sofa inspiriertes Design:<\/strong>\u00a0Dieses Design zieht nicht nur die Blicke auf sich - es dient auch als gem\u00fctliche Ecke f\u00fcr Haustiere, in der sie sich ausruhen und entspannen k\u00f6nnen, fast wie ein kleines Sofa, das speziell f\u00fcr sie gemacht ist.<\/p>\n<p><strong>Geformt f\u00fcr Komfort:<\/strong>\u00a0Wir haben das Bett aufwendig gepolstert, um eine reichhaltige, dreidimensionale Polsterung zu schaffen, die Ihr Haustier in unvergleichlichem Komfort wiegt. Es ist, als ob dieses Bett nur f\u00fcr Ihren pelzigen Freund gemacht wurde, denn das kuschelige Design bietet all die Unterst\u00fctzung, die er f\u00fcr ein ruhiges Schl\u00e4fchen braucht.<\/p>\n<p><strong>Entwickelt f\u00fcr Stabilit\u00e4t:<\/strong>\u00a0Unser Bett f\u00fcr Haustiere ist eine robuste Konstruktion mit einem rutschfesten Boden, der auch dann stabil bleibt, wenn Ihr Haustier noch so enthusiastisch in sein pers\u00f6nliches Refugium springt.<\/p>\n<p><strong>Leicht zu reinigen:<\/strong>\u00a0Mit dem abnehmbaren und in der Maschine waschbaren Bezug unseres Haustierbettes ist Sauberkeit ein Kinderspiel, denn er sorgt f\u00fcr eine frische und hygienische Erholung Ihres Haustieres, ohne dass Sie sich darum k\u00fcmmern m\u00fcssen.<\/p>\n<\/div>\n<\/div>\n<table width=\"288\">\n<tbody>\n<tr>\n<td width=\"137\"><span style=\"color: #333333;\">Produktname<\/span><\/td>\n<td width=\"151\"><span style=\"color: #333333;\">Haustierbett<\/span><\/td>\n<\/tr>\n<tr>\n<td><span style=\"color: #333333;\">Artikel Nr.<\/span><\/td>\n<td><span style=\"color: #333333;\">P-C3026<\/span><\/td>\n<\/tr>\n<tr>\n<td><span style=\"color: #333333;\">Material<\/span><\/td>\n<td>Baumwolle, Polyester, Vlies<\/td>\n<\/tr>\n<tr>\n<td><span style=\"color: #333333;\">\u00a0Gr\u00f6\u00dfe und Farbe<\/span><\/td>\n<td><span style=\"color: #333333;\">Kann individuell angepasst werden<\/span><\/td>\n<\/tr>\n<tr>\n<td><span style=\"color: #333333;\">\u00a0Lieferfrist<\/span><\/td>\n<td><span style=\"color: #333333;\">1 - 5 Tage f\u00fcr kleine Mengen auf dem Luftweg und 30 - 35 Tage f\u00fcr gro\u00dfe Mengen auf dem Seeweg<\/span><\/td>\n<\/tr>\n<\/tbody>\n<\/table>","protected":false},"featured_media":22750,"template":"","meta":{"_seopress_robots_primary_cat":"none","_seopress_titles_title":"Cooling Dog Bed | China Pet Bed Manufacturer","_seopress_titles_desc":"Looking for Cooling Dog Bed? we design premium knitwear for pets worldwide. Bulk orders, OEM services. Request free cozy samples today!","_seopress_robots_index":"","_uag_custom_page_level_css":""},"product_brand":[],"product_cat":[347,22],"product_tag":[],"class_list":{"0":"post-22749","1":"product","2":"type-product","3":"status-publish","4":"has-post-thumbnail","6":"product_cat-eco-friendly-dog-beds-pet-bed","7":"product_cat-pet-bed","9":"first","10":"instock","11":"shipping-taxable","12":"product-type-simple"},"uagb_featured_image_src":{"full":["https:\/\/pecpets.com\/wp-content\/uploads\/2025\/10\/2d7b7003-cadf-4c82-97d1-941fc6f8b0f4.jpg",2000,2000,false],"thumbnail":["https:\/\/pecpets.com\/wp-content\/uploads\/2025\/10\/2d7b7003-cadf-4c82-97d1-941fc6f8b0f4-150x150.jpg",150,150,true],"medium":["https:\/\/pecpets.com\/wp-content\/uploads\/2025\/10\/2d7b7003-cadf-4c82-97d1-941fc6f8b0f4-300x300.jpg",300,300,true],"medium_large":["https:\/\/pecpets.com\/wp-content\/uploads\/2025\/10\/2d7b7003-cadf-4c82-97d1-941fc6f8b0f4-768x768.jpg",768,768,true],"large":["https:\/\/pecpets.com\/wp-content\/uploads\/2025\/10\/2d7b7003-cadf-4c82-97d1-941fc6f8b0f4-1024x1024.jpg",800,800,true],"1536x1536":["https:\/\/pecpets.com\/wp-content\/uploads\/2025\/10\/2d7b7003-cadf-4c82-97d1-941fc6f8b0f4-1536x1536.jpg",1536,1536,true],"2048x2048":["https:\/\/pecpets.com\/wp-content\/uploads\/2025\/10\/2d7b7003-cadf-4c82-97d1-941fc6f8b0f4.jpg",2000,2000,false],"trp-custom-language-flag":["https:\/\/pecpets.com\/wp-content\/uploads\/2025\/10\/2d7b7003-cadf-4c82-97d1-941fc6f8b0f4-12x12.jpg",12,12,true],"woocommerce_thumbnail":["https:\/\/pecpets.com\/wp-content\/uploads\/2025\/10\/2d7b7003-cadf-4c82-97d1-941fc6f8b0f4-300x300.jpg",300,300,true],"woocommerce_single":["https:\/\/pecpets.com\/wp-content\/uploads\/2025\/10\/2d7b7003-cadf-4c82-97d1-941fc6f8b0f4-600x600.jpg",600,600,true],"woocommerce_gallery_thumbnail":["https:\/\/pecpets.com\/wp-content\/uploads\/2025\/10\/2d7b7003-cadf-4c82-97d1-941fc6f8b0f4-100x100.jpg",100,100,true]},"uagb_author_info":{"display_name":"Lawrence\u00a0\u52b3\u4f26\u65af","author_link":"https:\/\/pecpets.com\/de\/author\/"},"uagb_comment_info":0,"uagb_excerpt":"Cooling Dog Bed Indulge your cherished pet with the pinnacle of luxury: our Ice Silk Cooling dog Bed. This chic and comfortable dog sofa bed marries sleek design with peak comfort to ensure your pet enjoys cool serenity throughout the seasons. Refined Relaxation:\u00a0Our bed is woven from premium ice silk fabric, offering a refreshingly cool&hellip;","_links":{"self":[{"href":"https:\/\/pecpets.com\/de\/wp-json\/wp\/v2\/product\/22749","targetHints":{"allow":["GET"]}}],"collection":[{"href":"https:\/\/pecpets.com\/de\/wp-json\/wp\/v2\/product"}],"about":[{"href":"https:\/\/pecpets.com\/de\/wp-json\/wp\/v2\/types\/product"}],"wp:featuredmedia":[{"embeddable":true,"href":"https:\/\/pecpets.com\/de\/wp-json\/wp\/v2\/media\/22750"}],"wp:attachment":[{"href":"https:\/\/pecpets.com\/de\/wp-json\/wp\/v2\/media?parent=22749"}],"wp:term":[{"taxonomy":"product_brand","embeddable":true,"href":"https:\/\/pecpets.com\/de\/wp-json\/wp\/v2\/product_brand?post=22749"},{"taxonomy":"product_cat","embeddable":true,"href":"https:\/\/pecpets.com\/de\/wp-json\/wp\/v2\/product_cat?post=22749"},{"taxonomy":"product_tag","embeddable":true,"href":"https:\/\/pecpets.com\/de\/wp-json\/wp\/v2\/product_tag?post=22749"}],"curies":[{"name":"wp","href":"https:\/\/api.w.org\/{rel}","templated":true}]}}