{"id":22761,"date":"2025-10-14T09:19:19","date_gmt":"2025-10-14T01:19:19","guid":{"rendered":"https:\/\/pecpets.com\/?post_type=product&#038;p=22761"},"modified":"2025-10-14T10:09:57","modified_gmt":"2025-10-14T02:09:57","slug":"human-sized-dog-bed","status":"publish","type":"product","link":"https:\/\/pecpets.com\/de\/product\/human-sized-dog-bed\/","title":{"rendered":"Hundebett in Menschengr\u00f6\u00dfe"},"content":{"rendered":"<h2 data-start=\"91\" data-end=\"196\">Human Sized Dog Bed by Pet Bed Manufacturer &amp; Luxury Bed Factory<\/h2>\n<article class=\"text-token-text-primary w-full focus:outline-none [--shadow-height:45px] has-data-writing-block:pointer-events-none has-data-writing-block:-mt-(--shadow-height) has-data-writing-block:pt-(--shadow-height) [&amp;:has([data-writing-block])&gt;*]:pointer-events-auto [content-visibility:auto] supports-[content-visibility:auto]:[contain-intrinsic-size:auto_100lvh] scroll-mt-[calc(var(--header-height)+min(200px,max(70px,20svh)))]\" dir=\"auto\" tabindex=\"-1\" data-turn-id=\"request-68b559f1-f1bc-8328-a3b0-0e42faba828d-1\" data-testid=\"conversation-turn-100\" data-scroll-anchor=\"true\" data-turn=\"assistant\">\n<div class=\"text-base my-auto mx-auto pb-10 [--thread-content-margin:--spacing(4)] thread-sm:[--thread-content-margin:--spacing(6)] thread-lg:[--thread-content-margin:--spacing(16)] px-(--thread-content-margin)\">\n<div class=\"[--thread-content-max-width:40rem] thread-lg:[--thread-content-max-width:48rem] mx-auto max-w-(--thread-content-max-width) flex-1 group\/turn-messages focus-visible:outline-hidden relative flex w-full min-w-0 flex-col agent-turn\" tabindex=\"-1\">\n<div class=\"flex max-w-full flex-col grow\">\n<div class=\"min-h-8 text-message relative flex w-full flex-col items-end gap-2 text-start break-words whitespace-normal [.text-message+&amp;]:mt-1\" dir=\"auto\" data-message-author-role=\"assistant\" data-message-id=\"a58e287f-5d1f-4b96-a7a9-dc26c8cb0d31\" data-message-model-slug=\"gpt-5\">\n<div class=\"flex w-full flex-col gap-1 empty:hidden first:pt-[1px]\">\n<div class=\"markdown prose dark:prose-invert w-full break-words light markdown-new-styling\">\n<p data-start=\"81\" data-end=\"980\" data-is-last-node=\"\" data-is-only-node=\"\">Experience comfort without limits with our Human Sized Dog Bed, designed for both pets and people who love to relax together.<\/p>\n<p data-start=\"81\" data-end=\"980\" data-is-last-node=\"\" data-is-only-node=\"\">As a trusted Pet Bed Manufacturer and Luxury Bed Factory, we craft oversized, ergonomic, and ultra-soft Human Sized Dog Beds that redefine lounging comfort.<\/p>\n<p data-start=\"81\" data-end=\"980\" data-is-last-node=\"\" data-is-only-node=\"\">Ideal for Dog Bed bulk orders and Dog Bed export, each model is made in Dog Bed China using durable, easy-to-clean fabrics and premium foam.<\/p>\n<p data-start=\"81\" data-end=\"980\" data-is-last-node=\"\" data-is-only-node=\"\">Whether you\u2019re a Dog Bed company, Dog Bed supplier, or Dog Bed wholesaler, we provide flexible Dog Bed OEM, Dog Bed ODM, and Dog Bed private label services to help you build your brand.<\/p>\n<p data-start=\"81\" data-end=\"980\" data-is-last-node=\"\" data-is-only-node=\"\">Partner with a leading Dog Bed manufacturer, Dog Bed vendor, and Dog Bed factory to offer your customers the trending Human Sized Dog Bed that blends comfort, creativity, and high-end craftsmanship.<\/p>\n<\/div>\n<\/div>\n<\/div>\n<\/div>\n<\/div>\n<\/div>\n<\/article>\n","protected":false},"excerpt":{"rendered":"<h3>Hundebett in Menschengr\u00f6\u00dfe<\/h3>\n<div class=\"ecom-block ecom-core core__block ecom-s8cxmzenaj\" data-core-is=\"block\">\n<div class=\"ecom__element ecom-element element__text\" data-stopdrag=\"\">\n<p>\u3010Luxuri\u00f6ser Stoff\u3011G\u00f6nnen Sie sich den Luxus-Komfort unseres menschlichen Hundebettes, mit einem hochwertigen, beweglichen und waschbaren Stoff. <strong>Samt\u00a0<\/strong>Bezug. Der Stoff unseres Hundebetts in Erwachsenengr\u00f6\u00dfe sieht nicht nur elegant aus, sondern ist auch sanft zur Haut und bietet eine weiche, glatte und atmungsaktive Oberfl\u00e4che zum Ausruhen.<\/p>\n<p>\u3010Soft &amp; Cosy Pad\u3011Erleben Sie ultimative Entspannung mit dem hochelastischen Schwamm und der Puppenbaumwollf\u00fcllung dieses riesigen Hundebettes f\u00fcr Menschen. Die <strong>Boden aus rutschfestem Stoff<\/strong>\u00a0des Hundesitzsacks sorgt f\u00fcr Stabilit\u00e4t, sodass sowohl Ihr Haustier als auch Sie ein bequemes Nickerchen oder einen Schlaf genie\u00dfen k\u00f6nnen. Versinken Sie in den pl\u00fcschigen Komfort unserer Hundebetten f\u00fcr Menschen.<\/p>\n<p>\u3010Komfortable Funktionen\u3011Das riesige Hundebett bietet eine Seitentasche, in der Sie Ihr Telefon oder Hundeleckerlis aufbewahren k\u00f6nnen. Die Tragegriffe machen es einfach, dieses Bodenbett zu bewegen und bieten Portabilit\u00e4t und Flexibilit\u00e4t, um Ihren Bed\u00fcrfnissen gerecht zu werden.<\/p>\n<p>\u3010Gro\u00dfz\u00fcgige Gr\u00f6\u00dfe\u3011Mit seinen gro\u00dfen Abmessungen bietet dieses Hundebett in Menschengr\u00f6\u00dfe f\u00fcr erwachsene Menschen reichlich Platz f\u00fcr Ihr Haustier und Sie. Der breite und lange Boden unseres gro\u00dfen Hundebettes erm\u00f6glicht eine gemeinsame Erholung, w\u00e4hrend der \u00fcbergro\u00dfe erh\u00f6hte Rand ein Gef\u00fchl von Sicherheit und Unterst\u00fctzung bietet.<\/p>\n<p>\u3010Easy to Clean\u3011Keeping dieses riesige Hundebett sauber ist einfach f\u00fcr Sie. Der abnehmbare Stoffbezug mit einem Rei\u00dfverschluss-Design unseres Haustierbettes erm\u00f6glicht ein einfaches Abnehmen und Waschen. Ziehen Sie es nach der Reinigung einfach wieder an. Dieses Hundebett in Menschengr\u00f6\u00dfe sorgt f\u00fcr eine frische und hygienische Schlafoberfl\u00e4che f\u00fcr Sie und Ihren pelzigen Begleiter.<\/p>\n<\/div>\n<\/div>\n<table width=\"288\">\n<tbody>\n<tr>\n<td width=\"137\"><span style=\"color: #333333;\">Produktname<\/span><\/td>\n<td width=\"151\"><span style=\"color: #333333;\">Haustierbett<\/span><\/td>\n<\/tr>\n<tr>\n<td><span style=\"color: #333333;\">Artikel Nr.<\/span><\/td>\n<td><span style=\"color: #333333;\">P-C3027<\/span><\/td>\n<\/tr>\n<tr>\n<td><span style=\"color: #333333;\">Material<\/span><\/td>\n<td>Baumwolle, Polyester, Vlies<\/td>\n<\/tr>\n<tr>\n<td><span style=\"color: #333333;\">\u00a0Gr\u00f6\u00dfe und Farbe<\/span><\/td>\n<td><span style=\"color: #333333;\">Kann individuell angepasst werden<\/span><\/td>\n<\/tr>\n<tr>\n<td><span style=\"color: #333333;\">\u00a0Lieferfrist<\/span><\/td>\n<td><span style=\"color: #333333;\">1 - 5 Tage f\u00fcr kleine Mengen auf dem Luftweg und 30 - 35 Tage f\u00fcr gro\u00dfe Mengen auf dem Seeweg<\/span><\/td>\n<\/tr>\n<\/tbody>\n<\/table>","protected":false},"featured_media":22774,"template":"","meta":{"_seopress_robots_primary_cat":"none","_seopress_titles_title":"Human Sized Dog Bed | China Pet Bed Manufacturer","_seopress_titles_desc":"Looking for Human Sized Dog Bed? we design premium knitwear for pets worldwide. Bulk orders, OEM services. Request free cozy samples today!","_seopress_robots_index":"","_uag_custom_page_level_css":""},"product_brand":[],"product_cat":[349,22],"product_tag":[],"class_list":{"0":"post-22761","1":"product","2":"type-product","3":"status-publish","4":"has-post-thumbnail","6":"product_cat-memory-foam-dog-beds","7":"product_cat-pet-bed","9":"first","10":"instock","11":"shipping-taxable","12":"product-type-simple"},"uagb_featured_image_src":{"full":["https:\/\/pecpets.com\/wp-content\/uploads\/2025\/10\/imgi_189_Mixoy-Human-Dog-Bed2C-Dog-Bed-for-People-Adults2C-Giant-Dog-Bean-Bag2C-Floor-Nap-Bed-for-Home2C-Velvet-1.jpg",1600,1600,false],"thumbnail":["https:\/\/pecpets.com\/wp-content\/uploads\/2025\/10\/imgi_189_Mixoy-Human-Dog-Bed2C-Dog-Bed-for-People-Adults2C-Giant-Dog-Bean-Bag2C-Floor-Nap-Bed-for-Home2C-Velvet-1-150x150.jpg",150,150,true],"medium":["https:\/\/pecpets.com\/wp-content\/uploads\/2025\/10\/imgi_189_Mixoy-Human-Dog-Bed2C-Dog-Bed-for-People-Adults2C-Giant-Dog-Bean-Bag2C-Floor-Nap-Bed-for-Home2C-Velvet-1-300x300.jpg",300,300,true],"medium_large":["https:\/\/pecpets.com\/wp-content\/uploads\/2025\/10\/imgi_189_Mixoy-Human-Dog-Bed2C-Dog-Bed-for-People-Adults2C-Giant-Dog-Bean-Bag2C-Floor-Nap-Bed-for-Home2C-Velvet-1-768x768.jpg",768,768,true],"large":["https:\/\/pecpets.com\/wp-content\/uploads\/2025\/10\/imgi_189_Mixoy-Human-Dog-Bed2C-Dog-Bed-for-People-Adults2C-Giant-Dog-Bean-Bag2C-Floor-Nap-Bed-for-Home2C-Velvet-1-1024x1024.jpg",800,800,true],"1536x1536":["https:\/\/pecpets.com\/wp-content\/uploads\/2025\/10\/imgi_189_Mixoy-Human-Dog-Bed2C-Dog-Bed-for-People-Adults2C-Giant-Dog-Bean-Bag2C-Floor-Nap-Bed-for-Home2C-Velvet-1-1536x1536.jpg",1536,1536,true],"2048x2048":["https:\/\/pecpets.com\/wp-content\/uploads\/2025\/10\/imgi_189_Mixoy-Human-Dog-Bed2C-Dog-Bed-for-People-Adults2C-Giant-Dog-Bean-Bag2C-Floor-Nap-Bed-for-Home2C-Velvet-1.jpg",1600,1600,false],"trp-custom-language-flag":["https:\/\/pecpets.com\/wp-content\/uploads\/2025\/10\/imgi_189_Mixoy-Human-Dog-Bed2C-Dog-Bed-for-People-Adults2C-Giant-Dog-Bean-Bag2C-Floor-Nap-Bed-for-Home2C-Velvet-1-12x12.jpg",12,12,true],"woocommerce_thumbnail":["https:\/\/pecpets.com\/wp-content\/uploads\/2025\/10\/imgi_189_Mixoy-Human-Dog-Bed2C-Dog-Bed-for-People-Adults2C-Giant-Dog-Bean-Bag2C-Floor-Nap-Bed-for-Home2C-Velvet-1-300x300.jpg",300,300,true],"woocommerce_single":["https:\/\/pecpets.com\/wp-content\/uploads\/2025\/10\/imgi_189_Mixoy-Human-Dog-Bed2C-Dog-Bed-for-People-Adults2C-Giant-Dog-Bean-Bag2C-Floor-Nap-Bed-for-Home2C-Velvet-1-600x600.jpg",600,600,true],"woocommerce_gallery_thumbnail":["https:\/\/pecpets.com\/wp-content\/uploads\/2025\/10\/imgi_189_Mixoy-Human-Dog-Bed2C-Dog-Bed-for-People-Adults2C-Giant-Dog-Bean-Bag2C-Floor-Nap-Bed-for-Home2C-Velvet-1-100x100.jpg",100,100,true]},"uagb_author_info":{"display_name":"Lawrence\u00a0\u52b3\u4f26\u65af","author_link":"https:\/\/pecpets.com\/de\/author\/"},"uagb_comment_info":0,"uagb_excerpt":"Human Sized Dog Bed \u3010Luxurious Fabric\u3011Indulge in the deluxe comfort of our human dog bed, featuring a premium, movable, and washable velvet\u00a0cover. The fabric of our adult size dog bed not only looks elegant but is also gentle on the skin, offering a soft, smooth, and breathable surface to rest on. \u3010Soft &amp; Cosy Pad\u3011Experience&hellip;","_links":{"self":[{"href":"https:\/\/pecpets.com\/de\/wp-json\/wp\/v2\/product\/22761","targetHints":{"allow":["GET"]}}],"collection":[{"href":"https:\/\/pecpets.com\/de\/wp-json\/wp\/v2\/product"}],"about":[{"href":"https:\/\/pecpets.com\/de\/wp-json\/wp\/v2\/types\/product"}],"wp:featuredmedia":[{"embeddable":true,"href":"https:\/\/pecpets.com\/de\/wp-json\/wp\/v2\/media\/22774"}],"wp:attachment":[{"href":"https:\/\/pecpets.com\/de\/wp-json\/wp\/v2\/media?parent=22761"}],"wp:term":[{"taxonomy":"product_brand","embeddable":true,"href":"https:\/\/pecpets.com\/de\/wp-json\/wp\/v2\/product_brand?post=22761"},{"taxonomy":"product_cat","embeddable":true,"href":"https:\/\/pecpets.com\/de\/wp-json\/wp\/v2\/product_cat?post=22761"},{"taxonomy":"product_tag","embeddable":true,"href":"https:\/\/pecpets.com\/de\/wp-json\/wp\/v2\/product_tag?post=22761"}],"curies":[{"name":"wp","href":"https:\/\/api.w.org\/{rel}","templated":true}]}}