{"id":23224,"date":"2025-11-03T15:12:11","date_gmt":"2025-11-03T07:12:11","guid":{"rendered":"https:\/\/pecpets.com\/?post_type=product&#038;p=23224"},"modified":"2025-11-03T15:31:31","modified_gmt":"2025-11-03T07:31:31","slug":"dog-cooling-bed","status":"publish","type":"product","link":"https:\/\/pecpets.com\/de\/product\/dog-cooling-bed\/","title":{"rendered":"Hundek\u00fchlbett"},"content":{"rendered":"<h2 data-start=\"91\" data-end=\"196\">Dog Cooling Bed | Pet Bed Manufacturer &amp; Luxury Bed Factory in China<\/h2>\n<article class=\"text-token-text-primary w-full focus:outline-none [--shadow-height:45px] has-data-writing-block:pointer-events-none has-data-writing-block:-mt-(--shadow-height) has-data-writing-block:pt-(--shadow-height) [&amp;:has([data-writing-block])&gt;*]:pointer-events-auto [content-visibility:auto] supports-[content-visibility:auto]:[contain-intrinsic-size:auto_100lvh] scroll-mt-[calc(var(--header-height)+min(200px,max(70px,20svh)))]\" dir=\"auto\" tabindex=\"-1\" data-turn-id=\"request-68b559f1-f1bc-8328-a3b0-0e42faba828d-1\" data-testid=\"conversation-turn-100\" data-scroll-anchor=\"true\" data-turn=\"assistant\">\n<div class=\"text-base my-auto mx-auto pb-10 [--thread-content-margin:--spacing(4)] thread-sm:[--thread-content-margin:--spacing(6)] thread-lg:[--thread-content-margin:--spacing(16)] px-(--thread-content-margin)\">\n<div class=\"[--thread-content-max-width:40rem] thread-lg:[--thread-content-max-width:48rem] mx-auto max-w-(--thread-content-max-width) flex-1 group\/turn-messages focus-visible:outline-hidden relative flex w-full min-w-0 flex-col agent-turn\" tabindex=\"-1\">\n<div class=\"flex max-w-full flex-col grow\">\n<div class=\"min-h-8 text-message relative flex w-full flex-col items-end gap-2 text-start break-words whitespace-normal [.text-message+&amp;]:mt-1\" dir=\"auto\" data-message-author-role=\"assistant\" data-message-id=\"a58e287f-5d1f-4b96-a7a9-dc26c8cb0d31\" data-message-model-slug=\"gpt-5\">\n<div class=\"flex w-full flex-col gap-1 empty:hidden first:pt-[1px]\">\n<div class=\"markdown prose dark:prose-invert w-full break-words light markdown-new-styling\">\n<p data-start=\"89\" data-end=\"435\">Keep pets cool and comfortable with our premium Dog Cooling Bed, crafted by a trusted Pet Bed Manufacturer and Luxury Bed Factory in China.<\/p>\n<p data-start=\"89\" data-end=\"435\">Designed with breathable, temperature-regulating materials, this Dog Cooling Bed helps dogs stay relaxed even in hot weather\u2014perfect for both indoor and outdoor use.<\/p>\n<p data-start=\"437\" data-end=\"1000\" data-is-last-node=\"\" data-is-only-node=\"\">As a professional Dog Bed manufacturer and Dog Bed factory, we support Dog Bed OEM, Dog Bed ODM, and Dog Bed private label customization to meet your brand\u2019s needs.<\/p>\n<p data-start=\"437\" data-end=\"1000\" data-is-last-node=\"\" data-is-only-node=\"\">Our Dog Bed company offers reliable Dog Bed export services, competitive pricing for Dog Bed bulk orders, and consistent product quality trusted by global clients.<\/p>\n<p data-start=\"437\" data-end=\"1000\" data-is-last-node=\"\" data-is-only-node=\"\">Partner with a leading Dog Bed supplier, Dog Bed vendor, and Dog Bed wholesaler from Dog Bed China to deliver innovative cooling comfort to your customers with every Dog Cooling Bed.<\/p>\n<\/div>\n<\/div>\n<\/div>\n<\/div>\n<\/div>\n<\/div>\n<\/article>\n","protected":false},"excerpt":{"rendered":"<h3>Hundek\u00fchlbett<\/h3>\n<ul>\n<li>F\u00fchlt sich bis zu 7\u00b0 k\u00fchler an als die Umgebungstemperatur<\/li>\n<li>Ben\u00f6tigt weder K\u00fchlung noch Wasser oder Strom<\/li>\n<li>F\u00fcr einen zus\u00e4tzlichen K\u00fchleffekt k\u00f6nnen Sie sie im K\u00fchlschrank aufbewahren.<\/li>\n<li>Perfekt f\u00fcr den Einsatz nach exzessiver Bewegung oder an hei\u00dfen Tagen<\/li>\n<li>Ungiftiges K\u00fchlgel<\/li>\n<li>100% Polyester-Taft<\/li>\n<\/ul>\n<table width=\"288\">\n<tbody>\n<tr>\n<td width=\"137\"><span style=\"color: #333333;\">Produktname<\/span><\/td>\n<td width=\"151\"><span style=\"color: #333333;\">Haustierbett<\/span><\/td>\n<\/tr>\n<tr>\n<td><span style=\"color: #333333;\">Artikel Nr.<\/span><\/td>\n<td><span style=\"color: #333333;\">P-C3050<\/span><\/td>\n<\/tr>\n<tr>\n<td><span style=\"color: #333333;\">Material<\/span><\/td>\n<td>Baumwolle, Polyester, Vlies<\/td>\n<\/tr>\n<tr>\n<td><span style=\"color: #333333;\">\u00a0Gr\u00f6\u00dfe und Farbe<\/span><\/td>\n<td><span style=\"color: #333333;\">Kann individuell angepasst werden<\/span><\/td>\n<\/tr>\n<tr>\n<td><span style=\"color: #333333;\">\u00a0Lieferfrist<\/span><\/td>\n<td><span style=\"color: #333333;\">1 - 5 Tage f\u00fcr kleine Mengen auf dem Luftweg und 30 - 35 Tage f\u00fcr gro\u00dfe Mengen auf dem Seeweg<\/span><\/td>\n<\/tr>\n<\/tbody>\n<\/table>","protected":false},"featured_media":23226,"template":"","meta":{"_seopress_robots_primary_cat":"none","_seopress_titles_title":"Dog Cooling Bed | China Pet Bed Manufacturer","_seopress_titles_desc":"Looking for Dog Cooling Bed? we design premium knitwear for pets worldwide. Bulk orders, OEM services. Request free cozy samples today!","_seopress_robots_index":"","_uag_custom_page_level_css":""},"product_brand":[],"product_cat":[22,322],"product_tag":[],"class_list":{"0":"post-23224","1":"product","2":"type-product","3":"status-publish","4":"has-post-thumbnail","6":"product_cat-pet-bed","7":"product_cat-waterproof-dog-beds","9":"first","10":"instock","11":"shipping-taxable","12":"product-type-simple"},"uagb_featured_image_src":{"full":["https:\/\/pecpets.com\/wp-content\/uploads\/2025\/11\/6ec0d098-0149-437c-8a68-8df8a591492b.jpg",1800,1800,false],"thumbnail":["https:\/\/pecpets.com\/wp-content\/uploads\/2025\/11\/6ec0d098-0149-437c-8a68-8df8a591492b-150x150.jpg",150,150,true],"medium":["https:\/\/pecpets.com\/wp-content\/uploads\/2025\/11\/6ec0d098-0149-437c-8a68-8df8a591492b-300x300.jpg",300,300,true],"medium_large":["https:\/\/pecpets.com\/wp-content\/uploads\/2025\/11\/6ec0d098-0149-437c-8a68-8df8a591492b-768x768.jpg",768,768,true],"large":["https:\/\/pecpets.com\/wp-content\/uploads\/2025\/11\/6ec0d098-0149-437c-8a68-8df8a591492b-1024x1024.jpg",800,800,true],"1536x1536":["https:\/\/pecpets.com\/wp-content\/uploads\/2025\/11\/6ec0d098-0149-437c-8a68-8df8a591492b-1536x1536.jpg",1536,1536,true],"2048x2048":["https:\/\/pecpets.com\/wp-content\/uploads\/2025\/11\/6ec0d098-0149-437c-8a68-8df8a591492b.jpg",1800,1800,false],"trp-custom-language-flag":["https:\/\/pecpets.com\/wp-content\/uploads\/2025\/11\/6ec0d098-0149-437c-8a68-8df8a591492b-12x12.jpg",12,12,true],"woocommerce_thumbnail":["https:\/\/pecpets.com\/wp-content\/uploads\/2025\/11\/6ec0d098-0149-437c-8a68-8df8a591492b-300x300.jpg",300,300,true],"woocommerce_single":["https:\/\/pecpets.com\/wp-content\/uploads\/2025\/11\/6ec0d098-0149-437c-8a68-8df8a591492b-600x600.jpg",600,600,true],"woocommerce_gallery_thumbnail":["https:\/\/pecpets.com\/wp-content\/uploads\/2025\/11\/6ec0d098-0149-437c-8a68-8df8a591492b-100x100.jpg",100,100,true]},"uagb_author_info":{"display_name":"Lawrence\u00a0\u52b3\u4f26\u65af","author_link":"https:\/\/pecpets.com\/de\/author\/"},"uagb_comment_info":0,"uagb_excerpt":"Dog Cooling Bed Feels up to 7\u00b0 cooler than ambient temperature Requires no refrigeration, water or electricity You may refrigerate for extra cooling effect Perfect for use after excessive exercise or hot days Non-toxic cooling gel 100% polyester taffeta Product Name Pet Bed Item No. P-C3050 Material Cotton, Polyester, Fleece \u00a0Size and Colour Can be&hellip;","_links":{"self":[{"href":"https:\/\/pecpets.com\/de\/wp-json\/wp\/v2\/product\/23224","targetHints":{"allow":["GET"]}}],"collection":[{"href":"https:\/\/pecpets.com\/de\/wp-json\/wp\/v2\/product"}],"about":[{"href":"https:\/\/pecpets.com\/de\/wp-json\/wp\/v2\/types\/product"}],"wp:featuredmedia":[{"embeddable":true,"href":"https:\/\/pecpets.com\/de\/wp-json\/wp\/v2\/media\/23226"}],"wp:attachment":[{"href":"https:\/\/pecpets.com\/de\/wp-json\/wp\/v2\/media?parent=23224"}],"wp:term":[{"taxonomy":"product_brand","embeddable":true,"href":"https:\/\/pecpets.com\/de\/wp-json\/wp\/v2\/product_brand?post=23224"},{"taxonomy":"product_cat","embeddable":true,"href":"https:\/\/pecpets.com\/de\/wp-json\/wp\/v2\/product_cat?post=23224"},{"taxonomy":"product_tag","embeddable":true,"href":"https:\/\/pecpets.com\/de\/wp-json\/wp\/v2\/product_tag?post=23224"}],"curies":[{"name":"wp","href":"https:\/\/api.w.org\/{rel}","templated":true}]}}