{"id":23279,"date":"2025-11-04T11:11:41","date_gmt":"2025-11-04T03:11:41","guid":{"rendered":"https:\/\/pecpets.com\/?post_type=product&#038;p=23279"},"modified":"2025-11-04T11:18:46","modified_gmt":"2025-11-04T03:18:46","slug":"covered-dog-bed","status":"publish","type":"product","link":"https:\/\/pecpets.com\/de\/product\/covered-dog-bed\/","title":{"rendered":"Bedecktes Hundebett"},"content":{"rendered":"<h2 data-start=\"91\" data-end=\"196\">Covered Dog Bed | Pet Bed Manufacturer &amp; Luxury Bed Factory in China<\/h2>\n<article class=\"text-token-text-primary w-full focus:outline-none [--shadow-height:45px] has-data-writing-block:pointer-events-none has-data-writing-block:-mt-(--shadow-height) has-data-writing-block:pt-(--shadow-height) [&amp;:has([data-writing-block])&gt;*]:pointer-events-auto [content-visibility:auto] supports-[content-visibility:auto]:[contain-intrinsic-size:auto_100lvh] scroll-mt-[calc(var(--header-height)+min(200px,max(70px,20svh)))]\" dir=\"auto\" tabindex=\"-1\" data-turn-id=\"request-68b559f1-f1bc-8328-a3b0-0e42faba828d-1\" data-testid=\"conversation-turn-100\" data-scroll-anchor=\"true\" data-turn=\"assistant\">\n<div class=\"text-base my-auto mx-auto pb-10 [--thread-content-margin:--spacing(4)] thread-sm:[--thread-content-margin:--spacing(6)] thread-lg:[--thread-content-margin:--spacing(16)] px-(--thread-content-margin)\">\n<div class=\"[--thread-content-max-width:40rem] thread-lg:[--thread-content-max-width:48rem] mx-auto max-w-(--thread-content-max-width) flex-1 group\/turn-messages focus-visible:outline-hidden relative flex w-full min-w-0 flex-col agent-turn\" tabindex=\"-1\">\n<div class=\"flex max-w-full flex-col grow\">\n<div class=\"min-h-8 text-message relative flex w-full flex-col items-end gap-2 text-start break-words whitespace-normal [.text-message+&amp;]:mt-1\" dir=\"auto\" data-message-author-role=\"assistant\" data-message-id=\"a58e287f-5d1f-4b96-a7a9-dc26c8cb0d31\" data-message-model-slug=\"gpt-5\">\n<div class=\"flex w-full flex-col gap-1 empty:hidden first:pt-[1px]\">\n<div class=\"markdown prose dark:prose-invert w-full break-words light markdown-new-styling\">\n<p data-start=\"89\" data-end=\"394\">Give pets a cozy retreat with our Covered Dog Bed, designed for comfort, warmth, and privacy.<\/p>\n<p data-start=\"89\" data-end=\"394\">As a professional Pet Bed Manufacturer and Luxury Bed Factory in China, we specialize in creating stylish and durable Covered Dog Beds that meet global quality standards.<\/p>\n<p data-start=\"396\" data-end=\"784\">We are a leading Dog Bed manufacturer, Dog Bed factory, and Dog Bed supplier offering a wide range of customizable options for Dog Bed OEM, Dog Bed ODM, and Dog Bed private label projects.<\/p>\n<p data-start=\"396\" data-end=\"784\">Whether you\u2019re sourcing Dog Bed bulk orders or seeking reliable Dog Bed export services, our Dog Bed company delivers top-quality products at competitive prices.<\/p>\n<p data-start=\"786\" data-end=\"1066\" data-is-last-node=\"\" data-is-only-node=\"\">Trusted by global Dog Bed wholesalers and Dog Bed vendors, we provide one-stop solutions for brands looking to expand their pet product lines.<\/p>\n<p data-start=\"786\" data-end=\"1066\" data-is-last-node=\"\" data-is-only-node=\"\">Partner with a China Dog Bed manufacturer that understands comfort, craftsmanship, and the demands of international business.<\/p>\n<\/div>\n<\/div>\n<\/div>\n<\/div>\n<\/div>\n<\/div>\n<\/article>\n","protected":false},"excerpt":{"rendered":"<h3>Bedecktes Hundebett<\/h3>\n<p>Das \u00fcberdachte Hundebett in Beige eignet sich hervorragend zum Kuscheln und ist ein wahrer Augenschmaus. Es ist perfekt f\u00fcr die Hunde, die kuscheln, Decken klauen, sich ins Bett schleichen und das Sofa entf\u00fchren.<br \/>\nEchter Stil und Komfort f\u00fcr Ihren Hund und Ihr Wohnzimmer. Pecpets entwirft alle seine Betten und w\u00e4hlt die Stoffe mit der Absicht, Betten zu schaffen, die zu jedem Haus passen.<\/p>\n<p>Das sch\u00f6ne Hundebett ist bekannt f\u00fcr sein dickes, r\u00f6hrenf\u00f6rmiges Nackenkissen, das einen Ring aus gest\u00fctztem Komfort bildet. Auch dieses Bett ist aus den hochwertigsten handverlesenen Stoffen hergestellt. Die Au\u00dfenseite besteht aus einer beigen Polyestermischung in Polsterqualit\u00e4t, die eine strapazierf\u00e4hige Haube bildet und dennoch attraktiv aussieht. Das Innere des Covered Dog Bed ist mit einem dicken braunen Kunstfellstoff ausgekleidet. Es f\u00fchlt sich weich und luxuri\u00f6s an, ist aber dennoch langlebig und strapazierf\u00e4hig, so dass es die Zeit \u00fcberdauert.<\/p>\n<p>Das Luxury Covered Dog Bed verf\u00fcgt au\u00dferdem \u00fcber ein gro\u00dfz\u00fcgig gef\u00fclltes, gefedertes Polyesterkissen.<\/p>\n<p>Mit diesem \u00fcberdachten Hundebett wird Ihr Hund garantiert die beste Nachtruhe aller Zeiten haben.<\/p>\n<table width=\"288\">\n<tbody>\n<tr>\n<td width=\"137\"><span style=\"color: #333333;\">Produktname<\/span><\/td>\n<td width=\"151\"><span style=\"color: #333333;\">Haustierbett<\/span><\/td>\n<\/tr>\n<tr>\n<td><span style=\"color: #333333;\">Artikel Nr.<\/span><\/td>\n<td><span style=\"color: #333333;\">P-C3056<\/span><\/td>\n<\/tr>\n<tr>\n<td><span style=\"color: #333333;\">Material<\/span><\/td>\n<td>Baumwolle, Polyester, Vlies<\/td>\n<\/tr>\n<tr>\n<td><span style=\"color: #333333;\">\u00a0Gr\u00f6\u00dfe und Farbe<\/span><\/td>\n<td><span style=\"color: #333333;\">Kann individuell angepasst werden<\/span><\/td>\n<\/tr>\n<tr>\n<td><span style=\"color: #333333;\">\u00a0Lieferfrist<\/span><\/td>\n<td><span style=\"color: #333333;\">1 - 5 Tage f\u00fcr kleine Mengen auf dem Luftweg und 30 - 35 Tage f\u00fcr gro\u00dfe Mengen auf dem Seeweg<\/span><\/td>\n<\/tr>\n<\/tbody>\n<\/table>","protected":false},"featured_media":23278,"template":"","meta":{"_seopress_robots_primary_cat":"none","_seopress_titles_title":"Covered Dog Bed | China Pet Bed Manufacturer","_seopress_titles_desc":"Looking for Covered Dog Bed? we design premium knitwear for pets worldwide. Bulk orders, OEM services. Request free cozy samples today!","_seopress_robots_index":"","_uag_custom_page_level_css":""},"product_brand":[],"product_cat":[349,22],"product_tag":[],"class_list":{"0":"post-23279","1":"product","2":"type-product","3":"status-publish","4":"has-post-thumbnail","6":"product_cat-memory-foam-dog-beds","7":"product_cat-pet-bed","9":"first","10":"instock","11":"shipping-taxable","12":"product-type-simple"},"uagb_featured_image_src":{"full":["https:\/\/pecpets.com\/wp-content\/uploads\/2025\/11\/4c725ac0-17bb-47e7-a71d-91a8e4503bee.jpg",933,700,false],"thumbnail":["https:\/\/pecpets.com\/wp-content\/uploads\/2025\/11\/4c725ac0-17bb-47e7-a71d-91a8e4503bee-150x150.jpg",150,150,true],"medium":["https:\/\/pecpets.com\/wp-content\/uploads\/2025\/11\/4c725ac0-17bb-47e7-a71d-91a8e4503bee-300x225.jpg",300,225,true],"medium_large":["https:\/\/pecpets.com\/wp-content\/uploads\/2025\/11\/4c725ac0-17bb-47e7-a71d-91a8e4503bee-768x576.jpg",768,576,true],"large":["https:\/\/pecpets.com\/wp-content\/uploads\/2025\/11\/4c725ac0-17bb-47e7-a71d-91a8e4503bee.jpg",800,600,false],"1536x1536":["https:\/\/pecpets.com\/wp-content\/uploads\/2025\/11\/4c725ac0-17bb-47e7-a71d-91a8e4503bee.jpg",933,700,false],"2048x2048":["https:\/\/pecpets.com\/wp-content\/uploads\/2025\/11\/4c725ac0-17bb-47e7-a71d-91a8e4503bee.jpg",933,700,false],"trp-custom-language-flag":["https:\/\/pecpets.com\/wp-content\/uploads\/2025\/11\/4c725ac0-17bb-47e7-a71d-91a8e4503bee-16x12.jpg",16,12,true],"woocommerce_thumbnail":["https:\/\/pecpets.com\/wp-content\/uploads\/2025\/11\/4c725ac0-17bb-47e7-a71d-91a8e4503bee-300x300.jpg",300,300,true],"woocommerce_single":["https:\/\/pecpets.com\/wp-content\/uploads\/2025\/11\/4c725ac0-17bb-47e7-a71d-91a8e4503bee-600x450.jpg",600,450,true],"woocommerce_gallery_thumbnail":["https:\/\/pecpets.com\/wp-content\/uploads\/2025\/11\/4c725ac0-17bb-47e7-a71d-91a8e4503bee-100x100.jpg",100,100,true]},"uagb_author_info":{"display_name":"Lawrence\u00a0\u52b3\u4f26\u65af","author_link":"https:\/\/pecpets.com\/de\/author\/"},"uagb_comment_info":0,"uagb_excerpt":"Covered Dog Bed The Covered Dog Bed In beige, is great for snuggling and super pleasing on the eye. It is perfect for those dogs who snuggle, pinch blankets, sneak into bed and hijack the sofa. True style &amp; comfort for your dog and your living room. Pecpets design all their beds and select the&hellip;","_links":{"self":[{"href":"https:\/\/pecpets.com\/de\/wp-json\/wp\/v2\/product\/23279","targetHints":{"allow":["GET"]}}],"collection":[{"href":"https:\/\/pecpets.com\/de\/wp-json\/wp\/v2\/product"}],"about":[{"href":"https:\/\/pecpets.com\/de\/wp-json\/wp\/v2\/types\/product"}],"wp:featuredmedia":[{"embeddable":true,"href":"https:\/\/pecpets.com\/de\/wp-json\/wp\/v2\/media\/23278"}],"wp:attachment":[{"href":"https:\/\/pecpets.com\/de\/wp-json\/wp\/v2\/media?parent=23279"}],"wp:term":[{"taxonomy":"product_brand","embeddable":true,"href":"https:\/\/pecpets.com\/de\/wp-json\/wp\/v2\/product_brand?post=23279"},{"taxonomy":"product_cat","embeddable":true,"href":"https:\/\/pecpets.com\/de\/wp-json\/wp\/v2\/product_cat?post=23279"},{"taxonomy":"product_tag","embeddable":true,"href":"https:\/\/pecpets.com\/de\/wp-json\/wp\/v2\/product_tag?post=23279"}],"curies":[{"name":"wp","href":"https:\/\/api.w.org\/{rel}","templated":true}]}}