{"id":23387,"date":"2025-11-10T11:26:09","date_gmt":"2025-11-10T03:26:09","guid":{"rendered":"https:\/\/pecpets.com\/?post_type=product&#038;p=23387"},"modified":"2025-11-10T11:34:06","modified_gmt":"2025-11-10T03:34:06","slug":"pink-dog-bed","status":"publish","type":"product","link":"https:\/\/pecpets.com\/de\/product\/pink-dog-bed\/","title":{"rendered":"Rosa Hundebett"},"content":{"rendered":"<h2 data-start=\"91\" data-end=\"196\">Pink Dog Bed | Pet Bed Manufacturer &amp; Luxury Bed Factory for Custom and Wholesale Supply<\/h2>\n<article class=\"text-token-text-primary w-full focus:outline-none [--shadow-height:45px] has-data-writing-block:pointer-events-none has-data-writing-block:-mt-(--shadow-height) has-data-writing-block:pt-(--shadow-height) [&amp;:has([data-writing-block])&gt;*]:pointer-events-auto [content-visibility:auto] supports-[content-visibility:auto]:[contain-intrinsic-size:auto_100lvh] scroll-mt-[calc(var(--header-height)+min(200px,max(70px,20svh)))]\" dir=\"auto\" tabindex=\"-1\" data-turn-id=\"request-68b559f1-f1bc-8328-a3b0-0e42faba828d-1\" data-testid=\"conversation-turn-100\" data-scroll-anchor=\"true\" data-turn=\"assistant\">\n<div class=\"text-base my-auto mx-auto pb-10 [--thread-content-margin:--spacing(4)] thread-sm:[--thread-content-margin:--spacing(6)] thread-lg:[--thread-content-margin:--spacing(16)] px-(--thread-content-margin)\">\n<div class=\"[--thread-content-max-width:40rem] thread-lg:[--thread-content-max-width:48rem] mx-auto max-w-(--thread-content-max-width) flex-1 group\/turn-messages focus-visible:outline-hidden relative flex w-full min-w-0 flex-col agent-turn\" tabindex=\"-1\">\n<div class=\"flex max-w-full flex-col grow\">\n<div class=\"min-h-8 text-message relative flex w-full flex-col items-end gap-2 text-start break-words whitespace-normal [.text-message+&amp;]:mt-1\" dir=\"auto\" data-message-author-role=\"assistant\" data-message-id=\"a58e287f-5d1f-4b96-a7a9-dc26c8cb0d31\" data-message-model-slug=\"gpt-5\">\n<div class=\"flex w-full flex-col gap-1 empty:hidden first:pt-[1px]\">\n<div class=\"markdown prose dark:prose-invert w-full break-words light markdown-new-styling\">\n<article class=\"text-token-text-primary w-full focus:outline-none [--shadow-height:45px] has-data-writing-block:pointer-events-none has-data-writing-block:-mt-(--shadow-height) has-data-writing-block:pt-(--shadow-height) [&amp;:has([data-writing-block])&gt;*]:pointer-events-auto [content-visibility:auto] supports-[content-visibility:auto]:[contain-intrinsic-size:auto_100lvh] scroll-mt-[calc(var(--header-height)+min(200px,max(70px,20svh)))]\" dir=\"auto\" tabindex=\"-1\" data-turn-id=\"request-68b559f1-f1bc-8328-a3b0-0e42faba828d-3\" data-testid=\"conversation-turn-178\" data-scroll-anchor=\"true\" data-turn=\"assistant\">\n<div class=\"text-base my-auto mx-auto pb-10 [--thread-content-margin:--spacing(4)] thread-sm:[--thread-content-margin:--spacing(6)] thread-lg:[--thread-content-margin:--spacing(16)] px-(--thread-content-margin)\">\n<div class=\"[--thread-content-max-width:40rem] thread-lg:[--thread-content-max-width:48rem] mx-auto max-w-(--thread-content-max-width) flex-1 group\/turn-messages focus-visible:outline-hidden relative flex w-full min-w-0 flex-col agent-turn\" tabindex=\"-1\">\n<div class=\"flex max-w-full flex-col grow\">\n<div class=\"min-h-8 text-message relative flex w-full flex-col items-end gap-2 text-start break-words whitespace-normal [.text-message+&amp;]:mt-1\" dir=\"auto\" data-message-author-role=\"assistant\" data-message-id=\"832c76cb-315d-4ab2-8641-21a2540e581e\" data-message-model-slug=\"gpt-5\">\n<div class=\"flex w-full flex-col gap-1 empty:hidden first:pt-[1px]\">\n<div class=\"markdown prose dark:prose-invert w-full break-words light markdown-new-styling\">\n<p data-start=\"109\" data-end=\"423\">Add a touch of charm and comfort with our Pink Dog Bed, crafted by a trusted Pet Bed Manufacturer and Luxury Bed Factory in China. Designed for both style and relaxation, our Pink Dog Beds are perfect for brands and retailers seeking quality, softness, and a standout look.<\/p>\n<p data-start=\"425\" data-end=\"751\">As a professional Dog Bed manufacturer and Dog Bed factory, we specialize in Dog Bed OEM, Dog Bed ODM, and Dog Bed private label solutions that meet your exact specifications. From Dog Bed bulk orders to small-batch customizations, we ensure consistency, durability, and premium materials every time.<\/p>\n<p data-start=\"753\" data-end=\"1085\" data-is-last-node=\"\" data-is-only-node=\"\">Partner with a reliable Dog Bed company experienced in Dog Bed export and global distribution. Whether you&#8217;re sourcing from Dog Bed China or looking for a dependable Dog Bed supplier, Dog Bed vendor, or Dog Bed wholesaler, we\u2019re here to help your business deliver stylish comfort with every Pink Dog Bed.<\/p>\n<\/div>\n<\/div>\n<\/div>\n<\/div>\n<div class=\"z-0 flex min-h-[46px] justify-start\"><\/div>\n<div class=\"mt-3 w-full empty:hidden\">\n<div class=\"text-center\"><\/div>\n<\/div>\n<\/div>\n<\/div>\n<\/article>\n<div class=\"pointer-events-none h-px w-px\" aria-hidden=\"true\" data-edge=\"true\"><\/div>\n<\/div>\n<\/div>\n<\/div>\n<\/div>\n<\/div>\n<\/div>\n<\/article>\n","protected":false},"excerpt":{"rendered":"<h3>Rosa Hundebett<\/h3>\n<p>Dieses hochwertige Ring-\/Doughnut-Hundebett wird mit Sicherheit der Lieblingsschlafplatz Ihres Hundes werden. Egal, ob er sich gerne zusammenrollt oder ausstreckt, die runde Form dieses Bettes ist perfekt. Die niedrigen Nackenrollen st\u00fctzen Kopf und Nacken Ihres Hundes und bieten den perfekten R\u00fcckzugsort zum Einrollen oder eine Kante zum Anlehnen des Kinns.<\/p>\n<p>Der \u00fcppige, samtige Stoff bietet Komfort und f\u00fchlt sich wunderbar weich an. Wundersch\u00f6ner hochwertiger Samtbezug in Erdt\u00f6nen. Neben diesem zarten Blush Pink stehen auch Stone Grey, Desert Sand oder Lake Teal zur Auswahl<\/p>\n<ul>\n<li>Obermaterial aus hochwertigem Samt<\/li>\n<li>Festes Mittelkissen<\/li>\n<li>100% recycelte Tiefenf\u00fcllung<\/li>\n<\/ul>\n<table width=\"288\">\n<tbody>\n<tr>\n<td width=\"137\"><span style=\"color: #333333;\">Produktname<\/span><\/td>\n<td width=\"151\"><span style=\"color: #333333;\">Haustierbett<\/span><\/td>\n<\/tr>\n<tr>\n<td><span style=\"color: #333333;\">Artikel Nr.<\/span><\/td>\n<td><span style=\"color: #333333;\">P-C3065<\/span><\/td>\n<\/tr>\n<tr>\n<td><span style=\"color: #333333;\">Material<\/span><\/td>\n<td>Baumwolle, Polyester, Vlies<\/td>\n<\/tr>\n<tr>\n<td><span style=\"color: #333333;\">\u00a0Gr\u00f6\u00dfe und Farbe<\/span><\/td>\n<td><span style=\"color: #333333;\">Kann individuell angepasst werden<\/span><\/td>\n<\/tr>\n<tr>\n<td><span style=\"color: #333333;\">\u00a0Lieferfrist<\/span><\/td>\n<td><span style=\"color: #333333;\">1 - 5 Tage f\u00fcr kleine Mengen auf dem Luftweg und 30 - 35 Tage f\u00fcr gro\u00dfe Mengen auf dem Seeweg<\/span><\/td>\n<\/tr>\n<\/tbody>\n<\/table>","protected":false},"featured_media":23391,"template":"","meta":{"_seopress_robots_primary_cat":"none","_seopress_titles_title":"Pink Dog Bed | China Pet Bed Manufacturer","_seopress_titles_desc":"Looking for Pink Dog Bed? we design premium knitwear for pets worldwide. Bulk orders, OEM services. Request free cozy samples today!","_seopress_robots_index":"","_uag_custom_page_level_css":""},"product_brand":[],"product_cat":[349,22],"product_tag":[],"class_list":{"0":"post-23387","1":"product","2":"type-product","3":"status-publish","4":"has-post-thumbnail","6":"product_cat-memory-foam-dog-beds","7":"product_cat-pet-bed","9":"first","10":"instock","11":"shipping-taxable","12":"product-type-simple"},"uagb_featured_image_src":{"full":["https:\/\/pecpets.com\/wp-content\/uploads\/2025\/11\/oslo-ring-pink-dog-bed1.jpg",500,500,false],"thumbnail":["https:\/\/pecpets.com\/wp-content\/uploads\/2025\/11\/oslo-ring-pink-dog-bed1-150x150.jpg",150,150,true],"medium":["https:\/\/pecpets.com\/wp-content\/uploads\/2025\/11\/oslo-ring-pink-dog-bed1-300x300.jpg",300,300,true],"medium_large":["https:\/\/pecpets.com\/wp-content\/uploads\/2025\/11\/oslo-ring-pink-dog-bed1.jpg",500,500,false],"large":["https:\/\/pecpets.com\/wp-content\/uploads\/2025\/11\/oslo-ring-pink-dog-bed1.jpg",500,500,false],"1536x1536":["https:\/\/pecpets.com\/wp-content\/uploads\/2025\/11\/oslo-ring-pink-dog-bed1.jpg",500,500,false],"2048x2048":["https:\/\/pecpets.com\/wp-content\/uploads\/2025\/11\/oslo-ring-pink-dog-bed1.jpg",500,500,false],"trp-custom-language-flag":["https:\/\/pecpets.com\/wp-content\/uploads\/2025\/11\/oslo-ring-pink-dog-bed1-12x12.jpg",12,12,true],"woocommerce_thumbnail":["https:\/\/pecpets.com\/wp-content\/uploads\/2025\/11\/oslo-ring-pink-dog-bed1-300x300.jpg",300,300,true],"woocommerce_single":["https:\/\/pecpets.com\/wp-content\/uploads\/2025\/11\/oslo-ring-pink-dog-bed1.jpg",500,500,false],"woocommerce_gallery_thumbnail":["https:\/\/pecpets.com\/wp-content\/uploads\/2025\/11\/oslo-ring-pink-dog-bed1-100x100.jpg",100,100,true]},"uagb_author_info":{"display_name":"Lawrence\u00a0\u52b3\u4f26\u65af","author_link":"https:\/\/pecpets.com\/de\/author\/"},"uagb_comment_info":0,"uagb_excerpt":"Pink Dog Bed This high-quality ring\/doughnut dog bed is sure to become your dog's favourite place to sleep. Whether they like to curl up or stretch out, the round shape of this bed is perfect. The low bolster sides help to support your dog's head and neck, providing the perfect snug retreat for curling up&hellip;","_links":{"self":[{"href":"https:\/\/pecpets.com\/de\/wp-json\/wp\/v2\/product\/23387","targetHints":{"allow":["GET"]}}],"collection":[{"href":"https:\/\/pecpets.com\/de\/wp-json\/wp\/v2\/product"}],"about":[{"href":"https:\/\/pecpets.com\/de\/wp-json\/wp\/v2\/types\/product"}],"wp:featuredmedia":[{"embeddable":true,"href":"https:\/\/pecpets.com\/de\/wp-json\/wp\/v2\/media\/23391"}],"wp:attachment":[{"href":"https:\/\/pecpets.com\/de\/wp-json\/wp\/v2\/media?parent=23387"}],"wp:term":[{"taxonomy":"product_brand","embeddable":true,"href":"https:\/\/pecpets.com\/de\/wp-json\/wp\/v2\/product_brand?post=23387"},{"taxonomy":"product_cat","embeddable":true,"href":"https:\/\/pecpets.com\/de\/wp-json\/wp\/v2\/product_cat?post=23387"},{"taxonomy":"product_tag","embeddable":true,"href":"https:\/\/pecpets.com\/de\/wp-json\/wp\/v2\/product_tag?post=23387"}],"curies":[{"name":"wp","href":"https:\/\/api.w.org\/{rel}","templated":true}]}}