{"id":23580,"date":"2025-11-24T17:50:51","date_gmt":"2025-11-24T09:50:51","guid":{"rendered":"https:\/\/pecpets.com\/?post_type=product&#038;p=23580"},"modified":"2025-11-25T10:18:56","modified_gmt":"2025-11-25T02:18:56","slug":"big-dogs-clothing","status":"publish","type":"product","link":"https:\/\/pecpets.com\/de\/product\/big-dogs-clothing\/","title":{"rendered":"Big Dogs Kleidung"},"content":{"rendered":"<h2>Professioneller Hersteller von Heimtierbekleidung &amp; Fabrik f\u00fcr Luxus-Hundebekleidung | Spezialist f\u00fcr Kleidung f\u00fcr gro\u00dfe Hunde<\/h2>\n<p data-start=\"328\" data-end=\"803\">Sind Sie auf der Suche nach hochwertigen Hundem\u00e4nteln, um Ihre Winterkollektion f\u00fcr Haustiere zu erweitern?<\/p>\n<p data-start=\"328\" data-end=\"803\">Als vertrauensw\u00fcrdiger Hersteller von Haustierbekleidung und wasserdichter Jacke in China sind wir auf die Herstellung von langlebigen, stilvollen und warmen Designs spezialisiert.<\/p>\n<p data-start=\"328\" data-end=\"803\">Von Gro\u00dfbestellungen f\u00fcr Hundem\u00e4ntel bis hin zu ma\u00dfgeschneiderten L\u00f6sungen f\u00fcr Hundem\u00e4ntel als OEM, ODM und Private Label bietet unsere Fabrik zuverl\u00e4ssige Unterst\u00fctzung f\u00fcr Marken, Einzelh\u00e4ndler und Distributoren weltweit.<\/p>\n<p data-start=\"805\" data-end=\"1253\">Als professionelles Unternehmen f\u00fcr Hundem\u00e4ntel k\u00fcmmern wir uns um den gesamten Prozess \u2013 von der Beschaffung der Stoffe \u00fcber das Design bis hin zum Export und zur Lieferung der Hundem\u00e4ntel.<\/p>\n<p data-start=\"805\" data-end=\"1253\">Mit jahrelanger Erfahrung als f\u00fchrender Hersteller von Hundem\u00e4nteln in China garantiert unser Team gleichbleibende Qualit\u00e4t, wettbewerbsf\u00e4hige Preise und p\u00fcnktliche Lieferungen.<\/p>\n<p data-start=\"805\" data-end=\"1253\">Ob Sie nun eine Fabrik f\u00fcr Hundem\u00e4ntel, einen Lieferanten f\u00fcr Hundem\u00e4ntel, einen H\u00e4ndler f\u00fcr Hundem\u00e4ntel oder einen Gro\u00dfh\u00e4ndler f\u00fcr Hundem\u00e4ntel suchen \u2013 wir sind Ihr Komplettpartner.<\/p>\n<p data-start=\"1255\" data-end=\"1295\">\u2705 <strong>Warum w\u00e4hlen Sie unsere Hundem\u00e4ntel<\/strong>:<\/p>\n<ul data-start=\"1296\" data-end=\"1668\">\n<li data-start=\"1296\" data-end=\"1373\">\n<p data-start=\"1298\" data-end=\"1373\">Experte f\u00fcr Hundem\u00e4ntel, spezialisiert auf wasserdichte Designs<\/p>\n<\/li>\n<li data-start=\"1374\" data-end=\"1424\">\n<p data-start=\"1376\" data-end=\"1424\">Flexible Mindestbestellmengen f\u00fcr die Massenproduktion von Hundem\u00e4nteln<\/p>\n<\/li>\n<li data-start=\"1425\" data-end=\"1496\">\n<p data-start=\"1427\" data-end=\"1496\">Vollst\u00e4ndige OEM\/ODM-Anpassung von Hundem\u00e4nteln mit eigenem Branding<\/p>\n<\/li>\n<li data-start=\"1497\" data-end=\"1570\">\n<p data-start=\"1499\" data-end=\"1570\">Nahtlose globale Exportlogistik f\u00fcr Hundem\u00e4ntel von Dog Coat China<\/p>\n<\/li>\n<li data-start=\"1571\" data-end=\"1668\">\n<p data-start=\"1573\" data-end=\"1668\">Vertraut von internationalen Einzelh\u00e4ndlern, Boutique-Marken und gro\u00dfen Gro\u00dfh\u00e4ndlern f\u00fcr Hundem\u00e4ntel<\/p>\n<\/li>\n<\/ul>\n<p data-start=\"1670\" data-end=\"1966\">Unsere Hundem\u00e4ntel sind mit weichem Futter, verstellbaren Tr\u00e4gern f\u00fcr einen sicheren Sitz und wetterfesten Materialien ausgestattet, die Haustiere warm und bequem halten.<\/p>\n<p data-start=\"1670\" data-end=\"1966\">Diese M\u00e4ntel wurden mit Blick auf Mode und Funktionalit\u00e4t entworfen und eignen sich ideal f\u00fcr jedes Marktsegment \u2013 von preisg\u00fcnstigen Linien bis hin zu Premium-Kollektionen.<\/p>\n<p data-start=\"1968\" data-end=\"2152\">Gehen Sie noch heute eine Partnerschaft mit uns ein, um Hundem\u00e4ntel direkt von einem zuverl\u00e4ssigen Hersteller von Hundem\u00e4nteln in China zu beziehen und Ihr Gesch\u00e4ft mit vertrauensw\u00fcrdigen Lieferanten von Hundem\u00e4nteln weltweit auszubauen.<\/p>\n<h3><strong>FAQ: Big Dogs Clothing Manufacturing<\/strong><\/h3>\n<p class=\"ds-markdown-paragraph\"><strong>F1: Welche Gr\u00f6\u00dfen bieten Sie f\u00fcr Kleidung f\u00fcr gro\u00dfe Hunde an?<\/strong><br \/>\nA: Wir haben uns auf die Gr\u00f6\u00dfen XL bis 5XL spezialisiert, die speziell f\u00fcr gro\u00dfe Rassen wie Mastiffs, Deutsche Doggen und Bernhardiner entwickelt wurden. Jede Gr\u00f6\u00dfe verf\u00fcgt \u00fcber verst\u00e4rkte N\u00e4hte und Stretcheins\u00e4tze f\u00fcr optimalen Komfort.<\/p>\n<p class=\"ds-markdown-paragraph\"><strong>F2: Wie hoch ist die Mindestbestellmenge f\u00fcr individuelle Kleidung f\u00fcr gro\u00dfe Hunde?<\/strong><br \/>\nA: Unser MOQ beginnt bei 200 St\u00fcck f\u00fcr Standarddesigns. F\u00fcr ODM\/OEM-Projekte bieten wir flexible MOQs - kontaktieren Sie uns, um Ihre spezifischen Anforderungen zu besprechen.<\/p>\n<p class=\"ds-markdown-paragraph\"><strong>F3: Wie lange dauert die Produktion bei Gro\u00dfauftr\u00e4gen?<\/strong><br \/>\nA: Die Standardproduktionszeit betr\u00e4gt 30 Tage f\u00fcr Gro\u00dfhandelsauftr\u00e4ge. F\u00fcr dringende Projekte bieten wir eine beschleunigte Produktion von 15 Tagen an (es fallen zus\u00e4tzliche Geb\u00fchren an).<\/p>\n<p class=\"ds-markdown-paragraph\"><strong>F4: Bieten Sie kundenspezifische Designdienstleistungen an?<\/strong><br \/>\nA: Ja! Wir bieten umfassende ODM\/OEM- und Eigenmarken-Dienstleistungen an. Unser Designteam kann kundenspezifische Muster, Stoffe und Markenzeichen nach Ihren Vorgaben entwerfen.<\/p>\n<p class=\"ds-markdown-paragraph\"><strong>F5: \u00dcber welche Qualit\u00e4tszertifikate verf\u00fcgen Sie?<\/strong><br \/>\nA: Wir sind ISO-zertifiziert, und alle unsere Materialien entsprechen den OEKO-TEX\u00ae Normen. Wir liefern mit jeder Lieferung einen Qualit\u00e4tspr\u00fcfungsbericht.<\/p>\n<p class=\"ds-markdown-paragraph\"><strong>F6: Kann ich Muster erhalten, bevor ich eine Gro\u00dfbestellung aufgebe?<\/strong><br \/>\nA: Auf jeden Fall! Wir bieten einen Musterservice mit einer Bearbeitungszeit von 7 Tagen. Muster sind f\u00fcr alle unsere gro\u00dfen Hundekleidungsdesigns erh\u00e4ltlich.<\/p>\n<p class=\"ds-markdown-paragraph\"><strong>F7: Wie ist Ihre Preisstruktur f\u00fcr Gro\u00dfhandelsbestellungen?<\/strong><br \/>\nA: Wir bieten gestaffelte Preise - beginnend mit 2a 5% Rabatt f\u00fcr 500+ Einheiten. Kontaktieren Sie uns f\u00fcr ein detailliertes Angebot auf der Grundlage Ihrer spezifischen Anforderungen.<\/p>\n<p class=\"ds-markdown-paragraph\"><strong>F8: K\u00fcmmern Sie sich um internationale Versand- und Exportdokumente?<\/strong><br \/>\nA: Ja, wir k\u00fcmmern uns um den kompletten Export von Hundebekleidung, einschlie\u00dflich aller Zolldokumente, der Versandlogistik und des Papierkrams zur Einhaltung der Vorschriften.<\/p>\n<p class=\"ds-markdown-paragraph\"><strong>F9: Welche Materialien verwenden Sie f\u00fcr die Kleidung von gro\u00dfen Hunden?<\/strong><br \/>\nA: Wir verwenden hochwertige Materialien wie wetterfeste Stoffe, atmungsaktive Baumwollstoffe und dehnbare Strickwaren, die alle auf Haltbarkeit und Komfort f\u00fcr gro\u00dfe Rassen ausgelegt sind.<\/p>\n<p class=\"ds-markdown-paragraph\"><strong>F10: Wie kann ich die Zusammenarbeit mit Ihrem Unternehmen beginnen?<\/strong><br \/>\nA: Fordern Sie einfach unsere XL-Gr\u00f6\u00dfentabelle und unseren Produktkatalog an. Unser Vertriebsteam wird sich innerhalb von 24 Stunden mit Ihnen in Verbindung setzen, um Ihre Projektanforderungen zu besprechen und ma\u00dfgeschneiderte L\u00f6sungen anzubieten.<\/p>","protected":false},"excerpt":{"rendered":"<h2>Big Dogs Kleidung<\/h2>\n<p class=\"ds-markdown-paragraph\">Wir haben uns auf die Herstellung von hochwertiger Haustierbekleidung aus erstklassigen Stoffen spezialisiert, die bequem, langlebig und haustiersicher sind. Unsere Fabrik bietet einen kompletten ODM\/OEM-Service f\u00fcr Hundepullover, Schlafanz\u00fcge, Kost\u00fcme und Funktionskleidung.<\/p>\n<p class=\"ds-markdown-paragraph\">Wir verwenden weiche, atmungsaktive Materialien, die den internationalen Sicherheitsstandards entsprechen, und entwerfen ma\u00dfgeschneiderte Designs mit perfekter Passform f\u00fcr alle Hunderassen. Vom einfachen Pullover bis zum modischen Outfit ist jedes Teil mit sicheren N\u00e4hten und tierfreundlichen Verschl\u00fcssen ausgestattet.<\/p>\n<p class=\"ds-markdown-paragraph\">Wir bieten Einzelh\u00e4ndlern und Gro\u00dfh\u00e4ndlern wettbewerbsf\u00e4hige Gro\u00dfhandelspreise. Alle Bestellungen umfassen eine vollst\u00e4ndige Exportdokumentation und Qualit\u00e4tssicherung.<\/p>\n<p class=\"ds-markdown-paragraph\">Setzen Sie sich mit uns in Verbindung, um Ihre eigene Bekleidungslinie f\u00fcr Haustiere mit individuellen Mustern, Gr\u00f6\u00dfen und Markenoptionen zu entwickeln.<\/p>\n<table width=\"288\">\n<tbody>\n<tr>\n<td width=\"137\"><span style=\"color: #333333;\">Produktname<\/span><\/td>\n<td width=\"151\"><span style=\"color: #333333;\">Haustier-Kleidung<\/span><\/td>\n<\/tr>\n<tr>\n<td><span style=\"color: #333333;\">Artikel Nr.<\/span><\/td>\n<td><span style=\"color: #333333;\">P-C3010<\/span><\/td>\n<\/tr>\n<tr>\n<td><span style=\"color: #333333;\">Material<\/span><\/td>\n<td>Baumwolle, Polyester, Vlies<\/td>\n<\/tr>\n<tr>\n<td><span style=\"color: #333333;\">\u00a0Gr\u00f6\u00dfe und Farbe<\/span><\/td>\n<td><span style=\"color: #333333;\">Kundenspezifisch<\/span><\/td>\n<\/tr>\n<tr>\n<td><span style=\"color: #333333;\">\u00a0Lieferfrist<\/span><\/td>\n<td><span style=\"color: #333333;\">1 - 5 Tage f\u00fcr kleine Mengen auf dem Luftweg und 30 - 35 Tage f\u00fcr gro\u00dfe Mengen auf dem Seeweg<\/span><\/td>\n<\/tr>\n<\/tbody>\n<\/table>","protected":false},"featured_media":23589,"template":"","meta":{"_seopress_robots_primary_cat":"none","_seopress_titles_title":"Big Dogs Clothing\u200b\u200b | ODM & OEM Solutions","_seopress_titles_desc":"As Big Dogs Clothing Factory, we design premium knitwear for pets worldwide. Bulk orders, OEM services. Request free cozy samples today!","_seopress_robots_index":"","_seopress_analysis_target_kw":"Big Dogs Clothing","_uag_custom_page_level_css":""},"product_brand":[],"product_cat":[364,342,23],"product_tag":[],"class_list":{"0":"post-23580","1":"product","2":"type-product","3":"status-publish","4":"has-post-thumbnail","6":"product_cat-basic-dog-clothing","7":"product_cat-pet-coat","8":"product_cat-pet-clothing","10":"first","11":"instock","12":"shipping-taxable","13":"product-type-simple"},"uagb_featured_image_src":{"full":["https:\/\/pecpets.com\/wp-content\/uploads\/2025\/11\/O1CN01C13HQ51tVv31AG5p1_1002895908-0-cib.jpg",1200,800,false],"thumbnail":["https:\/\/pecpets.com\/wp-content\/uploads\/2025\/11\/O1CN01C13HQ51tVv31AG5p1_1002895908-0-cib-150x150.jpg",150,150,true],"medium":["https:\/\/pecpets.com\/wp-content\/uploads\/2025\/11\/O1CN01C13HQ51tVv31AG5p1_1002895908-0-cib-300x200.jpg",300,200,true],"medium_large":["https:\/\/pecpets.com\/wp-content\/uploads\/2025\/11\/O1CN01C13HQ51tVv31AG5p1_1002895908-0-cib-768x512.jpg",768,512,true],"large":["https:\/\/pecpets.com\/wp-content\/uploads\/2025\/11\/O1CN01C13HQ51tVv31AG5p1_1002895908-0-cib-1024x683.jpg",800,534,true],"1536x1536":["https:\/\/pecpets.com\/wp-content\/uploads\/2025\/11\/O1CN01C13HQ51tVv31AG5p1_1002895908-0-cib.jpg",1200,800,false],"2048x2048":["https:\/\/pecpets.com\/wp-content\/uploads\/2025\/11\/O1CN01C13HQ51tVv31AG5p1_1002895908-0-cib.jpg",1200,800,false],"trp-custom-language-flag":["https:\/\/pecpets.com\/wp-content\/uploads\/2025\/11\/O1CN01C13HQ51tVv31AG5p1_1002895908-0-cib-18x12.jpg",18,12,true],"woocommerce_thumbnail":["https:\/\/pecpets.com\/wp-content\/uploads\/2025\/11\/O1CN01C13HQ51tVv31AG5p1_1002895908-0-cib-300x300.jpg",300,300,true],"woocommerce_single":["https:\/\/pecpets.com\/wp-content\/uploads\/2025\/11\/O1CN01C13HQ51tVv31AG5p1_1002895908-0-cib-600x400.jpg",600,400,true],"woocommerce_gallery_thumbnail":["https:\/\/pecpets.com\/wp-content\/uploads\/2025\/11\/O1CN01C13HQ51tVv31AG5p1_1002895908-0-cib-100x100.jpg",100,100,true]},"uagb_author_info":{"display_name":"Lawrence\u00a0\u52b3\u4f26\u65af","author_link":"https:\/\/pecpets.com\/de\/author\/"},"uagb_comment_info":0,"uagb_excerpt":"Big Dogs Clothing We specialize in producing high-quality pet clothing with premium fabrics that are comfortable, durable, and pet-safe. Our factory offers complete ODM\/OEM services for dog sweaters, pajamas, costumes and functional wear. Using soft, breathable materials that meet international safety standards, we create custom designs with a perfect fit for all dog breeds. From&hellip;","_links":{"self":[{"href":"https:\/\/pecpets.com\/de\/wp-json\/wp\/v2\/product\/23580","targetHints":{"allow":["GET"]}}],"collection":[{"href":"https:\/\/pecpets.com\/de\/wp-json\/wp\/v2\/product"}],"about":[{"href":"https:\/\/pecpets.com\/de\/wp-json\/wp\/v2\/types\/product"}],"wp:featuredmedia":[{"embeddable":true,"href":"https:\/\/pecpets.com\/de\/wp-json\/wp\/v2\/media\/23589"}],"wp:attachment":[{"href":"https:\/\/pecpets.com\/de\/wp-json\/wp\/v2\/media?parent=23580"}],"wp:term":[{"taxonomy":"product_brand","embeddable":true,"href":"https:\/\/pecpets.com\/de\/wp-json\/wp\/v2\/product_brand?post=23580"},{"taxonomy":"product_cat","embeddable":true,"href":"https:\/\/pecpets.com\/de\/wp-json\/wp\/v2\/product_cat?post=23580"},{"taxonomy":"product_tag","embeddable":true,"href":"https:\/\/pecpets.com\/de\/wp-json\/wp\/v2\/product_tag?post=23580"}],"curies":[{"name":"wp","href":"https:\/\/api.w.org\/{rel}","templated":true}]}}