{"id":5289,"date":"2024-05-08T15:59:52","date_gmt":"2024-05-08T07:59:52","guid":{"rendered":"https:\/\/pecpets.com\/?post_type=product&#038;p=5289"},"modified":"2024-06-12T15:12:46","modified_gmt":"2024-06-12T07:12:46","slug":"dog-leash-custom-color","status":"publish","type":"product","link":"https:\/\/pecpets.com\/de\/product\/dog-leash-custom-color\/","title":{"rendered":"Hundeleine Custom Color"},"content":{"rendered":"<h2 data-immersive-translate-walked=\"a31ad6ab-e45e-43ba-80ae-f8cca86f0c4e\"><strong data-immersive-translate-walked=\"a31ad6ab-e45e-43ba-80ae-f8cca86f0c4e\">Luxus Heavy-Duty Big Dog Leash Factory | Pet Training Rope Lieferant<\/strong><\/h2>\n<p data-immersive-translate-walked=\"a31ad6ab-e45e-43ba-80ae-f8cca86f0c4e\" data-immersive-translate-paragraph=\"1\">Willkommen bei unserer erstklassigen Auswahl an Leinen f\u00fcr gro\u00dfe Hunde, die sich perfekt f\u00fcr das Training und die t\u00e4glichen Spazierg\u00e4nge eignen. Unsere werkseitig hergestellten Trainingsleinen f\u00fcr Haustiere sind auf Langlebigkeit und Komfort ausgelegt und somit ideal f\u00fcr gro\u00dfe Hunde. Egal ob Sie Tierbesitzer oder H\u00e4ndler sind, unsere Luxusleinen sind die perfekte Wahl f\u00fcr alle, die Qualit\u00e4t und Stil bei Haustierzubeh\u00f6r suchen.<\/p>\n<p data-immersive-translate-walked=\"a31ad6ab-e45e-43ba-80ae-f8cca86f0c4e\" data-immersive-translate-paragraph=\"1\">Erkunden Sie noch heute unser Angebot an strapazierf\u00e4higen Hundeleinen und entdecken Sie, warum sich unsere Produkte von anderen abheben. Mit dem Fokus auf handwerkliche Qualit\u00e4t und Langlebigkeit stellt unsere Fabrik sicher, dass jede Leine die h\u00f6chsten Standards erf\u00fcllt. Verabschieden Sie sich von fadenscheinigem Zubeh\u00f6r f\u00fcr Ihr Haustier und steigen Sie auf unsere luxuri\u00f6sen Hundeleinen um, um ein besseres Lauferlebnis zu haben.<\/p>\n<p data-immersive-translate-walked=\"a31ad6ab-e45e-43ba-80ae-f8cca86f0c4e\" data-immersive-translate-paragraph=\"1\">Entscheiden Sie sich f\u00fcr unsere Fabrik, wenn Sie ein Trainingsseil f\u00fcr Ihr Haustier ben\u00f6tigen, und erleben Sie den Unterschied in Qualit\u00e4t und Leistung. Kaufen Sie jetzt ein und verw\u00f6hnen Sie Ihren pelzigen Freund mit dem besten Zubeh\u00f6r f\u00fcr Haustiere!<\/p>","protected":false},"excerpt":{"rendered":"<div class=\"elementor-element elementor-element-36a3285 elementor-widget elementor-widget-woocommerce-product-title elementor-page-title elementor-widget-heading\" data-id=\"36a3285\" data-element_type=\"widget\" data-widget_type=\"woocommerce-product-title.default\">\n<div class=\"elementor-widget-container\">\n<h1 class=\"product_title entry-title elementor-heading-title elementor-size-default\">Hundeleine benutzerdefinierte Farbe und niedrige MOQ<\/h1>\n<\/div>\n<\/div>\n<div class=\"elementor-element elementor-element-f148377 elementor-widget elementor-widget-woocommerce-product-content\" data-id=\"f148377\" data-element_type=\"widget\" data-widget_type=\"woocommerce-product-content.default\">\n<div class=\"elementor-widget-container\">\n<table class=\"is-zebra all magic-1\" style=\"height: 309px;\" width=\"390\">\n<tbody>\n<tr>\n<td colspan=\"1\" rowspan=\"1\">\n<div class=\"magic-2\">Produkttyp<\/div>\n<\/td>\n<td colspan=\"1\" rowspan=\"1\">\n<div class=\"magic-3\">Gro\u00dfhandel Haustier Leine<\/div>\n<\/td>\n<\/tr>\n<tr>\n<td colspan=\"1\" rowspan=\"1\">\n<div class=\"magic-2\">Material<\/div>\n<\/td>\n<td colspan=\"1\" rowspan=\"1\">\n<div class=\"magic-3\">Nylon<\/div>\n<\/td>\n<\/tr>\n<tr>\n<td colspan=\"1\" rowspan=\"1\">\n<div class=\"magic-2\">Gestaltung<\/div>\n<\/td>\n<td colspan=\"1\" rowspan=\"1\">\n<div class=\"magic-3\">Auf Lager Design<\/div>\n<\/td>\n<\/tr>\n<tr>\n<td colspan=\"1\" rowspan=\"1\">\n<div class=\"magic-2\">Verwendung<\/div>\n<\/td>\n<td colspan=\"1\" rowspan=\"1\">\n<div class=\"magic-3\">Hunde ausf\u00fchren<\/div>\n<\/td>\n<\/tr>\n<tr>\n<td colspan=\"1\" rowspan=\"1\">\n<div class=\"magic-2\">Merkmal<\/div>\n<\/td>\n<td colspan=\"1\" rowspan=\"1\">\n<div class=\"magic-3\">Nachhaltig<\/div>\n<\/td>\n<\/tr>\n<tr>\n<td colspan=\"1\" rowspan=\"1\">\n<div class=\"magic-2\">MOQ<\/div>\n<\/td>\n<td colspan=\"1\" rowspan=\"1\">\n<div class=\"magic-3\">100 St\u00fcck<\/div>\n<\/td>\n<\/tr>\n<tr>\n<td colspan=\"1\" rowspan=\"1\">\n<div class=\"magic-2\">Probezeit<\/div>\n<\/td>\n<td colspan=\"1\" rowspan=\"1\">\n<div class=\"magic-3\">5-7 Arbeitstage<\/div>\n<\/td>\n<\/tr>\n<tr>\n<td colspan=\"1\" rowspan=\"1\">\n<div class=\"magic-2\">OEM-Dienst<\/div>\n<\/td>\n<td colspan=\"1\" rowspan=\"1\">\n<div class=\"magic-3\">Verf\u00fcgbar<\/div>\n<\/td>\n<\/tr>\n<\/tbody>\n<\/table>\n<\/div>\n<\/div>","protected":false},"featured_media":5285,"template":"","meta":{"_seopress_robots_primary_cat":"none","_seopress_titles_title":"","_seopress_titles_desc":"Explore our Dog Leash custom color, combining durability and comfort. Ideal for manufacturers seeking high-quality, customizable pet leashes for wholesale.\u00a0","_seopress_robots_index":"","_seopress_analysis_target_kw":"Dog Leash Custom Color","_uag_custom_page_level_css":""},"product_brand":[],"product_cat":[325,28],"product_tag":[],"class_list":{"0":"post-5289","1":"product","2":"type-product","3":"status-publish","4":"has-post-thumbnail","6":"product_cat-chew-resistant-dog-leashes","7":"product_cat-pet-leash","9":"first","10":"instock","11":"shipping-taxable","12":"product-type-simple"},"uagb_featured_image_src":{"full":["https:\/\/pecpets.com\/wp-content\/uploads\/2024\/05\/pet-dog-leash4.jpg",1000,1000,false],"thumbnail":["https:\/\/pecpets.com\/wp-content\/uploads\/2024\/05\/pet-dog-leash4.jpg",150,150,false],"medium":["https:\/\/pecpets.com\/wp-content\/uploads\/2024\/05\/pet-dog-leash4.jpg",300,300,false],"medium_large":["https:\/\/pecpets.com\/wp-content\/uploads\/2024\/05\/pet-dog-leash4.jpg",768,768,false],"large":["https:\/\/pecpets.com\/wp-content\/uploads\/2024\/05\/pet-dog-leash4.jpg",800,800,false],"1536x1536":["https:\/\/pecpets.com\/wp-content\/uploads\/2024\/05\/pet-dog-leash4.jpg",1000,1000,false],"2048x2048":["https:\/\/pecpets.com\/wp-content\/uploads\/2024\/05\/pet-dog-leash4.jpg",1000,1000,false],"trp-custom-language-flag":["https:\/\/pecpets.com\/wp-content\/uploads\/2024\/05\/pet-dog-leash4.jpg",12,12,false],"woocommerce_thumbnail":["https:\/\/pecpets.com\/wp-content\/uploads\/2024\/05\/pet-dog-leash4.jpg",300,300,false],"woocommerce_single":["https:\/\/pecpets.com\/wp-content\/uploads\/2024\/05\/pet-dog-leash4.jpg",600,600,false],"woocommerce_gallery_thumbnail":["https:\/\/pecpets.com\/wp-content\/uploads\/2024\/05\/pet-dog-leash4.jpg",100,100,false]},"uagb_author_info":{"display_name":"Lawrence\u00a0\u52b3\u4f26\u65af","author_link":"https:\/\/pecpets.com\/de\/author\/"},"uagb_comment_info":0,"uagb_excerpt":"Dog Leash Custom Color and Low MOQ Product Type Wholesale Pet Leash Material Nylon Design In Stock Design Usage Walk Dogs Feature Sustainable MOQ 100 Pieces Sample Time 5-7 working days OEM Service Available","_links":{"self":[{"href":"https:\/\/pecpets.com\/de\/wp-json\/wp\/v2\/product\/5289","targetHints":{"allow":["GET"]}}],"collection":[{"href":"https:\/\/pecpets.com\/de\/wp-json\/wp\/v2\/product"}],"about":[{"href":"https:\/\/pecpets.com\/de\/wp-json\/wp\/v2\/types\/product"}],"wp:featuredmedia":[{"embeddable":true,"href":"https:\/\/pecpets.com\/de\/wp-json\/wp\/v2\/media\/5285"}],"wp:attachment":[{"href":"https:\/\/pecpets.com\/de\/wp-json\/wp\/v2\/media?parent=5289"}],"wp:term":[{"taxonomy":"product_brand","embeddable":true,"href":"https:\/\/pecpets.com\/de\/wp-json\/wp\/v2\/product_brand?post=5289"},{"taxonomy":"product_cat","embeddable":true,"href":"https:\/\/pecpets.com\/de\/wp-json\/wp\/v2\/product_cat?post=5289"},{"taxonomy":"product_tag","embeddable":true,"href":"https:\/\/pecpets.com\/de\/wp-json\/wp\/v2\/product_tag?post=5289"}],"curies":[{"name":"wp","href":"https:\/\/api.w.org\/{rel}","templated":true}]}}