{"id":5314,"date":"2024-05-09T10:49:47","date_gmt":"2024-05-09T02:49:47","guid":{"rendered":"https:\/\/pecpets.com\/?post_type=product&#038;p=5314"},"modified":"2024-06-12T15:03:46","modified_gmt":"2024-06-12T07:03:46","slug":"designer-dog-harness-7","status":"publish","type":"product","link":"https:\/\/pecpets.com\/de\/product\/designer-dog-harness-7\/","title":{"rendered":"Designer Hundegeschirr"},"content":{"rendered":"<h2 data-immersive-translate-walked=\"aa333ee4-404a-4aef-9a25-2ecc46165f31\" data-immersive-translate-paragraph=\"1\">Fabrik Designer Hundegeschirr | Hund weiches Geschirr einstellbar f\u00fcr einfachen Spaziergang<\/h2>\n<p data-immersive-translate-walked=\"aa333ee4-404a-4aef-9a25-2ecc46165f31\" data-immersive-translate-paragraph=\"1\">Suchen Sie nach Designer-Hundegeschirren?<\/p>\n<p data-immersive-translate-walked=\"aa333ee4-404a-4aef-9a25-2ecc46165f31\" data-immersive-translate-paragraph=\"1\">Unser werkseitig hergestelltes Softgeschirr f\u00fcr Hunde bietet eine verstellbare Gr\u00f6\u00dfe f\u00fcr einen einfachen Spaziergang mit Ihrem pelzigen Freund.<\/p>\n<p data-immersive-translate-walked=\"aa333ee4-404a-4aef-9a25-2ecc46165f31\" data-immersive-translate-paragraph=\"1\">Diese strapazierf\u00e4higen und stilvollen Geschirre sind die perfekte Wahl f\u00fcr Tierhalter und Einzelh\u00e4ndler gleicherma\u00dfen.<\/p>\n<p data-immersive-translate-walked=\"aa333ee4-404a-4aef-9a25-2ecc46165f31\" data-immersive-translate-paragraph=\"1\">Entdecken Sie noch heute unser Angebot an Designer-Hundegeschirren und bieten Sie Ihren Kunden das Beste an Komfort und Stil.<\/p>","protected":false},"excerpt":{"rendered":"<h2>Designer Hundegeschirr<\/h2>\n<table style=\"border-collapse: collapse; background-color: #ffffff; width: 721px; height: 192px;\" border=\"1\">\n<tbody>\n<tr>\n<td style=\"font-family: Verdana, Arial, Helvetica, sans-serif; font-size: 12px; color: #000000; margin: 8px; width: 187px; text-align: center;\"><span style=\"line-height: 21px; font-size: 14px;\">Produkte Name<\/span><\/td>\n<td style=\"font-family: Verdana, Arial, Helvetica, sans-serif; font-size: 12px; color: #000000; margin: 8px; width: 526px; text-align: center;\"><span style=\"font-size: 14px;\">Hundegeschirr<\/span><\/td>\n<\/tr>\n<tr>\n<td style=\"font-family: Verdana, Arial, Helvetica, sans-serif; font-size: 12px; color: #000000; margin: 8px; width: 187px; text-align: center;\"><span style=\"line-height: 21px; font-size: 14px;\">Artikel Nr.<\/span><\/td>\n<td style=\"font-family: Verdana, Arial, Helvetica, sans-serif; font-size: 12px; color: #000000; margin: 8px; width: 526px; text-align: center;\"><span style=\"line-height: 21px; font-size: 14px;\">Y2106<\/span><\/td>\n<\/tr>\n<tr>\n<td style=\"font-family: Verdana, Arial, Helvetica, sans-serif; font-size: 12px; color: #000000; margin: 8px; width: 187px; text-align: center;\"><span style=\"line-height: 21px; color: #333333; font-family: Arial, Helvetica; font-size: 14px; font-style: normal; font-weight: 400; background-color: #ffffff; float: none; display: inline !important;\">Material<\/span><\/td>\n<td style=\"font-family: Verdana, Arial, Helvetica, sans-serif; font-size: 12px; color: #000000; margin: 8px; width: 526px; text-align: center;\"><span style=\"font-size: 14px;\">Polyester<\/span><\/td>\n<\/tr>\n<tr>\n<td style=\"font-family: Verdana, Arial, Helvetica, sans-serif; font-size: 12px; color: #000000; margin: 8px; width: 187px; text-align: center;\"><span style=\"line-height: 21px; font-size: 14px;\">\u00a0Gr\u00f6\u00dfe<\/span><\/td>\n<td style=\"font-family: Verdana, Arial, Helvetica, sans-serif; font-size: 12px; color: #000000; margin: 8px; width: 526px; text-align: center;\"><span style=\"font-size: 14px;\">Benutzerdefinierte Gr\u00f6\u00dfe<\/span><\/td>\n<\/tr>\n<tr>\n<td style=\"font-family: Verdana, Arial, Helvetica, sans-serif; font-size: 12px; color: #000000; margin: 8px; width: 187px; text-align: center;\"><span style=\"line-height: 21px; font-size: 14px;\">\u00a0Farbe<\/span><\/td>\n<td style=\"font-family: Verdana, Arial, Helvetica, sans-serif; font-size: 12px; color: #000000; margin: 8px; width: 526px; text-align: center;\"><span style=\"line-height: 21px; font-size: 14px;\">Benutzerdefinierte Farbe\u00a0<\/span><\/td>\n<\/tr>\n<tr>\n<td style=\"font-family: Verdana, Arial, Helvetica, sans-serif; font-size: 12px; color: #000000; margin: 8px; width: 187px; text-align: center;\"><span style=\"line-height: 21px; font-size: 14px;\">\u00a0<span style=\"line-height: 21px; color: #333333; font-family: Arial, Helvetica; font-size: 14px; font-style: normal; font-weight: 400; background-color: #ffffff; float: none; display: inline !important;\">Tierart<\/span><\/span><\/td>\n<td style=\"font-family: Verdana, Arial, Helvetica, sans-serif; font-size: 12px; color: #000000; margin: 8px; width: 526px; text-align: center;\"><span style=\"line-height: 21px; font-size: 14px;\">\u00a0Alle Hund<\/span><\/td>\n<\/tr>\n<tr>\n<td style=\"font-family: Verdana, Arial, Helvetica, sans-serif; font-size: 12px; color: #000000; margin: 8px; width: 187px; text-align: center;\"><span style=\"line-height: 21px; font-size: 14px;\">\u00a0<span style=\"line-height: 21px; color: #333333; font-family: Arial, Helvetica; font-size: 14px; font-style: normal; font-weight: 400; background-color: #ffffff; float: none; display: inline !important;\">Lieferfrist<\/span><\/span><\/td>\n<td style=\"font-family: Verdana, Arial, Helvetica, sans-serif; font-size: 12px; color: #000000; margin: 8px; width: 526px; text-align: center;\"><span style=\"line-height: 21px; font-size: 14px;\"><span style=\"line-height: 21px; color: #000000; font-family: Verdana, Arial, Helvetica, sans-serif; font-size: 14px; font-style: normal; font-weight: 400; background-color: #ffffff; float: none; display: inline !important;\">1-5 Tage f\u00fcr kleine Mengen auf dem Luftweg und 30-35 Tage f\u00fcr gro\u00dfe Mengen auf dem Seeweg<span class=\"notranslate immersive-translate-target-wrapper immersive-translate-target-wrapper-error\" lang=\"zh-CN\" translate=\"no\" data-immersive-translate-error-id=\"1\"><a><span class=\"immersive-translate-error notranslate\">\u00a0<\/span><\/a><\/span><span class=\"notranslate immersive-translate-target-wrapper\" lang=\"zh-CN\" translate=\"no\" data-immersive-translate-loading-id=\"1\">\u00a0<\/span><\/span><\/span><\/td>\n<\/tr>\n<tr>\n<td style=\"font-family: Verdana, Arial, Helvetica, sans-serif; font-size: 12px; color: #000000; margin: 8px; width: 187px; text-align: center;\"><span style=\"line-height: 21px; font-size: 14px;\">\u00a0<span style=\"line-height: 21px; color: #333333; font-family: Arial, Helvetica; font-size: 14px; font-style: normal; font-weight: 400; background-color: #ffffff; float: none; display: inline !important;\">Hafen der Verschiffung<\/span><\/span><\/td>\n<td style=\"font-family: Verdana, Arial, Helvetica, sans-serif; font-size: 12px; color: #000000; margin: 8px; width: 526px; text-align: center;\"><span style=\"line-height: 21px; font-size: 14px;\">Xiamen\u00a0<\/span><\/td>\n<\/tr>\n<tr>\n<td style=\"font-family: Verdana, Arial, Helvetica, sans-serif; font-size: 12px; color: #000000; margin: 8px; width: 187px; text-align: center;\"><span style=\"line-height: 21px; font-size: 14px;\">\u00a0<span style=\"line-height: 21px; color: #333333; font-family: Arial, Helvetica; font-size: 14px; font-style: normal; font-weight: 400; background-color: #ffffff; float: none; display: inline !important;\">OEM\/ODM<\/span><\/span><\/td>\n<td style=\"font-family: Verdana, Arial, Helvetica, sans-serif; font-size: 12px; color: #000000; margin: 8px; width: 526px; text-align: center;\"><span style=\"line-height: 21px; font-size: 14px;\">\u00a0<span style=\"line-height: 21px; color: #333333; font-family: Arial, Helvetica; font-size: 14px; font-style: normal; font-weight: 400; background-color: #ffffff; float: none; display: inline !important;\">Verf\u00fcgbar<\/span><\/span><\/td>\n<\/tr>\n<tr>\n<td style=\"font-family: Verdana, Arial, Helvetica, sans-serif; font-size: 12px; color: #000000; margin: 8px; width: 187px; text-align: center;\"><span style=\"line-height: 21px; font-size: 14px;\">\u00a0<span style=\"line-height: 21px; color: #333333; font-family: Arial, Helvetica; font-size: 14px; font-style: normal; font-weight: 400; background-color: #ffffff; float: none; display: inline !important;\">Paket<\/span><\/span><\/td>\n<td style=\"font-family: Verdana, Arial, Helvetica, sans-serif; font-size: 12px; color: #000000; margin: 8px; width: 526px; text-align: center;\"><span style=\"line-height: 21px; font-size: 14px;\"><span style=\"line-height: 21px; color: #333333; font-family: Arial, Helvetica; font-size: 14px; font-style: normal; font-weight: 400; background-color: #ffffff; float: none; display: inline !important;\">Jedes St\u00fcck verpackt in einem PPB und dann in einem Karton oder nach Bedarf<\/span><\/span><\/td>\n<\/tr>\n<\/tbody>\n<\/table>","protected":false},"featured_media":5321,"template":"","meta":{"_seopress_robots_primary_cat":"none","_seopress_titles_title":"Dog Harness: Designer Dog Harness - Top Manufacturers","_seopress_titles_desc":"Discover our Designer Dog Harness, a stylish and durable pet harness perfect for discerning manufacturers. Ideal for wholesale buyers seeking premium quality.","_seopress_robots_index":"","_uag_custom_page_level_css":""},"product_brand":[],"product_cat":[356,212],"product_tag":[],"class_list":{"0":"post-5314","1":"product","2":"type-product","3":"status-publish","4":"has-post-thumbnail","6":"product_cat-padded-dog-harnesses","7":"product_cat-pet-harness","9":"first","10":"instock","11":"shipping-taxable","12":"product-type-simple"},"uagb_featured_image_src":{"full":["https:\/\/pecpets.com\/wp-content\/uploads\/2024\/05\/Designer-Dog-Harness7-1.webp",800,800,false],"thumbnail":["https:\/\/pecpets.com\/wp-content\/uploads\/2024\/05\/Designer-Dog-Harness7-1.webp",150,150,false],"medium":["https:\/\/pecpets.com\/wp-content\/uploads\/2024\/05\/Designer-Dog-Harness7-1.webp",300,300,false],"medium_large":["https:\/\/pecpets.com\/wp-content\/uploads\/2024\/05\/Designer-Dog-Harness7-1.webp",768,768,false],"large":["https:\/\/pecpets.com\/wp-content\/uploads\/2024\/05\/Designer-Dog-Harness7-1.webp",800,800,false],"1536x1536":["https:\/\/pecpets.com\/wp-content\/uploads\/2024\/05\/Designer-Dog-Harness7-1.webp",800,800,false],"2048x2048":["https:\/\/pecpets.com\/wp-content\/uploads\/2024\/05\/Designer-Dog-Harness7-1.webp",800,800,false],"trp-custom-language-flag":["https:\/\/pecpets.com\/wp-content\/uploads\/2024\/05\/Designer-Dog-Harness7-1.webp",12,12,false],"woocommerce_thumbnail":["https:\/\/pecpets.com\/wp-content\/uploads\/2024\/05\/Designer-Dog-Harness7-1.webp",300,300,false],"woocommerce_single":["https:\/\/pecpets.com\/wp-content\/uploads\/2024\/05\/Designer-Dog-Harness7-1.webp",600,600,false],"woocommerce_gallery_thumbnail":["https:\/\/pecpets.com\/wp-content\/uploads\/2024\/05\/Designer-Dog-Harness7-1.webp",100,100,false]},"uagb_author_info":{"display_name":"Lawrence\u00a0\u52b3\u4f26\u65af","author_link":"https:\/\/pecpets.com\/de\/author\/"},"uagb_comment_info":0,"uagb_excerpt":"Designer Dog Harness Products Name Pet Harness Item No. Y2106 Material Polyester \u00a0Size Custom Size \u00a0Color Custom Color\u00a0 \u00a0Pet type \u00a0All Dog \u00a0Delivery time 1-5days\u00a0for small quantity by air and 30-35days for large quantity by sea\u00a0\u00a0 \u00a0Port of shipment Xiamen\u00a0 \u00a0OEM\/ODM \u00a0Available \u00a0Package Each one packed in a PPB then into Carton or per needed","_links":{"self":[{"href":"https:\/\/pecpets.com\/de\/wp-json\/wp\/v2\/product\/5314","targetHints":{"allow":["GET"]}}],"collection":[{"href":"https:\/\/pecpets.com\/de\/wp-json\/wp\/v2\/product"}],"about":[{"href":"https:\/\/pecpets.com\/de\/wp-json\/wp\/v2\/types\/product"}],"wp:featuredmedia":[{"embeddable":true,"href":"https:\/\/pecpets.com\/de\/wp-json\/wp\/v2\/media\/5321"}],"wp:attachment":[{"href":"https:\/\/pecpets.com\/de\/wp-json\/wp\/v2\/media?parent=5314"}],"wp:term":[{"taxonomy":"product_brand","embeddable":true,"href":"https:\/\/pecpets.com\/de\/wp-json\/wp\/v2\/product_brand?post=5314"},{"taxonomy":"product_cat","embeddable":true,"href":"https:\/\/pecpets.com\/de\/wp-json\/wp\/v2\/product_cat?post=5314"},{"taxonomy":"product_tag","embeddable":true,"href":"https:\/\/pecpets.com\/de\/wp-json\/wp\/v2\/product_tag?post=5314"}],"curies":[{"name":"wp","href":"https:\/\/api.w.org\/{rel}","templated":true}]}}