{"id":5760,"date":"2024-05-28T17:35:01","date_gmt":"2024-05-28T09:35:01","guid":{"rendered":"https:\/\/pecpets.com\/?post_type=product&#038;p=5760"},"modified":"2025-08-18T17:13:14","modified_gmt":"2025-08-18T09:13:14","slug":"dog-shoes-waterproof-dog-shoes","status":"publish","type":"product","link":"https:\/\/pecpets.com\/de\/product\/dog-shoes-waterproof-dog-shoes\/","title":{"rendered":"Hundeschuhe Wasserdichte Hundeschuhe"},"content":{"rendered":"<h2 data-immersive-translate-walked=\"b535e8cb-4fa8-4755-a6c9-df7ac573832a\"><strong data-immersive-translate-walked=\"b535e8cb-4fa8-4755-a6c9-df7ac573832a\" data-immersive-translate-paragraph=\"1\">Gro\u00dfhandel wasserdicht atmungsaktiv Hund Schuhe - Haustier Hund Schuhe f\u00fcr alle Jahreszeiten<\/strong><\/h2>\n<p data-immersive-translate-walked=\"b535e8cb-4fa8-4755-a6c9-df7ac573832a\" data-immersive-translate-paragraph=\"1\">Entdecken Sie unsere Kollektion an wasserdichten, atmungsaktiven Hundeschuhen im Gro\u00dfhandel, einschlie\u00dflich einer Vielzahl von Hundeschuhen f\u00fcr alle Jahreszeiten.<\/p>\n<table width=\"288\">\n<tbody>\n<tr>\n<td width=\"137\"><span style=\"color: #333333;\">Produkte Name<\/span><\/td>\n<td width=\"151\"><span style=\"color: #333333;\">Schuhe f\u00fcr Haustiere<\/span><\/td>\n<\/tr>\n<tr>\n<td><span style=\"color: #333333;\">Artikel Nr.<\/span><\/td>\n<td><span style=\"color: #333333;\">PA-S2016<\/span><\/td>\n<\/tr>\n<tr>\n<td><span style=\"color: #333333;\">Material<\/span><\/td>\n<td><span style=\"color: #333333;\">Gummi<\/span><\/td>\n<\/tr>\n<tr>\n<td><span style=\"color: #333333;\">\u00a0Gr\u00f6\u00dfe und Farbe<\/span><\/td>\n<td><span style=\"color: #333333;\">Kundenspezifisch<\/span><\/td>\n<\/tr>\n<tr>\n<td><span style=\"color: #333333;\">\u00a0Lieferfrist<\/span><\/td>\n<td><span style=\"color: #333333;\">1-5 Tage f\u00fcr kleine Mengen auf dem Luftweg und 30-35 Tage f\u00fcr gro\u00dfe Mengen auf dem Seeweg<\/span><\/td>\n<\/tr>\n<\/tbody>\n<\/table>\n<p data-immersive-translate-walked=\"b535e8cb-4fa8-4755-a6c9-df7ac573832a\" data-immersive-translate-paragraph=\"1\">Unsere Produkte sind widerstandsf\u00e4hig gegen verschiedene Bedingungen und bieten sowohl Stil als auch Funktionalit\u00e4t f\u00fcr Hundebesitzer, die die Pfoten ihrer pelzigen Freunde sch\u00fctzen wollen.<\/p>\n<p data-immersive-translate-walked=\"b535e8cb-4fa8-4755-a6c9-df7ac573832a\" data-immersive-translate-paragraph=\"1\">Von wasserdichten Eigenschaften bis hin zu Atmungsaktivit\u00e4t - unsere Hundeschuhe bieten Komfort und Schutz.<\/p>\n<p data-immersive-translate-walked=\"b535e8cb-4fa8-4755-a6c9-df7ac573832a\" data-immersive-translate-paragraph=\"1\">St\u00f6bern Sie noch heute in unserem Sortiment an Hundeschuhen f\u00fcr den Gro\u00dfhandel, um sicherzustellen, dass die Haustiere Ihrer Kunden stilvoll und sicher laufen.<\/p>","protected":false},"excerpt":{"rendered":"<h2>Hundeschuhe Wasserdichte Hundeschuhe<\/h2>\n<p>Entdecken Sie Hundeschuhe Wasserdichte Hundeschuhe.<\/p>\n<p>Shop Gro\u00dfhandel Haustier Schuhe aus der Fabrik f\u00fcr unschlagbare Preise und Qualit\u00e4t.<\/p>","protected":false},"featured_media":5765,"template":"","meta":{"_seopress_robots_primary_cat":"none","_seopress_titles_title":"Top Pet Accessory Manufacturers: Breathable, Waterproof Dog Shoes","_seopress_titles_desc":"Discover top Waterproof Dog Shoes manufacturers offering waterproof, breathable, dog shoes. Perfect for all weather, our products make sure your pets comfort.","_seopress_robots_index":"","_uag_custom_page_level_css":""},"product_brand":[],"product_cat":[330],"product_tag":[],"class_list":{"0":"post-5760","1":"product","2":"type-product","3":"status-publish","4":"has-post-thumbnail","6":"product_cat-dog-shoes","8":"first","9":"instock","10":"shipping-taxable","11":"product-type-simple"},"uagb_featured_image_src":{"full":["https:\/\/pecpets.com\/wp-content\/uploads\/2024\/05\/Waterproof-Dog-Shoes.png",1500,1432,false],"thumbnail":["https:\/\/pecpets.com\/wp-content\/uploads\/2024\/05\/Waterproof-Dog-Shoes-150x150.png",150,150,true],"medium":["https:\/\/pecpets.com\/wp-content\/uploads\/2024\/05\/Waterproof-Dog-Shoes-300x286.png",300,286,true],"medium_large":["https:\/\/pecpets.com\/wp-content\/uploads\/2024\/05\/Waterproof-Dog-Shoes-768x733.png",768,733,true],"large":["https:\/\/pecpets.com\/wp-content\/uploads\/2024\/05\/Waterproof-Dog-Shoes-1024x978.png",800,764,true],"1536x1536":["https:\/\/pecpets.com\/wp-content\/uploads\/2024\/05\/Waterproof-Dog-Shoes.png",1500,1432,false],"2048x2048":["https:\/\/pecpets.com\/wp-content\/uploads\/2024\/05\/Waterproof-Dog-Shoes.png",1500,1432,false],"trp-custom-language-flag":["https:\/\/pecpets.com\/wp-content\/uploads\/2024\/05\/Waterproof-Dog-Shoes.png",13,12,false],"woocommerce_thumbnail":["https:\/\/pecpets.com\/wp-content\/uploads\/2024\/05\/Waterproof-Dog-Shoes-300x300.png",300,300,true],"woocommerce_single":["https:\/\/pecpets.com\/wp-content\/uploads\/2024\/05\/Waterproof-Dog-Shoes-600x573.png",600,573,true],"woocommerce_gallery_thumbnail":["https:\/\/pecpets.com\/wp-content\/uploads\/2024\/05\/Waterproof-Dog-Shoes-100x100.png",100,100,true]},"uagb_author_info":{"display_name":"Lawrence\u00a0\u52b3\u4f26\u65af","author_link":"https:\/\/pecpets.com\/de\/author\/"},"uagb_comment_info":0,"uagb_excerpt":"Dog Shoes Waterproof Dog Shoes Explore Dog Shoes Waterproof Dog Shoes. Shop wholesale pet Shoes from the factory for unbeatable prices and quality.","_links":{"self":[{"href":"https:\/\/pecpets.com\/de\/wp-json\/wp\/v2\/product\/5760","targetHints":{"allow":["GET"]}}],"collection":[{"href":"https:\/\/pecpets.com\/de\/wp-json\/wp\/v2\/product"}],"about":[{"href":"https:\/\/pecpets.com\/de\/wp-json\/wp\/v2\/types\/product"}],"wp:featuredmedia":[{"embeddable":true,"href":"https:\/\/pecpets.com\/de\/wp-json\/wp\/v2\/media\/5765"}],"wp:attachment":[{"href":"https:\/\/pecpets.com\/de\/wp-json\/wp\/v2\/media?parent=5760"}],"wp:term":[{"taxonomy":"product_brand","embeddable":true,"href":"https:\/\/pecpets.com\/de\/wp-json\/wp\/v2\/product_brand?post=5760"},{"taxonomy":"product_cat","embeddable":true,"href":"https:\/\/pecpets.com\/de\/wp-json\/wp\/v2\/product_cat?post=5760"},{"taxonomy":"product_tag","embeddable":true,"href":"https:\/\/pecpets.com\/de\/wp-json\/wp\/v2\/product_tag?post=5760"}],"curies":[{"name":"wp","href":"https:\/\/api.w.org\/{rel}","templated":true}]}}