{"id":6868,"date":"2024-06-24T11:54:29","date_gmt":"2024-06-24T03:54:29","guid":{"rendered":"https:\/\/pecpets.com\/?post_type=product&#038;p=6868"},"modified":"2025-08-19T11:06:13","modified_gmt":"2025-08-19T03:06:13","slug":"waterproof-dustproof-pets-pool-cover","status":"publish","type":"product","link":"https:\/\/pecpets.com\/de\/product\/waterproof-dustproof-pets-pool-cover\/","title":{"rendered":"Wasserdichte, staubdichte Haustier-Pool-Abdeckung"},"content":{"rendered":"<h2 data-immersive-translate-walked=\"c5d12309-4bec-4f15-b92c-78135b761a6c\">Wasserdichte, staubdichte Poolabdeckung f\u00fcr Haustiere \u2013 Langlebiges Haustierzubeh\u00f6r | Gro\u00dfhandelsfabrik<\/h2>\n<p data-immersive-translate-walked=\"c5d12309-4bec-4f15-b92c-78135b761a6c\" data-immersive-translate-paragraph=\"1\">Sorgen Sie mit unserer wasser- und staubdichten Abdeckung f\u00fcr die Sauberkeit und Langlebigkeit des Pools Ihres Haustieres. Dieses unverzichtbare Zubeh\u00f6r f\u00fcr Haustiere sch\u00fctzt den Pool Ihres Haustieres vor Schmutz, Ablagerungen und Wassersch\u00e4den. Es besteht aus hochwertigen Materialien und bietet au\u00dfergew\u00f6hnliche Haltbarkeit und Zuverl\u00e4ssigkeit, was es zu einem Muss f\u00fcr jeden Haustierbesitzer macht.<\/p>\n<table width=\"288\">\n<tbody>\n<tr>\n<td width=\"137\"><span style=\"color: #333333;\">Produkte Name<\/span><\/td>\n<td width=\"151\"><span style=\"color: #333333;\">Haustier-Zubeh\u00f6r<\/span><\/td>\n<\/tr>\n<tr>\n<td><span style=\"color: #333333;\">Artikel Nr.<\/span><\/td>\n<td><span style=\"color: #333333;\">PA-2001<\/span><\/td>\n<\/tr>\n<tr>\n<td><span style=\"color: #333333;\">Material<\/span><\/td>\n<td><span style=\"color: #333333;\">210 Oxford-Stoff<\/span><\/td>\n<\/tr>\n<tr>\n<td><span style=\"color: #333333;\">\u00a0Gr\u00f6\u00dfe und Farbe<\/span><\/td>\n<td><span style=\"color: #333333;\">Benutzerdefinierte Gr\u00f6\u00dfe<\/span><\/td>\n<\/tr>\n<tr>\n<td><span style=\"color: #333333;\">\u00a0Lieferfrist<\/span><\/td>\n<td><span style=\"color: #333333;\">1-5 Tage f\u00fcr kleine Mengen auf dem Luftweg und 30-35 Tage f\u00fcr gro\u00dfe Mengen auf dem Seeweg<\/span><\/td>\n<\/tr>\n<\/tbody>\n<\/table>\n<p>Unsere Poolabdeckungen werden in unserer Gro\u00dfhandelsfabrik mit h\u00f6chster Pr\u00e4zision hergestellt, sodass Sie ein erstklassiges Produkt zu einem wettbewerbsf\u00e4higen Preis erhalten. Unsere wasserdichte und staubdichte Poolabdeckung f\u00fcr Haustiere ist perfekt f\u00fcr Zoohandlungen und H\u00e4ndler geeignet und garantiert Zufriedenheit f\u00fcr Sie und Ihre Kunden.<\/p>\n<ul>\n<li>Wasserdicht: Verhindert Wassersch\u00e4den und h\u00e4lt den Pool sauber.<\/li>\n<li>Staubgesch\u00fctzt: Sch\u00fctzt vor Schmutz, Bl\u00e4ttern und anderen Verunreinigungen.<\/li>\n<li>Haltbarkeit: Hochwertige Materialien sorgen f\u00fcr eine lange Lebensdauer.<\/li>\n<li>Haustierzubeh\u00f6r: Unverzichtbar f\u00fcr die Pflege des Pools Ihres Haustieres.<\/li>\n<li>Gro\u00dfhandel: Wettbewerbsf\u00e4hige Mengenpreise direkt ab Werk.<\/li>\n<\/ul>\n<p data-immersive-translate-walked=\"c5d12309-4bec-4f15-b92c-78135b761a6c\" data-immersive-translate-paragraph=\"1\">Sch\u00fctzen und verl\u00e4ngern Sie die Lebensdauer Ihres Haustierbeckens mit unserer wasser- und staubdichten Abdeckung f\u00fcr Haustierbecken. Bestellen Sie jetzt und bieten Sie Ihren Kunden das Beste an Haustierzubeh\u00f6r!<\/p>","protected":false},"excerpt":{"rendered":"<h2>Poolabdeckung f\u00fcr Haustiere<\/h2>\n<p>Entdecken Sie die Poolabdeckung f\u00fcr Haustiere.<\/p>\n<p>Kaufen Sie im Gro\u00dfhandel Haustierpflegeprodukte aus der Fabrik zu unschlagbaren Preisen und Qualit\u00e4t.<\/p>","protected":false},"featured_media":6863,"template":"","meta":{"_seopress_robots_primary_cat":"none","_seopress_titles_title":"Pet Accessory: Pet's Pool Cover - Top Manufacterurs","_seopress_titles_desc":"Protect your pet's pool with our Waterproof Pet's Pool Cover. This durable pet accessory offers top protection, available from our wholesale factory.","_seopress_robots_index":"","_uag_custom_page_level_css":""},"product_brand":[],"product_cat":[324],"product_tag":[165],"class_list":{"0":"post-6868","1":"product","2":"type-product","3":"status-publish","4":"has-post-thumbnail","6":"product_cat-pet-accessory","7":"product_tag-pet-accessories","9":"first","10":"instock","11":"shipping-taxable","12":"product-type-simple"},"uagb_featured_image_src":{"full":["https:\/\/pecpets.com\/wp-content\/uploads\/2024\/06\/\u4e3b\u56fe-01-13.jpg",1432,1104,false],"thumbnail":["https:\/\/pecpets.com\/wp-content\/uploads\/2024\/06\/\u4e3b\u56fe-01-13-150x150.jpg",150,150,true],"medium":["https:\/\/pecpets.com\/wp-content\/uploads\/2024\/06\/\u4e3b\u56fe-01-13-300x231.jpg",300,231,true],"medium_large":["https:\/\/pecpets.com\/wp-content\/uploads\/2024\/06\/\u4e3b\u56fe-01-13-768x592.jpg",768,592,true],"large":["https:\/\/pecpets.com\/wp-content\/uploads\/2024\/06\/\u4e3b\u56fe-01-13-1024x789.jpg",800,616,true],"1536x1536":["https:\/\/pecpets.com\/wp-content\/uploads\/2024\/06\/\u4e3b\u56fe-01-13.jpg",1432,1104,false],"2048x2048":["https:\/\/pecpets.com\/wp-content\/uploads\/2024\/06\/\u4e3b\u56fe-01-13.jpg",1432,1104,false],"trp-custom-language-flag":["https:\/\/pecpets.com\/wp-content\/uploads\/2024\/06\/\u4e3b\u56fe-01-13.jpg",16,12,false],"woocommerce_thumbnail":["https:\/\/pecpets.com\/wp-content\/uploads\/2024\/06\/\u4e3b\u56fe-01-13-300x300.jpg",300,300,true],"woocommerce_single":["https:\/\/pecpets.com\/wp-content\/uploads\/2024\/06\/\u4e3b\u56fe-01-13-600x463.jpg",600,463,true],"woocommerce_gallery_thumbnail":["https:\/\/pecpets.com\/wp-content\/uploads\/2024\/06\/\u4e3b\u56fe-01-13-100x100.jpg",100,100,true]},"uagb_author_info":{"display_name":"Lawrence\u00a0\u52b3\u4f26\u65af","author_link":"https:\/\/pecpets.com\/de\/author\/"},"uagb_comment_info":0,"uagb_excerpt":"Pet's Pool Cover Explore Pet's Pool Cover. Shop wholesale pet grooming from the factory for unbeatable prices and quality.","_links":{"self":[{"href":"https:\/\/pecpets.com\/de\/wp-json\/wp\/v2\/product\/6868","targetHints":{"allow":["GET"]}}],"collection":[{"href":"https:\/\/pecpets.com\/de\/wp-json\/wp\/v2\/product"}],"about":[{"href":"https:\/\/pecpets.com\/de\/wp-json\/wp\/v2\/types\/product"}],"wp:featuredmedia":[{"embeddable":true,"href":"https:\/\/pecpets.com\/de\/wp-json\/wp\/v2\/media\/6863"}],"wp:attachment":[{"href":"https:\/\/pecpets.com\/de\/wp-json\/wp\/v2\/media?parent=6868"}],"wp:term":[{"taxonomy":"product_brand","embeddable":true,"href":"https:\/\/pecpets.com\/de\/wp-json\/wp\/v2\/product_brand?post=6868"},{"taxonomy":"product_cat","embeddable":true,"href":"https:\/\/pecpets.com\/de\/wp-json\/wp\/v2\/product_cat?post=6868"},{"taxonomy":"product_tag","embeddable":true,"href":"https:\/\/pecpets.com\/de\/wp-json\/wp\/v2\/product_tag?post=6868"}],"curies":[{"name":"wp","href":"https:\/\/api.w.org\/{rel}","templated":true}]}}