{"id":7173,"date":"2024-06-27T11:03:09","date_gmt":"2024-06-27T03:03:09","guid":{"rendered":"https:\/\/pecpets.com\/?post_type=product&#038;p=7173"},"modified":"2024-10-29T15:35:00","modified_gmt":"2024-10-29T07:35:00","slug":"vluxury-large-bite-resistant-chew-resistant-dog-bed","status":"publish","type":"product","link":"https:\/\/pecpets.com\/de\/product\/vluxury-large-bite-resistant-chew-resistant-dog-bed\/","title":{"rendered":"Luxuri\u00f6ses, gro\u00dfes, bissfestes und kaubest\u00e4ndiges Hundebett"},"content":{"rendered":"<div class=\"elementor-element elementor-element-f148377 elementor-widget elementor-widget-woocommerce-product-content\" data-id=\"f148377\" data-element_type=\"widget\" data-widget_type=\"woocommerce-product-content.default\">\n<div class=\"elementor-widget-container\">\n<h2>Luxus gro\u00dfen Biss resistent kauen-resistente Hundebett - komfortable Gro\u00dfhandel Fabrik<\/h2>\n<p>Erweitern Sie das Angebot f\u00fcr Ihr Haustier mit unserem Luxury Large Bite Resistant Wear-resistant Dog Bed, der perfekten Kombination aus Haltbarkeit und Komfort. Dieses f\u00fcr gr\u00f6\u00dfere Hunderassen konzipierte Hundebett ist so gestaltet, dass es selbst den h\u00e4rtesten Kauattacken standh\u00e4lt und gleichzeitig einen gem\u00fctlichen Ruheplatz bietet.<\/p>\n<table style=\"border-collapse: collapse; background-color: #ffffff; width: 335px; height: 242px;\" border=\"1\">\n<tbody>\n<tr>\n<td style=\"font-family: Verdana, Arial, Helvetica, sans-serif; font-size: 12px; color: #000000; margin: 8px; width: 187px; text-align: center;\"><span style=\"line-height: 21px; font-size: 14px;\">Produkte Name<\/span><\/td>\n<td style=\"font-family: Verdana, Arial, Helvetica, sans-serif; font-size: 12px; color: #000000; margin: 8px; width: 526px; text-align: center;\">Haustierbett<\/td>\n<\/tr>\n<tr>\n<td style=\"font-family: Verdana, Arial, Helvetica, sans-serif; font-size: 12px; color: #000000; margin: 8px; width: 187px; text-align: center;\"><span style=\"line-height: 21px; font-size: 14px;\">Artikel Nr.<\/span><\/td>\n<td style=\"font-family: Verdana, Arial, Helvetica, sans-serif; font-size: 12px; color: #000000; margin: 8px; width: 526px; text-align: center;\"><span style=\"line-height: 21px; font-size: 14px;\">P-B2003<\/span><\/td>\n<\/tr>\n<tr>\n<td style=\"font-family: Verdana, Arial, Helvetica, sans-serif; font-size: 12px; color: #000000; margin: 8px; width: 187px; text-align: center;\"><span style=\"line-height: 21px; color: #333333; font-family: Arial, Helvetica; font-size: 14px; font-style: normal; font-weight: 400; background-color: #ffffff; float: none; display: inline !important;\">Material<\/span><\/td>\n<td style=\"font-family: Verdana, Arial, Helvetica, sans-serif; font-size: 12px; color: #000000; margin: 8px; width: 526px; text-align: center;\"><span style=\"color: #151515; font-family: Arial,Helvetica,sans-serif; font-size: 14px; font-style: normal; font-weight: 400; text-align: left; display: inline !important; float: none;\">Korallenvlies<\/span><\/td>\n<\/tr>\n<tr>\n<td style=\"font-family: Verdana, Arial, Helvetica, sans-serif; font-size: 12px; color: #000000; margin: 8px; width: 187px; text-align: center;\"><span style=\"line-height: 21px; font-size: 14px;\">\u00a0Gr\u00f6\u00dfe<\/span><\/td>\n<td style=\"font-family: Verdana, Arial, Helvetica, sans-serif; font-size: 12px; color: #000000; margin: 8px; width: 526px; text-align: center;\"><span style=\"font-size: 14px;\">Ma\u00dfgeschneiderte Gr\u00f6\u00dfe<\/span><\/td>\n<\/tr>\n<tr>\n<td style=\"font-family: Verdana, Arial, Helvetica, sans-serif; font-size: 12px; color: #000000; margin: 8px; width: 187px; text-align: center;\"><span style=\"line-height: 21px; font-size: 14px;\">\u00a0Farbe<\/span><\/td>\n<td style=\"font-family: Verdana, Arial, Helvetica, sans-serif; font-size: 12px; color: #000000; margin: 8px; width: 526px; text-align: center;\"><span style=\"color: #000000; font-family: Verdana, Arial, Helvetica, sans-serif; font-size: 14px; font-style: normal; font-weight: 400; text-align: center; background-color: #ffffff; float: none; display: inline !important;\">Kundenspezifische Farbe<\/span><\/td>\n<\/tr>\n<tr>\n<td style=\"font-family: Verdana, Arial, Helvetica, sans-serif; font-size: 12px; color: #000000; margin: 8px; width: 187px; text-align: center;\"><span style=\"line-height: 21px; font-size: 14px;\">\u00a0<span style=\"line-height: 21px; color: #333333; font-family: Arial, Helvetica; font-size: 14px; font-style: normal; font-weight: 400; background-color: #ffffff; float: none; display: inline !important;\">Tierart<\/span><\/span><\/td>\n<td style=\"font-family: Verdana, Arial, Helvetica, sans-serif; font-size: 12px; color: #000000; margin: 8px; width: 526px; text-align: center;\"><span style=\"line-height: 21px; font-size: 14px;\">\u00a0Alle Hund<\/span><\/td>\n<\/tr>\n<tr>\n<td style=\"font-family: Verdana, Arial, Helvetica, sans-serif; font-size: 12px; color: #000000; margin: 8px; width: 187px; text-align: center;\"><span style=\"line-height: 21px; font-size: 14px;\">\u00a0<span style=\"line-height: 21px; color: #333333; font-family: Arial, Helvetica; font-size: 14px; font-style: normal; font-weight: 400; background-color: #ffffff; float: none; display: inline !important;\">Lieferfrist<\/span><\/span><\/td>\n<td style=\"font-family: Verdana, Arial, Helvetica, sans-serif; font-size: 12px; color: #000000; margin: 8px; width: 526px; text-align: center;\"><span style=\"line-height: 21px; font-size: 14px;\"><span style=\"line-height: 21px; color: #000000; font-family: Verdana, Arial, Helvetica, sans-serif; font-size: 14px; font-style: normal; font-weight: 400; background-color: #ffffff; float: none; display: inline !important;\">1-5 Tage f\u00fcr kleine Mengen auf dem Luftweg und 30-35 Tage f\u00fcr gro\u00dfe Mengen auf dem Seeweg<\/span>\u00a0<\/span><\/td>\n<\/tr>\n<tr>\n<td style=\"font-family: Verdana, Arial, Helvetica, sans-serif; font-size: 12px; color: #000000; margin: 8px; width: 187px; text-align: center;\"><span style=\"line-height: 21px; font-size: 14px;\">\u00a0<span style=\"line-height: 21px; color: #333333; font-family: Arial, Helvetica; font-size: 14px; font-style: normal; font-weight: 400; background-color: #ffffff; float: none; display: inline !important;\">Hafen der Verschiffung<\/span><\/span><\/td>\n<td style=\"font-family: Verdana, Arial, Helvetica, sans-serif; font-size: 12px; color: #000000; margin: 8px; width: 526px; text-align: center;\"><span style=\"line-height: 21px; font-size: 14px;\">Xiamen\u00a0<\/span><\/td>\n<\/tr>\n<tr>\n<td style=\"font-family: Verdana, Arial, Helvetica, sans-serif; font-size: 12px; color: #000000; margin: 8px; width: 187px; text-align: center;\"><span style=\"line-height: 21px; font-size: 14px;\">\u00a0<span style=\"line-height: 21px; color: #333333; font-family: Arial, Helvetica; font-size: 14px; font-style: normal; font-weight: 400; background-color: #ffffff; float: none; display: inline !important;\">OEM\/ODM<\/span><\/span><\/td>\n<td style=\"font-family: Verdana, Arial, Helvetica, sans-serif; font-size: 12px; color: #000000; margin: 8px; width: 526px; text-align: center;\"><span style=\"line-height: 21px; font-size: 14px;\">\u00a0<span style=\"line-height: 21px; color: #333333; font-family: Arial, Helvetica; font-size: 14px; font-style: normal; font-weight: 400; background-color: #ffffff; float: none; display: inline !important;\">Verf\u00fcgbar<\/span><\/span><\/td>\n<\/tr>\n<tr>\n<td style=\"font-family: Verdana, Arial, Helvetica, sans-serif; font-size: 12px; color: #000000; margin: 8px; width: 187px; text-align: center;\"><span style=\"line-height: 21px; font-size: 14px;\">\u00a0<span style=\"line-height: 21px; color: #333333; font-family: Arial, Helvetica; font-size: 14px; font-style: normal; font-weight: 400; background-color: #ffffff; float: none; display: inline !important;\">Paket<\/span><\/span><\/td>\n<td style=\"font-family: Verdana, Arial, Helvetica, sans-serif; font-size: 12px; color: #000000; margin: 8px; width: 526px; text-align: center;\"><span style=\"line-height: 21px; font-size: 14px;\"><span style=\"line-height: 21px; color: #333333; font-family: Arial, Helvetica; font-size: 14px; font-style: normal; font-weight: 400; background-color: #ffffff; float: none; display: inline !important;\">Jedes St\u00fcck verpackt in einem PPB und dann in einem Karton oder nach Bedarf<\/span><\/span><\/td>\n<\/tr>\n<\/tbody>\n<\/table>\n<ul>\n<li data-immersive-translate-walked=\"dccba797-3b74-4de3-9466-e3eeeb22814a\" data-immersive-translate-paragraph=\"1\"><strong data-immersive-translate-walked=\"dccba797-3b74-4de3-9466-e3eeeb22814a\">Luxus und Komfort<\/strong>: Unser Hundebett bietet eine weiche, bequeme Oberfl\u00e4che, die einen erholsamen Schlaf f\u00fcr Ihre Haustiere gew\u00e4hrleistet.<\/li>\n<li><strong>Bissfest und verschlei\u00dffest<\/strong>: Das aus hochwertigen Materialien gefertigte Bett ist robust und langlebig und widersteht St\u00f6\u00dfen und Abnutzungserscheinungen.<\/li>\n<li data-immersive-translate-walked=\"dccba797-3b74-4de3-9466-e3eeeb22814a\" data-immersive-translate-paragraph=\"1\"><strong data-immersive-translate-walked=\"dccba797-3b74-4de3-9466-e3eeeb22814a\">Gro\u00dfes Format<\/strong>: Perfekt f\u00fcr gr\u00f6\u00dfere Hunderassen, da sie ausreichend Platz haben, um sich auszustrecken und zu entspannen.<\/li>\n<li data-immersive-translate-walked=\"dccba797-3b74-4de3-9466-e3eeeb22814a\" data-immersive-translate-paragraph=\"1\"><strong data-immersive-translate-walked=\"dccba797-3b74-4de3-9466-e3eeeb22814a\">Gro\u00dfhandel und Fabrikpreise<\/strong>: Unser luxuri\u00f6ses Hundebett ist f\u00fcr Gro\u00dfbestellungen erh\u00e4ltlich und bietet ein au\u00dfergew\u00f6hnliches Preis-Leistungs-Verh\u00e4ltnis f\u00fcr Tierhandlungen, Tier\u00e4rzte und Tierpfleger.<\/li>\n<\/ul>\n<p>Unser<span style=\"color: #ff0000;\"><a style=\"color: #ff0000;\" href=\"https:\/\/pecpets.com\/de\/produktkategorie\/pet-bed\/\" target=\"_blank\" rel=\"noopener\"> Hundebett<\/a><\/span> zeichnet sich durch seine hochwertige Konstruktion und seine erstklassigen Materialien aus. Die verst\u00e4rkte Konstruktion des Bettes sorgt daf\u00fcr, dass es kr\u00e4ftigem Kauen standh\u00e4lt, was es ideal f\u00fcr Hunde macht, die zu gr\u00f6\u00dferer Zerst\u00f6rungswut neigen. Trotz seiner Strapazierf\u00e4higkeit geht das Bett keine Kompromisse beim Komfort ein und bietet eine weiche, st\u00fctzende Oberfl\u00e4che, die Hunde lieben werden.<\/p>\n<p data-immersive-translate-walked=\"dccba797-3b74-4de3-9466-e3eeeb22814a\" data-immersive-translate-paragraph=\"1\">Eine Partnerschaft mit uns bedeutet, dass Sie erstklassige Heimtierprodukte zu Gro\u00dfhandelspreisen erhalten, so dass Sie Ihren Kunden das Beste bieten k\u00f6nnen, ohne die Bank zu sprengen.<\/p>\n<\/div>\n<\/div>","protected":false},"excerpt":{"rendered":"<div class=\"elementor-element elementor-element-36a3285 elementor-widget elementor-widget-woocommerce-product-title elementor-page-title elementor-widget-heading\" data-id=\"36a3285\" data-element_type=\"widget\" data-widget_type=\"woocommerce-product-title.default\">\n<div class=\"elementor-widget-container\">\n<h2><strong><b>Gro\u00dfhandel Luxus gro\u00dfen Biss resistent kauen-resistente Hundebett<\/b><\/strong><\/h2>\n<p>Entdecken Sie das Luxury Large Bite Resistant Chew-resistant Dog Bed.<\/p>\n<p>Mit unseren hochwertigen Designs bleiben Ihre Haustiere stilvoll.<\/p>\n<\/div>\n<\/div>","protected":false},"featured_media":7181,"template":"","meta":{"_seopress_robots_primary_cat":"none","_seopress_titles_title":"Pet Bed: Chew-resistant Dog Bed - Top Manufaccturer","_seopress_titles_desc":"Upgrade your pet offerings with our Luxury Large Bite Resistant Chew-resistant Dog Bed, the perfect combination of durability and comfort.","_seopress_robots_index":"","_uag_custom_page_level_css":""},"product_brand":[],"product_cat":[348,22],"product_tag":[71,69],"class_list":{"0":"post-7173","1":"product","2":"type-product","3":"status-publish","4":"has-post-thumbnail","6":"product_cat-chew-resistant-dog-beds","7":"product_cat-pet-bed","8":"product_tag-cat-bed","9":"product_tag-dog-bed","11":"first","12":"instock","13":"shipping-taxable","14":"product-type-simple"},"uagb_featured_image_src":{"full":["https:\/\/pecpets.com\/wp-content\/uploads\/2024\/06\/907a84e9-7040-464c-91aa-0011918dcf9f.jpeg",750,1000,false],"thumbnail":["https:\/\/pecpets.com\/wp-content\/uploads\/2024\/06\/907a84e9-7040-464c-91aa-0011918dcf9f-150x150.jpeg",150,150,true],"medium":["https:\/\/pecpets.com\/wp-content\/uploads\/2024\/06\/907a84e9-7040-464c-91aa-0011918dcf9f-225x300.jpeg",225,300,true],"medium_large":["https:\/\/pecpets.com\/wp-content\/uploads\/2024\/06\/907a84e9-7040-464c-91aa-0011918dcf9f.jpeg",750,1000,false],"large":["https:\/\/pecpets.com\/wp-content\/uploads\/2024\/06\/907a84e9-7040-464c-91aa-0011918dcf9f.jpeg",750,1000,false],"1536x1536":["https:\/\/pecpets.com\/wp-content\/uploads\/2024\/06\/907a84e9-7040-464c-91aa-0011918dcf9f.jpeg",750,1000,false],"2048x2048":["https:\/\/pecpets.com\/wp-content\/uploads\/2024\/06\/907a84e9-7040-464c-91aa-0011918dcf9f.jpeg",750,1000,false],"trp-custom-language-flag":["https:\/\/pecpets.com\/wp-content\/uploads\/2024\/06\/907a84e9-7040-464c-91aa-0011918dcf9f.jpeg",9,12,false],"woocommerce_thumbnail":["https:\/\/pecpets.com\/wp-content\/uploads\/2024\/06\/907a84e9-7040-464c-91aa-0011918dcf9f-300x300.jpeg",300,300,true],"woocommerce_single":["https:\/\/pecpets.com\/wp-content\/uploads\/2024\/06\/907a84e9-7040-464c-91aa-0011918dcf9f-600x800.jpeg",600,800,true],"woocommerce_gallery_thumbnail":["https:\/\/pecpets.com\/wp-content\/uploads\/2024\/06\/907a84e9-7040-464c-91aa-0011918dcf9f-100x100.jpeg",100,100,true]},"uagb_author_info":{"display_name":"Lawrence\u00a0\u52b3\u4f26\u65af","author_link":"https:\/\/pecpets.com\/de\/author\/"},"uagb_comment_info":0,"uagb_excerpt":"Wholesale Luxury Large Bite Resistant Chew-resistant Dog Bed Discover Luxury Large Bite Resistant Chew-resistant Dog Bed. Keep your pets stylish with our high-quality designs.","_links":{"self":[{"href":"https:\/\/pecpets.com\/de\/wp-json\/wp\/v2\/product\/7173","targetHints":{"allow":["GET"]}}],"collection":[{"href":"https:\/\/pecpets.com\/de\/wp-json\/wp\/v2\/product"}],"about":[{"href":"https:\/\/pecpets.com\/de\/wp-json\/wp\/v2\/types\/product"}],"wp:featuredmedia":[{"embeddable":true,"href":"https:\/\/pecpets.com\/de\/wp-json\/wp\/v2\/media\/7181"}],"wp:attachment":[{"href":"https:\/\/pecpets.com\/de\/wp-json\/wp\/v2\/media?parent=7173"}],"wp:term":[{"taxonomy":"product_brand","embeddable":true,"href":"https:\/\/pecpets.com\/de\/wp-json\/wp\/v2\/product_brand?post=7173"},{"taxonomy":"product_cat","embeddable":true,"href":"https:\/\/pecpets.com\/de\/wp-json\/wp\/v2\/product_cat?post=7173"},{"taxonomy":"product_tag","embeddable":true,"href":"https:\/\/pecpets.com\/de\/wp-json\/wp\/v2\/product_tag?post=7173"}],"curies":[{"name":"wp","href":"https:\/\/api.w.org\/{rel}","templated":true}]}}