{"id":7253,"date":"2024-06-28T15:25:55","date_gmt":"2024-06-28T07:25:55","guid":{"rendered":"https:\/\/pecpets.com\/?post_type=product&#038;p=7253"},"modified":"2024-10-29T15:48:23","modified_gmt":"2024-10-29T07:48:23","slug":"eco-friendly-four-seasons-universal-dog-mat","status":"publish","type":"product","link":"https:\/\/pecpets.com\/de\/product\/eco-friendly-four-seasons-universal-dog-mat\/","title":{"rendered":"Umweltfreundliche Vier-Jahreszeiten-Universal-Hundematte"},"content":{"rendered":"<h2>Umweltfreundliche Hundebetten - Eco Friendly Vier Jahreszeiten Universal Hundematte mit \u00fcberlegener Haltbarkeit | Gro\u00dfhandel Fabrikpreise<span class=\"notranslate immersive-translate-target-wrapper\" lang=\"zh-CN\" translate=\"no\" data-immersive-translate-loading-id=\"1\">\u00a0<\/span><\/h2>\n<p>Willkommen auf unserer Website, Ihrem f\u00fchrenden Anbieter von hochwertigen, umweltfreundlichen Hundebetten. Bei der Entwicklung unserer Produkte haben wir sowohl den Komfort als auch die Nachhaltigkeit im Blick, um sicherzustellen, dass jedes Haustier eine luxuri\u00f6se Erholung genie\u00dfen kann und gleichzeitig die Umwelt so wenig wie m\u00f6glich belastet wird. Ob Sie eine Tierhandlung, ein Gro\u00dfh\u00e4ndler oder ein Einzelh\u00e4ndler sind, unsere umweltfreundlichen Hundebetten sind die perfekte Wahl f\u00fcr Sie.<\/p>\n<table style=\"color: #000000; font-family: Arial; font-size: 12px; font-style: normal; font-weight: 400; border-collapse: collapse; background-color: #ffffff; width: 331px; height: 308px;\" border=\"1\">\n<tbody>\n<tr style=\"height: 20px;\">\n<td style=\"font-family: Verdana, Arial, Helvetica, sans-serif; font-size: 12px; color: #000000; margin: 8px; width: 187px; text-align: center; height: 20px;\"><span style=\"line-height: 21px; font-size: 14px;\">Produkte Name<\/span><\/td>\n<td style=\"font-family: Verdana, Arial, Helvetica, sans-serif; font-size: 12px; color: #000000; margin: 8px; width: 526px; text-align: center; height: 20px;\">Haustierbett<\/td>\n<\/tr>\n<tr style=\"height: 20px;\">\n<td style=\"font-family: Verdana, Arial, Helvetica, sans-serif; font-size: 12px; color: #000000; margin: 8px; width: 187px; text-align: center; height: 20px;\"><span style=\"line-height: 21px; font-size: 14px;\">Artikel Nr.<\/span><\/td>\n<td style=\"font-family: Verdana, Arial, Helvetica, sans-serif; font-size: 12px; color: #000000; margin: 8px; width: 526px; text-align: center; height: 20px;\"><span style=\"line-height: 21px; font-size: 14px;\">P-B2007<\/span><\/td>\n<\/tr>\n<tr style=\"height: 20px;\">\n<td style=\"font-family: Verdana, Arial, Helvetica, sans-serif; font-size: 12px; color: #000000; margin: 8px; width: 187px; text-align: center; height: 20px;\"><span style=\"line-height: 21px; color: #333333; font-family: Arial, Helvetica; font-size: 14px; font-style: normal; font-weight: 400; background-color: #ffffff; float: none; display: inline !important;\">Material<\/span><\/td>\n<td style=\"font-family: Verdana, Arial, Helvetica, sans-serif; font-size: 12px; color: #000000; margin: 8px; width: 526px; text-align: center; height: 20px;\"><span style=\"color: #333333; font-family: Helvetica,Tahoma,Arial; font-size: 12px; font-style: normal; font-weight: 400; background-color: #fcfcfc; display: inline !important; float: none;\">Kord<\/span><\/td>\n<\/tr>\n<tr style=\"height: 40.3594px;\">\n<td style=\"font-family: Verdana, Arial, Helvetica, sans-serif; font-size: 12px; color: #000000; margin: 8px; width: 187px; text-align: center; height: 40.3594px;\"><span style=\"line-height: 21px; font-size: 14px;\">\u00a0Gr\u00f6\u00dfe<\/span><\/td>\n<td style=\"font-family: Verdana, Arial, Helvetica, sans-serif; font-size: 12px; color: #000000; margin: 8px; width: 526px; text-align: center; height: 40.3594px;\">M:36*27*7cm<br \/>\nL:48*40*12cmXL:70*55*13cmXXL:90*68*14cm<\/td>\n<\/tr>\n<tr style=\"height: 20px;\">\n<td style=\"font-family: Verdana, Arial, Helvetica, sans-serif; font-size: 12px; color: #000000; margin: 8px; width: 187px; text-align: center; height: 20px;\"><span style=\"line-height: 21px; font-size: 14px;\">\u00a0Farbe<\/span><\/td>\n<td style=\"font-family: Verdana, Arial, Helvetica, sans-serif; font-size: 12px; color: #000000; margin: 8px; width: 526px; text-align: center; height: 20px;\"><span style=\"line-height: 21px; font-size: 14px;\">Kundenspezifisch<\/span><\/td>\n<\/tr>\n<tr style=\"height: 20px;\">\n<td style=\"font-family: Verdana, Arial, Helvetica, sans-serif; font-size: 12px; color: #000000; margin: 8px; width: 187px; text-align: center; height: 20px;\"><span style=\"line-height: 21px; font-size: 14px;\">\u00a0<span style=\"line-height: 21px; color: #333333; font-family: Arial, Helvetica; font-size: 14px; font-style: normal; font-weight: 400; background-color: #ffffff; float: none; display: inline !important;\">Tierart<\/span><\/span><\/td>\n<td style=\"font-family: Verdana, Arial, Helvetica, sans-serif; font-size: 12px; color: #000000; margin: 8px; width: 526px; text-align: center; height: 20px;\"><span style=\"line-height: 21px; font-size: 14px;\">\u00a0Alle Hund<\/span><\/td>\n<\/tr>\n<tr style=\"height: 20px;\">\n<td style=\"font-family: Verdana, Arial, Helvetica, sans-serif; font-size: 12px; color: #000000; margin: 8px; width: 187px; text-align: center; height: 20px;\"><span style=\"line-height: 21px; font-size: 14px;\">\u00a0<span style=\"line-height: 21px; color: #333333; font-family: Arial, Helvetica; font-size: 14px; font-style: normal; font-weight: 400; background-color: #ffffff; float: none; display: inline !important;\">Lieferfrist<\/span><\/span><\/td>\n<td style=\"font-family: Verdana, Arial, Helvetica, sans-serif; font-size: 12px; color: #000000; margin: 8px; width: 526px; text-align: center; height: 20px;\"><span style=\"line-height: 21px; font-size: 14px;\"><span style=\"line-height: 21px; color: #000000; font-family: Verdana, Arial, Helvetica, sans-serif; font-size: 14px; font-style: normal; font-weight: 400; background-color: #ffffff; float: none; display: inline !important;\">1-5 Tage f\u00fcr kleine Mengen auf dem Luftweg und 30-35 Tage f\u00fcr gro\u00dfe Mengen auf dem Seeweg<\/span>\u00a0<\/span><\/td>\n<\/tr>\n<tr style=\"height: 20px;\">\n<td style=\"font-family: Verdana, Arial, Helvetica, sans-serif; font-size: 12px; color: #000000; margin: 8px; width: 187px; text-align: center; height: 20px;\"><span style=\"line-height: 21px; font-size: 14px;\">\u00a0<span style=\"line-height: 21px; color: #333333; font-family: Arial, Helvetica; font-size: 14px; font-style: normal; font-weight: 400; background-color: #ffffff; float: none; display: inline !important;\">Hafen der Verschiffung<\/span><\/span><\/td>\n<td style=\"font-family: Verdana, Arial, Helvetica, sans-serif; font-size: 12px; color: #000000; margin: 8px; width: 526px; text-align: center; height: 20px;\"><span style=\"line-height: 21px; font-size: 14px;\">Xiamen\u00a0<\/span><\/td>\n<\/tr>\n<tr style=\"height: 20px;\">\n<td style=\"font-family: Verdana, Arial, Helvetica, sans-serif; font-size: 12px; color: #000000; margin: 8px; width: 187px; text-align: center; height: 20px;\"><span style=\"line-height: 21px; font-size: 14px;\">\u00a0<span style=\"line-height: 21px; color: #333333; font-family: Arial, Helvetica; font-size: 14px; font-style: normal; font-weight: 400; background-color: #ffffff; float: none; display: inline !important;\">OEM\/ODM<\/span><\/span><\/td>\n<td style=\"font-family: Verdana, Arial, Helvetica, sans-serif; font-size: 12px; color: #000000; margin: 8px; width: 526px; text-align: center; height: 20px;\"><span style=\"line-height: 21px; font-size: 14px;\">\u00a0<span style=\"line-height: 21px; color: #333333; font-family: Arial, Helvetica; font-size: 14px; font-style: normal; font-weight: 400; background-color: #ffffff; float: none; display: inline !important;\">Verf\u00fcgbar<\/span><\/span><\/td>\n<\/tr>\n<tr style=\"height: 20px;\">\n<td style=\"font-family: Verdana, Arial, Helvetica, sans-serif; font-size: 12px; color: #000000; margin: 8px; width: 187px; text-align: center; height: 20px;\"><span style=\"line-height: 21px; font-size: 14px;\">\u00a0<span style=\"line-height: 21px; color: #333333; font-family: Arial, Helvetica; font-size: 14px; font-style: normal; font-weight: 400; background-color: #ffffff; float: none; display: inline !important;\">Paket<\/span><\/span><\/td>\n<td style=\"font-family: Verdana, Arial, Helvetica, sans-serif; font-size: 12px; color: #000000; margin: 8px; width: 526px; text-align: center; height: 20px;\"><span style=\"line-height: 21px; font-size: 14px;\"><span style=\"line-height: 21px; color: #333333; font-family: Arial, Helvetica; font-size: 14px; font-style: normal; font-weight: 400; background-color: #ffffff; float: none; display: inline !important;\">Jedes St\u00fcck verpackt in einem PPB und dann in einem Karton oder nach Bedarf<\/span><\/span><\/td>\n<\/tr>\n<\/tbody>\n<\/table>\n<p><strong>Produktmerkmale:<\/strong><\/p>\n<ul>\n<li><strong>Umweltfreundliche Materialien<\/strong>: Unser <span style=\"color: #ff0000;\"><a style=\"color: #ff0000;\" href=\"https:\/\/pecpets.com\/de\/produktkategorie\/pet-bed\/\" target=\"_blank\" rel=\"noopener\">Hundebetten<\/a><\/span> werden aus nat\u00fcrlichen, umweltfreundlichen Materialien hergestellt, die die Umweltbelastung verringern und die Gesundheit Ihres Haustieres gew\u00e4hrleisten.<\/li>\n<li><strong>Luxuri\u00f6ser Komfort<\/strong>: Jedes Eco Friendly Luxury Dog Bed wurde sorgf\u00e4ltig entworfen, um Ihrem Haustier den gr\u00f6\u00dftm\u00f6glichen Komfort zu bieten.<\/li>\n<li><strong>\u00dcberlegene Langlebigkeit<\/strong>: Unsere Hundebetten werden aus hochwertigen Materialien und mit exzellenter Handwerkskunst hergestellt. Sie sind langlebig und behalten ihre Qualit\u00e4t \u00fcber lange Zeit.<\/li>\n<li data-immersive-translate-walked=\"ebc5c21f-b1ad-42ff-87f2-dabe9450ac22\" data-immersive-translate-paragraph=\"1\"><strong data-immersive-translate-walked=\"ebc5c21f-b1ad-42ff-87f2-dabe9450ac22\">Gro\u00dfhandel Fabrik Direkt Preise<\/strong>: Da wir unsere Produkte direkt von der Fabrik beziehen, k\u00f6nnen wir Ihnen die besten Preise f\u00fcr qualitativ hochwertige Produkte anbieten.<span class=\"notranslate immersive-translate-target-wrapper\" lang=\"zh-CN\" translate=\"no\" data-immersive-translate-loading-id=\"1\">\u00a0<\/span><\/li>\n<\/ul>\n<h4 data-immersive-translate-walked=\"ebc5c21f-b1ad-42ff-87f2-dabe9450ac22\">Warum uns w\u00e4hlen?<\/h4>\n<ul>\n<li data-immersive-translate-walked=\"ebc5c21f-b1ad-42ff-87f2-dabe9450ac22\" data-immersive-translate-paragraph=\"1\"><strong data-immersive-translate-walked=\"ebc5c21f-b1ad-42ff-87f2-dabe9450ac22\">Umfassende Erfahrung<\/strong>: Dank unserer langj\u00e4hrigen Erfahrung in der Heimtierbranche kennen wir die Anforderungen des Marktes und die Erwartungen der Tierhalter.<\/li>\n<li><strong>Anpassungsdienste<\/strong>: Wir bieten personalisierte Anpassungsdienste an, um die einzigartigen Bed\u00fcrfnisse der verschiedenen M\u00e4rkte zu erf\u00fcllen.<\/li>\n<li data-immersive-translate-walked=\"ebc5c21f-b1ad-42ff-87f2-dabe9450ac22\" data-immersive-translate-paragraph=\"1\"><strong data-immersive-translate-walked=\"ebc5c21f-b1ad-42ff-87f2-dabe9450ac22\">Au\u00dfergew\u00f6hnlicher Kundenservice<\/strong>: Unser engagiertes Kundendienstteam ist f\u00fcr Sie da, um Sie zeitnah und effektiv zu unterst\u00fctzen.<\/li>\n<\/ul>","protected":false},"excerpt":{"rendered":"<h2><strong><b>Gro\u00dfhandel Eco Friendly vier Jahreszeiten Universal Hund Matte<\/b><\/strong><\/h2>\n<p>Entdecken Sie die umweltfreundliche Four Seasons Universal Hundematte.<\/p>\n<p>Mit unseren hochwertigen Designs bleiben Ihre Haustiere stilvoll.<\/p>","protected":false},"featured_media":7254,"template":"","meta":{"_seopress_robots_primary_cat":"none","_seopress_titles_title":"Eco Friendly Four Seasons Universal Dog Mat-Top Manufacturer","_seopress_titles_desc":"Discovery Eco Friendly Four Seasons Universal Dog Mat. Ensure your customers and their pet experience the difference in quality that we provide","_seopress_robots_index":"","_uag_custom_page_level_css":""},"product_brand":[],"product_cat":[347,22],"product_tag":[71,69,70],"class_list":{"0":"post-7253","1":"product","2":"type-product","3":"status-publish","4":"has-post-thumbnail","6":"product_cat-eco-friendly-dog-beds-pet-bed","7":"product_cat-pet-bed","8":"product_tag-cat-bed","9":"product_tag-dog-bed","10":"product_tag-pet-bed","12":"first","13":"instock","14":"shipping-taxable","15":"product-type-simple"},"uagb_featured_image_src":{"full":["https:\/\/pecpets.com\/wp-content\/uploads\/2024\/06\/\u4e3b\u56fe-01-27.jpg",1000,1000,false],"thumbnail":["https:\/\/pecpets.com\/wp-content\/uploads\/2024\/06\/\u4e3b\u56fe-01-27-150x150.jpg",150,150,true],"medium":["https:\/\/pecpets.com\/wp-content\/uploads\/2024\/06\/\u4e3b\u56fe-01-27-300x300.jpg",300,300,true],"medium_large":["https:\/\/pecpets.com\/wp-content\/uploads\/2024\/06\/\u4e3b\u56fe-01-27-768x768.jpg",768,768,true],"large":["https:\/\/pecpets.com\/wp-content\/uploads\/2024\/06\/\u4e3b\u56fe-01-27.jpg",800,800,false],"1536x1536":["https:\/\/pecpets.com\/wp-content\/uploads\/2024\/06\/\u4e3b\u56fe-01-27.jpg",1000,1000,false],"2048x2048":["https:\/\/pecpets.com\/wp-content\/uploads\/2024\/06\/\u4e3b\u56fe-01-27.jpg",1000,1000,false],"trp-custom-language-flag":["https:\/\/pecpets.com\/wp-content\/uploads\/2024\/06\/\u4e3b\u56fe-01-27.jpg",12,12,false],"woocommerce_thumbnail":["https:\/\/pecpets.com\/wp-content\/uploads\/2024\/06\/\u4e3b\u56fe-01-27-300x300.jpg",300,300,true],"woocommerce_single":["https:\/\/pecpets.com\/wp-content\/uploads\/2024\/06\/\u4e3b\u56fe-01-27-600x600.jpg",600,600,true],"woocommerce_gallery_thumbnail":["https:\/\/pecpets.com\/wp-content\/uploads\/2024\/06\/\u4e3b\u56fe-01-27-100x100.jpg",100,100,true]},"uagb_author_info":{"display_name":"Lawrence\u00a0\u52b3\u4f26\u65af","author_link":"https:\/\/pecpets.com\/de\/author\/"},"uagb_comment_info":0,"uagb_excerpt":"Wholesale Eco Friendly Four Seasons Universal Dog Mat Discover Eco Friendly Four Seasons Universal Dog Mat. Keep your pets stylish with our high-quality designs.","_links":{"self":[{"href":"https:\/\/pecpets.com\/de\/wp-json\/wp\/v2\/product\/7253","targetHints":{"allow":["GET"]}}],"collection":[{"href":"https:\/\/pecpets.com\/de\/wp-json\/wp\/v2\/product"}],"about":[{"href":"https:\/\/pecpets.com\/de\/wp-json\/wp\/v2\/types\/product"}],"wp:featuredmedia":[{"embeddable":true,"href":"https:\/\/pecpets.com\/de\/wp-json\/wp\/v2\/media\/7254"}],"wp:attachment":[{"href":"https:\/\/pecpets.com\/de\/wp-json\/wp\/v2\/media?parent=7253"}],"wp:term":[{"taxonomy":"product_brand","embeddable":true,"href":"https:\/\/pecpets.com\/de\/wp-json\/wp\/v2\/product_brand?post=7253"},{"taxonomy":"product_cat","embeddable":true,"href":"https:\/\/pecpets.com\/de\/wp-json\/wp\/v2\/product_cat?post=7253"},{"taxonomy":"product_tag","embeddable":true,"href":"https:\/\/pecpets.com\/de\/wp-json\/wp\/v2\/product_tag?post=7253"}],"curies":[{"name":"wp","href":"https:\/\/api.w.org\/{rel}","templated":true}]}}